{"id":10267,"date":"2024-04-08T17:30:24","date_gmt":"2024-04-08T15:30:24","guid":{"rendered":"https:\/\/weneos.com\/solar-evaluation\/visible-protection\/"},"modified":"2024-07-03T15:24:39","modified_gmt":"2024-07-03T13:24:39","slug":"visible-protection","status":"publish","type":"page","link":"https:\/\/weneos.com\/en\/our-activities\/solar-evaluation\/visible-protection\/","title":{"rendered":"Visible protection"},"content":{"rendered":"<p>[et_pb_section fb_built=&#8221;1&#8243; _builder_version=&#8221;4.24.3&#8243; _module_preset=&#8221;default&#8221; custom_padding=&#8221;200px||1px||false|false&#8221; global_colors_info=&#8221;{}&#8221;][et_pb_row column_structure=&#8221;1_2,1_2&#8243; _builder_version=&#8221;4.24.2&#8243; _module_preset=&#8221;default&#8221; max_width=&#8221;2560px&#8221; global_colors_info=&#8221;{}&#8221;][et_pb_column type=&#8221;1_2&#8243; _builder_version=&#8221;4.24.2&#8243; _module_preset=&#8221;default&#8221; global_colors_info=&#8221;{}&#8221;][dsm_card image=&#8221;https:\/\/weneos.com\/wp-content\/uploads\/2024\/04\/Visible-WENEOS.webp&#8221; image_background_height=&#8221;480px&#8221; button_url_new_window=&#8221;1&#8243; _builder_version=&#8221;4.24.3&#8243; _module_preset=&#8221;default&#8221; global_colors_info=&#8221;{}&#8221;][\/dsm_card][\/et_pb_column][et_pb_column type=&#8221;1_2&#8243; _builder_version=&#8221;4.24.2&#8243; _module_preset=&#8221;default&#8221; global_colors_info=&#8221;{}&#8221;][dsm_text_notation before_text=&#8221;Protection against  &#8221; notation_text=&#8221;Visible light&#8221; notation_type=&#8221;highlight&#8221; notation_width=&#8221;2&#8243; notation_iterations=&#8221;4&#8243; notation_background_color=&#8221;#82368c&#8221; _builder_version=&#8221;4.24.3&#8243; _module_preset=&#8221;default&#8221; header_text_color=&#8221;#FFFFFF&#8221; header_font_size=&#8221;40px&#8221; before_text_color=&#8221;#000000&#8243; notation_text_color=&#8221;#FFFFFF&#8221; after_text_color=&#8221;#000000&#8243; text_orientation=&#8221;left&#8221; border_width_bottom=&#8221;5px&#8221; border_color_all_notation=&#8221;RGBA(255,255,255,0)&#8221; global_colors_info=&#8221;{}&#8221;][\/dsm_text_notation][et_pb_text _builder_version=&#8221;4.24.3&#8243; _module_preset=&#8221;default&#8221; text_font_size=&#8221;16px&#8221; text_orientation=&#8221;justified&#8221; global_colors_info=&#8221;{}&#8221;]<\/p>\n<p>Prolonged exposure to Visible Light (VIS) from 400 nm to 700 nm is mainly caused by natural light. This exposure contributes to skin damage via the induction of radical protection, while relative protection can be effective and should be reliably assessed.  <\/p>\n<p>WENEOS has been at the forefront of the development of in vitro methods for assessing the Blue Light (BL) &#8211; also known as High Energy Visible (HEV) &#8211; Visible (VIS) and Infrared (IR) protection offered by sun protection products. It is a fully validated and impartial independent test.<\/p>\n<p><em><strong>Note:<\/strong> This test method has not been reviewed or standardized by ISO (International Organization for Standardization), the FDA (U.S. Food and Drug Administration) or any other worldwide regulatory agency. The test report does not provide any guarantee regarding the labeling and\/or substantiation of claims, implicit or explicit.<\/em><\/p>\n<p>[\/et_pb_text][et_pb_button button_url=&#8221;mailto:commercial@weneos.com&#8221; button_text=&#8221;Request a quote&#8221; _builder_version=&#8221;4.24.2&#8243; _module_preset=&#8221;default&#8221; global_colors_info=&#8221;{}&#8221;][\/et_pb_button][\/et_pb_column][\/et_pb_row][et_pb_row column_structure=&#8221;1_3,1_3,1_3&#8243; _builder_version=&#8221;4.24.2&#8243; _module_preset=&#8221;default&#8221; background_color=&#8221;#f4f0ec&#8221; width=&#8221;100%&#8221; max_width=&#8221;2560px&#8221; module_alignment=&#8221;center&#8221; custom_margin=&#8221;||||false|false&#8221; custom_padding=&#8221;50px||50px||false|false&#8221; global_colors_info=&#8221;{}&#8221;][et_pb_column type=&#8221;1_3&#8243; _builder_version=&#8221;4.24.2&#8243; _module_preset=&#8221;default&#8221; global_colors_info=&#8221;{}&#8221;][et_pb_number_counter title=&#8221;days for an in vitro study with a final report&#8221; number=&#8221;7&#8243; percent_sign=&#8221;off&#8221; _builder_version=&#8221;4.24.3&#8243; _module_preset=&#8221;default&#8221; global_colors_info=&#8221;{}&#8221;][\/et_pb_number_counter][\/et_pb_column][et_pb_column type=&#8221;1_3&#8243; _builder_version=&#8221;4.24.2&#8243; _module_preset=&#8221;default&#8221; global_colors_info=&#8221;{}&#8221;][et_pb_number_counter title=&#8221;solar studies carried out&#8221; number=&#8221;+25000&#8243; percent_sign=&#8221;off&#8221; _builder_version=&#8221;4.24.3&#8243; _module_preset=&#8221;default&#8221; global_colors_info=&#8221;{}&#8221;][\/et_pb_number_counter][\/et_pb_column][et_pb_column type=&#8221;1_3&#8243; _builder_version=&#8221;4.24.2&#8243; _module_preset=&#8221;default&#8221; global_colors_info=&#8221;{}&#8221;][et_pb_number_counter title=&#8221;compliance with solar standards&#8221; number=&#8221;100&#8243; _builder_version=&#8221;4.24.2&#8243; _module_preset=&#8221;default&#8221; global_colors_info=&#8221;{}&#8221;][\/et_pb_number_counter][\/et_pb_column][\/et_pb_row][\/et_pb_section][et_pb_section fb_built=&#8221;1&#8243; _builder_version=&#8221;4.24.2&#8243; _module_preset=&#8221;default&#8221; background_enable_color=&#8221;off&#8221; custom_padding=&#8221;||||false|false&#8221; global_colors_info=&#8221;{}&#8221;][et_pb_row _builder_version=&#8221;4.24.3&#8243; _module_preset=&#8221;default&#8221; custom_margin=&#8221;||||false|false&#8221; global_colors_info=&#8221;{}&#8221;][et_pb_column type=&#8221;4_4&#8243; _builder_version=&#8221;4.24.2&#8243; _module_preset=&#8221;default&#8221; global_colors_info=&#8221;{}&#8221;][dsm_text_divider header=&#8221;CLAIM&#8221; _builder_version=&#8221;4.24.3&#8243; _module_preset=&#8221;default&#8221; header_level=&#8221;h1&#8243; header_font=&#8221;|600||on|||||&#8221; custom_margin=&#8221;||||false|false&#8221; custom_padding=&#8221;||||false|false&#8221; global_colors_info=&#8221;{}&#8221;][\/dsm_text_divider][et_pb_text _builder_version=&#8221;4.24.3&#8243; _module_preset=&#8221;default&#8221; text_font_size=&#8221;16px&#8221; text_orientation=&#8221;justified&#8221; global_colors_info=&#8221;{}&#8221;]<\/p>\n<blockquote>\n<p>We can assess the sun protection of your products in full compliance with official methods, or claim the properties of your products through exclusive tests developed by WENEOS.<\/p>\n<\/blockquote>\n<p>[\/et_pb_text][dsm_faq _builder_version=&#8221;4.24.3&#8243; _module_preset=&#8221;default&#8221; global_colors_info=&#8221;{}&#8221;][dsm_faq_child dsm_title=&#8221;In Vitro Visible Light&#8221; dsm_content=&#8221;<\/p>\n<p>\u00a0<\/p>\n<p>Cette m\u00e9thode in vitro innovante consiste \u00e0 \u00e9valuer les niveaux de protection visible exprim\u00e9s par le VIS-CW (balance UV\/VIS) et le %VIS (pourcentage d\u2019intensit\u00e9 de protection VIS) d\u2019un produit de protection solaire \u00e0 travers le spectre (de 290 nm \u00e0 700 nm) mesur\u00e9e au moyen d\u2019une m\u00e9thode spectrophotom\u00e9trique. Pour tenir compte de toute photo-instabilit\u00e9 potentielle, le produit a \u00e9t\u00e9 pr\u00e9-irradi\u00e9 avant la mesure. Enfin, cette m\u00e9thode repose sur l\u2019utilisation de r\u00e9sultats FPS in vivo pour mettre \u00e0 l\u2019\u00e9chelle la courbe d\u2019absorbance.<\/p>\n<p><em><strong>M\u00e9thode publi\u00e9e : <\/strong>Sunscreen products claimable with Full Spectrum Protection \u2013 Full Light Protection \u2013 S. MIKSA and D. LUTZ, Euro Cosmetics, May 2018<\/em><\/p>\n<p>(r\u00e9f. HeVIS)<\/p>\n<p>&#8221; _builder_version=&#8221;4.24.3&#8243; _module_preset=&#8221;default&#8221; content_text_align=&#8221;justify&#8221; global_colors_info=&#8221;{}&#8221; parentOrderClass=&#8221;dsm_faq_0&#8243;][\/dsm_faq_child][\/dsm_faq][\/et_pb_column][\/et_pb_row][\/et_pb_section][et_pb_section fb_built=&#8221;1&#8243; admin_label=&#8221;Services&#8221; _builder_version=&#8221;4.24.2&#8243; _module_preset=&#8221;default&#8221; background_color=&#8221;#f4f0ec&#8221; locked=&#8221;off&#8221; collapsed=&#8221;off&#8221; global_colors_info=&#8221;{}&#8221;][et_pb_row column_structure=&#8221;1_4,1_4,1_4,1_4&#8243; use_custom_gutter=&#8221;on&#8221; gutter_width=&#8221;1&#8243; make_equal=&#8221;on&#8221; _builder_version=&#8221;4.24.3&#8243; _module_preset=&#8221;default&#8221; width=&#8221;90%&#8221; max_width=&#8221;2560px&#8221; custom_margin=&#8221;25px||25px||false|false&#8221; custom_padding=&#8221;||||false|false&#8221; global_module=&#8221;9919&#8243; saved_tabs=&#8221;all&#8221; global_colors_info=&#8221;{}&#8221;][et_pb_column type=&#8221;1_4&#8243; _builder_version=&#8221;4.24.2&#8243; _module_preset=&#8221;default&#8221; custom_padding=&#8221;20px||20px||false|false&#8221; global_colors_info=&#8221;{}&#8221;][dsm_text_notation before_text=&#8221;Discover the analyses  &#8221; notation_text=&#8221;  additional&#8221; after_text=&#8221;for all-round sun protection&#8221; notation_type=&#8221;highlight&#8221; notation_width=&#8221;2&#8243; notation_iterations=&#8221;4&#8243; notation_background_color=&#8221;#82368c&#8221; _builder_version=&#8221;4.24.3&#8243; _module_preset=&#8221;default&#8221; header_text_color=&#8221;#FFFFFF&#8221; header_font_size=&#8221;40px&#8221; before_text_color=&#8221;#000000&#8243; notation_text_color=&#8221;#FFFFFF&#8221; after_text_color=&#8221;#000000&#8243; text_orientation=&#8221;left&#8221; module_alignment=&#8221;center&#8221; custom_margin=&#8221;20px||||false|false&#8221; border_color_all_notation=&#8221;RGBA(255,255,255,0)&#8221; global_colors_info=&#8221;{}&#8221;][\/dsm_text_notation][\/et_pb_column][et_pb_column type=&#8221;1_4&#8243; _builder_version=&#8221;4.24.2&#8243; _module_preset=&#8221;default&#8221; custom_padding=&#8221;20px||20px||false|false&#8221; global_colors_info=&#8221;{}&#8221;][dsm_card title=&#8221;UV protection&#8221; content_horizontal_alignment=&#8221;flex-start&#8221; image=&#8221;https:\/\/weneos.com\/wp-content\/uploads\/2024\/04\/UVA-sunscreen-scaled.jpeg&#8221; image_background_animation=&#8221;zoom_in&#8221; badge_background_color=&#8221;#82368c&#8221; button_text=&#8221;Discover&#8221; button_url=&#8221;@ET-DC@eyJkeW5hbWljIjp0cnVlLCJjb250ZW50IjoicG9zdF9saW5rX3VybF9wYWdlIiwic2V0dGluZ3MiOnsicG9zdF9pZCI6Ijk2NzUiLCJlbmFibGVfaHRtbCI6Im9mZiJ9fQ==@&#8221; button_url_new_window=&#8221;1&#8243; _builder_version=&#8221;4.24.3&#8243; _dynamic_attributes=&#8221;button_url,link_option_url&#8221; _module_preset=&#8221;default&#8221; badge_text_color=&#8221;#FFFFFF&#8221; header_level=&#8221;h3&#8243; header_font=&#8221;|600|||||||&#8221; header_text_align=&#8221;center&#8221; header_font_size=&#8221;24px&#8221; background_color=&#8221;#FFFFFF&#8221; custom_button=&#8221;on&#8221; button_text_color=&#8221;#FFFFFF&#8221; button_bg_color=&#8221;#82368c&#8221; button_border_radius=&#8221;10px&#8221; button_alignment=&#8221;center&#8221; custom_margin=&#8221;20px|20px||20px|false|false&#8221; link_option_url=&#8221;@ET-DC@eyJkeW5hbWljIjp0cnVlLCJjb250ZW50IjoicG9zdF9saW5rX3VybF9wYWdlIiwic2V0dGluZ3MiOnsicG9zdF9pZCI6Ijk2NzUiLCJlbmFibGVfaHRtbCI6Im9mZiJ9fQ==@&#8221; border_radii=&#8221;on|20px|20px|20px|20px&#8221; box_shadow_style=&#8221;preset1&#8243; global_colors_info=&#8221;{}&#8221; button_bg_color__hover_enabled=&#8221;off|desktop&#8221; transform_styles__hover_enabled=&#8221;on|hover&#8221; transform_scale__hover_enabled=&#8221;on|hover&#8221; transform_translate__hover_enabled=&#8221;on|desktop&#8221; transform_rotate__hover_enabled=&#8221;on|desktop&#8221; transform_skew__hover_enabled=&#8221;on|desktop&#8221; transform_origin__hover_enabled=&#8221;on|desktop&#8221; transform_scale__hover=&#8221;105%|105%&#8221;]<\/p>\n<ul>\n<li style=\"text-align: left;\">SPF &#8211; UVB<\/li>\n<li style=\"text-align: left;\">UVAPF &#8211; UVA<\/li>\n<li style=\"text-align: left;\">UVA:UVB ratio<\/li>\n<li style=\"text-align: left;\">Photostability<\/li>\n<li style=\"text-align: left;\">Absorbance spectrum<\/li>\n<\/ul>\n<p>[\/dsm_card][\/et_pb_column][et_pb_column type=&#8221;1_4&#8243; _builder_version=&#8221;4.24.2&#8243; _module_preset=&#8221;default&#8221; custom_padding=&#8221;20px||20px||false|false&#8221; global_colors_info=&#8221;{}&#8221;][dsm_card title=&#8221;Beyond UV&#8221; content_horizontal_alignment=&#8221;flex-start&#8221; image=&#8221;https:\/\/weneos.com\/wp-content\/uploads\/2024\/04\/FullSpectrum-WENEOS.webp&#8221; image_background_animation=&#8221;zoom_in&#8221; badge_background_color=&#8221;#82368c&#8221; button_text=&#8221;Discover&#8221; button_url=&#8221;@ET-DC@eyJkeW5hbWljIjp0cnVlLCJjb250ZW50IjoicG9zdF9saW5rX3VybF9wYWdlIiwic2V0dGluZ3MiOnsicG9zdF9pZCI6Ijk2NzUiLCJlbmFibGVfaHRtbCI6Im9mZiJ9fQ==@&#8221; button_url_new_window=&#8221;1&#8243; _builder_version=&#8221;4.24.3&#8243; _dynamic_attributes=&#8221;button_url,link_option_url&#8221; _module_preset=&#8221;default&#8221; badge_text_color=&#8221;#FFFFFF&#8221; header_level=&#8221;h3&#8243; header_font=&#8221;|600|||||||&#8221; header_text_align=&#8221;center&#8221; header_font_size=&#8221;24px&#8221; background_color=&#8221;#FFFFFF&#8221; custom_button=&#8221;on&#8221; button_text_color=&#8221;#FFFFFF&#8221; button_bg_color=&#8221;#82368c&#8221; button_border_radius=&#8221;10px&#8221; button_alignment=&#8221;center&#8221; custom_margin=&#8221;20px|20px||20px|false|false&#8221; link_option_url=&#8221;@ET-DC@eyJkeW5hbWljIjp0cnVlLCJjb250ZW50IjoicG9zdF9saW5rX3VybF9wYWdlIiwic2V0dGluZ3MiOnsicG9zdF9pZCI6Ijk2NzUiLCJlbmFibGVfaHRtbCI6Im9mZiJ9fQ==@&#8221; border_radii=&#8221;on|20px|20px|20px|20px&#8221; box_shadow_style=&#8221;preset1&#8243; global_colors_info=&#8221;{}&#8221; button_bg_color__hover_enabled=&#8221;off|desktop&#8221; transform_styles__hover_enabled=&#8221;on|hover&#8221; transform_scale__hover_enabled=&#8221;on|hover&#8221; transform_translate__hover_enabled=&#8221;on|desktop&#8221; transform_rotate__hover_enabled=&#8221;on|desktop&#8221; transform_skew__hover_enabled=&#8221;on|desktop&#8221; transform_origin__hover_enabled=&#8221;on|desktop&#8221; transform_scale__hover=&#8221;105%|105%&#8221;]<\/p>\n<ul>\n<li><span style=\"font-size: 14px;\">Ultra-Long UVA<\/span><\/li>\n<li style=\"text-align: left;\">Blue Light<\/li>\n<li style=\"text-align: left;\">Visible<\/li>\n<li style=\"text-align: left;\">Infrared<\/li>\n<li style=\"text-align: left;\">Full Spectrum<\/li>\n<li style=\"text-align: left;\">UVC<\/li>\n<\/ul>\n<p>[\/dsm_card][\/et_pb_column][et_pb_column type=&#8221;1_4&#8243; _builder_version=&#8221;4.24.3&#8243; _module_preset=&#8221;default&#8221; custom_padding=&#8221;20px||20px||false|false&#8221; global_colors_info=&#8221;{}&#8221;][dsm_card title=&#8221;Resistance&#8221; content_horizontal_alignment=&#8221;flex-start&#8221; image=&#8221;https:\/\/weneos.com\/wp-content\/uploads\/2024\/04\/SPF-weneos-scaled.jpeg&#8221; image_background_animation=&#8221;zoom_in&#8221; badge_background_color=&#8221;#82368c&#8221; button_text=&#8221;Discover&#8221; button_url=&#8221;@ET-DC@eyJkeW5hbWljIjp0cnVlLCJjb250ZW50IjoicG9zdF9saW5rX3VybF9wYWdlIiwic2V0dGluZ3MiOnsicG9zdF9pZCI6Ijk2NzUiLCJlbmFibGVfaHRtbCI6Im9mZiJ9fQ==@&#8221; button_url_new_window=&#8221;1&#8243; _builder_version=&#8221;4.24.3&#8243; _dynamic_attributes=&#8221;button_url,link_option_url&#8221; _module_preset=&#8221;default&#8221; badge_text_color=&#8221;#FFFFFF&#8221; header_level=&#8221;h3&#8243; header_font=&#8221;|600|||||||&#8221; header_text_align=&#8221;center&#8221; header_font_size=&#8221;24px&#8221; background_color=&#8221;#FFFFFF&#8221; custom_button=&#8221;on&#8221; button_text_color=&#8221;#FFFFFF&#8221; button_bg_color=&#8221;#82368c&#8221; button_border_radius=&#8221;10px&#8221; button_alignment=&#8221;center&#8221; custom_margin=&#8221;20px|20px||20px|false|false&#8221; link_option_url=&#8221;@ET-DC@eyJkeW5hbWljIjp0cnVlLCJjb250ZW50IjoicG9zdF9saW5rX3VybF9wYWdlIiwic2V0dGluZ3MiOnsicG9zdF9pZCI6Ijk2NzUiLCJlbmFibGVfaHRtbCI6Im9mZiJ9fQ==@&#8221; border_radii=&#8221;on|20px|20px|20px|20px&#8221; box_shadow_style=&#8221;preset1&#8243; global_colors_info=&#8221;{}&#8221; button_bg_color__hover_enabled=&#8221;off|desktop&#8221; transform_styles__hover_enabled=&#8221;on|hover&#8221; transform_scale__hover_enabled=&#8221;on|hover&#8221; transform_translate__hover_enabled=&#8221;on|desktop&#8221; transform_rotate__hover_enabled=&#8221;on|desktop&#8221; transform_skew__hover_enabled=&#8221;on|desktop&#8221; transform_origin__hover_enabled=&#8221;on|desktop&#8221; transform_scale__hover=&#8221;105%|105%&#8221;]<\/p>\n<ul>\n<li>Water resistance<\/li>\n<li>Sweat resistance<\/li>\n<li style=\"text-align: left;\">Sand resistance<\/li>\n<li style=\"text-align: left;\">Rub resistance<\/li>\n<li style=\"text-align: left;\">Wet Skin Application<\/li>\n<li>Extreme conditions<\/li>\n<li style=\"text-align: left;\">Persistence | Long-lasting<\/li>\n<li>Immediate protection<\/li>\n<\/ul>\n<p>[\/dsm_card][\/et_pb_column][\/et_pb_row][\/et_pb_section]<\/p>\n","protected":false},"excerpt":{"rendered":"<p><div class=\"et_pb_module dsm_card dsm_card_0 et_pb_bg_layout_light  dsm_card_layout_stacked\">\n\t\t\t\t\n\t\t\t\t\n\t\t\t\t\n\t\t\t\t\n\t\t\t\t\n\t\t\t\t\n\t\t\t\t<div class=\"et_pb_module_inner\">\n\t\t\t\t\t\n\t\t\t\n\t\t\t<figure class=\"dsm_card_image_wrapper dsm_card_badge_top_right\"><div class=\"dsm_card_image_background dsm_card_img\"><\/div><\/figure>\n\t\t\t\n\t\t\t\n\t\t\t\t<\/div>\n\t\t\t<\/div><div class=\"et_pb_with_border et_pb_module dsm_text_notation dsm_text_notation_0  et_pb_text_align_left et_pb_bg_layout_light\">\n\t\t\t\t\n\t\t\t\t\n\t\t\t\t\n\t\t\t\t\n\t\t\t\t\n\t\t\t\t\n\t\t\t\t<div class=\"et_pb_module_inner\">\n\t\t\t\t\t<h1 class=\"dsm-text-notation-main et_pb_module_header\"><span class=\"dsm-text-notation-before\">Protection against <\/span><span data-notation=\"[{&quot;type&quot;:&quot;highlight&quot;,&quot;color&quot;:&quot;#82368c&quot;,&quot;stroke-width&quot;:&quot;2&quot;,&quot;iterations&quot;:&quot;4&quot;,&quot;brackets&quot;:&quot;left|right&quot;,&quot;viewport&quot;:&quot;80%&quot;,&quot;delay&quot;:&quot;0ms&quot;,&quot;divi-animate&quot;:&quot;none&quot;,&quot;divi-animate-duration&quot;:&quot;1000ms&quot;,&quot;divi-animate-delay&quot;:&quot;0ms&quot;}]\" class=\"dsm-text-notation-middle\">Visible light<\/span><\/h1>\n\t\t\t\t<\/div>\n\t\t\t<\/div>Prolonged exposure to Visible Light (VIS) from 400 nm to 700 nm is mainly caused by natural light. This exposure contributes to skin damage via the induction of radical protection, while relative protection can be effective and should be reliably assessed. WENEOS has been at the forefront of the development of in vitro methods for assessing the Blue Light (BL) &#8211; also known as High Energy Visible (HEV) &#8211; Visible (VIS) and Infrared (IR) protection offered by sun protection products. It is a fully validated and impartial independent test. Note: This test method has not been reviewed or standardized by ISO (International Organization for Standardization), the FDA (U.S. Food and Drug Administration) or any other worldwide regulatory agency. The test report does not provide any guarantee regarding the labeling and\/or substantiation of claims, implicit or explicit.<div class=\"et_pb_module dsm_text_divider dsm_text_divider_0\">\n\t\t\t\t\n\t\t\t\t\n\t\t\t\t\n\t\t\t\t\n\t\t\t\t\n\t\t\t\t\n\t\t\t\t<div class=\"et_pb_module_inner\">\n\t\t\t\t\t<div class=\"dsm-text-divider-wrapper dsm-text-divider-align-center et_pb_bg_layout_light\">\n\t\t\t\t\n\t\t\t\t\n\t\t\t\t<div class=\"dsm-text-divider-before dsm-divider\"><\/div>\n\t\t\t\t<h1 class=\"dsm-text-divider-header et_pb_module_header\"><span>CLAIM<\/span><\/h1>\n\t\t\t\t<div class=\"dsm-text-divider-after dsm-divider\"><\/div>\n\t\t\t<\/div>\n\t\t\t\t<\/div>\n\t\t\t<\/div> We can assess the sun protection of your products in full compliance with official methods, or claim the properties of your products through exclusive tests developed by WENEOS. <div class=\"et_pb_module dsm_faq dsm_faq_0\">\n\t\t\t\t\n\t\t\t\t\n\t\t\t\t\n\t\t\t\t\n\t\t\t\t\n\t\t\t\t\n\t\t\t\t<div class=\"et_pb_module_inner\">\n\t\t\t\t\t<div class=\"dsm-faq-container dsm-front\" data-accordion=\"off\" data-open_first_item=\"off\">\n\t\t\t\t\n\t\t\t <\/div>\n\t\t\t \n\t\t\t\n\t\t\t\t<\/div>\n\t\t\t<\/div><\/p>\n","protected":false},"author":1,"featured_media":0,"parent":10184,"menu_order":0,"comment_status":"closed","ping_status":"closed","template":"","meta":{"_et_pb_use_builder":"on","_et_pb_old_content":"","_et_gb_content_width":"","footnotes":""},"class_list":["post-10267","page","type-page","status-publish","hentry"],"_links":{"self":[{"href":"https:\/\/weneos.com\/en\/wp-json\/wp\/v2\/pages\/10267","targetHints":{"allow":["GET"]}}],"collection":[{"href":"https:\/\/weneos.com\/en\/wp-json\/wp\/v2\/pages"}],"about":[{"href":"https:\/\/weneos.com\/en\/wp-json\/wp\/v2\/types\/page"}],"author":[{"embeddable":true,"href":"https:\/\/weneos.com\/en\/wp-json\/wp\/v2\/users\/1"}],"replies":[{"embeddable":true,"href":"https:\/\/weneos.com\/en\/wp-json\/wp\/v2\/comments?post=10267"}],"version-history":[{"count":3,"href":"https:\/\/weneos.com\/en\/wp-json\/wp\/v2\/pages\/10267\/revisions"}],"predecessor-version":[{"id":12070,"href":"https:\/\/weneos.com\/en\/wp-json\/wp\/v2\/pages\/10267\/revisions\/12070"}],"up":[{"embeddable":true,"href":"https:\/\/weneos.com\/en\/wp-json\/wp\/v2\/pages\/10184"}],"wp:attachment":[{"href":"https:\/\/weneos.com\/en\/wp-json\/wp\/v2\/media?parent=10267"}],"curies":[{"name":"wp","href":"https:\/\/api.w.org\/{rel}","templated":true}]}}