{"id":10365,"date":"2024-04-08T23:47:55","date_gmt":"2024-04-08T21:47:55","guid":{"rendered":"https:\/\/weneos.com\/scientific-resources\/"},"modified":"2025-01-02T16:30:07","modified_gmt":"2025-01-02T15:30:07","slug":"scientific-resources","status":"publish","type":"page","link":"https:\/\/weneos.com\/en\/scientific-resources\/","title":{"rendered":"Scientific resources"},"content":{"rendered":"<p>[et_pb_section fb_built=&#8221;1&#8243; admin_label=&#8221;Header&#8221; _builder_version=&#8221;4.24.3&#8243; _module_preset=&#8221;default&#8221; use_background_color_gradient=&#8221;on&#8221; background_color_gradient_stops=&#8221;#f2f0eb 0%|rgba(242,240,235,0) 100%&#8221; background_color_gradient_overlays_image=&#8221;on&#8221; background_image=&#8221;https:\/\/weneos.com\/wp-content\/uploads\/2024\/04\/Innovation-scaled.jpeg&#8221; custom_padding=&#8221;200px||250px||false|false&#8221; border_radii=&#8221;off|||3vw|3vw&#8221; locked=&#8221;off&#8221; collapsed=&#8221;on&#8221; global_colors_info=&#8221;{}&#8221;][et_pb_row _builder_version=&#8221;4.24.2&#8243; _module_preset=&#8221;default&#8221; width=&#8221;90%&#8221; max_width=&#8221;2560px&#8221; locked=&#8221;off&#8221; global_colors_info=&#8221;{}&#8221;][et_pb_column type=&#8221;4_4&#8243; _builder_version=&#8221;4.22.0&#8243; _module_preset=&#8221;default&#8221; global_colors_info=&#8221;{}&#8221;][et_pb_text _builder_version=&#8221;4.24.3&#8243; _module_preset=&#8221;_initial&#8221; header_font=&#8221;|600|||||||&#8221; header_font_size=&#8221;80px&#8221; header_2_font=&#8221;Inter|700|||||||&#8221; header_2_font_size=&#8221;4vw&#8221; header_2_line_height=&#8221;1.2em&#8221; text_orientation=&#8221;center&#8221; header_font_size_tablet=&#8221;60px&#8221; header_font_size_phone=&#8221;40px&#8221; header_font_size_last_edited=&#8221;on|desktop&#8221; header_2_font_size_tablet=&#8221;32px&#8221; header_2_font_size_phone=&#8221;20px&#8221; header_2_font_size_last_edited=&#8221;on|desktop&#8221; global_colors_info=&#8221;{}&#8221;]<\/p>\n<h1>Our scientific resources<\/h1>\n<p>[\/et_pb_text][\/et_pb_column][\/et_pb_row][\/et_pb_section][et_pb_section fb_built=&#8221;1&#8243; _builder_version=&#8221;4.24.3&#8243; _module_preset=&#8221;default&#8221; global_colors_info=&#8221;{}&#8221;][et_pb_row _builder_version=&#8221;4.24.3&#8243; _module_preset=&#8221;default&#8221; global_colors_info=&#8221;{}&#8221;][et_pb_column type=&#8221;4_4&#8243; _builder_version=&#8221;4.24.3&#8243; _module_preset=&#8221;default&#8221; global_colors_info=&#8221;{}&#8221;][et_pb_text _builder_version=&#8221;4.24.3&#8243; _module_preset=&#8221;default&#8221; text_text_color=&#8221;#000000&#8243; header_text_color=&#8221;#000000&#8243; header_2_text_color=&#8221;#0a0a0a&#8221; text_orientation=&#8221;justified&#8221; module_alignment=&#8221;left&#8221; custom_margin=&#8221;||40px|||&#8221; global_colors_info=&#8221;{}&#8221;]<\/p>\n<blockquote>\n<h2>Research and Development (R&amp;D) has been in the DNA of WENEOS for over 25 years. We create and develop innovative solutions to improve the evaluation of sun protection in favor of consumer safety, health and beauty.<\/h2>\n<\/blockquote>\n<p>[\/et_pb_text][et_pb_divider _builder_version=&#8221;4.24.3&#8243; _module_preset=&#8221;default&#8221; global_colors_info=&#8221;{}&#8221;][\/et_pb_divider][\/et_pb_column][\/et_pb_row][et_pb_row _builder_version=&#8221;4.24.3&#8243; _module_preset=&#8221;default&#8221; global_colors_info=&#8221;{}&#8221;][et_pb_column type=&#8221;4_4&#8243; _builder_version=&#8221;4.24.3&#8243; _module_preset=&#8221;default&#8221; global_colors_info=&#8221;{}&#8221;][et_pb_heading title=&#8221;WENEOS R&amp;D figures&#8221; _builder_version=&#8221;4.24.3&#8243; _module_preset=&#8221;default&#8221; title_font=&#8221;|600|||||||&#8221; title_text_align=&#8221;center&#8221; title_font_size=&#8221;60px&#8221; title_font_size_tablet=&#8221;45px&#8221; title_font_size_phone=&#8221;30px&#8221; title_font_size_last_edited=&#8221;on|phone&#8221; global_colors_info=&#8221;{}&#8221;][\/et_pb_heading][\/et_pb_column][\/et_pb_row][et_pb_row column_structure=&#8221;1_5,1_5,1_5,1_5,1_5&#8243; use_custom_gutter=&#8221;on&#8221; gutter_width=&#8221;2&#8243; _builder_version=&#8221;4.24.3&#8243; _module_preset=&#8221;default&#8221; width=&#8221;90%&#8221; max_width=&#8221;2560px&#8221; global_colors_info=&#8221;{}&#8221;][et_pb_column type=&#8221;1_5&#8243; _builder_version=&#8221;4.24.3&#8243; _module_preset=&#8221;default&#8221; global_colors_info=&#8221;{}&#8221;][et_pb_number_counter title=&#8221;exclusive sun protection assessment methods&#8221; number=&#8221;+15&#8243; percent_sign=&#8221;off&#8221; _builder_version=&#8221;4.24.3&#8243; _module_preset=&#8221;default&#8221; title_text_color=&#8221;#000000&#8243; number_text_color=&#8221;#000000&#8243; background_color=&#8221;#f4f0ec&#8221; custom_padding=&#8221;20px|20px|20px|20px|false|false&#8221; border_radii=&#8221;on|20px|20px|20px|20px&#8221; box_shadow_style=&#8221;preset1&#8243; global_colors_info=&#8221;{}&#8221;][\/et_pb_number_counter][\/et_pb_column][et_pb_column type=&#8221;1_5&#8243; _builder_version=&#8221;4.24.3&#8243; _module_preset=&#8221;default&#8221; global_colors_info=&#8221;{}&#8221;][et_pb_number_counter title=&#8221;innovative products to improve the reliability of sun tests&#8221; number=&#8221;5&#8243; percent_sign=&#8221;off&#8221; _builder_version=&#8221;4.24.3&#8243; _module_preset=&#8221;default&#8221; title_text_color=&#8221;#000000&#8243; number_text_color=&#8221;#000000&#8243; background_color=&#8221;#f4f0ec&#8221; custom_padding=&#8221;20px|20px|20px|20px|false|false&#8221; border_radii=&#8221;on|20px|20px|20px|20px&#8221; box_shadow_style=&#8221;preset1&#8243; global_colors_info=&#8221;{}&#8221;][\/et_pb_number_counter][\/et_pb_column][et_pb_column type=&#8221;1_5&#8243; _builder_version=&#8221;4.24.3&#8243; _module_preset=&#8221;default&#8221; global_colors_info=&#8221;{}&#8221;][et_pb_number_counter title=&#8221;scientific and technical staff&#8221; number=&#8221;+5&#8243; percent_sign=&#8221;off&#8221; _builder_version=&#8221;4.24.3&#8243; _module_preset=&#8221;default&#8221; title_text_color=&#8221;#000000&#8243; number_text_color=&#8221;#000000&#8243; background_color=&#8221;#f4f0ec&#8221; custom_padding=&#8221;20px|20px|20px|20px|false|false&#8221; border_radii=&#8221;on|20px|20px|20px|20px&#8221; box_shadow_style=&#8221;preset1&#8243; global_colors_info=&#8221;{}&#8221;][\/et_pb_number_counter][\/et_pb_column][et_pb_column type=&#8221;1_5&#8243; _builder_version=&#8221;4.24.3&#8243; _module_preset=&#8221;default&#8221; global_colors_info=&#8221;{}&#8221;][et_pb_number_counter title=&#8221;of sales invested in R&amp;D&#8221; number=&#8221;+5&#8243; _builder_version=&#8221;4.24.3&#8243; _module_preset=&#8221;default&#8221; title_text_color=&#8221;#000000&#8243; number_text_color=&#8221;#000000&#8243; background_color=&#8221;#f4f0ec&#8221; custom_padding=&#8221;20px|20px|20px|20px|false|false&#8221; border_radii=&#8221;on|20px|20px|20px|20px&#8221; box_shadow_style=&#8221;preset1&#8243; global_colors_info=&#8221;{}&#8221;][\/et_pb_number_counter][\/et_pb_column][et_pb_column type=&#8221;1_5&#8243; _builder_version=&#8221;4.24.3&#8243; _module_preset=&#8221;default&#8221; global_colors_info=&#8221;{}&#8221;][et_pb_number_counter title=&#8221;patents filed&#8221; number=&#8221;2&#8243; percent_sign=&#8221;off&#8221; _builder_version=&#8221;4.24.3&#8243; _module_preset=&#8221;default&#8221; title_text_color=&#8221;#000000&#8243; number_text_color=&#8221;#000000&#8243; background_color=&#8221;#f4f0ec&#8221; custom_padding=&#8221;20px|20px|20px|20px|false|false&#8221; border_radii=&#8221;on|20px|20px|20px|20px&#8221; box_shadow_style=&#8221;preset1&#8243; global_colors_info=&#8221;{}&#8221;][\/et_pb_number_counter][\/et_pb_column][\/et_pb_row][et_pb_row column_structure=&#8221;1_2,1_2&#8243; use_custom_gutter=&#8221;on&#8221; gutter_width=&#8221;2&#8243; _builder_version=&#8221;4.24.3&#8243; _module_preset=&#8221;default&#8221; width=&#8221;90%&#8221; max_width=&#8221;2560px&#8221; custom_margin=&#8221;50px||||false|false&#8221; global_colors_info=&#8221;{}&#8221;][et_pb_column type=&#8221;1_2&#8243; _builder_version=&#8221;4.24.3&#8243; _module_preset=&#8221;default&#8221; global_colors_info=&#8221;{}&#8221;][dsm_text_divider header=&#8221;Scientific publications&#8221; _builder_version=&#8221;4.24.3&#8243; _module_preset=&#8221;default&#8221; global_colors_info=&#8221;{}&#8221;][\/dsm_text_divider][dsm_card image=&#8221;https:\/\/weneos.com\/wp-content\/uploads\/2024\/04\/Article-scaled.jpeg&#8221; button_url_new_window=&#8221;1&#8243; _builder_version=&#8221;4.24.3&#8243; _module_preset=&#8221;default&#8221; custom_margin=&#8221;50px||||false|false&#8221; global_colors_info=&#8221;{}&#8221;][\/dsm_card][et_pb_number_counter title=&#8221;scientific publications&#8221; number=&#8221;+40&#8243; percent_sign=&#8221;off&#8221; _builder_version=&#8221;4.24.3&#8243; _module_preset=&#8221;default&#8221; number_text_color=&#8221;#ffffff&#8221; background_color=&#8221;#82368c&#8221; background_layout=&#8221;dark&#8221; custom_padding=&#8221;20px|20px|20px|20px|false|false&#8221; border_radii=&#8221;on|20px|20px|20px|20px&#8221; box_shadow_style=&#8221;preset1&#8243; global_colors_info=&#8221;{}&#8221;][\/et_pb_number_counter][dsm_faq dsm_open_faq_item=&#8221;on&#8221; _builder_version=&#8221;4.27.4&#8243; _module_preset=&#8221;default&#8221; hover_enabled=&#8221;0&#8243; global_colors_info=&#8221;{}&#8221; sticky_enabled=&#8221;0&#8243;][dsm_faq_child dsm_title=&#8221;Our scientific articles&#8221; dsm_content=&#8221;<\/p>\n<ul>\n<li>Avalia\u00e7\u00e3o do Fator de Prote\u00e7\u00e3o Solar (FPS) in vitro, C Vincent, S Miksa, Cosmetics &amp; Toiletries (Brasil), Vol. 36, nov-dez 2024.<\/li>\n<li>Overview of proficiency testing results for the in vivo determination of sun protection factor, Zago DI, Ben Bari S, Tirard A, Miksa S, Renoux P, Questel E., Int J Cosmet Sci.<br \/>\n2024 Jul 25.<br \/>\ndoi: 10.1111\/ics.13007.<br \/>\nEpub ahead of print.<br \/>\nPMID: 39051146.    <\/li>\n<li>In vitro method for UVA1 (Long UVA) or Ultra-Long UVA claiming: a study based on several sunscreen products, C. VINCENT and S. MIKSA, H&amp;PC Today, Issue 3\/2024<\/li>\n<li>A new in vitro method to evaluate the Long-Lasting Performance of Sunscreen products, S. MIKSA, D. Desplan, J. BEAUMONT, C. VINCENT and D. LUTZ, EURO COSMETICS Magazine, April 2024<\/li>\n<li>New in vitro method for sand resistance assessment of sunscreen products &#8211; S. MIKSA and C. VINCENT, H&amp;PC Today, Vol 16(6), November\/December 2021<\/li>\n<li>Sunscreen products claimable with Full Spectrum Protection &#8211; Full Light Protection &#8211; S. MIKSA and D. LUTZ, Euro Cosmetics, May 2018<\/li>\n<li>Are you ready to protect yourself from Blue Light? New In Vitro method allowing the Blue Light Protection assessment of sunscreens &#8211; E. Delamour, S. Miksa and D. Lutz, Euro Cosmetics, October 2017<\/li>\n<li>Are Your Sunscreens Infra-ready? New In vitro Method Puts Data Behind the Claims &#8211; E. Delamour, S. Miksa and D. Lutz, C&amp;T, October 2017<\/li>\n<li>New In Vitro test for the assessment of the Resistance of the sun protection in Extreme Conditions &#8211; E. Delamour, S. Miksa and B. Tiplamai, Euro Cosmetics, April 2017<\/li>\n<li>Wet Skin Factor for Sunscreens: In vitro Method to Substantiate Wet Skin Product Claims &#8211; E. Delamour, S. Miksa and D. Lutz, C&amp;T, July 2016<\/li>\n<li>Sunscreen Sun Protection Factor claim based on in vivo interlaboratory variability &#8211; Miksa et al, International Journal of Cosmetic Science, Accepted Article, doi: 10.1111\/ics.12333, May 2016<\/li>\n<li>New approach for a reliable in vitro SPF method Part II: Practical aspects and implementations &#8211; Miksa et al, International Journal of Cosmetic Science, Accepted Article, doi: 10.1111\/ics.12327, May 2016<\/li>\n<li>Man vs machine &#8211; Miksa et al, SPC magazine, April 2016<\/li>\n<li>Supporting Claims for %22Rub-Resistant%22 Sun Protection &#8211; E. Delamour, S. Miksa, D. Lutz and C. Guy, Cosmetics &amp; Toiletries, April 2016<\/li>\n<li>Relevance of Sun Protection Factor claim &#8211; Review of a study with 60 different commercial sunscreen products from European market &#8211; S. Miksa, D. Lutz and C. Guy, H&amp;PC Today, Vol 11(2), March\/April 2016<\/li>\n<li>Accelerated stability method for sunscreen products performance assessment &#8211; S. Miksa et al, Euro Cosmetics, March 2016<\/li>\n<li>Photostability Test for Additional Sunscreen Claims, Part I: Protocol Setup, Part II: Calculations and Results, Part III: New Claim &#8211; S. Miksa, D. Lutz and C. Guy, C&amp;T, November 2015<\/li>\n<li>In vitro sunscreen testing laboratory &#8211; Past, Present and Future &#8211; Miksa et al, H&amp;PC Today &#8211; Sun Care &#8211; Vol. 10(4) &#8211; August 2015<\/li>\n<li>In Vitro\/In Vivo SPF, a Substitution for Ethical Reasons or a Real Evolution of the Pertinence of the Test? &#8211; D. Lutz, S. Miksa and B. Tiplamai, SOFW Journal, July 2015<\/li>\n<li>New approach for a reliable In Vitro Sun Protection Factor method &#8211; Part 1: Principle and mathematical aspects &#8211; Miksa et al, International Journal of Cosmetic Science, May 2015<\/li>\n<li>In Vitro SPF for label claim of cosmetic sunscreens: Fact or fiction? &#8211; D. Lutz, S. Miksa and B. Tiplamai, HPIC India magazine, April 2015<\/li>\n<li>Reliability for Sun Protection Factor assessment &#8211; what we have learned from In Vitro sunscreen testing &#8211; S. Miksa, D. Lutz and C. Guy, Euro Cosmetics, April 2015<\/li>\n<li>Sunscreen products: Some practical applications for a new comparison test method to help Development and ensure Quality Controls &#8211; D. Lutz, S. Miksa and C. Guy, H&amp;PC Today, November\/December 2014<\/li>\n<li>Advantages of In Vitro sun protection assessment methods &#8211; S. Miksa, D. Lutz, C. Guy and B. Tiplamai, SPC ASIA, November 2014<\/li>\n<li>The 10 reasons and hopes about In Vitro SPF method &#8211; D. Lutz and S. Miksa, SPC Supplement, September 2014<\/li>\n<li>Improving the UV Exposure of Sunscreen During In Vitro Testing &#8211; Miksa et al, C&amp;T, September 2014<\/li>\n<li>Key parameters for reliable In Vitro sunscreen testing method &#8211; Tiplamai, S. Miksa, D. Lutz and C. Guy, INNOLAB magazine, August 2014<\/li>\n<li>Development of sunscreens: Basis for efficacy formulation &#8211; S. Miksa et al, Euro Cosmetics, July\/August 2014<\/li>\n<li>Overview of sun protection factor assessment methods &#8211; S. Miksa, D. Lutz and C. Guy, Personal Care, July 2014<\/li>\n<li>Improvement of In Vitro sunscreen testing inter-laboratories reproducibility by means of reference absorbance curve &#8211; S. Miksa, D. Lutz and C. Guy, H&amp;PC Today, March\/April 2014<\/li>\n<li>Sandblasting to Improve the Reproducibility of In vitro Sunscreen Evaluation &#8211; Miksa et al, C&amp;T, April 2014<\/li>\n<li>Influ\u00eancia do Substrato em Medi\u00e7\u00f5es de FPS In Vitro &#8211; Miksa et al, C&amp;T Brasil, January 2014<\/li>\n<li>Influence of Pressure During Spreading on UV Transmission Results Miksa et al, C&amp;T, November 2013<\/li>\n<li>In Vitro UV Testing-Robot vs. Human Spreading for Repeatable, Reproducible Results &#8211; Miksa et al, C&amp;T, October 2013<\/li>\n<li>In vitro\/vivo SPF Correlation and Repeatability According to Substrate &#8211; Miksa et al, C&amp;T, September 2013<\/li>\n<li>SPF\u6e2c\u5b9a\u7d50\u679c\u306b\u4e0e\u3048\u308b\u30b5\u30f3\u30d7\u30eb\u30d7\u30ec\u30fc\u30c8\u306e\u30a4\u30f3\u30d1\u30af\u30c8 &#8211; Miksa, D. Lutz, C.Guy and \u897f\u672c\u61b2\u53f8, FRAGRANCE JOURNAL, August 2013<\/li>\n<li>In vitro comparison &#8211; A new accessible and reliable statistical method to compare the global UV protection properties of cosmetics &#8211; Lutz and S. Miksa, H&amp;PC Sun Care, July\/August 2013<\/li>\n<li>UV Transmission Assessment: Influence of Temperature on Substrate Surface &#8211; Miksa et al, C&amp;T, July 2013<\/li>\n<li>Adjusting Substrate\/Product Interfacial Properties to Improve In vivo\/In vitro SPF Correlation &#8211; Miksa, D. Lutz, J. Ongenaed and D. Candau, C&amp;T, March 2013<\/li>\n<li>Sunscreen in-vitro SPF determination. Inter and intra comparison tests between several measurement instruments &#8211; N. Cariou and D. Lutz, H&amp;PC Sun Care, July\/September 2012<\/li>\n<li>FDA Rule for Broad-spectrum Labeling: Key Substrate Findings &#8211; D. Lutz, J. Ongenaed and C. Guy, Cosmetics &amp; Toiletries, October 2011<\/li>\n<li>Accurate, Fast and quite easy way of sunscreen testing. Compliant with in vitro global standard: COLIPA, BOOTS, FDA &amp; ISO &#8211; D. Lutz and N. Cariou, H&amp;PC Sun Care July\/September 2011<\/li>\n<li>In vitro assessment of water resistance of sun care products: a reproducible and optimized in vitro test method &#8211; M. Pissavini, V. Alard, U. Heinrich, K. Jenni, V. Perier, V. Tournier, D. Lutz , M. Meloni, D. Kockott, L. Ferrero, B. Gonzalez, L. Zastrow and H. Tronnier, International Journal of Cosmetic Science, July 2007<\/li>\n<li>Determination of the In Vitro SPF &#8211; M. Pissavini, L. Ferrero, V. Alard, U. Heinrich, H. Tronnier, D. Kockott, D. Lutz, V. Tournier, M. Zambonin and M. Meloni, Cosmetics &amp; Toiletries, October 2003<\/li>\n<\/ul>\n<p>&#8221; _builder_version=&#8221;4.27.4&#8243; _module_preset=&#8221;default&#8221; hover_enabled=&#8221;0&#8243; global_colors_info=&#8221;{}&#8221; parentOrderClass=&#8221;dsm_faq_0&#8243; sticky_enabled=&#8221;0&#8243;][\/dsm_faq_child][\/dsm_faq][\/et_pb_column][et_pb_column type=&#8221;1_2&#8243; _builder_version=&#8221;4.24.3&#8243; _module_preset=&#8221;default&#8221; global_colors_info=&#8221;{}&#8221;][dsm_text_divider header=&#8221;Conferences&#8221; _builder_version=&#8221;4.24.3&#8243; _module_preset=&#8221;default&#8221; global_colors_info=&#8221;{}&#8221;][\/dsm_text_divider][dsm_card image=&#8221;https:\/\/weneos.com\/wp-content\/uploads\/2024\/04\/Conference-scaled.jpeg&#8221; button_url_new_window=&#8221;1&#8243; _builder_version=&#8221;4.24.3&#8243; _module_preset=&#8221;default&#8221; custom_margin=&#8221;50px||||false|false&#8221; global_colors_info=&#8221;{}&#8221;][\/dsm_card][et_pb_number_counter title=&#8221;conferences&#8221; number=&#8221;+20&#8243; percent_sign=&#8221;off&#8221; _builder_version=&#8221;4.24.3&#8243; _module_preset=&#8221;default&#8221; number_text_color=&#8221;#ffffff&#8221; background_color=&#8221;#82368c&#8221; background_layout=&#8221;dark&#8221; custom_padding=&#8221;20px|20px|20px|20px|false|false&#8221; border_radii=&#8221;on|20px|20px|20px|20px&#8221; box_shadow_style=&#8221;preset1&#8243; global_colors_info=&#8221;{}&#8221;][\/et_pb_number_counter][dsm_faq dsm_open_faq_item=&#8221;on&#8221; _builder_version=&#8221;4.27.0&#8243; _module_preset=&#8221;default&#8221; global_colors_info=&#8221;{}&#8221;][dsm_faq_child dsm_title=&#8221;Our conferences&#8221; dsm_content=&#8221;<\/p>\n<ul>\n<li>I FEEL GOOD, September 17, 2024, Paris &#8211; %22Preparing for future alternative methods of assessing the FPS%22 &#8211; S. MIKSA<\/li>\n<li>Les Rencontres by SFC &#8211; Soleil &amp; Cosm\u00e9tique &#8211; Liaisons Holistiques &amp; Harmonieuses &#8211; June 13, 2024 &#8211; PARIS LA DEFENSE &#8211; %22Anticipating future alternative methods for evaluating sun protection%22 &#8211; S. MIKSA &#8211; WENEOS<\/li>\n<li>Cosmetic Webinar Regulations #40, June 27, 2024 &#8211; %22Rayon de savoir : Sun protection%22 &#8211; S. MIKSA,<\/li>\n<li>Cosmetotest Symposium on Preclinical and Clinical Testing in Dermocosmetics, 29-30 May 2024 &#8211; %22SWEAT RESISTANCE: A KEY FACTOR IN SUNSCREEN PROTECTION%22 &#8211; J. BEAUMONT<\/li>\n<li>MakeUp in Paris, May 30, 2024 &#8211; %22Formulation trends: towards new beauty galenics?%22 &#8211; S. MIKSA<\/li>\n<li>Florida Sunscreen Symposium, Orlando, September 2023 &#8211; %22Overview of latest ISO Sun Protection test methods%22 &#8211; S. MIKSA<\/li>\n<li>Webinar ASCC 2023 &#8211; Overview of In Vitro Sun Protection test methods &#8211; S. MIKSA<\/li>\n<li>CAMPUS FEBEA &#8211; Sun protection products &#8211; Efficacy measurement and ISO standards &#8211; S. MIKSA<\/li>\n<li>COMET, Cergy, July 2022 &#8211; New in vitro method for sand resistance assessment of sunscreen products &#8211; S. MIKSA<\/li>\n<li>Cosmetotest, Lyon, May 2022 &#8211; Future of in vitro SPF international method: panorama of the new perspectives ISO 23675 &#8211; S. MIKSA<\/li>\n<li>Sun &amp; Care Live Conference &#8211; Sunscreens &amp; Testing, September 21, 2020 &#8211; Updated news about in vitro sun protection test methods &#8211; S. MIKSA<\/li>\n<li>2nd Anti-Ageing Sun Protection Summit, Prague, May 2018 &#8211; Assessing a new In Vitro method for Blue Light protection &#8211; S. MIKSA<\/li>\n<li>in-cosmetics Global Workshop, Amsterdam, April 2018 &#8211; New in vitro method to assess if your sunscreens are infra-ready? &#8211; S. MIKSA<\/li>\n<li>Sun Protection Conference, London, June 2017 &#8211; %22Challenging the claimed SPF &#8211; The need to increase the number of testing laboratories for higher reliability%22 &#8211; S. MIKSA<\/li>\n<li>Sun Protection Summit, Brussels, April 2017 &#8211; %22Replacement of In Vivo Methods by In Vitro Methods in Sun Protection Domain%22 &#8211; S. MIKSA<\/li>\n<li>Sun Protection &amp; Anti-Aging Skin care, Singapore, July 2016 &#8211; %22In vitro SPF for label claim: fact or fiction?%22 &#8211; S. MIKSA<\/li>\n<li>Florida Sunscreen Symposium, Orlando, September 2015 &#8211; %22Aspects of in vitro material handling and new developments in in vivo and in vitro automation%22 &#8211; S. MIKSA and D. LUTZ<\/li>\n<li>Sun Protection Conference, London, June 2015 &#8211; %22In vitro SPF for label claim: fact or fiction?%22 &#8211; D. LUTZ<\/li>\n<li>Cosmetics Business Regulatory Summit, Brussels, May 2015 &#8211; %22How to ensure your innovative ideas comply?%22 &#8211; S. MIKSA<\/li>\n<li>in-cosmetics Workshop, Barcelona, April 2015 &#8211; %22UVA protection factor in vitro method%22 &#8211; D. LUTZ<\/li>\n<li>INNOLAB forum :: Summer Beauty &#8211; 6 Dimensions for Sunscreen Products, Bangkok, August 2014 &#8211; %22Asian branch of French laboratory advocate and act for consistent sunscreen evaluation%22 &#8211; D. LUTZ<\/li>\n<li>Sun Protection &amp; Anti Ageing Skin Care Conference Asia, Singapore, July 2014 &#8211; %22Sun protection evaluation Facts and Perspectives%22 &#8211; D. LUTZ<\/li>\n<li>Jean Paul Marty Days, Paris, December 2013 &#8211; %22In Vitro methods for sun protection. What we will have to accept to make them reliable?%22 &#8211; D. LUTZ<\/li>\n<li>Cosmetic Days, Marseille, December 2012 &#8211; %22Adjustment of substrate\/product interfacial properties: A new perspective for In Vivo\/In Vitro correlation%22 &#8211; S. MIKSA<\/li>\n<li>in-cosmetics Conference, Barcelona, April 2012 &#8211; %22ISO24443<\/li>\n<li>Florida Sunscreen Symposium, Orlando, September 2011 &#8211; %22New FDA Rule: Borderline Products in Broad Spectrum Claiming: How do I Manage%22 &#8211; D. LUTZ<\/li>\n<li>Mediterranean Cosmetology Congress, Marseille, September 2008 &#8211; %22DLC%22 &#8211; D. LUTZ<\/li>\n<li>European UV Sunfilters Conference, Paris, November 1999 &#8211; %22Contribution to measuring In Vitro protection. Some keys for the reliability of Sunscreen spectrophotometric evaluation.%22 &#8211; D. LUTZ<\/li>\n<\/ul>\n<p>&#8221; _builder_version=&#8221;4.27.0&#8243; _module_preset=&#8221;default&#8221; global_colors_info=&#8221;{}&#8221; parentOrderClass=&#8221;dsm_faq_1&#8243;][\/dsm_faq_child][\/dsm_faq][\/et_pb_column][\/et_pb_row][\/et_pb_section]<\/p>\n","protected":false},"excerpt":{"rendered":"<p>Our scientific resourcesResearch and Development (R&amp;D) has been in the DNA of WENEOS for over 25 years. We create and develop innovative solutions to improve the evaluation of sun protection in favor of consumer safety, health and beauty. <div class=\"et_pb_module dsm_text_divider dsm_text_divider_0\">\n\t\t\t\t\n\t\t\t\t\n\t\t\t\t\n\t\t\t\t\n\t\t\t\t\n\t\t\t\t\n\t\t\t\t<div class=\"et_pb_module_inner\">\n\t\t\t\t\t<div class=\"dsm-text-divider-wrapper dsm-text-divider-align-center et_pb_bg_layout_light\">\n\t\t\t\t\n\t\t\t\t\n\t\t\t\t<div class=\"dsm-text-divider-before dsm-divider\"><\/div>\n\t\t\t\t<h3 class=\"dsm-text-divider-header et_pb_module_header\"><span>Scientific publications<\/span><\/h3>\n\t\t\t\t<div class=\"dsm-text-divider-after dsm-divider\"><\/div>\n\t\t\t<\/div>\n\t\t\t\t<\/div>\n\t\t\t<\/div><div class=\"et_pb_module dsm_card dsm_card_0 et_pb_bg_layout_light  dsm_card_layout_stacked\">\n\t\t\t\t\n\t\t\t\t\n\t\t\t\t\n\t\t\t\t\n\t\t\t\t\n\t\t\t\t\n\t\t\t\t<div class=\"et_pb_module_inner\">\n\t\t\t\t\t\n\t\t\t\n\t\t\t<figure class=\"dsm_card_image_wrapper dsm_card_badge_top_right\"><div class=\"dsm_card_image_background dsm_card_img\"><\/div><\/figure>\n\t\t\t\n\t\t\t\n\t\t\t\t<\/div>\n\t\t\t<\/div><div class=\"et_pb_module dsm_faq dsm_faq_0\">\n\t\t\t\t\n\t\t\t\t\n\t\t\t\t\n\t\t\t\t\n\t\t\t\t\n\t\t\t\t\n\t\t\t\t<div class=\"et_pb_module_inner\">\n\t\t\t\t\t<div class=\"dsm-faq-container dsm-front\" data-accordion=\"off\" data-open_first_item=\"on\">\n\t\t\t\t\n\t\t\t <\/div>\n\t\t\t \n\t\t\t\n\t\t\t\t<\/div>\n\t\t\t<\/div><div class=\"dsm_faq_child_0 dsm-faq-item-wrapper\">\n\t\t\t\t<div class=\"dsm-title-wrapper\">\n\t\t\t\t <div class=\"dsm-title-inner-wrapper\">\n\t\t\t\t   <div class=\"dsm_open_icon\"><span>K<\/span><\/div>\n\t\t\t\t   <div class=\"dsm_close_icon\"><span>L<\/span><\/div>\n\t\t\t\t   \n\t\t\t\t   \n\t\t\t\t   <h5 class=\"dsm-faq-title\">&#8221;Our<\/h5>\n\t\t\t\t <\/div> \n\t\t\t\t <div class=\"dsm-faq-item-inner-wrapper\">\n\t\t\t\t   \n\t\t\t\t   \n\t\t\t\t   \n\t\t\t\t   \n\t\t\t\t <\/div>\n\t\t\t\t<\/div>\n\t\t\t\t<div class=\"dsm-faq-content\">&#8221;<\/div>\n\t\t\t <\/div>\n\t\t\t<\/p>\n","protected":false},"author":1,"featured_media":0,"parent":0,"menu_order":0,"comment_status":"closed","ping_status":"closed","template":"","meta":{"_et_pb_use_builder":"on","_et_pb_old_content":"","_et_gb_content_width":"","footnotes":""},"class_list":["post-10365","page","type-page","status-publish","hentry"],"_links":{"self":[{"href":"https:\/\/weneos.com\/en\/wp-json\/wp\/v2\/pages\/10365","targetHints":{"allow":["GET"]}}],"collection":[{"href":"https:\/\/weneos.com\/en\/wp-json\/wp\/v2\/pages"}],"about":[{"href":"https:\/\/weneos.com\/en\/wp-json\/wp\/v2\/types\/page"}],"author":[{"embeddable":true,"href":"https:\/\/weneos.com\/en\/wp-json\/wp\/v2\/users\/1"}],"replies":[{"embeddable":true,"href":"https:\/\/weneos.com\/en\/wp-json\/wp\/v2\/comments?post=10365"}],"version-history":[{"count":7,"href":"https:\/\/weneos.com\/en\/wp-json\/wp\/v2\/pages\/10365\/revisions"}],"predecessor-version":[{"id":13507,"href":"https:\/\/weneos.com\/en\/wp-json\/wp\/v2\/pages\/10365\/revisions\/13507"}],"wp:attachment":[{"href":"https:\/\/weneos.com\/en\/wp-json\/wp\/v2\/media?parent=10365"}],"curies":[{"name":"wp","href":"https:\/\/api.w.org\/{rel}","templated":true}]}}