{"id":10919,"date":"2024-03-30T01:53:31","date_gmt":"2024-03-30T00:53:31","guid":{"rendered":"https:\/\/weneos.com\/quienes-somos\/requisitos-de-calidad\/"},"modified":"2025-02-27T17:20:14","modified_gmt":"2025-02-27T16:20:14","slug":"requisitos-de-calidad","status":"publish","type":"page","link":"https:\/\/weneos.com\/es\/quienes-somos\/requisitos-de-calidad\/","title":{"rendered":"Requisitos de calidad"},"content":{"rendered":"<p>[et_pb_section fb_built=\u00bb1&#8243; admin_label=\u00bbHeader\u00bb _builder_version=\u00bb4.25.1&#8243; _module_preset=\u00bbdefault\u00bb background_color=\u00bb#ffffff\u00bb use_background_color_gradient=\u00bbon\u00bb background_color_gradient_stops=\u00bb#f2f0eb 10%|rgba(242,240,235,0) 100%\u00bb background_color_gradient_overlays_image=\u00bbon\u00bb background_image=\u00bbhttps:\/\/weneos.com\/wp-content\/uploads\/2024\/05\/Sans-titre-19.png\u00bb min_height=\u00bb532px\u00bb custom_margin=\u00bb||34px|||\u00bb custom_padding=\u00bb286px||42px||false|false\u00bb border_radii=\u00bboff|||3vw|3vw\u00bb locked=\u00bboff\u00bb collapsed=\u00bboff\u00bb global_colors_info=\u00bb{}\u00bb][et_pb_row _builder_version=\u00bb4.24.2&#8243; _module_preset=\u00bbdefault\u00bb width=\u00bb90%\u00bb max_width=\u00bb2560px\u00bb locked=\u00bboff\u00bb global_colors_info=\u00bb{}\u00bb][et_pb_column type=\u00bb4_4&#8243; _builder_version=\u00bb4.22.0&#8243; _module_preset=\u00bbdefault\u00bb global_colors_info=\u00bb{}\u00bb][et_pb_text _builder_version=\u00bb4.25.1&#8243; _module_preset=\u00bb_initial\u00bb header_font=\u00bb|600|||||||\u00bb header_font_size=\u00bb80px\u00bb header_2_font=\u00bbInter|700|||||||\u00bb header_2_font_size=\u00bb4vw\u00bb header_2_line_height=\u00bb1.2em\u00bb text_orientation=\u00bbcenter\u00bb min_height=\u00bb100px\u00bb custom_margin=\u00bb-96px|||||\u00bb header_2_font_size_tablet=\u00bb32px\u00bb header_2_font_size_phone=\u00bb20px\u00bb header_2_font_size_last_edited=\u00bbon|desktop\u00bb global_colors_info=\u00bb{}\u00bb]<\/p>\n<h1>Requisitos de calidad<\/h1>\n<p>[\/et_pb_text][\/et_pb_column][\/et_pb_row][\/et_pb_section][et_pb_section fb_built=\u00bb1&#8243; admin_label=\u00bbServices\u00bb _builder_version=\u00bb4.22.0&#8243; _module_preset=\u00bbdefault\u00bb min_height=\u00bb2718px\u00bb custom_padding=\u00bb50px|||||\u00bb collapsed=\u00bbon\u00bb global_colors_info=\u00bb{}\u00bb][et_pb_row _builder_version=\u00bb4.24.2&#8243; _module_preset=\u00bbdefault\u00bb width=\u00bb90%\u00bb max_width=\u00bb2560px\u00bb custom_margin=\u00bb||50px||false|false\u00bb locked=\u00bboff\u00bb global_colors_info=\u00bb{}\u00bb][et_pb_column type=\u00bb4_4&#8243; _builder_version=\u00bb4.22.0&#8243; _module_preset=\u00bbdefault\u00bb global_colors_info=\u00bb{}\u00bb][dsm_text_notation before_text=\u00bbNuestras exigencias  \u00bb notation_text=\u00bbcalidad\u00bb after_text=\u00bb  para ofrecerle lo mejor\u00bb notation_type=\u00bbhighlight\u00bb notation_width=\u00bb2&#8243; notation_iterations=\u00bb4&#8243; before_background_color=\u00bbRGBA(255,255,255,0)\u00bb notation_background_color=\u00bbRGBA(255,255,255,0)\u00bb _builder_version=\u00bb4.24.3&#8243; _module_preset=\u00bbdefault\u00bb header_text_color=\u00bb#000000&#8243; header_font_size=\u00bb40px\u00bb before_text_color=\u00bb#000000&#8243; notation_text_color=\u00bb#FFFFFF\u00bb after_text_color=\u00bb#000000&#8243; text_orientation=\u00bbcenter\u00bb module_alignment=\u00bbcenter\u00bb border_color_all_notation=\u00bbRGBA(255,255,255,0)\u00bb global_colors_info=\u00bb{}\u00bb][\/dsm_text_notation][et_pb_text _builder_version=\u00bb4.25.1&#8243; _module_preset=\u00bbdefault\u00bb text_font_size=\u00bb18px\u00bb header_2_font=\u00bb|300|||||||\u00bb header_2_text_color=\u00bb#848484&#8243; header_2_font_size=\u00bb20px\u00bb text_orientation=\u00bbjustified\u00bb global_colors_info=\u00bb{}\u00bb]<\/p>\n<h2>En WENEOS, la calidad es nuestra prioridad, lo que se refleja no s\u00f3lo en nuestros productos, sino tambi\u00e9n a trav\u00e9s de nuestros servicios especializados, como la evaluaci\u00f3n de la protecci\u00f3n solar y el dise\u00f1o de nuestros sustratos. Garantizamos la excelencia en cada etapa, desde el cuidado puesto en la elecci\u00f3n de nuestros equipos y la calibraci\u00f3n asociada, pasando por la formaci\u00f3n de nuestro equipo, hasta la eficacia demostrada de nuestro sistema de gesti\u00f3n de la calidad.<\/h2>\n<p>[\/et_pb_text][\/et_pb_column][\/et_pb_row][et_pb_row column_structure=\u00bb1_5,3_5,1_5&#8243; _builder_version=\u00bb4.24.2&#8243; _module_preset=\u00bbdefault\u00bb background_color=\u00bb#f4f0ec\u00bb width=\u00bb90%\u00bb max_width=\u00bb2560px\u00bb module_alignment=\u00bbcenter\u00bb custom_margin=\u00bb20px||||false|false\u00bb custom_padding=\u00bb|50px||50px|false|false\u00bb animation_style=\u00bbflip\u00bb border_radii=\u00bbon|20px|20px|20px|20px\u00bb border_color_all=\u00bb#82368c\u00bb box_shadow_style=\u00bbpreset1&#8243; global_colors_info=\u00bb{}\u00bb][et_pb_column type=\u00bb1_5&#8243; _builder_version=\u00bb4.24.2&#8243; _module_preset=\u00bbdefault\u00bb global_colors_info=\u00bb{}\u00bb][dsm_perspective_image src=\u00bbhttps:\/\/weneos.com\/wp-content\/uploads\/2024\/03\/Logo-certification-AFAQ-ISO-9001.jpg\u00bb title_text=\u00bbLogo-certificaci\u00f3n-AFAQ-ISO-9001&#8243; hover_icon=\u00bb&#x54;||divi||400&#8243; align=\u00bbcenter\u00bb _builder_version=\u00bb4.24.3&#8243; _module_preset=\u00bbdefault\u00bb width=\u00bb60%\u00bb width_tablet=\u00bb30%\u00bb width_phone=\u00bb50%\u00bb width_last_edited=\u00bbon|desktop\u00bb module_alignment=\u00bbcenter\u00bb global_colors_info=\u00bb{}\u00bb][\/dsm_perspective_image][\/et_pb_column][et_pb_column type=\u00bb3_5&#8243; _builder_version=\u00bb4.24.2&#8243; _module_preset=\u00bbdefault\u00bb global_colors_info=\u00bb{}\u00bb][et_pb_text _builder_version=\u00bb4.24.3&#8243; _module_preset=\u00bbdefault\u00bb text_font_size=\u00bb16px\u00bb text_orientation=\u00bbjustified\u00bb custom_padding=\u00bb20px||20px||false|false\u00bb header_text_align_tablet=\u00bbcenter\u00bb header_text_align_phone=\u00bbcenter\u00bb header_text_align_last_edited=\u00bbon|desktop\u00bb global_colors_info=\u00bb{}\u00bb]<\/p>\n<h1 class=\"et_pb_module_header et-fb-editable-element et-fb-editable-element__editing\" contenteditable=\"true\" data-shortcode-id=\"4.0.1.0-1712016963326\" data-quickaccess-id=\"header\">Certificaci\u00f3n ISO 9001:2015<\/h1>\n<p>El Sistema de Gesti\u00f3n de Calidad de WENEOS (anteriormente HelioScreen) cuenta con la certificaci\u00f3n ISO 9001:2015.<\/p>\n<p>Esta norma, reconocida internacionalmente, confirma nuestra capacidad para ofrecer sistem\u00e1ticamente servicios y productos que satisfacen las necesidades de nuestros clientes y los requisitos reglamentarios, con una fuerte orientaci\u00f3n al cliente, la motivaci\u00f3n y la implicaci\u00f3n de la alta direcci\u00f3n, un enfoque basado en procesos y la mejora continua.<\/p>\n<p>M\u00e1s concretamente, la certificaci\u00f3n ISO 9001:2015 es una norma internacional dedicada a los sistemas de gesti\u00f3n de la calidad (SGC), que se aplica a todas las organizaciones, independientemente de su tipo, tama\u00f1o o del producto\/servicio que ofrezcan.<\/p>\n<p>Establecida por la Organizaci\u00f3n Internacional de Normalizaci\u00f3n (ISO), esta norma se centra en la mejora continua y la satisfacci\u00f3n del cliente mediante la integraci\u00f3n de un enfoque por procesos y el fomento de la adopci\u00f3n de un sistema de gesti\u00f3n basado en principios de gesti\u00f3n de la calidad como la orientaci\u00f3n al cliente, el liderazgo, la implicaci\u00f3n de las personas, el enfoque por procesos, la mejora, la toma de decisiones basada en pruebas y la gesti\u00f3n de las relaciones con las partes interesadas.<\/p>\n<p>La versi\u00f3n de 2015 introdujo conceptos clave como el contexto organizativo, la gesti\u00f3n de riesgos y oportunidades, y reforz\u00f3 la importancia de la direcci\u00f3n y su compromiso con el sistema de gesti\u00f3n de la calidad. La obtenci\u00f3n de esta certificaci\u00f3n confirma que la organizaci\u00f3n ha implantado un sistema de gesti\u00f3n de la calidad que le permite mejorar continuamente sus procesos, aumentar la satisfacci\u00f3n del cliente y cumplir eficazmente los requisitos reglamentarios y legales.<\/p>\n<p>[\/et_pb_text][\/et_pb_column][et_pb_column type=\u00bb1_5&#8243; _builder_version=\u00bb4.24.2&#8243; _module_preset=\u00bbdefault\u00bb global_colors_info=\u00bb{}\u00bb][dsm_perspective_image src=\u00bbhttps:\/\/weneos.com\/wp-content\/uploads\/2025\/02\/42215578-WENEOS-CERTIFICAT-20-fevrier-2025.jpg\u00bb title_text=\u00bb42215578 WENEOS (CERTIFICADO &#8211; 20 de febrero de 2025)\u00bb show_in_lightbox=\u00bbon\u00bb use_overlay=\u00bbon\u00bb hover_icon=\u00bb&#x54;||divi||400&#8243; align=\u00bbcenter\u00bb _builder_version=\u00bb4.27.4&#8243; _module_preset=\u00bbdefault\u00bb width=\u00bb60%\u00bb module_alignment=\u00bbcenter\u00bb hover_enabled=\u00bb0&#8243; border_width_all=\u00bb1px\u00bb global_colors_info=\u00bb{}\u00bb sticky_enabled=\u00bb0&#8243;][\/dsm_perspective_image][\/et_pb_column][\/et_pb_row][et_pb_row column_structure=\u00bb1_2,1_2&#8243; use_custom_gutter=\u00bbon\u00bb gutter_width=\u00bb2&#8243; make_equal=\u00bbon\u00bb _builder_version=\u00bb4.24.2&#8243; _module_preset=\u00bbdefault\u00bb background_enable_color=\u00bboff\u00bb width=\u00bb90%\u00bb max_width=\u00bb2560px\u00bb module_alignment=\u00bbcenter\u00bb custom_margin=\u00bb||||false|false\u00bb custom_padding=\u00bb||||false|false\u00bb animation_style=\u00bbflip\u00bb global_colors_info=\u00bb{}\u00bb][et_pb_column type=\u00bb1_2&#8243; _builder_version=\u00bb4.24.2&#8243; _module_preset=\u00bbdefault\u00bb border_radii=\u00bbon|20px|20px|20px|20px\u00bb box_shadow_style=\u00bbpreset1&#8243; global_colors_info=\u00bb{}\u00bb][dsm_image_carousel gallery_ids=\u00bb8246,12997&#8243; slide_to_show=\u00bb2&#8243; autoplay=\u00bboff\u00bb space_between=\u00bb100&#8243; infinite=\u00bboff\u00bb arrows=\u00bboff\u00bb dots=\u00bboff\u00bb grab=\u00bboff\u00bb show_lightbox=\u00bbon\u00bb _builder_version=\u00bb4.27.2&#8243; _module_preset=\u00bbdefault\u00bb width=\u00bb50%\u00bb width_tablet=\u00bb40%\u00bb width_phone=\u00bb30%\u00bb width_last_edited=\u00bbon|phone\u00bb module_alignment=\u00bbcenter\u00bb custom_margin=\u00bb20px||0px||false|false\u00bb global_colors_info=\u00bb{}\u00bb][\/dsm_image_carousel][et_pb_text _builder_version=\u00bb4.24.3&#8243; _module_preset=\u00bbdefault\u00bb text_font_size=\u00bb16px\u00bb header_text_align=\u00bbleft\u00bb text_orientation=\u00bbjustified\u00bb custom_padding=\u00bb|50px|50px|50px|false|false\u00bb custom_padding_tablet=\u00bb|50px|50px|50px|false|false\u00bb custom_padding_phone=\u00bb|50px|50px|50px|false|false\u00bb custom_padding_last_edited=\u00bbon|phone\u00bb header_text_align_tablet=\u00bbcenter\u00bb header_text_align_phone=\u00bbcenter\u00bb header_text_align_last_edited=\u00bbon|desktop\u00bb global_colors_info=\u00bb{}\u00bb]<\/p>\n<h1 class=\"et_pb_module_header et-fb-editable-element et-fb-editable-element__editing\" contenteditable=\"true\" data-shortcode-id=\"2.2.0.0-1712017426459\" data-quickaccess-id=\"header\">Registro en la FDA<\/h1>\n<p>Como laboratorio de ensayos por contrato para productos de protecci\u00f3n solar, WENEOS (anteriormente HelioScreen) es una instalaci\u00f3n registrada en la Administraci\u00f3n de Alimentos y Medicamentos de los Estados Unidos (FDA), tal como exige la norma 21 CFR Parte 207.<\/p>\n<p>Nuestro registro se renueva anualmente y est\u00e1 disponible en el \u00abDrug establishments current registration site\u00bb.<\/p>\n<p>[\/et_pb_text][\/et_pb_column][et_pb_column type=\u00bb1_2&#8243; _builder_version=\u00bb4.24.2&#8243; _module_preset=\u00bbdefault\u00bb border_radii=\u00bbon|20px|20px|20px|20px\u00bb box_shadow_style=\u00bbpreset1&#8243; global_colors_info=\u00bb{}\u00bb][dsm_image_carousel gallery_ids=\u00bb8247,8575&#8243; slide_to_show=\u00bb2&#8243; autoplay=\u00bboff\u00bb space_between=\u00bb100&#8243; infinite=\u00bboff\u00bb arrows=\u00bboff\u00bb dots=\u00bboff\u00bb grab=\u00bboff\u00bb show_lightbox=\u00bbon\u00bb _builder_version=\u00bb4.24.3&#8243; _module_preset=\u00bbdefault\u00bb width=\u00bb50%\u00bb width_tablet=\u00bb30%\u00bb width_phone=\u00bb50%\u00bb width_last_edited=\u00bbon|desktop\u00bb module_alignment=\u00bbcenter\u00bb custom_margin=\u00bb20px||0px||false|false\u00bb global_colors_info=\u00bb{}\u00bb][\/dsm_image_carousel][et_pb_text _builder_version=\u00bb4.24.3&#8243; _module_preset=\u00bbdefault\u00bb text_font_size=\u00bb16px\u00bb header_text_align=\u00bbleft\u00bb text_orientation=\u00bbjustified\u00bb custom_padding=\u00bb|50px|50px|50px|false|false\u00bb header_text_align_tablet=\u00bbcenter\u00bb header_text_align_phone=\u00bbcenter\u00bb header_text_align_last_edited=\u00bbon|desktop\u00bb global_colors_info=\u00bb{}\u00bb]<\/p>\n<h1 class=\"et_pb_module_header et-fb-editable-element et-fb-editable-element__editing\" contenteditable=\"true\" data-shortcode-id=\"2.2.0.0-1712017426459\" data-quickaccess-id=\"header\">Aprobaci\u00f3n CIR<\/h1>\n<p>WENEOS (antes HelioScreen) es un proveedor de servicios acreditado por el CIR, reconocido por el Ministerio franc\u00e9s de Ense\u00f1anza Superior, Investigaci\u00f3n e Innovaci\u00f3n por sus competencias en investigaci\u00f3n y desarrollo (I+D). Esta homologaci\u00f3n permite a sus clientes beneficiarse de una desgravaci\u00f3n fiscal por investigaci\u00f3n correspondiente al 30% de los importes facturados por los servicios de I+D prestados por WENEOS.<\/p>\n<p>Esto subraya la experiencia de WENEOS en la realizaci\u00f3n de proyectos de I+D y ofrece una importante ventaja financiera a sus clientes.<\/p>\n<p>[\/et_pb_text][\/et_pb_column][\/et_pb_row][et_pb_row column_structure=\u00bb1_5,3_5,1_5&#8243; _builder_version=\u00bb4.24.2&#8243; _module_preset=\u00bbdefault\u00bb background_color=\u00bb#f4f0ec\u00bb width=\u00bb90%\u00bb max_width=\u00bb2560px\u00bb module_alignment=\u00bbcenter\u00bb custom_margin=\u00bb20px||||false|false\u00bb custom_padding=\u00bb|50px||50px|false|false\u00bb animation_style=\u00bbflip\u00bb border_radii=\u00bbon|20px|20px|20px|20px\u00bb border_color_all=\u00bb#82368c\u00bb box_shadow_style=\u00bbpreset1&#8243; global_colors_info=\u00bb{}\u00bb][et_pb_column type=\u00bb1_5&#8243; _builder_version=\u00bb4.24.2&#8243; _module_preset=\u00bbdefault\u00bb global_colors_info=\u00bb{}\u00bb][dsm_perspective_image src=\u00bbhttps:\/\/weneos.com\/wp-content\/uploads\/2024\/03\/BIPEA-logo.jpg\u00bb title_text=\u00bbBIPEA-logo\u00bb hover_icon=\u00bb&#x54;||divi||400&#8243; align=\u00bbcenter\u00bb _builder_version=\u00bb4.24.2&#8243; _module_preset=\u00bbdefault\u00bb module_alignment=\u00bbcenter\u00bb global_colors_info=\u00bb{}\u00bb][\/dsm_perspective_image][\/et_pb_column][et_pb_column type=\u00bb3_5&#8243; _builder_version=\u00bb4.24.2&#8243; _module_preset=\u00bbdefault\u00bb global_colors_info=\u00bb{}\u00bb][et_pb_text _builder_version=\u00bb4.24.3&#8243; _module_preset=\u00bbdefault\u00bb text_font_size=\u00bb16px\u00bb header_text_align=\u00bbleft\u00bb text_orientation=\u00bbjustified\u00bb custom_padding=\u00bb20px||20px||false|false\u00bb header_text_align_tablet=\u00bbcenter\u00bb header_text_align_phone=\u00bbcenter\u00bb header_text_align_last_edited=\u00bbon|desktop\u00bb global_colors_info=\u00bb{}\u00bb]<\/p>\n<h1 class=\"et_pb_module_header et-fb-editable-element et-fb-editable-element__editing\" contenteditable=\"true\" data-shortcode-id=\"2.3.1.0-1712018050576\" data-quickaccess-id=\"header\">Participaci\u00f3n del BIPEA<\/h1>\n<p>WENEOS (antes HelioScreen) lleva muchos a\u00f1os participando en las pruebas interlaboratorios de BIPEA.<\/p>\n<p>BIPEA es una organizaci\u00f3n internacional sin \u00e1nimo de lucro cuyo Sistema de Gesti\u00f3n de Calidad (SGC) cumple los requisitos de la norma ISO\/IEC 17043 para Ensayos de Aptitud (EA). Con m\u00e1s de 40 a\u00f1os de experiencia, BIPEA ofrece m\u00e1s de 130 programas regulares de comparaciones interlaboratorios (CIL) en los \u00e1mbitos de la alimentaci\u00f3n, el medio ambiente y los cosm\u00e9ticos, y cuenta en la actualidad con cerca de 2.000 laboratorios miembros en todo el mundo.<\/p>\n<p>Un CIL es un control de calidad externo, muy apreciado por los laboratorios de an\u00e1lisis, que les permite :<\/p>\n<ul>\n<li>o para caracterizar materiales,<\/li>\n<li>o desarrollar y validar m\u00e9todos,<\/li>\n<li>o para evaluar el rendimiento anal\u00edtico de los laboratorios de ensayo.<\/li>\n<\/ul>\n<p>En el \u00e1mbito de los ensayos solares, los dos primeros puntos ya se han verificado mediante m\u00e9todos normalizados. En cuanto al \u00faltimo punto, se puede dise\u00f1ar especialmente una comparaci\u00f3n interlaboratorios, tambi\u00e9n conocida como prueba de aptitud, para juzgar el rendimiento anal\u00edtico de los laboratorios de ensayo.<\/p>\n<p>El principio es sencillo: los laboratorios que participan en el CIL BIPEA reciben una muestra homog\u00e9nea. Analizan los resultados y los env\u00edan a BIPEA, que garantiza la confidencialidad de los participantes y los resultados. El BIPEA lleva a cabo el tratamiento estad\u00edstico y publica un informe de comparaci\u00f3n interlaboratorios en el que los laboratorios participantes, identificados mediante un c\u00f3digo confidencial, pueden comprobar la exactitud de sus resultados con respecto a los valores asignados calculados mediante un algoritmo robusto.<\/p>\n<p>As\u00ed pues, esta evaluaci\u00f3n externa de la calidad es \u00fatil para los laboratorios de an\u00e1lisis porque les permite :<\/p>\n<ul>\n<li>evaluar su rendimiento anal\u00edtico,<\/li>\n<li>demostrar la exactitud de sus an\u00e1lisis a sus clientes y mandantes,<\/li>\n<li>identificar las derivas y los sesgos de sus procesos anal\u00edticos.<\/li>\n<\/ul>\n<p>BIPEA organiza las comparaciones interlaboratorios dedicadas a pruebas de sol m\u00e1s importantes del mundo. En el contexto del control de calidad de los laboratorios, la participaci\u00f3n en los CIL es necesaria para mejorar a escala mundial el rendimiento y la armonizaci\u00f3n de los laboratorios de ensayo:<\/p>\n<ul>\n<li>60 &#8211; Productos solares: FPS in vivo<\/li>\n<li>63 &#8211; Productos solares: UVA in vivo<\/li>\n<li>64 &#8211; Productos solares: UVA in vitro<\/li>\n<\/ul>\n<p>[\/et_pb_text][\/et_pb_column][et_pb_column type=\u00bb1_5&#8243; _builder_version=\u00bb4.24.2&#8243; _module_preset=\u00bbdefault\u00bb global_colors_info=\u00bb{}\u00bb][dsm_perspective_image src=\u00bbhttps:\/\/weneos.com\/wp-content\/uploads\/2025\/02\/Diplome_12460_2024-2025.jpg\u00bb title_text=\u00bbDiplome_12460_2024-2025&#8243; show_in_lightbox=\u00bbon\u00bb use_overlay=\u00bbon\u00bb hover_icon=\u00bb&#x54;||divi||400&#8243; _builder_version=\u00bb4.27.4&#8243; _module_preset=\u00bbdefault\u00bb module_alignment=\u00bbcenter\u00bb custom_margin=\u00bb||||false|false\u00bb custom_padding=\u00bb||||false|false\u00bb hover_enabled=\u00bb0&#8243; border_width_all=\u00bb1px\u00bb global_colors_info=\u00bb{}\u00bb sticky_enabled=\u00bb0&#8243;][\/dsm_perspective_image][\/et_pb_column][\/et_pb_row][\/et_pb_section]<\/p>\n","protected":false},"excerpt":{"rendered":"<p>Requisitos de calidad<div class=\"et_pb_with_border et_pb_module dsm_text_notation dsm_text_notation_0  et_pb_text_align_center et_pb_bg_layout_light\">\n\t\t\t\t\n\t\t\t\t\n\t\t\t\t\n\t\t\t\t\n\t\t\t\t\n\t\t\t\t\n\t\t\t\t<div class=\"et_pb_module_inner\">\n\t\t\t\t\t<h1 class=\"dsm-text-notation-main et_pb_module_header\"><span class=\"dsm-text-notation-before\">Nuestras exigencias <\/span><span data-notation=\"[{&quot;type&quot;:&quot;highlight&quot;,&quot;color&quot;:&quot;#82368c&quot;,&quot;stroke-width&quot;:&quot;2&quot;,&quot;iterations&quot;:&quot;4&quot;,&quot;brackets&quot;:&quot;left|right&quot;,&quot;viewport&quot;:&quot;80%&quot;,&quot;delay&quot;:&quot;0ms&quot;,&quot;divi-animate&quot;:&quot;none&quot;,&quot;divi-animate-duration&quot;:&quot;1000ms&quot;,&quot;divi-animate-delay&quot;:&quot;0ms&quot;}]\" class=\"dsm-text-notation-middle\">calidad<\/span><span class=\"dsm-text-notation-after\"> para ofrecerle lo mejor<\/span><\/h1>\n\t\t\t\t<\/div>\n\t\t\t<\/div>En WENEOS, la calidad es nuestra prioridad, lo que se refleja no s\u00f3lo en nuestros productos, sino tambi\u00e9n a trav\u00e9s de nuestros servicios especializados, como la evaluaci\u00f3n de la protecci\u00f3n solar y el dise\u00f1o de nuestros sustratos. Garantizamos la excelencia en cada etapa, desde el cuidado puesto en la elecci\u00f3n de nuestros equipos y la calibraci\u00f3n asociada, pasando por la formaci\u00f3n de nuestro equipo, hasta la eficacia demostrada de nuestro sistema de gesti\u00f3n de la calidad.<div class=\"et_pb_module dsm_perspective_image dsm_perspective_image_0\">\n\t\t\t\t\n\t\t\t\t\n\t\t\t\t\n\t\t\t\t\n\t\t\t\t\n\t\t\t\t\n\t\t\t\t<div class=\"et_pb_module_inner\">\n\t\t\t\t\t<div class=\"dsm-perspective-image-wrapper et_always_center_on_mobile\">\n\t\t\t\t\n\t\t\t\t\n\t\t\t\t<span class=\"et_pb_image_wrap \"><img decoding=\"async\" src=\"https:\/\/weneos.com\/wp-content\/uploads\/2024\/03\/Logo-certification-AFAQ-ISO-9001.jpg\" alt=\"\" title=\"Logo-certificaci\u00f3n-AFAQ-ISO-9001\" \/><\/span>\n\t\t\t<\/div>\n\t\t\t\t<\/div>\n\t\t\t<\/div>Certificaci\u00f3n ISO 9001:2015 El Sistema de Gesti\u00f3n de Calidad de WENEOS (anteriormente HelioScreen) cuenta con la certificaci\u00f3n ISO 9001:2015. Esta norma, reconocida internacionalmente, confirma nuestra capacidad para ofrecer sistem\u00e1ticamente servicios y productos que satisfacen las necesidades de nuestros clientes y los requisitos reglamentarios, con una fuerte orientaci\u00f3n al cliente, la motivaci\u00f3n y la implicaci\u00f3n de la alta direcci\u00f3n, un enfoque basado en procesos y la mejora continua. M\u00e1s concretamente, la certificaci\u00f3n ISO 9001:2015 es una norma internacional dedicada a los sistemas de gesti\u00f3n de la calidad [&hellip;]<\/p>\n","protected":false},"author":1,"featured_media":0,"parent":10913,"menu_order":0,"comment_status":"closed","ping_status":"closed","template":"","meta":{"_et_pb_use_builder":"on","_et_pb_old_content":"","_et_gb_content_width":"","footnotes":""},"class_list":["post-10919","page","type-page","status-publish","hentry"],"_links":{"self":[{"href":"https:\/\/weneos.com\/es\/wp-json\/wp\/v2\/pages\/10919","targetHints":{"allow":["GET"]}}],"collection":[{"href":"https:\/\/weneos.com\/es\/wp-json\/wp\/v2\/pages"}],"about":[{"href":"https:\/\/weneos.com\/es\/wp-json\/wp\/v2\/types\/page"}],"author":[{"embeddable":true,"href":"https:\/\/weneos.com\/es\/wp-json\/wp\/v2\/users\/1"}],"replies":[{"embeddable":true,"href":"https:\/\/weneos.com\/es\/wp-json\/wp\/v2\/comments?post=10919"}],"version-history":[{"count":14,"href":"https:\/\/weneos.com\/es\/wp-json\/wp\/v2\/pages\/10919\/revisions"}],"predecessor-version":[{"id":13568,"href":"https:\/\/weneos.com\/es\/wp-json\/wp\/v2\/pages\/10919\/revisions\/13568"}],"up":[{"embeddable":true,"href":"https:\/\/weneos.com\/es\/wp-json\/wp\/v2\/pages\/10913"}],"wp:attachment":[{"href":"https:\/\/weneos.com\/es\/wp-json\/wp\/v2\/media?parent=10919"}],"curies":[{"name":"wp","href":"https:\/\/api.w.org\/{rel}","templated":true}]}}