{"id":10922,"date":"2024-03-29T22:18:31","date_gmt":"2024-03-29T21:18:31","guid":{"rendered":"https:\/\/weneos.com\/quienes-somos\/nuestras-cifras-clave\/"},"modified":"2024-09-13T12:40:17","modified_gmt":"2024-09-13T10:40:17","slug":"nuestras-cifras-clave","status":"publish","type":"page","link":"https:\/\/weneos.com\/es\/quienes-somos\/nuestras-cifras-clave\/","title":{"rendered":"Nuestras cifras clave"},"content":{"rendered":"<p>[et_pb_section fb_built=\u00bb1&#8243; admin_label=\u00bbHeader\u00bb _builder_version=\u00bb4.24.2&#8243; _module_preset=\u00bbdefault\u00bb use_background_color_gradient=\u00bbon\u00bb background_color_gradient_stops=\u00bb#f2f0eb 0%|rgba(242,240,235,0) 100%\u00bb background_color_gradient_overlays_image=\u00bbon\u00bb background_image=\u00bbhttps:\/\/weneos.com\/wp-content\/uploads\/2024\/03\/AdobeStock_447664173-scaled.jpeg\u00bb parallax=\u00bbon\u00bb custom_padding=\u00bb200px||250px||false|false\u00bb border_radii=\u00bboff|||3vw|3vw\u00bb locked=\u00bboff\u00bb collapsed=\u00bbon\u00bb global_colors_info=\u00bb{}\u00bb][et_pb_row _builder_version=\u00bb4.24.2&#8243; _module_preset=\u00bbdefault\u00bb width=\u00bb90%\u00bb max_width=\u00bb2560px\u00bb locked=\u00bboff\u00bb global_colors_info=\u00bb{}\u00bb][et_pb_column type=\u00bb4_4&#8243; _builder_version=\u00bb4.22.0&#8243; _module_preset=\u00bbdefault\u00bb global_colors_info=\u00bb{}\u00bb][et_pb_text _builder_version=\u00bb4.24.2&#8243; _module_preset=\u00bb_initial\u00bb header_font=\u00bb|600|||||||\u00bb header_font_size=\u00bb80px\u00bb header_2_font=\u00bbInter|700|||||||\u00bb header_2_font_size=\u00bb4vw\u00bb header_2_line_height=\u00bb1.2em\u00bb text_orientation=\u00bbcenter\u00bb header_2_font_size_tablet=\u00bb32px\u00bb header_2_font_size_phone=\u00bb20px\u00bb header_2_font_size_last_edited=\u00bbon|desktop\u00bb global_colors_info=\u00bb{}\u00bb]<\/p>\n<h1>Nuestras cifras clave<\/h1>\n<p>[\/et_pb_text][\/et_pb_column][\/et_pb_row][\/et_pb_section][et_pb_section fb_built=\u00bb1&#8243; admin_label=\u00bbServices\u00bb _builder_version=\u00bb4.22.0&#8243; _module_preset=\u00bbdefault\u00bb custom_padding=\u00bb50px|||||\u00bb collapsed=\u00bboff\u00bb global_colors_info=\u00bb{}\u00bb][et_pb_row column_structure=\u00bb1_2,1_2&#8243; use_custom_gutter=\u00bbon\u00bb make_equal=\u00bbon\u00bb _builder_version=\u00bb4.24.2&#8243; _module_preset=\u00bbdefault\u00bb width=\u00bb90%\u00bb max_width=\u00bb2560px\u00bb custom_padding=\u00bb100px||50px||false|false\u00bb global_colors_info=\u00bb{}\u00bb][et_pb_column type=\u00bb1_2&#8243; _builder_version=\u00bb4.24.2&#8243; _module_preset=\u00bbdefault\u00bb background_color=\u00bb#f4f0ec\u00bb custom_padding=\u00bb20px|20px|20px|20px|false|false\u00bb border_radii=\u00bbon|20px|20px|20px|20px\u00bb border_color_all=\u00bb#000000&#8243; box_shadow_style=\u00bbpreset1&#8243; global_colors_info=\u00bb{}\u00bb][et_pb_icon font_icon=\u00bb&#xf080;||fa||900&#8243; icon_color=\u00bb#0a0303&#8243; icon_width=\u00bb50px\u00bb _builder_version=\u00bb4.24.2&#8243; _module_preset=\u00bbdefault\u00bb global_colors_info=\u00bb{}\u00bb][\/et_pb_icon][et_pb_number_counter title=\u00bba\u00f1os de experiencia\u00bb number=\u00bb+25&#8243; percent_sign=\u00bboff\u00bb _builder_version=\u00bb4.24.2&#8243; _module_preset=\u00bbdefault\u00bb title_text_color=\u00bb#0a0a0a\u00bb number_text_color=\u00bb#0a0000&#8243; global_colors_info=\u00bb{}\u00bb][\/et_pb_number_counter][et_pb_text _builder_version=\u00bb4.24.2&#8243; _module_preset=\u00bbdefault\u00bb text_font_size=\u00bb16px\u00bb header_text_align=\u00bbcenter\u00bb text_orientation=\u00bbjustified\u00bb global_colors_info=\u00bb{}\u00bb]<\/p>\n<p style=\"text-align: center;\">Con 25 a\u00f1os de experiencia en la evaluaci\u00f3n de la protecci\u00f3n solar, nuestra empresa es sin\u00f3nimo de fiabilidad y conocimientos t\u00e9cnicos. Nuestra amplia experiencia proporciona a nuestros clientes soluciones eficaces y seguras, demostrando nuestro compromiso con la excelencia y el bienestar. Nuestra herencia es la confianza y la innovaci\u00f3n en la protecci\u00f3n solar.<\/p>\n<p>[\/et_pb_text][\/et_pb_column][et_pb_column type=\u00bb1_2&#8243; _builder_version=\u00bb4.24.2&#8243; _module_preset=\u00bbdefault\u00bb background_color=\u00bb#f4f0ec\u00bb custom_padding=\u00bb20px|20px|20px|20px|false|false\u00bb border_radii=\u00bbon|20px|20px|20px|20px\u00bb box_shadow_style=\u00bbpreset1&#8243; global_colors_info=\u00bb{}\u00bb][et_pb_icon font_icon=\u00bb&#xe101;||divi||400&#8243; icon_color=\u00bb#0a0303&#8243; icon_width=\u00bb50px\u00bb _builder_version=\u00bb4.24.2&#8243; _module_preset=\u00bbdefault\u00bb global_colors_info=\u00bb{}\u00bb][\/et_pb_icon][et_pb_number_counter title=\u00bbproductos probados al a\u00f1o\u00bb number=\u00bb+1500&#8243; percent_sign=\u00bboff\u00bb _builder_version=\u00bb4.24.2&#8243; _module_preset=\u00bbdefault\u00bb title_text_color=\u00bb#0a0a0a\u00bb number_text_color=\u00bb#0a0303&#8243; global_colors_info=\u00bb{}\u00bb][\/et_pb_number_counter][et_pb_text _builder_version=\u00bb4.24.2&#8243; _module_preset=\u00bbdefault\u00bb text_font_size=\u00bb16px\u00bb header_text_align=\u00bbcenter\u00bb text_orientation=\u00bbjustified\u00bb global_colors_info=\u00bb{}\u00bb]<\/p>\n<p style=\"text-align: center;\">Gracias a la optimizaci\u00f3n de nuestros procesos, nuestra amplia gama de equipos y nuestro equipo altamente cualificado, garantizamos un alto volumen de productos probados. Nuestra experiencia garantiza la eficacia y la calidad, lo que refleja nuestro compromiso con la excelencia y la satisfacci\u00f3n del cliente.<\/p>\n<p>[\/et_pb_text][\/et_pb_column][\/et_pb_row][et_pb_row column_structure=\u00bb1_4,1_4,1_4,1_4&#8243; _builder_version=\u00bb4.24.2&#8243; _module_preset=\u00bbdefault\u00bb background_enable_color=\u00bboff\u00bb width=\u00bb90%\u00bb max_width=\u00bb2560px\u00bb border_radii=\u00bbon|20px|20px|20px|20px\u00bb global_colors_info=\u00bb{}\u00bb][et_pb_column type=\u00bb1_4&#8243; _builder_version=\u00bb4.24.2&#8243; _module_preset=\u00bbdefault\u00bb background_color=\u00bb#82368c\u00bb custom_padding=\u00bb20px||20px||false|false\u00bb border_radii=\u00bbon|20px|20px|20px|20px\u00bb global_colors_info=\u00bb{}\u00bb][et_pb_icon font_icon=\u00bb&#xe007;||divi||400&#8243; icon_color=\u00bb#FFFFFF\u00bb icon_width=\u00bb50px\u00bb _builder_version=\u00bb4.24.2&#8243; _module_preset=\u00bbdefault\u00bb global_colors_info=\u00bb{}\u00bb][\/et_pb_icon][et_pb_number_counter title=\u00bbde ventas invertido en I+D\u00bb number=\u00bb+5&#8243; _builder_version=\u00bb4.24.2&#8243; _module_preset=\u00bbdefault\u00bb number_text_color=\u00bb#FFFFFF\u00bb background_layout=\u00bbdark\u00bb global_colors_info=\u00bb{}\u00bb][\/et_pb_number_counter][\/et_pb_column][et_pb_column type=\u00bb1_4&#8243; _builder_version=\u00bb4.24.2&#8243; _module_preset=\u00bbdefault\u00bb background_color=\u00bb#82368c\u00bb custom_padding=\u00bb20px||20px||false|false\u00bb border_radii=\u00bbon|20px|20px|20px|20px\u00bb global_colors_info=\u00bb{}\u00bb][et_pb_icon font_icon=\u00bb&#xf57d;||fa||900&#8243; icon_color=\u00bb#FFFFFF\u00bb icon_width=\u00bb50px\u00bb _builder_version=\u00bb4.24.2&#8243; _module_preset=\u00bbdefault\u00bb global_colors_info=\u00bb{}\u00bb][\/et_pb_icon][et_pb_number_counter title=\u00bben el extranjero\u00bb number=\u00bb+70&#8243; _builder_version=\u00bb4.24.2&#8243; _module_preset=\u00bbdefault\u00bb number_text_color=\u00bb#FFFFFF\u00bb background_layout=\u00bbdark\u00bb global_colors_info=\u00bb{}\u00bb][\/et_pb_number_counter][\/et_pb_column][et_pb_column type=\u00bb1_4&#8243; _builder_version=\u00bb4.24.2&#8243; _module_preset=\u00bbdefault\u00bb background_color=\u00bb#82368c\u00bb custom_padding=\u00bb20px||20px||false|false\u00bb border_radii=\u00bbon|20px|20px|20px|20px\u00bb global_colors_info=\u00bb{}\u00bb][et_pb_icon font_icon=\u00bb&#xe0ef;||divi||400&#8243; icon_color=\u00bb#FFFFFF\u00bb icon_width=\u00bb50px\u00bb _builder_version=\u00bb4.24.2&#8243; _module_preset=\u00bbdefault\u00bb global_colors_info=\u00bb{}\u00bb][\/et_pb_icon][et_pb_number_counter title=\u00bbm\u00b2 de superficie dedicada a la energ\u00eda solar\u00bb number=\u00bb+400&#8243; percent_sign=\u00bboff\u00bb _builder_version=\u00bb4.24.2&#8243; _module_preset=\u00bbdefault\u00bb number_text_color=\u00bb#FFFFFF\u00bb background_layout=\u00bbdark\u00bb global_colors_info=\u00bb{}\u00bb][\/et_pb_number_counter][\/et_pb_column][et_pb_column type=\u00bb1_4&#8243; _builder_version=\u00bb4.24.2&#8243; _module_preset=\u00bbdefault\u00bb background_color=\u00bb#82368c\u00bb custom_padding=\u00bb20px||20px||false|false\u00bb border_radii=\u00bbon|20px|20px|20px|20px\u00bb global_colors_info=\u00bb{}\u00bb][et_pb_icon font_icon=\u00bb&#xf0b1;||fa||900&#8243; icon_color=\u00bb#FFFFFF\u00bb icon_width=\u00bb50px\u00bb _builder_version=\u00bb4.24.2&#8243; _module_preset=\u00bbdefault\u00bb global_colors_info=\u00bb{}\u00bb][\/et_pb_icon][et_pb_number_counter title=\u00bbempleados comprometidos\u00bb number=\u00bb+10&#8243; percent_sign=\u00bboff\u00bb _builder_version=\u00bb4.24.2&#8243; _module_preset=\u00bbdefault\u00bb number_text_color=\u00bb#FFFFFF\u00bb background_layout=\u00bbdark\u00bb global_colors_info=\u00bb{}\u00bb][\/et_pb_number_counter][\/et_pb_column][\/et_pb_row][et_pb_row column_structure=\u00bb1_4,1_4,1_4,1_4&#8243; use_custom_gutter=\u00bbon\u00bb gutter_width=\u00bb1&#8243; make_equal=\u00bbon\u00bb _builder_version=\u00bb4.24.2&#8243; _module_preset=\u00bbdefault\u00bb width=\u00bb90%\u00bb max_width=\u00bb2560px\u00bb custom_padding=\u00bb100px||50px||false|false\u00bb global_colors_info=\u00bb{}\u00bb][et_pb_column type=\u00bb1_4&#8243; _builder_version=\u00bb4.24.2&#8243; _module_preset=\u00bbdefault\u00bb global_colors_info=\u00bb{}\u00bb][et_pb_text _builder_version=\u00bb4.24.2&#8243; _module_preset=\u00bbdefault\u00bb text_font_size=\u00bb16px\u00bb header_text_align=\u00bbjustify\u00bb text_orientation=\u00bbjustified\u00bb global_colors_info=\u00bb{}\u00bb]<\/p>\n<p>Con m\u00e1s de 500 clientes en todo el mundo, nuestra empresa tiene un alcance internacional y una confianza global en nuestros servicios. Nuestra experiencia nos permite responder a las distintas necesidades de cada cliente, subrayando nuestro compromiso y su satisfacci\u00f3n.<\/p>\n<p>[\/et_pb_text][\/et_pb_column][et_pb_column type=\u00bb1_4&#8243; _builder_version=\u00bb4.24.2&#8243; _module_preset=\u00bbdefault\u00bb global_colors_info=\u00bb{}\u00bb][et_pb_icon font_icon=\u00bb&#xe0a1;||divi||400&#8243; icon_width=\u00bb50px\u00bb _builder_version=\u00bb4.24.2&#8243; _module_preset=\u00bbdefault\u00bb global_colors_info=\u00bb{}\u00bb][\/et_pb_icon][et_pb_number_counter title=\u00bbclientes\u00bb number=\u00bb+500&#8243; percent_sign=\u00bboff\u00bb _builder_version=\u00bb4.24.2&#8243; _module_preset=\u00bbdefault\u00bb global_colors_info=\u00bb{}\u00bb][\/et_pb_number_counter][\/et_pb_column][et_pb_column type=\u00bb1_4&#8243; _builder_version=\u00bb4.24.2&#8243; _module_preset=\u00bbdefault\u00bb global_colors_info=\u00bb{}\u00bb][et_pb_text _builder_version=\u00bb4.24.2&#8243; _module_preset=\u00bbdefault\u00bb text_font_size=\u00bb16px\u00bb header_text_align=\u00bbcenter\u00bb text_orientation=\u00bbjustified\u00bb global_colors_info=\u00bb{}\u00bb]<\/p>\n<p>Nos comprometemos a entregar un informe final de cada estudio solar in vitro en un plazo de 7 d\u00edas a partir de la recepci\u00f3n del producto, lo que ilustra nuestra eficacia y capacidad para responder r\u00e1pidamente a las necesidades de nuestros clientes, garantizando al mismo tiempo resultados fiables y r\u00e1pidos.<\/p>\n<p>[\/et_pb_text][\/et_pb_column][et_pb_column type=\u00bb1_4&#8243; _builder_version=\u00bb4.24.2&#8243; _module_preset=\u00bbdefault\u00bb global_colors_info=\u00bb{}\u00bb][et_pb_icon font_icon=\u00bb&#xe60d;||divi||400&#8243; icon_width=\u00bb50px\u00bb _builder_version=\u00bb4.24.2&#8243; _module_preset=\u00bbdefault\u00bb global_colors_info=\u00bb{}\u00bb][\/et_pb_icon][et_pb_number_counter title=\u00bbd\u00edas para un estudio in vitro\u00bb number=\u00bb5-7&#8243; percent_sign=\u00bboff\u00bb _builder_version=\u00bb4.24.2&#8243; _module_preset=\u00bbdefault\u00bb global_colors_info=\u00bb{}\u00bb][\/et_pb_number_counter][\/et_pb_column][\/et_pb_row][\/et_pb_section]<\/p>\n","protected":false},"excerpt":{"rendered":"<p>Nuestras cifras claveCon 25 a\u00f1os de experiencia en la evaluaci\u00f3n de la protecci\u00f3n solar, nuestra empresa es sin\u00f3nimo de fiabilidad y conocimientos t\u00e9cnicos. Nuestra amplia experiencia proporciona a nuestros clientes soluciones eficaces y seguras, demostrando nuestro compromiso con la excelencia y el bienestar. Nuestra herencia es la confianza y la innovaci\u00f3n en la protecci\u00f3n solar.Gracias a la optimizaci\u00f3n de nuestros procesos, nuestra amplia gama de equipos y nuestro equipo altamente cualificado, garantizamos un alto volumen de productos probados. Nuestra experiencia garantiza la eficacia y la calidad, lo que refleja nuestro compromiso con la excelencia y la satisfacci\u00f3n del cliente.Con m\u00e1s de 500 clientes en todo el mundo, nuestra empresa tiene un alcance internacional y una confianza global en nuestros servicios. Nuestra experiencia nos permite responder a las distintas necesidades de cada cliente, subrayando nuestro compromiso y su satisfacci\u00f3n.Nos comprometemos a entregar un informe final de cada estudio solar in vitro en un plazo de 7 d\u00edas a partir de la recepci\u00f3n del producto, lo que ilustra nuestra eficacia y capacidad para responder r\u00e1pidamente a las necesidades de nuestros clientes, garantizando al mismo tiempo resultados fiables y r\u00e1pidos.<\/p>\n","protected":false},"author":1,"featured_media":0,"parent":10913,"menu_order":0,"comment_status":"closed","ping_status":"closed","template":"","meta":{"_et_pb_use_builder":"on","_et_pb_old_content":"","_et_gb_content_width":"","footnotes":""},"class_list":["post-10922","page","type-page","status-publish","hentry"],"_links":{"self":[{"href":"https:\/\/weneos.com\/es\/wp-json\/wp\/v2\/pages\/10922","targetHints":{"allow":["GET"]}}],"collection":[{"href":"https:\/\/weneos.com\/es\/wp-json\/wp\/v2\/pages"}],"about":[{"href":"https:\/\/weneos.com\/es\/wp-json\/wp\/v2\/types\/page"}],"author":[{"embeddable":true,"href":"https:\/\/weneos.com\/es\/wp-json\/wp\/v2\/users\/1"}],"replies":[{"embeddable":true,"href":"https:\/\/weneos.com\/es\/wp-json\/wp\/v2\/comments?post=10922"}],"version-history":[{"count":4,"href":"https:\/\/weneos.com\/es\/wp-json\/wp\/v2\/pages\/10922\/revisions"}],"predecessor-version":[{"id":12558,"href":"https:\/\/weneos.com\/es\/wp-json\/wp\/v2\/pages\/10922\/revisions\/12558"}],"up":[{"embeddable":true,"href":"https:\/\/weneos.com\/es\/wp-json\/wp\/v2\/pages\/10913"}],"wp:attachment":[{"href":"https:\/\/weneos.com\/es\/wp-json\/wp\/v2\/media?parent=10922"}],"curies":[{"name":"wp","href":"https:\/\/api.w.org\/{rel}","templated":true}]}}