{"id":10969,"date":"2024-04-08T21:32:49","date_gmt":"2024-04-08T19:32:49","guid":{"rendered":"https:\/\/weneos.com\/evaluacion-solar\/aplicacion-sobre-la-piel-humeda\/"},"modified":"2024-10-18T15:23:17","modified_gmt":"2024-10-18T13:23:17","slug":"aplicacion-sobre-la-piel-humeda","status":"publish","type":"page","link":"https:\/\/weneos.com\/es\/nuestras-actividades\/evaluacion-solar\/aplicacion-sobre-la-piel-humeda\/","title":{"rendered":"Aplicaci\u00f3n sobre la piel h\u00fameda"},"content":{"rendered":"<p>[et_pb_section fb_built=\u00bb1&#8243; _builder_version=\u00bb4.24.2&#8243; _module_preset=\u00bbdefault\u00bb custom_padding=\u00bb200px||1px||false|false\u00bb global_colors_info=\u00bb{}\u00bb][et_pb_row column_structure=\u00bb1_2,1_2&#8243; _builder_version=\u00bb4.24.2&#8243; _module_preset=\u00bbdefault\u00bb max_width=\u00bb2560px\u00bb global_colors_info=\u00bb{}\u00bb][et_pb_column type=\u00bb1_2&#8243; _builder_version=\u00bb4.24.2&#8243; _module_preset=\u00bbdefault\u00bb global_colors_info=\u00bb{}\u00bb][dsm_card image=\u00bbhttps:\/\/weneos.com\/wp-content\/uploads\/2024\/03\/EffetPeauMouille-scaled.jpeg\u00bb image_background_height=\u00bb480px\u00bb button_url_new_window=\u00bb1&#8243; _builder_version=\u00bb4.24.3&#8243; _module_preset=\u00bbdefault\u00bb global_colors_info=\u00bb{}\u00bb][\/dsm_card][\/et_pb_column][et_pb_column type=\u00bb1_2&#8243; _builder_version=\u00bb4.24.2&#8243; _module_preset=\u00bbdefault\u00bb global_colors_info=\u00bb{}\u00bb][dsm_text_notation before_text=\u00bbAplicaci\u00f3n  \u00bb notation_text=\u00bbPiel h\u00fameda\u00bb notation_type=\u00bbhighlight\u00bb notation_width=\u00bb2&#8243; notation_iterations=\u00bb4&#8243; notation_background_color=\u00bb#82368c\u00bb _builder_version=\u00bb4.24.3&#8243; _module_preset=\u00bbdefault\u00bb header_text_color=\u00bb#FFFFFF\u00bb header_font_size=\u00bb40px\u00bb before_text_color=\u00bb#000000&#8243; notation_text_color=\u00bb#FFFFFF\u00bb after_text_color=\u00bb#000000&#8243; text_orientation=\u00bbleft\u00bb border_width_bottom=\u00bb5px\u00bb border_color_all_notation=\u00bbRGBA(255,255,255,0)\u00bb global_colors_info=\u00bb{}\u00bb][\/dsm_text_notation][et_pb_text _builder_version=\u00bb4.27.0&#8243; _module_preset=\u00bbdefault\u00bb text_font_size=\u00bb16px\u00bb text_orientation=\u00bbjustified\u00bb global_colors_info=\u00bb{}\u00bb]<\/p>\n<p>Los consumidores de hoy en d\u00eda se sienten cada vez m\u00e1s atra\u00eddos por los productos de protecci\u00f3n solar que pueden aplicarse en cualquier momento y a todo tipo de pieles, incluso despu\u00e9s de nadar.<br \/>\nLa aplicaci\u00f3n en h\u00famedo no es una excepci\u00f3n, y se refiere a la capacidad de los productos de protecci\u00f3n solar para aplicarse directamente sobre la piel h\u00fameda, por ejemplo inmediatamente despu\u00e9s de salir del agua, con garant\u00eda de una protecci\u00f3n solar uniforme y sin aparici\u00f3n de efecto blanco, ofreciendo una practicidad y eficacia \u00f3ptimas, al tiempo que satisfacen las necesidades de los usuarios activos.  En otras palabras, permite al usuario saltarse el paso de secar la piel antes de aplicar una crema solar.<\/p>\n<p>Para determinar y fundamentar esta afirmaci\u00f3n sobre la eficacia del producto cuando se aplica sobre la piel h\u00fameda, WENEOS ha desarrollado un m\u00e9todo in vitro exclusivo basado en la comparaci\u00f3n del factor de protecci\u00f3n solar (FPS) sobre un sustrato seco y luego h\u00famedo y en el c\u00e1lculo del porcentaje de piel h\u00fameda, garantizando as\u00ed una evaluaci\u00f3n rigurosa y fiable.<\/p>\n<p>[\/et_pb_text][et_pb_button button_url=\u00bbmailto:commercial@weneos.com\u00bb button_text=\u00bbSolicitar un presupuesto\u00bb _builder_version=\u00bb4.24.2&#8243; _module_preset=\u00bbdefault\u00bb global_colors_info=\u00bb{}\u00bb][\/et_pb_button][\/et_pb_column][\/et_pb_row][et_pb_row column_structure=\u00bb1_3,1_3,1_3&#8243; _builder_version=\u00bb4.24.2&#8243; _module_preset=\u00bbdefault\u00bb background_color=\u00bb#f4f0ec\u00bb width=\u00bb100%\u00bb max_width=\u00bb2560px\u00bb module_alignment=\u00bbcenter\u00bb custom_margin=\u00bb||||false|false\u00bb custom_padding=\u00bb50px||50px||false|false\u00bb global_colors_info=\u00bb{}\u00bb][et_pb_column type=\u00bb1_3&#8243; _builder_version=\u00bb4.24.2&#8243; _module_preset=\u00bbdefault\u00bb global_colors_info=\u00bb{}\u00bb][et_pb_number_counter title=\u00bbd\u00edas para un estudio in vitro con un informe final\u00bb number=\u00bb7&#8243; percent_sign=\u00bboff\u00bb _builder_version=\u00bb4.24.3&#8243; _module_preset=\u00bbdefault\u00bb global_colors_info=\u00bb{}\u00bb][\/et_pb_number_counter][\/et_pb_column][et_pb_column type=\u00bb1_3&#8243; _builder_version=\u00bb4.24.2&#8243; _module_preset=\u00bbdefault\u00bb global_colors_info=\u00bb{}\u00bb][et_pb_number_counter title=\u00bbestudios solares realizados\u00bb number=\u00bb+25000&#8243; percent_sign=\u00bboff\u00bb _builder_version=\u00bb4.24.3&#8243; _module_preset=\u00bbdefault\u00bb global_colors_info=\u00bb{}\u00bb][\/et_pb_number_counter][\/et_pb_column][et_pb_column type=\u00bb1_3&#8243; _builder_version=\u00bb4.24.2&#8243; _module_preset=\u00bbdefault\u00bb global_colors_info=\u00bb{}\u00bb][et_pb_number_counter title=\u00bbcumplimiento de las normas solares\u00bb number=\u00bb100&#8243; _builder_version=\u00bb4.24.2&#8243; _module_preset=\u00bbdefault\u00bb global_colors_info=\u00bb{}\u00bb][\/et_pb_number_counter][\/et_pb_column][\/et_pb_row][\/et_pb_section][et_pb_section fb_built=\u00bb1&#8243; _builder_version=\u00bb4.24.2&#8243; _module_preset=\u00bbdefault\u00bb background_enable_color=\u00bboff\u00bb custom_padding=\u00bb||||false|false\u00bb global_colors_info=\u00bb{}\u00bb][et_pb_row _builder_version=\u00bb4.24.3&#8243; _module_preset=\u00bbdefault\u00bb custom_margin=\u00bb||||false|false\u00bb global_colors_info=\u00bb{}\u00bb][et_pb_column type=\u00bb4_4&#8243; _builder_version=\u00bb4.24.2&#8243; _module_preset=\u00bbdefault\u00bb global_colors_info=\u00bb{}\u00bb][dsm_text_divider header=\u00bbRECLAMAR\u00bb _builder_version=\u00bb4.24.3&#8243; _module_preset=\u00bbdefault\u00bb header_level=\u00bbh1&#8243; header_font=\u00bb|600||on|||||\u00bb custom_margin=\u00bb||||false|false\u00bb custom_padding=\u00bb||||false|false\u00bb global_colors_info=\u00bb{}\u00bb][\/dsm_text_divider][et_pb_text _builder_version=\u00bb4.24.3&#8243; _module_preset=\u00bbdefault\u00bb text_font_size=\u00bb16px\u00bb text_orientation=\u00bbjustified\u00bb global_colors_info=\u00bb{}\u00bb]<\/p>\n<blockquote>\n<p>Le ofrecemos evaluar la protecci\u00f3n solar de sus productos cumpliendo plenamente los m\u00e9todos oficiales o reivindicar las propiedades de sus productos mediante pruebas exclusivas desarrolladas por WENEOS.<\/p>\n<\/blockquote>\n<p>[\/et_pb_text][dsm_faq _builder_version=\u00bb4.24.3&#8243; _module_preset=\u00bbdefault\u00bb global_colors_info=\u00bb{}\u00bb][dsm_faq_child dsm_title=\u00bbAplicaci\u00f3n sobre piel h\u00fameda in vitro\u00bb dsm_content=\u00bb<\/p>\n<p>WENEOS ha desarrollado un nuevo m\u00e9todo in vitro para determinar de forma fiable la capacidad de un producto de protecci\u00f3n solar para conservar su protecci\u00f3n solar cuando se aplica sobre la piel h\u00fameda. Este m\u00e9todo se basa en la comparaci\u00f3n del factor de protecci\u00f3n solar (FPS) en un sustrato seco y luego h\u00famedo y en el c\u00e1lculo del porcentaje de piel h\u00fameda.<\/p>\n<p>(ref. HeWET)<\/p>\n<p><em><strong>M\u00e9todo publicado: <\/strong>Wet Skin Factor for Sunscreens: In vitro Method to Substantiate Wet Skin Product Claims &#8211; E. Delamour, S. Miksa y D. Lutz, C&amp;T, julio de 2016  <\/em><\/p>\n<p>\u00bb _builder_version=\u00bb4.24.3&#8243; _module_preset=\u00bbdefault\u00bb content_text_align=\u00bbjustify\u00bb global_colors_info=\u00bb{}\u00bb][\/dsm_faq_child][\/dsm_faq][\/et_pb_column][\/et_pb_row][et_pb_row _builder_version=\u00bb4.24.2&#8243; _module_preset=\u00bbdefault\u00bb custom_margin=\u00bb||50px||false|false\u00bb global_colors_info=\u00bb{}\u00bb][et_pb_column type=\u00bb4_4&#8243; _builder_version=\u00bb4.24.2&#8243; _module_preset=\u00bbdefault\u00bb global_colors_info=\u00bb{}\u00bb][dsm_text_divider header=\u00bbControlar\u00bb _builder_version=\u00bb4.24.3&#8243; _module_preset=\u00bbdefault\u00bb header_level=\u00bbh1&#8243; header_font=\u00bb|600||on|||||\u00bb custom_padding=\u00bb||||false|false\u00bb global_colors_info=\u00bb{}\u00bb][\/dsm_text_divider][et_pb_text _builder_version=\u00bb4.24.3&#8243; _module_preset=\u00bbdefault\u00bb text_font_size=\u00bb16px\u00bb text_orientation=\u00bbjustified\u00bb global_colors_info=\u00bb{}\u00bb]<\/p>\n<blockquote>\n<p>Para optimizar sus productos de protecci\u00f3n solar o comprobar la calidad de sus productos, le proponemos pruebas exclusivas desarrolladas por WENEOS.<\/p>\n<\/blockquote>\n<p>[\/et_pb_text][dsm_faq _builder_version=\u00bb4.24.3&#8243; _module_preset=\u00bbdefault\u00bb global_colors_info=\u00bb{}\u00bb][dsm_faq_child dsm_title=\u00bbComparaci\u00f3n de las mediciones de absorbancia de la se\u00f1al in vitro con la resistencia (lote, envejecimiento, etc.)  \u00bb dsm_content=\u00bb<\/p>\n<p>El m\u00e9todo de comparaci\u00f3n estad\u00edstica permite comparar dos productos de protecci\u00f3n solar en t\u00e9rminos de envejecimiento, lote, referencia, etc. Cuando se comprueba el espectro de absorbancia entre un producto de referencia y un producto de ensayo mediante un m\u00e9todo in vitro, deben observarse dos reglas importantes. En primer lugar, compare los dos productos al mismo tiempo y en las mismas condiciones para limitar la variabilidad de las mediciones. En segundo lugar, una verificaci\u00f3n en tres etapas basada en los valores de absorbancia, que incluye la comparaci\u00f3n de la forma, la variabilidad y la intensidad de la curva.<\/p>\n<p>En este m\u00e9todo, se puede a\u00f1adir un paso espec\u00edfico para comparar la resistencia de los dos productos, como la resistencia al agua, la resistencia a la fricci\u00f3n, etc.<\/p>\n<p>(ref. HeCOMP-2)<\/p>\n<p><em><strong>M\u00e9todo publicado :<\/strong> <\/em><em>*Comparaci\u00f3n in vitro &#8211; Un nuevo m\u00e9todo estad\u00edstico accesible y fiable para comparar las propiedades globales de protecci\u00f3n UV de los cosm\u00e9ticos &#8211; Lutz y S. Miksa, H&amp;PC Sun Care, julio\/agosto de 2013 | *Productos de protecci\u00f3n solar: algunas aplicaciones pr\u00e1cticas de un nuevo m\u00e9todo de ensayo comparativo para ayudar al desarrollo y garantizar los controles de calidad &#8211; D. Lutz, S. Miksa y C. Guy, H&amp;PC Today, noviembre\/diciembre de 2014<\/em><\/p>\n<\/p>\n<p>\u00bb _builder_version=\u00bb4.24.3&#8243; _module_preset=\u00bbdefault\u00bb content_text_align=\u00bbjustify\u00bb global_colors_info=\u00bb{}\u00bb][\/dsm_faq_child][\/dsm_faq][\/et_pb_column][\/et_pb_row][\/et_pb_section][et_pb_section fb_built=\u00bb1&#8243; admin_label=\u00bbServices\u00bb _builder_version=\u00bb4.24.2&#8243; _module_preset=\u00bbdefault\u00bb background_color=\u00bb#f4f0ec\u00bb locked=\u00bboff\u00bb collapsed=\u00bboff\u00bb global_colors_info=\u00bb{}\u00bb][et_pb_row column_structure=\u00bb1_4,1_4,1_4,1_4&#8243; use_custom_gutter=\u00bbon\u00bb gutter_width=\u00bb1&#8243; make_equal=\u00bbon\u00bb _builder_version=\u00bb4.24.3&#8243; _module_preset=\u00bbdefault\u00bb width=\u00bb90%\u00bb max_width=\u00bb2560px\u00bb custom_margin=\u00bb25px||25px||false|false\u00bb custom_padding=\u00bb||||false|false\u00bb global_module=\u00bb9919&#8243; saved_tabs=\u00bball\u00bb global_colors_info=\u00bb{}\u00bb][et_pb_column type=\u00bb1_4&#8243; _builder_version=\u00bb4.24.2&#8243; _module_preset=\u00bbdefault\u00bb custom_padding=\u00bb20px||20px||false|false\u00bb global_colors_info=\u00bb{}\u00bb][dsm_text_notation before_text=\u00bbDescubra los an\u00e1lisis  \u00bb notation_text=\u00bb  adicional\u00bb after_text=\u00bbpara una protecci\u00f3n solar total\u00bb notation_type=\u00bbhighlight\u00bb notation_width=\u00bb2&#8243; notation_iterations=\u00bb4&#8243; notation_background_color=\u00bb#82368c\u00bb _builder_version=\u00bb4.24.3&#8243; _module_preset=\u00bbdefault\u00bb header_text_color=\u00bb#FFFFFF\u00bb header_font_size=\u00bb40px\u00bb before_text_color=\u00bb#000000&#8243; notation_text_color=\u00bb#FFFFFF\u00bb after_text_color=\u00bb#000000&#8243; text_orientation=\u00bbleft\u00bb module_alignment=\u00bbcenter\u00bb custom_margin=\u00bb20px||||false|false\u00bb border_color_all_notation=\u00bbRGBA(255,255,255,0)\u00bb global_colors_info=\u00bb{}\u00bb][\/dsm_text_notation][\/et_pb_column][et_pb_column type=\u00bb1_4&#8243; _builder_version=\u00bb4.24.2&#8243; _module_preset=\u00bbdefault\u00bb custom_padding=\u00bb20px||20px||false|false\u00bb global_colors_info=\u00bb{}\u00bb][dsm_card title=\u00bbProtecci\u00f3n UV\u00bb content_horizontal_alignment=\u00bbflex-start\u00bb image=\u00bbhttps:\/\/weneos.com\/wp-content\/uploads\/2024\/04\/UVA-sunscreen-scaled.jpeg\u00bb image_background_animation=\u00bbzoom_in\u00bb badge_background_color=\u00bb#82368c\u00bb button_text=\u00bbDescubra\u00bb button_url=\u00bb@ET-DC@eyJkeW5hbWljIjp0cnVlLCJjb250ZW50IjoicG9zdF9saW5rX3VybF9wYWdlIiwic2V0dGluZ3MiOnsicG9zdF9pZCI6Ijk2NzUifX0=@\u00bb button_url_new_window=\u00bb1&#8243; _builder_version=\u00bb4.24.3&#8243; _dynamic_attributes=\u00bbbutton_url,link_option_url\u00bb _module_preset=\u00bbdefault\u00bb badge_text_color=\u00bb#FFFFFF\u00bb header_level=\u00bbh3&#8243; header_font=\u00bb|600|||||||\u00bb header_text_align=\u00bbcenter\u00bb header_font_size=\u00bb24px\u00bb background_color=\u00bb#FFFFFF\u00bb custom_button=\u00bbon\u00bb button_text_color=\u00bb#FFFFFF\u00bb button_bg_color=\u00bb#82368c\u00bb button_border_radius=\u00bb10px\u00bb button_alignment=\u00bbcenter\u00bb custom_margin=\u00bb20px|20px||20px|false|false\u00bb link_option_url=\u00bb@ET-DC@eyJkeW5hbWljIjp0cnVlLCJjb250ZW50IjoicG9zdF9saW5rX3VybF9wYWdlIiwic2V0dGluZ3MiOnsicG9zdF9pZCI6Ijk2NzUifX0=@\u00bb border_radii=\u00bbon|20px|20px|20px|20px\u00bb box_shadow_style=\u00bbpreset1&#8243; global_colors_info=\u00bb{}\u00bb button_bg_color__hover_enabled=\u00bboff|desktop\u00bb transform_styles__hover_enabled=\u00bbon|hover\u00bb transform_scale__hover_enabled=\u00bbon|hover\u00bb transform_translate__hover_enabled=\u00bbon|desktop\u00bb transform_rotate__hover_enabled=\u00bbon|desktop\u00bb transform_skew__hover_enabled=\u00bbon|desktop\u00bb transform_origin__hover_enabled=\u00bbon|desktop\u00bb transform_scale__hover=\u00bb105%|105%\u00bb]<\/p>\n<ul>\n<li style=\"text-align: left;\">FPS &#8211; UVB<\/li>\n<li style=\"text-align: left;\">FPUVA &#8211; UVA<\/li>\n<li style=\"text-align: left;\">Relaci\u00f3n UVA:UVB<\/li>\n<li style=\"text-align: left;\">Fotoestabilidad<\/li>\n<li style=\"text-align: left;\">Espectro de absorbancia<\/li>\n<\/ul>\n<p>[\/dsm_card][\/et_pb_column][et_pb_column type=\u00bb1_4&#8243; _builder_version=\u00bb4.24.2&#8243; _module_preset=\u00bbdefault\u00bb custom_padding=\u00bb20px||20px||false|false\u00bb global_colors_info=\u00bb{}\u00bb][dsm_card title=\u00bbM\u00e1s all\u00e1 de los rayos UV\u00bb content_horizontal_alignment=\u00bbflex-start\u00bb image=\u00bbhttps:\/\/weneos.com\/wp-content\/uploads\/2024\/04\/FullSpectrum-WENEOS.webp\u00bb image_background_animation=\u00bbzoom_in\u00bb badge_background_color=\u00bb#82368c\u00bb button_text=\u00bbDescubra\u00bb button_url=\u00bb@ET-DC@eyJkeW5hbWljIjp0cnVlLCJjb250ZW50IjoicG9zdF9saW5rX3VybF9wYWdlIiwic2V0dGluZ3MiOnsicG9zdF9pZCI6Ijk2NzUifX0=@\u00bb button_url_new_window=\u00bb1&#8243; _builder_version=\u00bb4.24.3&#8243; _dynamic_attributes=\u00bbbutton_url,link_option_url\u00bb _module_preset=\u00bbdefault\u00bb badge_text_color=\u00bb#FFFFFF\u00bb header_level=\u00bbh3&#8243; header_font=\u00bb|600|||||||\u00bb header_text_align=\u00bbcenter\u00bb header_font_size=\u00bb24px\u00bb background_color=\u00bb#FFFFFF\u00bb custom_button=\u00bbon\u00bb button_text_color=\u00bb#FFFFFF\u00bb button_bg_color=\u00bb#82368c\u00bb button_border_radius=\u00bb10px\u00bb button_alignment=\u00bbcenter\u00bb custom_margin=\u00bb20px|20px||20px|false|false\u00bb link_option_url=\u00bb@ET-DC@eyJkeW5hbWljIjp0cnVlLCJjb250ZW50IjoicG9zdF9saW5rX3VybF9wYWdlIiwic2V0dGluZ3MiOnsicG9zdF9pZCI6Ijk2NzUifX0=@\u00bb border_radii=\u00bbon|20px|20px|20px|20px\u00bb box_shadow_style=\u00bbpreset1&#8243; global_colors_info=\u00bb{}\u00bb button_bg_color__hover_enabled=\u00bboff|desktop\u00bb transform_styles__hover_enabled=\u00bbon|hover\u00bb transform_scale__hover_enabled=\u00bbon|hover\u00bb transform_translate__hover_enabled=\u00bbon|desktop\u00bb transform_rotate__hover_enabled=\u00bbon|desktop\u00bb transform_skew__hover_enabled=\u00bbon|desktop\u00bb transform_origin__hover_enabled=\u00bbon|desktop\u00bb transform_scale__hover=\u00bb105%|105%\u00bb]<\/p>\n<ul>\n<li><span style=\"font-size: 14px;\">UVA ultralargos<\/span><\/li>\n<li style=\"text-align: left;\">Luz azul<\/li>\n<li style=\"text-align: left;\">Visible<\/li>\n<li style=\"text-align: left;\">Infrarrojos<\/li>\n<li style=\"text-align: left;\">Espectro completo<\/li>\n<li style=\"text-align: left;\">UVC<\/li>\n<\/ul>\n<p>[\/dsm_card][\/et_pb_column][et_pb_column type=\u00bb1_4&#8243; _builder_version=\u00bb4.24.3&#8243; _module_preset=\u00bbdefault\u00bb custom_padding=\u00bb20px||20px||false|false\u00bb global_colors_info=\u00bb{}\u00bb][dsm_card title=\u00bbResistencia\u00bb content_horizontal_alignment=\u00bbflex-start\u00bb image=\u00bbhttps:\/\/weneos.com\/wp-content\/uploads\/2024\/04\/SPF-weneos-scaled.jpeg\u00bb image_background_animation=\u00bbzoom_in\u00bb badge_background_color=\u00bb#82368c\u00bb button_text=\u00bbDescubra\u00bb button_url=\u00bb@ET-DC@eyJkeW5hbWljIjp0cnVlLCJjb250ZW50IjoicG9zdF9saW5rX3VybF9wYWdlIiwic2V0dGluZ3MiOnsicG9zdF9pZCI6Ijk2NzUifX0=@\u00bb button_url_new_window=\u00bb1&#8243; _builder_version=\u00bb4.24.3&#8243; _dynamic_attributes=\u00bbbutton_url,link_option_url\u00bb _module_preset=\u00bbdefault\u00bb badge_text_color=\u00bb#FFFFFF\u00bb header_level=\u00bbh3&#8243; header_font=\u00bb|600|||||||\u00bb header_text_align=\u00bbcenter\u00bb header_font_size=\u00bb24px\u00bb background_color=\u00bb#FFFFFF\u00bb custom_button=\u00bbon\u00bb button_text_color=\u00bb#FFFFFF\u00bb button_bg_color=\u00bb#82368c\u00bb button_border_radius=\u00bb10px\u00bb button_alignment=\u00bbcenter\u00bb custom_margin=\u00bb20px|20px||20px|false|false\u00bb link_option_url=\u00bb@ET-DC@eyJkeW5hbWljIjp0cnVlLCJjb250ZW50IjoicG9zdF9saW5rX3VybF9wYWdlIiwic2V0dGluZ3MiOnsicG9zdF9pZCI6Ijk2NzUifX0=@\u00bb border_radii=\u00bbon|20px|20px|20px|20px\u00bb box_shadow_style=\u00bbpreset1&#8243; global_colors_info=\u00bb{}\u00bb button_bg_color__hover_enabled=\u00bboff|desktop\u00bb transform_styles__hover_enabled=\u00bbon|hover\u00bb transform_scale__hover_enabled=\u00bbon|hover\u00bb transform_translate__hover_enabled=\u00bbon|desktop\u00bb transform_rotate__hover_enabled=\u00bbon|desktop\u00bb transform_skew__hover_enabled=\u00bbon|desktop\u00bb transform_origin__hover_enabled=\u00bbon|desktop\u00bb transform_scale__hover=\u00bb105%|105%\u00bb]<\/p>\n<ul>\n<li>Resistencia al agua<\/li>\n<li>Resistencia al sudor<\/li>\n<li style=\"text-align: left;\">Resistencia a la arena<\/li>\n<li style=\"text-align: left;\">Resistencia al roce<\/li>\n<li style=\"text-align: left;\">Aplicaci\u00f3n sobre la piel h\u00fameda<\/li>\n<li>Condiciones extremas<\/li>\n<li style=\"text-align: left;\">Persistencia | Larga duraci\u00f3n<\/li>\n<li>Protecci\u00f3n inmediata<\/li>\n<\/ul>\n<p>[\/dsm_card][\/et_pb_column][\/et_pb_row][\/et_pb_section]<\/p>\n","protected":false},"excerpt":{"rendered":"<p><div class=\"et_pb_module dsm_card dsm_card_0 et_pb_bg_layout_light  dsm_card_layout_stacked\">\n\t\t\t\t\n\t\t\t\t\n\t\t\t\t\n\t\t\t\t\n\t\t\t\t\n\t\t\t\t\n\t\t\t\t<div class=\"et_pb_module_inner\">\n\t\t\t\t\t\n\t\t\t\n\t\t\t<figure class=\"dsm_card_image_wrapper dsm_card_badge_top_right\"><div class=\"dsm_card_image_background dsm_card_img\"><\/div><\/figure>\n\t\t\t\n\t\t\t\n\t\t\t\t<\/div>\n\t\t\t<\/div><div class=\"et_pb_with_border et_pb_module dsm_text_notation dsm_text_notation_0  et_pb_text_align_left et_pb_bg_layout_light\">\n\t\t\t\t\n\t\t\t\t\n\t\t\t\t\n\t\t\t\t\n\t\t\t\t\n\t\t\t\t\n\t\t\t\t<div class=\"et_pb_module_inner\">\n\t\t\t\t\t<h1 class=\"dsm-text-notation-main et_pb_module_header\"><span class=\"dsm-text-notation-before\">Aplicaci\u00f3n <\/span><span data-notation=\"[{&quot;type&quot;:&quot;highlight&quot;,&quot;color&quot;:&quot;#82368c&quot;,&quot;stroke-width&quot;:&quot;2&quot;,&quot;iterations&quot;:&quot;4&quot;,&quot;brackets&quot;:&quot;left|right&quot;,&quot;viewport&quot;:&quot;80%&quot;,&quot;delay&quot;:&quot;0ms&quot;,&quot;divi-animate&quot;:&quot;none&quot;,&quot;divi-animate-duration&quot;:&quot;1000ms&quot;,&quot;divi-animate-delay&quot;:&quot;0ms&quot;}]\" class=\"dsm-text-notation-middle\">Piel h\u00fameda<\/span><\/h1>\n\t\t\t\t<\/div>\n\t\t\t<\/div>Los consumidores de hoy en d\u00eda se sienten cada vez m\u00e1s atra\u00eddos por los productos de protecci\u00f3n solar que pueden aplicarse en cualquier momento y a todo tipo de pieles, incluso despu\u00e9s de nadar. La aplicaci\u00f3n en h\u00famedo no es una excepci\u00f3n, y se refiere a la capacidad de los productos de protecci\u00f3n solar para aplicarse directamente sobre la piel h\u00fameda, por ejemplo inmediatamente despu\u00e9s de salir del agua, con garant\u00eda de una protecci\u00f3n solar uniforme y sin aparici\u00f3n de efecto blanco, ofreciendo una practicidad y eficacia \u00f3ptimas, al tiempo que satisfacen las necesidades de los usuarios activos. En otras palabras, permite al usuario saltarse el paso de secar la piel antes de aplicar una crema solar. Para determinar y fundamentar esta afirmaci\u00f3n sobre la eficacia del producto cuando se aplica sobre la piel h\u00fameda, WENEOS ha desarrollado un m\u00e9todo in vitro exclusivo basado en la comparaci\u00f3n del factor de protecci\u00f3n solar (FPS) sobre un sustrato seco y luego h\u00famedo y en el c\u00e1lculo del porcentaje de piel h\u00fameda, garantizando as\u00ed una evaluaci\u00f3n rigurosa y [&hellip;]<\/p>\n","protected":false},"author":1,"featured_media":0,"parent":10966,"menu_order":0,"comment_status":"closed","ping_status":"closed","template":"","meta":{"_et_pb_use_builder":"on","_et_pb_old_content":"","_et_gb_content_width":"","footnotes":""},"class_list":["post-10969","page","type-page","status-publish","hentry"],"_links":{"self":[{"href":"https:\/\/weneos.com\/es\/wp-json\/wp\/v2\/pages\/10969","targetHints":{"allow":["GET"]}}],"collection":[{"href":"https:\/\/weneos.com\/es\/wp-json\/wp\/v2\/pages"}],"about":[{"href":"https:\/\/weneos.com\/es\/wp-json\/wp\/v2\/types\/page"}],"author":[{"embeddable":true,"href":"https:\/\/weneos.com\/es\/wp-json\/wp\/v2\/users\/1"}],"replies":[{"embeddable":true,"href":"https:\/\/weneos.com\/es\/wp-json\/wp\/v2\/comments?post=10969"}],"version-history":[{"count":8,"href":"https:\/\/weneos.com\/es\/wp-json\/wp\/v2\/pages\/10969\/revisions"}],"predecessor-version":[{"id":13076,"href":"https:\/\/weneos.com\/es\/wp-json\/wp\/v2\/pages\/10969\/revisions\/13076"}],"up":[{"embeddable":true,"href":"https:\/\/weneos.com\/es\/wp-json\/wp\/v2\/pages\/10966"}],"wp:attachment":[{"href":"https:\/\/weneos.com\/es\/wp-json\/wp\/v2\/media?parent=10969"}],"curies":[{"name":"wp","href":"https:\/\/api.w.org\/{rel}","templated":true}]}}