{"id":11057,"date":"2024-03-22T01:03:36","date_gmt":"2024-03-22T00:03:36","guid":{"rendered":"https:\/\/weneos.com\/nuestros-compromisos\/politica-de-rse\/"},"modified":"2024-04-16T01:11:43","modified_gmt":"2024-04-15T23:11:43","slug":"politica-de-rse","status":"publish","type":"page","link":"https:\/\/weneos.com\/es\/nuestros-compromisos\/politica-de-rse\/","title":{"rendered":"Pol\u00edtica de RSE"},"content":{"rendered":"<p>[et_pb_section fb_built=\u00bb1&#8243; admin_label=\u00bbHeader\u00bb _builder_version=\u00bb4.24.2&#8243; _module_preset=\u00bbdefault\u00bb background_color=\u00bbgcid-a93f2103-1d8b-43bb-b21d-81d84bba8b15&#8243; collapsed=\u00bboff\u00bb global_colors_info=\u00bb{%22gcid-a93f2103-1d8b-43bb-b21d-81d84bba8b15%22:%91%22background_color%22%93}\u00bb][et_pb_row _builder_version=\u00bb4.24.2&#8243; _module_preset=\u00bbdefault\u00bb max_width=\u00bb1800px\u00bb custom_margin=\u00bb100px||||false|false\u00bb custom_padding=\u00bb100px||||false|false\u00bb global_colors_info=\u00bb{}\u00bb][et_pb_column type=\u00bb4_4&#8243; _builder_version=\u00bb4.22.0&#8243; _module_preset=\u00bbdefault\u00bb global_colors_info=\u00bb{}\u00bb][et_pb_text _builder_version=\u00bb4.24.2&#8243; _module_preset=\u00bb_initial\u00bb header_font=\u00bb|600|||||||\u00bb header_text_color=\u00bb#107c7c\u00bb header_font_size=\u00bb90px\u00bb header_line_height=\u00bb1.1em\u00bb text_orientation=\u00bbcenter\u00bb header_font_size_tablet=\u00bb40px\u00bb header_font_size_phone=\u00bb24px\u00bb header_font_size_last_edited=\u00bbon|desktop\u00bb global_colors_info=\u00bb{}\u00bb]<\/p>\n<h1>Nuestra pol\u00edtica general de RSE<\/h1>\n<p>[\/et_pb_text][\/et_pb_column][\/et_pb_row][et_pb_row column_structure=\u00bb1_2,1_2&#8243; _builder_version=\u00bb4.22.0&#8243; _module_preset=\u00bbdefault\u00bb max_width=\u00bb1800px\u00bb global_colors_info=\u00bb{}\u00bb][et_pb_column type=\u00bb1_2&#8243; _builder_version=\u00bb4.22.0&#8243; _module_preset=\u00bbdefault\u00bb global_colors_info=\u00bb{}\u00bb][et_pb_image src=\u00bbhttps:\/\/weneos.com\/wp-content\/uploads\/2024\/03\/AdobeStock_595862705-scaled.jpeg\u00bb title_text=\u00bbGrupo de personas que trabajan en un entorno colaborativo y sostenible\u00bb _builder_version=\u00bb4.24.2&#8243; _module_preset=\u00bbdefault\u00bb border_radii=\u00bbon|30px|30px|30px|30px\u00bb global_colors_info=\u00bb{}\u00bb][\/et_pb_image][\/et_pb_column][et_pb_column type=\u00bb1_2&#8243; _builder_version=\u00bb4.22.0&#8243; _module_preset=\u00bbdefault\u00bb global_colors_info=\u00bb{}\u00bb][et_pb_text _builder_version=\u00bb4.24.2&#8243; _module_preset=\u00bb_initial\u00bb text_font=\u00bb||||||||\u00bb text_font_size=\u00bb16px\u00bb text_line_height=\u00bb1.8em\u00bb link_font=\u00bb||||on||||\u00bb header_text_align=\u00bbjustify\u00bb text_orientation=\u00bbjustified\u00bb text_font_size_tablet=\u00bb15px\u00bb text_font_size_phone=\u00bb14px\u00bb text_font_size_last_edited=\u00bbon|desktop\u00bb global_colors_info=\u00bb{}\u00bb]<\/p>\n<p>Weneos (antes HelioScreen) pretende contribuir a una evaluaci\u00f3n fiable y honesta de la protecci\u00f3n solar que proporcionan los productos cosm\u00e9ticos. Nuestra identidad y reputaci\u00f3n se basan en s\u00f3lidos valores y principios \u00e9ticos.<\/p>\n<p>La Responsabilidad Social Corporativa (RSC) es un enfoque integrado que pretende alinear las actividades de nuestra empresa con principios \u00e9ticos, sociales y medioambientales. Reconoce que nuestro impacto va m\u00e1s all\u00e1 de los beneficios y abarca nuestras relaciones con las partes interesadas y nuestro entorno. Como empresa comprometida con la promoci\u00f3n de un entorno de trabajo respetuoso, justo e integrador, reconocemos que la diversidad de perspectivas, experiencias e identidades es esencial para nuestro \u00e9xito.<\/p>\n<p>Por ello, Weneos (antes HelioScreen) se compromete de forma natural a adoptar un enfoque proactivo de \u00e9tica y RSC para crear valor sostenible y contribuir positivamente a las comunidades y al planeta.<\/p>\n<p>[\/et_pb_text][\/et_pb_column][\/et_pb_row][\/et_pb_section][et_pb_section fb_built=\u00bb1&#8243; admin_label=\u00bbMission\u00bb _builder_version=\u00bb4.24.2&#8243; _module_preset=\u00bbdefault\u00bb background_color=\u00bbrgba(16,124,124,0.25)\u00bb background_enable_image=\u00bboff\u00bb background_size=\u00bbcontain\u00bb background_enable_mask_style=\u00bbon\u00bb background_mask_style=\u00bbhoneycomb\u00bb background_mask_size=\u00bbcover\u00bb custom_margin=\u00bb||-30px||false|false\u00bb custom_padding=\u00bb||||false|false\u00bb collapsed=\u00bbon\u00bb global_colors_info=\u00bb{}\u00bb][et_pb_row column_structure=\u00bb3_5,2_5&#8243; _builder_version=\u00bb4.22.0&#8243; _module_preset=\u00bbdefault\u00bb max_width=\u00bb1800px\u00bb locked=\u00bboff\u00bb global_colors_info=\u00bb{}\u00bb][et_pb_column type=\u00bb3_5&#8243; _builder_version=\u00bb4.22.0&#8243; _module_preset=\u00bbdefault\u00bb global_colors_info=\u00bb{}\u00bb][et_pb_text _builder_version=\u00bb4.24.3&#8243; _module_preset=\u00bb_initial\u00bb text_text_color=\u00bb#107c7c\u00bb header_text_color=\u00bb#107c7c\u00bb header_2_font=\u00bb|600|||||||\u00bb header_2_text_color=\u00bb#107c7c\u00bb header_2_font_size=\u00bb52px\u00bb header_2_line_height=\u00bb1.2em\u00bb custom_margin=\u00bb0px||0px||false|false\u00bb hover_enabled=\u00bb0&#8243; header_2_font_size_tablet=\u00bb32px\u00bb header_2_font_size_phone=\u00bb20px\u00bb header_2_font_size_last_edited=\u00bbon|desktop\u00bb global_colors_info=\u00bb{}\u00bb header_text_align=\u00bbjustify\u00bb header_2_text_align=\u00bbjustify\u00bb sticky_enabled=\u00bb0&#8243;]<\/p>\n<h2>M\u00e1s informaci\u00f3n sobre nuestros compromisos y objetivos de RSC en nuestro perfil Zei.<\/h2>\n<p>[\/et_pb_text][et_pb_text _builder_version=\u00bb4.24.2&#8243; _module_preset=\u00bb_initial\u00bb text_font=\u00bb||||||||\u00bb text_font_size=\u00bb16px\u00bb text_line_height=\u00bb1.8em\u00bb link_font=\u00bb||||on||||\u00bb text_orientation=\u00bbjustified\u00bb text_font_size_tablet=\u00bb15px\u00bb text_font_size_phone=\u00bb14px\u00bb text_font_size_last_edited=\u00bboff|desktop\u00bb global_colors_info=\u00bb{}\u00bb]<\/p>\n<p>Los tres pilares ESG (Environmental, Social and Governance) son criterios centrales para medir la sostenibilidad y el impacto \u00e9tico de las inversiones en empresas. He aqu\u00ed una breve descripci\u00f3n de cada pilar:<\/p>\n<p>[\/et_pb_text][\/et_pb_column][et_pb_column type=\u00bb2_5&#8243; _builder_version=\u00bb4.22.0&#8243; _module_preset=\u00bbdefault\u00bb global_colors_info=\u00bb{}\u00bb][et_pb_image src=\u00bbhttps:\/\/weneos.com\/wp-content\/uploads\/2024\/03\/Logo_ZEI_2020-04.png\u00bb title_text=\u00bbLogotipoo_ZEI_2020-04&#8243; url=\u00bbhttps:\/\/zei-world.com\/pro\/6339&#8243; url_new_window=\u00bbon\u00bb align=\u00bbcenter\u00bb _builder_version=\u00bb4.24.2&#8243; _module_preset=\u00bbdefault\u00bb width=\u00bb30%\u00bb custom_margin=\u00bb0px||0px||false|false\u00bb custom_padding=\u00bb0px||0px||false|false\u00bb global_colors_info=\u00bb{}\u00bb][\/et_pb_image][et_pb_button button_url=\u00bbhttps:\/\/zei-world.com\/pro\/6339&#8243; url_new_window=\u00bbon\u00bb button_text=\u00bbDescubra\u00bb button_alignment=\u00bbcenter\u00bb _builder_version=\u00bb4.24.2&#8243; _module_preset=\u00bb_initial\u00bb custom_button=\u00bbon\u00bb button_text_size=\u00bb14px\u00bb button_text_color=\u00bb#FFFFFF\u00bb button_bg_color=\u00bb#107c7c\u00bb button_border_color=\u00bb#FFFFFF\u00bb button_border_radius=\u00bb100px\u00bb button_font=\u00bb|700|||||||\u00bb custom_margin=\u00bb0px||0px||false|false\u00bb custom_padding=\u00bb16px|32px|16px|32px|true|true\u00bb global_colors_info=\u00bb{}\u00bb][\/et_pb_button][\/et_pb_column][\/et_pb_row][et_pb_row column_structure=\u00bb1_3,1_3,1_3&#8243; make_equal=\u00bbon\u00bb _builder_version=\u00bb4.24.2&#8243; _module_preset=\u00bbdefault\u00bb max_width=\u00bb2560px\u00bb global_colors_info=\u00bb{}\u00bb][et_pb_column type=\u00bb1_3&#8243; _builder_version=\u00bb4.24.2&#8243; _module_preset=\u00bbdefault\u00bb global_colors_info=\u00bb{}\u00bb][et_pb_blurb title=\u00bbMedio ambiente\u00bb use_icon=\u00bbon\u00bb font_icon=\u00bb&#xf299;||fa||400&#8243; icon_color=\u00bb#0a0a0a\u00bb image_icon_width=\u00bb30px\u00bb _builder_version=\u00bb4.24.2&#8243; _module_preset=\u00bbdefault\u00bb header_text_align=\u00bbcenter\u00bb header_text_color=\u00bb#0a0a0a\u00bb header_font_size=\u00bb28px\u00bb body_text_align=\u00bbcenter\u00bb body_text_color=\u00bb#0a0a0a\u00bb body_font_size=\u00bb16px\u00bb background_color=\u00bb#f4f0ec\u00bb text_orientation=\u00bbcenter\u00bb custom_padding=\u00bb20px|20px|20px|20px|false|false\u00bb border_radii=\u00bbon|10px|10px|10px|10px\u00bb box_shadow_style=\u00bbpreset1&#8243; global_colors_info=\u00bb{}\u00bb]<\/p>\n<p style=\"text-align: center;\">Este pilar eval\u00faa c\u00f3mo afecta la empresa al medio ambiente, incluida la gesti\u00f3n de residuos, la conservaci\u00f3n de los recursos naturales y la reducci\u00f3n de las emisiones de carbono. Su objetivo es promover pr\u00e1cticas que minimicen el impacto medioambiental negativo.<\/p>\n<p>[\/et_pb_blurb][\/et_pb_column][et_pb_column type=\u00bb1_3&#8243; _builder_version=\u00bb4.24.2&#8243; _module_preset=\u00bbdefault\u00bb global_colors_info=\u00bb{}\u00bb][et_pb_blurb title=\u00bbSocial\u00bb use_icon=\u00bbon\u00bb font_icon=\u00bb&#xe068;||fa||900&#8243; icon_color=\u00bb#0a0a0a\u00bb image_icon_width=\u00bb30px\u00bb _builder_version=\u00bb4.24.2&#8243; _module_preset=\u00bbdefault\u00bb header_text_align=\u00bbcenter\u00bb header_text_color=\u00bb#0a0a0a\u00bb header_font_size=\u00bb28px\u00bb body_text_align=\u00bbcenter\u00bb body_text_color=\u00bb#0a0a0a\u00bb body_font_size=\u00bb16px\u00bb background_color=\u00bb#f4f0ec\u00bb text_orientation=\u00bbcenter\u00bb custom_padding=\u00bb20px|20px|20px|20px|false|false\u00bb border_radii=\u00bbon|10px|10px|10px|10px\u00bb box_shadow_style=\u00bbpreset1&#8243; global_colors_info=\u00bb{}\u00bb]<\/p>\n<p style=\"text-align: center;\">Este pilar examina c\u00f3mo gestiona una empresa sus relaciones con sus empleados, proveedores, clientes y las comunidades en las que opera. Se centra en el bienestar de los trabajadores, los derechos humanos y la participaci\u00f3n de la comunidad.<\/p>\n<p style=\"text-align: center;\">[\/et_pb_blurb][\/et_pb_column][et_pb_column type=\u00bb1_3&#8243; _builder_version=\u00bb4.24.2&#8243; _module_preset=\u00bbdefault\u00bb global_colors_info=\u00bb{}\u00bb][et_pb_blurb title=\u00bbGobernanza\u00bb use_icon=\u00bbon\u00bb font_icon=\u00bb&#xf24e;||fa||900&#8243; icon_color=\u00bb#0a0a0a\u00bb image_icon_width=\u00bb30px\u00bb _builder_version=\u00bb4.24.2&#8243; _module_preset=\u00bbdefault\u00bb header_text_align=\u00bbcenter\u00bb header_text_color=\u00bb#0a0a0a\u00bb header_font_size=\u00bb28px\u00bb body_text_align=\u00bbcenter\u00bb body_text_color=\u00bb#0a0a0a\u00bb body_font_size=\u00bb16px\u00bb background_color=\u00bb#f4f0ec\u00bb text_orientation=\u00bbcenter\u00bb custom_padding=\u00bb20px|20px|20px|20px|false|false\u00bb border_radii=\u00bbon|10px|10px|10px|10px\u00bb box_shadow_style=\u00bbpreset1&#8243; global_colors_info=\u00bb{}\u00bb]<\/p>\n<p style=\"text-align: center;\">Este pilar se refiere a la gobernanza interna de una empresa, incluida su estructura de gesti\u00f3n, pr\u00e1cticas \u00e9ticas, auditor\u00edas internas y transparencia. Garantiza una gesti\u00f3n justa y responsable de las empresas.<\/p>\n<p style=\"text-align: center;\">[\/et_pb_blurb][\/et_pb_column][\/et_pb_row][et_pb_row column_structure=\u00bb2_5,3_5&#8243; _builder_version=\u00bb4.24.2&#8243; _module_preset=\u00bbdefault\u00bb max_width=\u00bb2560px\u00bb custom_padding=\u00bb100px|||||\u00bb global_colors_info=\u00bb{}\u00bb][et_pb_column type=\u00bb2_5&#8243; _builder_version=\u00bb4.24.2&#8243; _module_preset=\u00bbdefault\u00bb custom_padding=\u00bb||||false|false\u00bb custom_padding_tablet=\u00bb|0%|||false|false\u00bb custom_padding_last_edited=\u00bboff|desktop\u00bb global_colors_info=\u00bb{}\u00bb][et_pb_text _builder_version=\u00bb4.24.2&#8243; _module_preset=\u00bb_initial\u00bb text_text_color=\u00bb#107c7c\u00bb header_text_color=\u00bb#107c7c\u00bb header_2_font=\u00bb|600|||||||\u00bb header_2_text_color=\u00bb#107c7c\u00bb header_2_font_size=\u00bb52px\u00bb header_2_line_height=\u00bb1.2em\u00bb module_alignment=\u00bbleft\u00bb custom_margin=\u00bb||10px||false|false\u00bb header_2_font_size_tablet=\u00bb32px\u00bb header_2_font_size_phone=\u00bb20px\u00bb header_2_font_size_last_edited=\u00bbon|desktop\u00bb global_colors_info=\u00bb{}\u00bb]<\/p>\n<h2>Nuestros valores son nuestra fuerza.<\/h2>\n<p>[\/et_pb_text][et_pb_text _builder_version=\u00bb4.24.2&#8243; _module_preset=\u00bb_initial\u00bb text_font=\u00bb||||||||\u00bb text_font_size=\u00bb16px\u00bb text_line_height=\u00bb1.8em\u00bb link_font=\u00bb||||on||||\u00bb text_orientation=\u00bbjustified\u00bb text_font_size_tablet=\u00bb15px\u00bb text_font_size_phone=\u00bb14px\u00bb text_font_size_last_edited=\u00bboff|desktop\u00bb global_colors_info=\u00bb{}\u00bb]<\/p>\n<p>Son nuestras creencias fundamentales que gu\u00edan nuestras elecciones, acciones y actitudes. Nuestros valores representan lo que consideramos importante en Weneos (antes HelioScreen). Influyen en nuestro comportamiento determinando lo que consideramos justo, significativo y digno de atenci\u00f3n.<\/p>\n<p>[\/et_pb_text][\/et_pb_column][et_pb_column type=\u00bb3_5&#8243; _builder_version=\u00bb4.22.0&#8243; _module_preset=\u00bbdefault\u00bb global_colors_info=\u00bb{}\u00bb][et_pb_image src=\u00bbhttps:\/\/weneos.com\/wp-content\/uploads\/2024\/03\/Zei-valeurs-weneos-scaled.jpeg\u00bb title_text=\u00bbRelaci\u00f3n de dignidad con honor y actitud de respeto concepto de persona diminuta. Asociaci\u00f3n de estima, apoyo y cuidado escena con forma de coraz\u00f3n apret\u00f3n de manos ilustraci\u00f3n vectorial. Confianza e igualdad en la uni\u00f3n.\u00bb align=\u00bbright\u00bb _builder_version=\u00bb4.24.2&#8243; _module_preset=\u00bbdefault\u00bb width=\u00bb85%\u00bb custom_margin=\u00bb||||false|false\u00bb border_radii=\u00bbon|30px|30px|30px|30px\u00bb locked=\u00bboff\u00bb global_colors_info=\u00bb{}\u00bb][\/et_pb_image][\/et_pb_column][\/et_pb_row][et_pb_row column_structure=\u00bb1_5,1_5,1_5,1_5,1_5&#8243; _builder_version=\u00bb4.24.2&#8243; _module_preset=\u00bbdefault\u00bb max_width=\u00bb2560px\u00bb global_colors_info=\u00bb{}\u00bb][et_pb_column type=\u00bb1_5&#8243; _builder_version=\u00bb4.24.2&#8243; _module_preset=\u00bbdefault\u00bb global_colors_info=\u00bb{}\u00bb][et_pb_blurb title=\u00bbPasi\u00f3n por el cliente\u00bb image=\u00bbhttps:\/\/weneos.com\/wp-content\/uploads\/2024\/03\/numero1-weneos.png\u00bb _builder_version=\u00bb4.24.2&#8243; _module_preset=\u00bbdefault\u00bb header_text_align=\u00bbcenter\u00bb body_text_align=\u00bbcenter\u00bb text_orientation=\u00bbcenter\u00bb global_colors_info=\u00bb{}\u00bb]<\/p>\n<p style=\"text-align: center;\">Estamos decididos a superar las expectativas y fomentar la confianza mutua con cada cliente. Son el motor de nuestras decisiones y acciones.<\/p>\n<p>[\/et_pb_blurb][\/et_pb_column][et_pb_column type=\u00bb1_5&#8243; _builder_version=\u00bb4.24.2&#8243; _module_preset=\u00bbdefault\u00bb global_colors_info=\u00bb{}\u00bb][et_pb_blurb title=\u00bbRendimiento sostenible\u00bb image=\u00bbhttps:\/\/weneos.com\/wp-content\/uploads\/2024\/03\/numero2-weneos.png\u00bb _builder_version=\u00bb4.24.2&#8243; _module_preset=\u00bbdefault\u00bb header_text_align=\u00bbcenter\u00bb body_text_align=\u00bbcenter\u00bb text_orientation=\u00bbcenter\u00bb global_colors_info=\u00bb{}\u00bb]<\/p>\n<p style=\"text-align: center;\">Estamos comprometidos con la b\u00fasqueda de la eficiencia operativa, la innovaci\u00f3n y el crecimiento, al tiempo que tomamos medidas para minimizar el impacto negativo en la sociedad y el planeta.<\/p>\n<p>[\/et_pb_blurb][\/et_pb_column][et_pb_column type=\u00bb1_5&#8243; _builder_version=\u00bb4.24.2&#8243; _module_preset=\u00bbdefault\u00bb global_colors_info=\u00bb{}\u00bb][et_pb_blurb title=\u00bbRespeto e integridad\u00bb image=\u00bbhttps:\/\/weneos.com\/wp-content\/uploads\/2024\/03\/numero3-weneos.png\u00bb _builder_version=\u00bb4.24.2&#8243; _module_preset=\u00bbdefault\u00bb header_text_align=\u00bbcenter\u00bb body_text_align=\u00bbcenter\u00bb text_orientation=\u00bbcenter\u00bb global_colors_info=\u00bb{}\u00bb]<\/p>\n<p style=\"text-align: center;\">Creemos firmemente que cultivando el respeto mutuo, la sinceridad y la integridad, fomentamos la colaboraci\u00f3n y la diversidad de ideas, impulsando as\u00ed nuestro \u00e9xito colectivo.<\/p>\n<p>[\/et_pb_blurb][\/et_pb_column][et_pb_column type=\u00bb1_5&#8243; _builder_version=\u00bb4.24.2&#8243; _module_preset=\u00bbdefault\u00bb global_colors_info=\u00bb{}\u00bb][et_pb_blurb title=\u00bbInnovaci\u00f3n\u00bb image=\u00bbhttps:\/\/weneos.com\/wp-content\/uploads\/2024\/03\/numero4-weneos.png\u00bb _builder_version=\u00bb4.24.2&#8243; _module_preset=\u00bbdefault\u00bb header_text_align=\u00bbcenter\u00bb body_text_align=\u00bbcenter\u00bb text_orientation=\u00bbcenter\u00bb global_colors_info=\u00bb{}\u00bb]<\/p>\n<p style=\"text-align: center;\">Creemos que fomentando la creatividad y superando los l\u00edmites convencionales podremos lograr una innovaci\u00f3n sostenible hacia un futuro de progreso y \u00e9xito.<\/p>\n<p>[\/et_pb_blurb][\/et_pb_column][et_pb_column type=\u00bb1_5&#8243; _builder_version=\u00bb4.24.2&#8243; _module_preset=\u00bbdefault\u00bb global_colors_info=\u00bb{}\u00bb][et_pb_blurb title=\u00bbExperiencia solar\u00bb image=\u00bbhttps:\/\/weneos.com\/wp-content\/uploads\/2024\/03\/numero5-weneos.png\u00bb _builder_version=\u00bb4.24.2&#8243; _module_preset=\u00bbdefault\u00bb header_text_align=\u00bbcenter\u00bb body_text_align=\u00bbcenter\u00bb text_orientation=\u00bbcenter\u00bb global_colors_info=\u00bb{}\u00bb]<\/p>\n<p style=\"text-align: center;\">La experiencia solar es la base de nuestros valores corporativos, que reflejan nuestro compromiso con la excelencia y un profundo conocimiento de nuestro campo.<\/p>\n<p>[\/et_pb_blurb][\/et_pb_column][\/et_pb_row][\/et_pb_section]<\/p>\n","protected":false},"excerpt":{"rendered":"<p>Nuestra pol\u00edtica general de RSEWeneos (antes HelioScreen) pretende contribuir a una evaluaci\u00f3n fiable y honesta de la protecci\u00f3n solar que proporcionan los productos cosm\u00e9ticos. Nuestra identidad y reputaci\u00f3n se basan en s\u00f3lidos valores y principios \u00e9ticos. La Responsabilidad Social Corporativa (RSC) es un enfoque integrado que pretende alinear las actividades de nuestra empresa con principios \u00e9ticos, sociales y medioambientales. Reconoce que nuestro impacto va m\u00e1s all\u00e1 de los beneficios y abarca nuestras relaciones con las partes interesadas y nuestro entorno. Como empresa comprometida con la promoci\u00f3n de un entorno de trabajo respetuoso, justo e integrador, reconocemos que la diversidad de perspectivas, experiencias e identidades es esencial para nuestro \u00e9xito. Por ello, Weneos (antes HelioScreen) se compromete de forma natural a adoptar un enfoque proactivo de \u00e9tica y RSC para crear valor sostenible y contribuir positivamente a las comunidades y al planeta.M\u00e1s informaci\u00f3n sobre nuestros compromisos y objetivos de RSC en nuestro perfil Zei.Los tres pilares ESG (Environmental, Social and Governance) son criterios centrales para medir la sostenibilidad y el impacto \u00e9tico de las inversiones en empresas. He aqu\u00ed una breve descripci\u00f3n de cada pilar:Este pilar eval\u00faa c\u00f3mo afecta la empresa al medio ambiente, incluida la gesti\u00f3n de residuos, la conservaci\u00f3n [&hellip;]<\/p>\n","protected":false},"author":1,"featured_media":0,"parent":11038,"menu_order":0,"comment_status":"closed","ping_status":"closed","template":"","meta":{"_et_pb_use_builder":"on","_et_pb_old_content":"","_et_gb_content_width":"","footnotes":""},"class_list":["post-11057","page","type-page","status-publish","hentry"],"_links":{"self":[{"href":"https:\/\/weneos.com\/es\/wp-json\/wp\/v2\/pages\/11057","targetHints":{"allow":["GET"]}}],"collection":[{"href":"https:\/\/weneos.com\/es\/wp-json\/wp\/v2\/pages"}],"about":[{"href":"https:\/\/weneos.com\/es\/wp-json\/wp\/v2\/types\/page"}],"author":[{"embeddable":true,"href":"https:\/\/weneos.com\/es\/wp-json\/wp\/v2\/users\/1"}],"replies":[{"embeddable":true,"href":"https:\/\/weneos.com\/es\/wp-json\/wp\/v2\/comments?post=11057"}],"version-history":[{"count":5,"href":"https:\/\/weneos.com\/es\/wp-json\/wp\/v2\/pages\/11057\/revisions"}],"predecessor-version":[{"id":11062,"href":"https:\/\/weneos.com\/es\/wp-json\/wp\/v2\/pages\/11057\/revisions\/11062"}],"up":[{"embeddable":true,"href":"https:\/\/weneos.com\/es\/wp-json\/wp\/v2\/pages\/11038"}],"wp:attachment":[{"href":"https:\/\/weneos.com\/es\/wp-json\/wp\/v2\/media?parent=11057"}],"curies":[{"name":"wp","href":"https:\/\/api.w.org\/{rel}","templated":true}]}}