{"id":11101,"date":"2024-04-08T20:34:39","date_gmt":"2024-04-08T18:34:39","guid":{"rendered":"https:\/\/weneos.com\/nuestras-actividades\/evaluacion-solar\/proteccion-uva-ultralarga\/"},"modified":"2024-09-13T12:19:39","modified_gmt":"2024-09-13T10:19:39","slug":"proteccion-uva-ultralarga","status":"publish","type":"page","link":"https:\/\/weneos.com\/es\/nuestras-actividades\/evaluacion-solar\/proteccion-uva-ultralarga\/","title":{"rendered":"Protecci\u00f3n UVA ultralarga"},"content":{"rendered":"<p>[et_pb_section fb_built=\u00bb1&#8243; _builder_version=\u00bb4.24.3&#8243; _module_preset=\u00bbdefault\u00bb custom_padding=\u00bb200px||1px||false|false\u00bb global_colors_info=\u00bb{}\u00bb][et_pb_row column_structure=\u00bb1_2,1_2&#8243; _builder_version=\u00bb4.24.2&#8243; _module_preset=\u00bbdefault\u00bb max_width=\u00bb2560px\u00bb global_colors_info=\u00bb{}\u00bb][et_pb_column type=\u00bb1_2&#8243; _builder_version=\u00bb4.24.2&#8243; _module_preset=\u00bbdefault\u00bb global_colors_info=\u00bb{}\u00bb][dsm_card image=\u00bbhttps:\/\/weneos.com\/wp-content\/uploads\/2024\/03\/Girl-UVAimage-Weneos-scaled.jpeg\u00bb image_background_height=\u00bb480px\u00bb button_url_new_window=\u00bb1&#8243; _builder_version=\u00bb4.24.3&#8243; _module_preset=\u00bbdefault\u00bb global_colors_info=\u00bb{}\u00bb][\/dsm_card][\/et_pb_column][et_pb_column type=\u00bb1_2&#8243; _builder_version=\u00bb4.24.2&#8243; _module_preset=\u00bbdefault\u00bb global_colors_info=\u00bb{}\u00bb][dsm_text_notation before_text=\u00bbProtecci\u00f3n contra  \u00bb notation_text=\u00bbUVA ultralargos\u00bb notation_type=\u00bbhighlight\u00bb notation_width=\u00bb2&#8243; notation_iterations=\u00bb4&#8243; notation_background_color=\u00bb#82368c\u00bb _builder_version=\u00bb4.24.3&#8243; _module_preset=\u00bbdefault\u00bb header_text_color=\u00bb#FFFFFF\u00bb header_font_size=\u00bb40px\u00bb before_text_color=\u00bb#000000&#8243; notation_text_color=\u00bb#FFFFFF\u00bb after_text_color=\u00bb#000000&#8243; text_orientation=\u00bbleft\u00bb border_width_bottom=\u00bb5px\u00bb border_color_all_notation=\u00bbRGBA(255,255,255,0)\u00bb global_colors_info=\u00bb{}\u00bb][\/dsm_text_notation][et_pb_text _builder_version=\u00bb4.24.3&#8243; _module_preset=\u00bbdefault\u00bb text_font_size=\u00bb16px\u00bb text_orientation=\u00bbjustified\u00bb global_colors_info=\u00bb{}\u00bb]<\/p>\n<p>Hoy en d\u00eda se sabe que los rayos UVB provocan quemaduras solares y enrojecimiento, mientras que los UVA, m\u00e1s penetrantes, contribuyen al envejecimiento de la piel, da\u00f1an el ADN y aumentan el riesgo de c\u00e1ncer de piel. Por ello, las f\u00f3rmulas solares han evolucionado para ofrecer una protecci\u00f3n prolongada contra los rayos UVA y UVB, incluido el UVA1 (UVA-I), responsable de m\u00e1s del 80% de los rayos UV solares recibidos en la Tierra.<\/p>\n<p>Sin embargo, estudios recientes han demostrado los efectos nocivos de la UVA1 sobre las lesiones cut\u00e1neas. Otros art\u00edculos han destacado la falta de productos de protecci\u00f3n solar con protecci\u00f3n UVA ultralarga (370-400 nm), que podr\u00eda resolverse con una nueva protecci\u00f3n UV que incluya ingredientes qu\u00edmicos o naturales.<\/p>\n<p>Dado que no existe ning\u00fan m\u00e9todo espec\u00edficamente dedicado a los UVA Largos (o UVA Ultra-Largos), ni regulado para orientar a los consumidores, WENEOS ha estado a la vanguardia del desarrollo de un m\u00e9todo in vitro para evaluar la protecci\u00f3n en los UVA Largos (UVA Ultra-Largos). Se trata de una prueba independiente totalmente validada e imparcial.<\/p>\n<p>[\/et_pb_text][et_pb_button button_url=\u00bbmailto:commercial@weneos.com\u00bb button_text=\u00bbSolicitar un presupuesto\u00bb _builder_version=\u00bb4.24.2&#8243; _module_preset=\u00bbdefault\u00bb global_colors_info=\u00bb{}\u00bb][\/et_pb_button][\/et_pb_column][\/et_pb_row][et_pb_row column_structure=\u00bb1_3,1_3,1_3&#8243; _builder_version=\u00bb4.24.2&#8243; _module_preset=\u00bbdefault\u00bb background_color=\u00bb#f4f0ec\u00bb width=\u00bb100%\u00bb max_width=\u00bb2560px\u00bb module_alignment=\u00bbcenter\u00bb custom_margin=\u00bb||||false|false\u00bb custom_padding=\u00bb50px||50px||false|false\u00bb global_colors_info=\u00bb{}\u00bb][et_pb_column type=\u00bb1_3&#8243; _builder_version=\u00bb4.24.2&#8243; _module_preset=\u00bbdefault\u00bb global_colors_info=\u00bb{}\u00bb][et_pb_number_counter title=\u00bbd\u00edas para un estudio in vitro con un informe final\u00bb number=\u00bb7&#8243; percent_sign=\u00bboff\u00bb _builder_version=\u00bb4.24.3&#8243; _module_preset=\u00bbdefault\u00bb global_colors_info=\u00bb{}\u00bb][\/et_pb_number_counter][\/et_pb_column][et_pb_column type=\u00bb1_3&#8243; _builder_version=\u00bb4.24.2&#8243; _module_preset=\u00bbdefault\u00bb global_colors_info=\u00bb{}\u00bb][et_pb_number_counter title=\u00bbestudios solares realizados\u00bb number=\u00bb+25000&#8243; percent_sign=\u00bboff\u00bb _builder_version=\u00bb4.24.3&#8243; _module_preset=\u00bbdefault\u00bb global_colors_info=\u00bb{}\u00bb][\/et_pb_number_counter][\/et_pb_column][et_pb_column type=\u00bb1_3&#8243; _builder_version=\u00bb4.24.2&#8243; _module_preset=\u00bbdefault\u00bb global_colors_info=\u00bb{}\u00bb][et_pb_number_counter title=\u00bbcumplimiento de las normas solares\u00bb number=\u00bb100&#8243; _builder_version=\u00bb4.24.2&#8243; _module_preset=\u00bbdefault\u00bb global_colors_info=\u00bb{}\u00bb][\/et_pb_number_counter][\/et_pb_column][\/et_pb_row][\/et_pb_section][et_pb_section fb_built=\u00bb1&#8243; _builder_version=\u00bb4.24.2&#8243; _module_preset=\u00bbdefault\u00bb background_enable_color=\u00bboff\u00bb custom_padding=\u00bb||||false|false\u00bb global_colors_info=\u00bb{}\u00bb][et_pb_row _builder_version=\u00bb4.24.3&#8243; _module_preset=\u00bbdefault\u00bb custom_margin=\u00bb||||false|false\u00bb global_colors_info=\u00bb{}\u00bb][et_pb_column type=\u00bb4_4&#8243; _builder_version=\u00bb4.24.2&#8243; _module_preset=\u00bbdefault\u00bb global_colors_info=\u00bb{}\u00bb][dsm_text_divider header=\u00bbRECLAMAR\u00bb _builder_version=\u00bb4.24.3&#8243; _module_preset=\u00bbdefault\u00bb header_level=\u00bbh1&#8243; header_font=\u00bb|600||on|||||\u00bb custom_margin=\u00bb||||false|false\u00bb custom_padding=\u00bb||||false|false\u00bb global_colors_info=\u00bb{}\u00bb][\/dsm_text_divider][et_pb_text _builder_version=\u00bb4.24.3&#8243; _module_preset=\u00bbdefault\u00bb text_font_size=\u00bb16px\u00bb text_orientation=\u00bbjustified\u00bb global_colors_info=\u00bb{}\u00bb]<\/p>\n<blockquote>\n<p>Le ofrecemos evaluar la protecci\u00f3n solar de sus productos cumpliendo plenamente los m\u00e9todos oficiales o reivindicar las propiedades de sus productos mediante pruebas exclusivas desarrolladas por WENEOS.<\/p>\n<\/blockquote>\n<p>[\/et_pb_text][dsm_faq _builder_version=\u00bb4.27.0&#8243; _module_preset=\u00bbdefault\u00bb hover_enabled=\u00bb0&#8243; global_colors_info=\u00bb{}\u00bb sticky_enabled=\u00bb0&#8243;][dsm_faq_child dsm_title=\u00bbProtecci\u00f3n UVA ultralarga\u00bb dsm_content=\u00bb<\/p>\n<p>Este innovador m\u00e9todo in vitro se basa en el principio de la norma internacional de referencia ISO 24443:2021 con ajuste al FPS in vivo medido mediante un m\u00e9todo espectrofotom\u00e9trico, teniendo en cuenta al mismo tiempo la posible fotoinestabilidad por preirradiaci\u00f3n.<\/p>\n<p>Los resultados de este procedimiento de medici\u00f3n pueden utilizarse para calcular el factor de protecci\u00f3n UVA I (UPF-I), la longitud de onda cr\u00edtica (CW) y la relaci\u00f3n UVA-I\/UV.<\/p>\n<p>Por \u00faltimo, se propone un criterio de aprobado\/desaprobado basado en la comparaci\u00f3n global de los productos de protecci\u00f3n solar para reivindicar efectivamente una protecci\u00f3n UVA Larga o UVA Ultra Larga.<\/p>\n<p>(ref. HeUVA-LONG)<\/p>\n<p><em><strong>M\u00e9todo publicado : <\/strong>M\u00e9todo in vitro para la reivindicaci\u00f3n UVA1 (UVA largo) o UVA ultra largo: un estudio basado en varios productos de protecci\u00f3n solar, C. VINCENT y S. MIKSA, H&amp;PC Today, N\u00famero 3\/2024<\/em><\/p>\n<p>\u00bb _builder_version=\u00bb4.27.0&#8243; _module_preset=\u00bbdefault\u00bb content_text_align=\u00bbjustify\u00bb hover_enabled=\u00bb0&#8243; global_colors_info=\u00bb{}\u00bb parentOrderClass=\u00bbdsm_faq_0&#8243; sticky_enabled=\u00bb0&#8243;][\/dsm_faq_child][\/dsm_faq][\/et_pb_column][\/et_pb_row][\/et_pb_section][et_pb_section fb_built=\u00bb1&#8243; admin_label=\u00bbServices\u00bb _builder_version=\u00bb4.24.2&#8243; _module_preset=\u00bbdefault\u00bb background_color=\u00bb#f4f0ec\u00bb locked=\u00bboff\u00bb collapsed=\u00bboff\u00bb global_colors_info=\u00bb{}\u00bb][et_pb_row column_structure=\u00bb1_4,1_4,1_4,1_4&#8243; use_custom_gutter=\u00bbon\u00bb gutter_width=\u00bb1&#8243; make_equal=\u00bbon\u00bb _builder_version=\u00bb4.24.3&#8243; _module_preset=\u00bbdefault\u00bb width=\u00bb90%\u00bb max_width=\u00bb2560px\u00bb custom_margin=\u00bb25px||25px||false|false\u00bb custom_padding=\u00bb||||false|false\u00bb global_module=\u00bb9919&#8243; saved_tabs=\u00bball\u00bb global_colors_info=\u00bb{}\u00bb][et_pb_column type=\u00bb1_4&#8243; _builder_version=\u00bb4.24.2&#8243; _module_preset=\u00bbdefault\u00bb custom_padding=\u00bb20px||20px||false|false\u00bb global_colors_info=\u00bb{}\u00bb][dsm_text_notation before_text=\u00bbDescubra los an\u00e1lisis  \u00bb notation_text=\u00bb  adicional\u00bb after_text=\u00bbpara una protecci\u00f3n solar total\u00bb notation_type=\u00bbhighlight\u00bb notation_width=\u00bb2&#8243; notation_iterations=\u00bb4&#8243; notation_background_color=\u00bb#82368c\u00bb _builder_version=\u00bb4.24.3&#8243; _module_preset=\u00bbdefault\u00bb header_text_color=\u00bb#FFFFFF\u00bb header_font_size=\u00bb40px\u00bb before_text_color=\u00bb#000000&#8243; notation_text_color=\u00bb#FFFFFF\u00bb after_text_color=\u00bb#000000&#8243; text_orientation=\u00bbleft\u00bb module_alignment=\u00bbcenter\u00bb custom_margin=\u00bb20px||||false|false\u00bb border_color_all_notation=\u00bbRGBA(255,255,255,0)\u00bb global_colors_info=\u00bb{}\u00bb][\/dsm_text_notation][\/et_pb_column][et_pb_column type=\u00bb1_4&#8243; _builder_version=\u00bb4.24.2&#8243; _module_preset=\u00bbdefault\u00bb custom_padding=\u00bb20px||20px||false|false\u00bb global_colors_info=\u00bb{}\u00bb][dsm_card title=\u00bbProtecci\u00f3n UV\u00bb content_horizontal_alignment=\u00bbflex-start\u00bb image=\u00bbhttps:\/\/weneos.com\/wp-content\/uploads\/2024\/04\/UVA-sunscreen-scaled.jpeg\u00bb image_background_animation=\u00bbzoom_in\u00bb badge_background_color=\u00bb#82368c\u00bb button_text=\u00bbDescubra\u00bb button_url=\u00bb@ET-DC@eyJkeW5hbWljIjp0cnVlLCJjb250ZW50IjoicG9zdF9saW5rX3VybF9wYWdlIiwic2V0dGluZ3MiOnsicG9zdF9pZCI6Ijk2NzUifX0=@\u00bb button_url_new_window=\u00bb1&#8243; _builder_version=\u00bb4.24.3&#8243; _dynamic_attributes=\u00bbbutton_url,link_option_url\u00bb _module_preset=\u00bbdefault\u00bb badge_text_color=\u00bb#FFFFFF\u00bb header_level=\u00bbh3&#8243; header_font=\u00bb|600|||||||\u00bb header_text_align=\u00bbcenter\u00bb header_font_size=\u00bb24px\u00bb background_color=\u00bb#FFFFFF\u00bb custom_button=\u00bbon\u00bb button_text_color=\u00bb#FFFFFF\u00bb button_bg_color=\u00bb#82368c\u00bb button_border_radius=\u00bb10px\u00bb button_alignment=\u00bbcenter\u00bb custom_margin=\u00bb20px|20px||20px|false|false\u00bb link_option_url=\u00bb@ET-DC@eyJkeW5hbWljIjp0cnVlLCJjb250ZW50IjoicG9zdF9saW5rX3VybF9wYWdlIiwic2V0dGluZ3MiOnsicG9zdF9pZCI6Ijk2NzUifX0=@\u00bb border_radii=\u00bbon|20px|20px|20px|20px\u00bb box_shadow_style=\u00bbpreset1&#8243; global_colors_info=\u00bb{}\u00bb button_bg_color__hover_enabled=\u00bboff|desktop\u00bb transform_styles__hover_enabled=\u00bbon|hover\u00bb transform_scale__hover_enabled=\u00bbon|hover\u00bb transform_translate__hover_enabled=\u00bbon|desktop\u00bb transform_rotate__hover_enabled=\u00bbon|desktop\u00bb transform_skew__hover_enabled=\u00bbon|desktop\u00bb transform_origin__hover_enabled=\u00bbon|desktop\u00bb transform_scale__hover=\u00bb105%|105%\u00bb]<\/p>\n<ul>\n<li style=\"text-align: left;\">FPS &#8211; UVB<\/li>\n<li style=\"text-align: left;\">FPUVA &#8211; UVA<\/li>\n<li style=\"text-align: left;\">Relaci\u00f3n UVA:UVB<\/li>\n<li style=\"text-align: left;\">Fotoestabilidad<\/li>\n<li style=\"text-align: left;\">Espectro de absorbancia<\/li>\n<\/ul>\n<p>[\/dsm_card][\/et_pb_column][et_pb_column type=\u00bb1_4&#8243; _builder_version=\u00bb4.24.2&#8243; _module_preset=\u00bbdefault\u00bb custom_padding=\u00bb20px||20px||false|false\u00bb global_colors_info=\u00bb{}\u00bb][dsm_card title=\u00bbM\u00e1s all\u00e1 de los rayos UV\u00bb content_horizontal_alignment=\u00bbflex-start\u00bb image=\u00bbhttps:\/\/weneos.com\/wp-content\/uploads\/2024\/04\/FullSpectrum-WENEOS.webp\u00bb image_background_animation=\u00bbzoom_in\u00bb badge_background_color=\u00bb#82368c\u00bb button_text=\u00bbDescubra\u00bb button_url=\u00bb@ET-DC@eyJkeW5hbWljIjp0cnVlLCJjb250ZW50IjoicG9zdF9saW5rX3VybF9wYWdlIiwic2V0dGluZ3MiOnsicG9zdF9pZCI6Ijk2NzUifX0=@\u00bb button_url_new_window=\u00bb1&#8243; _builder_version=\u00bb4.24.3&#8243; _dynamic_attributes=\u00bbbutton_url,link_option_url\u00bb _module_preset=\u00bbdefault\u00bb badge_text_color=\u00bb#FFFFFF\u00bb header_level=\u00bbh3&#8243; header_font=\u00bb|600|||||||\u00bb header_text_align=\u00bbcenter\u00bb header_font_size=\u00bb24px\u00bb background_color=\u00bb#FFFFFF\u00bb custom_button=\u00bbon\u00bb button_text_color=\u00bb#FFFFFF\u00bb button_bg_color=\u00bb#82368c\u00bb button_border_radius=\u00bb10px\u00bb button_alignment=\u00bbcenter\u00bb custom_margin=\u00bb20px|20px||20px|false|false\u00bb link_option_url=\u00bb@ET-DC@eyJkeW5hbWljIjp0cnVlLCJjb250ZW50IjoicG9zdF9saW5rX3VybF9wYWdlIiwic2V0dGluZ3MiOnsicG9zdF9pZCI6Ijk2NzUifX0=@\u00bb border_radii=\u00bbon|20px|20px|20px|20px\u00bb box_shadow_style=\u00bbpreset1&#8243; global_colors_info=\u00bb{}\u00bb button_bg_color__hover_enabled=\u00bboff|desktop\u00bb transform_styles__hover_enabled=\u00bbon|hover\u00bb transform_scale__hover_enabled=\u00bbon|hover\u00bb transform_translate__hover_enabled=\u00bbon|desktop\u00bb transform_rotate__hover_enabled=\u00bbon|desktop\u00bb transform_skew__hover_enabled=\u00bbon|desktop\u00bb transform_origin__hover_enabled=\u00bbon|desktop\u00bb transform_scale__hover=\u00bb105%|105%\u00bb]<\/p>\n<ul>\n<li><span style=\"font-size: 14px;\">UVA ultralargos<\/span><\/li>\n<li style=\"text-align: left;\">Luz azul<\/li>\n<li style=\"text-align: left;\">Visible<\/li>\n<li style=\"text-align: left;\">Infrarrojos<\/li>\n<li style=\"text-align: left;\">Espectro completo<\/li>\n<li style=\"text-align: left;\">UVC<\/li>\n<\/ul>\n<p>[\/dsm_card][\/et_pb_column][et_pb_column type=\u00bb1_4&#8243; _builder_version=\u00bb4.24.3&#8243; _module_preset=\u00bbdefault\u00bb custom_padding=\u00bb20px||20px||false|false\u00bb global_colors_info=\u00bb{}\u00bb][dsm_card title=\u00bbResistencia\u00bb content_horizontal_alignment=\u00bbflex-start\u00bb image=\u00bbhttps:\/\/weneos.com\/wp-content\/uploads\/2024\/04\/SPF-weneos-scaled.jpeg\u00bb image_background_animation=\u00bbzoom_in\u00bb badge_background_color=\u00bb#82368c\u00bb button_text=\u00bbDescubra\u00bb button_url=\u00bb@ET-DC@eyJkeW5hbWljIjp0cnVlLCJjb250ZW50IjoicG9zdF9saW5rX3VybF9wYWdlIiwic2V0dGluZ3MiOnsicG9zdF9pZCI6Ijk2NzUifX0=@\u00bb button_url_new_window=\u00bb1&#8243; _builder_version=\u00bb4.24.3&#8243; _dynamic_attributes=\u00bbbutton_url,link_option_url\u00bb _module_preset=\u00bbdefault\u00bb badge_text_color=\u00bb#FFFFFF\u00bb header_level=\u00bbh3&#8243; header_font=\u00bb|600|||||||\u00bb header_text_align=\u00bbcenter\u00bb header_font_size=\u00bb24px\u00bb background_color=\u00bb#FFFFFF\u00bb custom_button=\u00bbon\u00bb button_text_color=\u00bb#FFFFFF\u00bb button_bg_color=\u00bb#82368c\u00bb button_border_radius=\u00bb10px\u00bb button_alignment=\u00bbcenter\u00bb custom_margin=\u00bb20px|20px||20px|false|false\u00bb link_option_url=\u00bb@ET-DC@eyJkeW5hbWljIjp0cnVlLCJjb250ZW50IjoicG9zdF9saW5rX3VybF9wYWdlIiwic2V0dGluZ3MiOnsicG9zdF9pZCI6Ijk2NzUifX0=@\u00bb border_radii=\u00bbon|20px|20px|20px|20px\u00bb box_shadow_style=\u00bbpreset1&#8243; global_colors_info=\u00bb{}\u00bb button_bg_color__hover_enabled=\u00bboff|desktop\u00bb transform_styles__hover_enabled=\u00bbon|hover\u00bb transform_scale__hover_enabled=\u00bbon|hover\u00bb transform_translate__hover_enabled=\u00bbon|desktop\u00bb transform_rotate__hover_enabled=\u00bbon|desktop\u00bb transform_skew__hover_enabled=\u00bbon|desktop\u00bb transform_origin__hover_enabled=\u00bbon|desktop\u00bb transform_scale__hover=\u00bb105%|105%\u00bb]<\/p>\n<ul>\n<li>Resistencia al agua<\/li>\n<li>Resistencia al sudor<\/li>\n<li style=\"text-align: left;\">Resistencia a la arena<\/li>\n<li style=\"text-align: left;\">Resistencia al roce<\/li>\n<li style=\"text-align: left;\">Aplicaci\u00f3n sobre la piel h\u00fameda<\/li>\n<li>Condiciones extremas<\/li>\n<li style=\"text-align: left;\">Persistencia | Larga duraci\u00f3n<\/li>\n<li>Protecci\u00f3n inmediata<\/li>\n<\/ul>\n<p>[\/dsm_card][\/et_pb_column][\/et_pb_row][\/et_pb_section]<\/p>\n","protected":false},"excerpt":{"rendered":"<p><div class=\"et_pb_module dsm_card dsm_card_0 et_pb_bg_layout_light  dsm_card_layout_stacked\">\n\t\t\t\t\n\t\t\t\t\n\t\t\t\t\n\t\t\t\t\n\t\t\t\t\n\t\t\t\t\n\t\t\t\t<div class=\"et_pb_module_inner\">\n\t\t\t\t\t\n\t\t\t\n\t\t\t<figure class=\"dsm_card_image_wrapper dsm_card_badge_top_right\"><div class=\"dsm_card_image_background dsm_card_img\"><\/div><\/figure>\n\t\t\t\n\t\t\t\n\t\t\t\t<\/div>\n\t\t\t<\/div><div class=\"et_pb_with_border et_pb_module dsm_text_notation dsm_text_notation_0  et_pb_text_align_left et_pb_bg_layout_light\">\n\t\t\t\t\n\t\t\t\t\n\t\t\t\t\n\t\t\t\t\n\t\t\t\t\n\t\t\t\t\n\t\t\t\t<div class=\"et_pb_module_inner\">\n\t\t\t\t\t<h1 class=\"dsm-text-notation-main et_pb_module_header\"><span class=\"dsm-text-notation-before\">Protecci\u00f3n contra <\/span><span data-notation=\"[{&quot;type&quot;:&quot;highlight&quot;,&quot;color&quot;:&quot;#82368c&quot;,&quot;stroke-width&quot;:&quot;2&quot;,&quot;iterations&quot;:&quot;4&quot;,&quot;brackets&quot;:&quot;left|right&quot;,&quot;viewport&quot;:&quot;80%&quot;,&quot;delay&quot;:&quot;0ms&quot;,&quot;divi-animate&quot;:&quot;none&quot;,&quot;divi-animate-duration&quot;:&quot;1000ms&quot;,&quot;divi-animate-delay&quot;:&quot;0ms&quot;}]\" class=\"dsm-text-notation-middle\">UVA ultralargos<\/span><\/h1>\n\t\t\t\t<\/div>\n\t\t\t<\/div>Hoy en d\u00eda se sabe que los rayos UVB provocan quemaduras solares y enrojecimiento, mientras que los UVA, m\u00e1s penetrantes, contribuyen al envejecimiento de la piel, da\u00f1an el ADN y aumentan el riesgo de c\u00e1ncer de piel. Por ello, las f\u00f3rmulas solares han evolucionado para ofrecer una protecci\u00f3n prolongada contra los rayos UVA y UVB, incluido el UVA1 (UVA-I), responsable de m\u00e1s del 80% de los rayos UV solares recibidos en la Tierra. Sin embargo, estudios recientes han demostrado los efectos nocivos de la UVA1 sobre las lesiones cut\u00e1neas. Otros art\u00edculos han destacado la falta de productos de protecci\u00f3n solar con protecci\u00f3n UVA ultralarga (370-400 nm), que podr\u00eda resolverse con una nueva protecci\u00f3n UV que incluya ingredientes qu\u00edmicos o naturales. Dado que no existe ning\u00fan m\u00e9todo espec\u00edficamente dedicado a los UVA Largos (o UVA Ultra-Largos), ni regulado para orientar a los consumidores, WENEOS ha estado a la vanguardia del desarrollo de un m\u00e9todo in vitro para evaluar la protecci\u00f3n en los UVA Largos (UVA Ultra-Largos). Se trata de una prueba independiente totalmente validada e [&hellip;]<\/p>\n","protected":false},"author":1,"featured_media":0,"parent":10966,"menu_order":0,"comment_status":"closed","ping_status":"closed","template":"","meta":{"_et_pb_use_builder":"on","_et_pb_old_content":"","_et_gb_content_width":"","footnotes":""},"class_list":["post-11101","page","type-page","status-publish","hentry"],"_links":{"self":[{"href":"https:\/\/weneos.com\/es\/wp-json\/wp\/v2\/pages\/11101","targetHints":{"allow":["GET"]}}],"collection":[{"href":"https:\/\/weneos.com\/es\/wp-json\/wp\/v2\/pages"}],"about":[{"href":"https:\/\/weneos.com\/es\/wp-json\/wp\/v2\/types\/page"}],"author":[{"embeddable":true,"href":"https:\/\/weneos.com\/es\/wp-json\/wp\/v2\/users\/1"}],"replies":[{"embeddable":true,"href":"https:\/\/weneos.com\/es\/wp-json\/wp\/v2\/comments?post=11101"}],"version-history":[{"count":4,"href":"https:\/\/weneos.com\/es\/wp-json\/wp\/v2\/pages\/11101\/revisions"}],"predecessor-version":[{"id":12533,"href":"https:\/\/weneos.com\/es\/wp-json\/wp\/v2\/pages\/11101\/revisions\/12533"}],"up":[{"embeddable":true,"href":"https:\/\/weneos.com\/es\/wp-json\/wp\/v2\/pages\/10966"}],"wp:attachment":[{"href":"https:\/\/weneos.com\/es\/wp-json\/wp\/v2\/media?parent=11101"}],"curies":[{"name":"wp","href":"https:\/\/api.w.org\/{rel}","templated":true}]}}