{"id":113,"date":"2024-03-07T11:22:30","date_gmt":"2024-03-07T10:22:30","guid":{"rendered":"https:\/\/weneos.com\/condiciones-de-uso\/"},"modified":"2024-09-12T00:58:51","modified_gmt":"2024-09-11T22:58:51","slug":"condiciones-de-uso","status":"publish","type":"page","link":"https:\/\/weneos.com\/es\/condiciones-de-uso\/","title":{"rendered":"Condiciones de uso"},"content":{"rendered":"<p>[et_pb_section fb_built=\u00bb1&#8243; _builder_version=\u00bb4.24.2&#8243; _module_preset=\u00bbdefault\u00bb custom_margin=\u00bb100px||||false|false\u00bb global_colors_info=\u00bb{}\u00bb][et_pb_row _builder_version=\u00bb4.24.2&#8243; _module_preset=\u00bbdefault\u00bb global_colors_info=\u00bb{}\u00bb][et_pb_column type=\u00bb4_4&#8243; _builder_version=\u00bb4.24.2&#8243; _module_preset=\u00bbdefault\u00bb global_colors_info=\u00bb{}\u00bb][et_pb_text _builder_version=\u00bb4.24.2&#8243; _module_preset=\u00bbdefault\u00bb text_font_size=\u00bb16px\u00bb text_orientation=\u00bbjustified\u00bb global_colors_info=\u00bb{}\u00bb]<\/p>\n<h1><strong>Condiciones de uso<\/strong><\/h1>\n<p><strong>Bienvenido a weneos.com, dise\u00f1ado espec\u00edficamente para nuestra entidad, en adelante \u00abel Sitio\u00bb.<\/strong><\/p>\n<p>Le recomendamos encarecidamente que lea estas Condiciones de uso, que gu\u00edan su navegaci\u00f3n en nuestro sitio, en particular en nuestra zona principal (en lo sucesivo, las \u00abCondiciones de uso\u00bb). Al navegar por este Sitio, usted acepta sin reservas las Condiciones aplicables.<\/p>\n<p>&nbsp;<\/p>\n<h2>1. 1. Informaci\u00f3n jur\u00eddica<\/h2>\n<p>URL del sitio: <a href=\"www.weneos.com\">www.weneos.com<\/a><\/p>\n<p>Para ponerse en contacto con nosotros: Correo electr\u00f3nico: administration@weneos.com &#8211; Tel\u00e9fono: +33 (0)3 44 24 33 29<\/p>\n<p>Director de la publicaci\u00f3n: WENEOS<\/p>\n<p>Organizaci\u00f3n responsable: WENEOS, sociedad por acciones simplificada (SAS) con un capital de 35.720 euros, con domicilio social en 176 rue Robert Schuman, 60610 LACROIX SAINT OUEN, Francia, registrada con el n\u00famero 434 372 132 RCS Compi\u00e8gne, n\u00famero de IVA: FR 75 434 372 132, que act\u00faa en nombre de la marca WENEOS (en lo sucesivo, \u00abla Organizaci\u00f3n\u00bb o \u00abNosotros\u00bb).<\/p>\n<p>Hospedado por : HOSTINGER, con domicilio social en HOSTINGER INTERNATIONAL LTD, 61 Lordou Vironos Street, 6023 Larnaca, Chipre, a la que se puede acceder a trav\u00e9s de https:\/\/www.hostinger.fr\/contact.<\/p>\n<p>&nbsp;<\/p>\n<h2>2. 2. Acceso al emplazamiento<\/h2>\n<p>Para acceder a este Sitio, debe ser mayor de 18 a\u00f1os. Los menores deben obtener el consentimiento previo de sus tutores.<\/p>\n<p>El Sitio es accesible de forma gratuita y sin necesidad de registrarse o crear una cuenta previamente.<\/p>\n<p>El acceso a determinadas secciones puede requerir identificadores personales. Es tu responsabilidad mantener estos c\u00f3digos en secreto y puedes cambiarlos en cualquier momento. Tenga en cuenta que el acceso puede estar restringido para evitar usos fraudulentos. Le invitamos a denunciar cualquier posible uso fraudulento. Nos reservamos el derecho a suspender el acceso en caso de incumplimiento de estas Condiciones de uso.<\/p>\n<p>Usted corre con los gastos de acceso y utilizaci\u00f3n de la red de telecomunicaciones.<\/p>\n<p>&nbsp;<\/p>\n<h2>3. Derechos de propiedad intelectual<\/h2>\n<p>El desarrollo de este emplazamiento ha requerido importantes inversiones. El Sitio y todos sus elementos (marcas, im\u00e1genes, textos, v\u00eddeos, etc.) est\u00e1n protegidos por los derechos de propiedad intelectual de sus respectivos propietarios. Toda utilizaci\u00f3n, reproducci\u00f3n o representaci\u00f3n del Sitio con otros fines, en particular comerciales, est\u00e1 prohibida y constituye una infracci\u00f3n sancionable con sanciones civiles y penales.<\/p>\n<p>Podemos ofrecerle contenidos descargables. Le concedemos, para su uso personal y privado, un derecho de uso no exclusivo e intransferible, mientras dure la protecci\u00f3n de los derechos de propiedad intelectual. Queda prohibida toda reproducci\u00f3n, representaci\u00f3n, modificaci\u00f3n o distribuci\u00f3n de los contenidos descargables. Usted se compromete a utilizarlos de conformidad con las presentes Condiciones de Uso.<\/p>\n<p>Weneos, HelioScreen, Helioplate, HD6, SB6, SPREADMASTER, THERMASTER y sus respectivos logotipos son marcas registradas de WENEOS.  <\/p>\n<p>&nbsp;<\/p>\n<h2>4. Carta de buena conducta<\/h2>\n<p>Al utilizar este Sitio, usted se compromete a respetar los valores de tolerancia y respeto a los dem\u00e1s, a no difundir contenidos nocivos o ilegales y a no utilizar el Sitio con fines inapropiados.<\/p>\n<p>&nbsp;<\/p>\n<h2>5. 5. L\u00edmites de responsabilidad<\/h2>\n<p>Nos esforzamos por corregir lo antes posible cualquier inexactitud u omisi\u00f3n en la informaci\u00f3n disponible en el Sitio.<\/p>\n<p>Los productos y servicios presentados no constituyen una oferta de venta, sino una visi\u00f3n general de nuestra gama.<\/p>\n<p>Los enlaces de hipertexto establecidos en este Sitio pueden llevarle a sitios web publicados por terceros cuyo contenido no controlamos. En consecuencia, y en la medida en que los enlaces de hipertexto se han incluido en este Sitio \u00fanicamente para facilitar su navegaci\u00f3n por Internet, la consulta de sitios de terceros ser\u00e1 su elecci\u00f3n y su exclusiva responsabilidad.  <\/p>\n<p>&nbsp;<\/p>\n<h2>6. 6. Datos personales<\/h2>\n<p>Podemos recopilar datos personales para diversos servicios. Consulte nuestra pol\u00edtica de privacidad para obtener m\u00e1s informaci\u00f3n.<\/p>\n<p>&nbsp;<\/p>\n<h2>7. Cookies<\/h2>\n<p>Utilizamos cookies para mejorar su experiencia en el Sitio. Consulte nuestra pol\u00edtica de cookies para obtener m\u00e1s informaci\u00f3n.<\/p>\n<p>[\/et_pb_text][\/et_pb_column][\/et_pb_row][\/et_pb_section]<\/p>\n","protected":false},"excerpt":{"rendered":"<p>Condiciones de uso Bienvenido a weneos.com, dise\u00f1ado espec\u00edficamente para nuestra entidad, en adelante \u00abel Sitio\u00bb. Le recomendamos encarecidamente que lea estas Condiciones de uso, que gu\u00edan su navegaci\u00f3n en nuestro sitio, en particular en nuestra zona principal (en lo sucesivo, las \u00abCondiciones de uso\u00bb). Al navegar por este Sitio, usted acepta sin reservas las Condiciones aplicables. &nbsp; 1. 1. Informaci\u00f3n jur\u00eddica URL del sitio: www.weneos.com Para ponerse en contacto con nosotros: Correo electr\u00f3nico: administration@weneos.com &#8211; Tel\u00e9fono: +33 (0)3 44 24 33 29 Director de la publicaci\u00f3n: WENEOS Organizaci\u00f3n responsable: WENEOS, sociedad por acciones simplificada (SAS) con un capital de 35.720 euros, con domicilio social en 176 rue Robert Schuman, 60610 LACROIX SAINT OUEN, Francia, registrada con el n\u00famero 434 372 132 RCS Compi\u00e8gne, n\u00famero de IVA: FR 75 434 372 132, que act\u00faa en nombre de la marca WENEOS (en lo sucesivo, \u00abla Organizaci\u00f3n\u00bb o \u00abNosotros\u00bb). Hospedado por : HOSTINGER, con domicilio social en HOSTINGER INTERNATIONAL LTD, 61 Lordou Vironos Street, 6023 Larnaca, Chipre, a la que se puede acceder a trav\u00e9s de https:\/\/www.hostinger.fr\/contact. &nbsp; 2. 2. Acceso al emplazamiento Para acceder a este Sitio, debe ser mayor de 18 a\u00f1os. Los menores deben obtener el consentimiento previo de sus [&hellip;]<\/p>\n","protected":false},"author":1,"featured_media":0,"parent":0,"menu_order":0,"comment_status":"closed","ping_status":"closed","template":"","meta":{"_et_pb_use_builder":"on","_et_pb_old_content":"","_et_gb_content_width":"","footnotes":""},"class_list":["post-113","page","type-page","status-publish","hentry"],"_links":{"self":[{"href":"https:\/\/weneos.com\/es\/wp-json\/wp\/v2\/pages\/113","targetHints":{"allow":["GET"]}}],"collection":[{"href":"https:\/\/weneos.com\/es\/wp-json\/wp\/v2\/pages"}],"about":[{"href":"https:\/\/weneos.com\/es\/wp-json\/wp\/v2\/types\/page"}],"author":[{"embeddable":true,"href":"https:\/\/weneos.com\/es\/wp-json\/wp\/v2\/users\/1"}],"replies":[{"embeddable":true,"href":"https:\/\/weneos.com\/es\/wp-json\/wp\/v2\/comments?post=113"}],"version-history":[{"count":5,"href":"https:\/\/weneos.com\/es\/wp-json\/wp\/v2\/pages\/113\/revisions"}],"predecessor-version":[{"id":12432,"href":"https:\/\/weneos.com\/es\/wp-json\/wp\/v2\/pages\/113\/revisions\/12432"}],"wp:attachment":[{"href":"https:\/\/weneos.com\/es\/wp-json\/wp\/v2\/media?parent=113"}],"curies":[{"name":"wp","href":"https:\/\/api.w.org\/{rel}","templated":true}]}}