{"id":57,"date":"2024-03-03T22:18:42","date_gmt":"2024-03-03T21:18:42","guid":{"rendered":"https:\/\/weneos.com\/politica-de-privacidad\/"},"modified":"2024-09-12T01:04:05","modified_gmt":"2024-09-11T23:04:05","slug":"politica-de-privacidad","status":"publish","type":"page","link":"https:\/\/weneos.com\/es\/politica-de-privacidad\/","title":{"rendered":"Pol\u00edtica de privacidad"},"content":{"rendered":"[et_pb_section fb_built=\u00bb1&#8243; admin_label=\u00bbsection\u00bb _builder_version=\u00bb4.24.2&#8243; custom_margin=\u00bb100px||||false|false\u00bb global_colors_info=\u00bb{}\u00bb][et_pb_row admin_label=\u00bbfila\u00bb _builder_version=\u00bb4.16&#8243; background_size=\u00bbinitial\u00bb background_position=\u00bbtop_left\u00bb background_repeat=\u00bbrepeat\u00bb global_colors_info=\u00bb{}\u00bb][et_pb_column type=\u00bb4_4&#8243; _builder_version=\u00bb4.16&#8243; custom_padding=\u00bb|||\u00bb global_colors_info=\u00bb{}\u00bb custom_padding__hover=\u00bb|||\u00bb][et_pb_text admin_label=\u00bbText\u00bb _builder_version=\u00bb4.24.2&#8243; text_font_size=\u00bb16px\u00bb background_size=\u00bbinitial\u00bb background_position=\u00bbtop_left\u00bb background_repeat=\u00bbrepeat\u00bb text_orientation=\u00bbjustified\u00bb global_colors_info=\u00bb{}\u00bb]<h1 class=\"privacy-policy-h1\"><strong>Pol\u00edtica de privacidad<\/strong><\/h1>\n<p class=\"privacy-policy-h1\"><strong><br>\u00daltima actualizaci\u00f3n el 12 de septiembre de 2024 Fecha efectiva 12 de septiembre de 2024<\/strong><\/p>\n<p>Esta Pol\u00edtica de Privacidad describe las pol\u00edticas de WENEOS, 176 rue Robert Schuman, 60610 LACROIX SAINT OUENT, Francia, correo electr\u00f3nico: administration@weneos.com, tel\u00e9fono: 0344243329 sobre la recopilaci\u00f3n, uso y divulgaci\u00f3n de tu informaci\u00f3n que recopilamos cuando utilizas nuestro sitio web https:\/\/weneos.com (el \u00abServicio\u00bb). Al acceder o utilizar el Servicio, usted da su consentimiento a la recopilaci\u00f3n, uso y divulgaci\u00f3n de su informaci\u00f3n de acuerdo con esta Pol\u00edtica de Privacidad. Si no est\u00e1 de acuerdo, no acceda ni utilice el Servicio.<\/p>\n<p>Podemos cambiar esta Pol\u00edtica de Privacidad en cualquier momento sin previo aviso y publicaremos la Pol\u00edtica de Privacidad revisada en el Servicio. La pol\u00edtica revisada entrar\u00e1 en vigor 180 d\u00edas despu\u00e9s de la fecha de publicaci\u00f3n de la pol\u00edtica revisada en el servicio y su acceso o uso continuado del servicio despu\u00e9s de ese periodo constituir\u00e1 su aceptaci\u00f3n de la pol\u00edtica de privacidad revisada. Por ello, le recomendamos que consulte esta p\u00e1gina con regularidad.<\/p>\n<p>&nbsp;<\/p>\n<h2>1. Informaci\u00f3n que recopilamos<\/h2>\n<p>Recopilaremos y procesaremos la siguiente informaci\u00f3n personal sobre usted:<\/p>\n<ol>\n<li>Nombre y apellidos<\/li>\n<li>Correo electr\u00f3nico<\/li>\n<li>Empresa<\/li>\n<li>Direcci\u00f3n<\/li>\n<\/ol>\n<p>&nbsp;<\/p>\n<h2 class=\"privacy-policy-h2\">2. C\u00f3mo recopilamos su informaci\u00f3n<\/h2>\n<p>Recogemos\/recibimos informaci\u00f3n sobre usted de las siguientes maneras:<\/p>\n<ol>\n<li>Cuando un usuario rellena el formulario de registro o env\u00eda informaci\u00f3n personal de otro modo<\/li>\n<li>Interact\u00faa con el sitio web<\/li>\n<li>De fuentes p\u00fablicas<\/li>\n<\/ol>\n<p>&nbsp;<\/p>\n<h2 class=\"privacy-policy-h2\">3. C\u00f3mo utilizamos su informaci\u00f3n<\/h2>\n<p>Utilizaremos la informaci\u00f3n que recopilemos sobre usted para los siguientes fines:<\/p>\n<ol>\n<li>Marketing\/Promoci\u00f3n<\/li>\n<li>Crear una cuenta de usuario<\/li>\n<li>Testimonios<\/li>\n<li>Informaci\u00f3n administrativa<\/li>\n<li>Gesti\u00f3n de los pedidos de los clientes<\/li>\n<li>Protecci\u00f3n del emplazamiento<\/li>\n<li>Gestionar la cuenta de usuario<\/li>\n<\/ol>\n<p>Si deseamos utilizar su informaci\u00f3n para otros fines, le pediremos su consentimiento y s\u00f3lo utilizaremos su informaci\u00f3n una vez que hayamos recibido su consentimiento y entonces s\u00f3lo para los fines para los que otorgamos su consentimiento, a menos que la ley nos obligue a hacer otra cosa.<\/p>\n<p>&nbsp;<\/p>\n<h2 class=\"privacy-policy-h2\">4. C\u00f3mo compartimos su informaci\u00f3n<\/h2>\n<p>No transferiremos su informaci\u00f3n personal a terceros sin solicitar su consentimiento, excepto en las circunstancias limitadas que se describen a continuaci\u00f3n:<\/p>\n<p>Anal\u00edtica<\/p>\n<p>Exigimos a estos terceros que utilicen la informaci\u00f3n personal que les transferimos \u00fanicamente para los fines para los que fue transferida y que no la conserven durante m\u00e1s tiempo del necesario para alcanzar dichos fines.<\/p>\n<p>Tambi\u00e9n podemos revelar su informaci\u00f3n personal en las siguientes circunstancias: (1) para cumplir con la ley aplicable, reglamento, orden judicial u otro proceso legal; (2) para hacer cumplir sus acuerdos con nosotros, incluyendo esta Pol\u00edtica de Privacidad; o (3) para responder a reclamaciones de que su uso del Servicio viola los derechos de terceros. Si el Servicio o nuestra empresa se fusionan o son adquiridos por otra empresa, su informaci\u00f3n formar\u00e1 parte de los activos transferidos al nuevo propietario.<\/p>\n<p>&nbsp;<\/p>\n<h2 class=\"privacy-policy-h2\">5. Conservaci\u00f3n de la informaci\u00f3n<\/h2>\n<p class=\"privacy-policy-p\">Conservaremos su informaci\u00f3n personal entre 90 d\u00edas y 2 a\u00f1os despu\u00e9s de que las cuentas de usuario hayan dejado de estar activas o mientras la necesitemos para cumplir los fines para los que fue recopilada, tal y como se detalla en esta Pol\u00edtica de privacidad. Es posible que necesitemos conservar determinada informaci\u00f3n durante per\u00edodos m\u00e1s largos, como la conservaci\u00f3n de registros\/informes de conformidad con la legislaci\u00f3n aplicable o por otros motivos leg\u00edtimos, como la aplicaci\u00f3n de derechos legales, la prevenci\u00f3n del fraude, etc. La informaci\u00f3n an\u00f3nima residual y la informaci\u00f3n agregada, ninguna de las cuales le identifica (directa o indirectamente), pueden conservarse indefinidamente.<\/p>\n<p class=\"privacy-policy-p\"><\/p>\n<h2 class=\"privacy-policy-h2\">6. Sus derechos<\/h2>\n<p>Dependiendo de la legislaci\u00f3n aplicable, usted puede tener derecho a acceder y rectificar o suprimir sus datos personales o recibir una copia de sus datos personales, restringir u oponerse al tratamiento activo de sus datos, pedirnos que compartamos (portar) sus datos personales. informaci\u00f3n a otra entidad, retirar cualquier consentimiento que nos haya dado para tratar sus datos, el derecho a presentar una reclamaci\u00f3n ante una autoridad legal y cualquier otro derecho que pueda corresponderle en virtud de la legislaci\u00f3n aplicable. Para ejercer estos derechos, escr\u00edbanos a dpo@weneos.com. Responderemos a su solicitud de conformidad con la legislaci\u00f3n aplicable.<\/p>\n<p>Puede darse de baja de las comunicaciones de marketing directo o de la elaboraci\u00f3n de perfiles que llevamos a cabo con fines de marketing escribi\u00e9ndonos a dpo@weneos.com.<\/p>\n<p>Tenga en cuenta que si no nos autoriza a recoger o procesar la informaci\u00f3n personal solicitada o si retira su consentimiento a su procesamiento para los fines solicitados, es posible que no pueda acceder o utilizar los servicios para los que se solicit\u00f3 su informaci\u00f3n.<\/p>\n<p>&nbsp;<\/p>\n<h2 class=\"privacy-policy-h2\">7. Cookies<\/h2>\n<p class=\"privacy-policy-p\">Para obtener m\u00e1s informaci\u00f3n sobre c\u00f3mo las utilizamos y sus opciones con respecto a estas tecnolog\u00edas de seguimiento, consulte nuestra Pol\u00edtica de cookies.<\/p>\n<p class=\"privacy-policy-p\"><\/p>\n<h2 class=\"privacy-policy-h2\">8. Seguridad<\/h2>\n<p class=\"privacy-policy-p\">La seguridad de su informaci\u00f3n es importante para nosotros y utilizaremos medidas de seguridad razonables para evitar la p\u00e9rdida, el uso indebido o la alteraci\u00f3n no autorizada de la informaci\u00f3n bajo nuestro control. Sin embargo, dados los riesgos inherentes, no podemos garantizar una seguridad absoluta y, por lo tanto, no podemos asegurar o garantizar la seguridad de cualquier informaci\u00f3n que nos transmita y usted lo hace bajo su propio riesgo.<\/p>\n<p class=\"privacy-policy-p\"><\/p>\n<h2 class=\"privacy-policy-h2\">9. Enlaces de terceros y uso de su informaci\u00f3n<\/h2>\n<p class=\"privacy-policy-p\">Nuestro Servicio puede contener enlaces a otros sitios web que no son operados por nosotros. Esta pol\u00edtica de confidencialidad no se ocupa de la pol\u00edtica de confidencialidad y otras pr\u00e1cticas de terceros, incluido cualquier tercero que opere un sitio web o servicio al que pueda accederse a trav\u00e9s de un enlace en el servicio. Le recomendamos encarecidamente que consulte la pol\u00edtica de confidencialidad de cada sitio que visite. No tenemos ning\u00fan control ni asumimos ninguna responsabilidad por el contenido, las pol\u00edticas de privacidad o las pr\u00e1cticas de ning\u00fan sitio o servicio de terceros.<\/p>\n<p class=\"privacy-policy-p\"><\/p>\n<h2 class=\"privacy-policy-h2\">10. Responsable de quejas y protecci\u00f3n de datos<\/h2>\n<p class=\"privacy-policy-p\">Si tienes alguna pregunta o duda sobre nuestro tratamiento de tu informaci\u00f3n, puedes enviar un correo electr\u00f3nico a nuestro responsable de reclamaciones a WENEOS, 176 rue Robert Schuman, 60610 LACROIX SAINT OUENT, Francia, correo electr\u00f3nico: dpo@weneos.com. Abordaremos sus preocupaciones de conformidad con la legislaci\u00f3n aplicable.<\/p>\n<p><\/p>[\/et_pb_text][\/et_pb_column][\/et_pb_row][\/et_pb_section]<!-- \/wp:post-content -->","protected":false},"excerpt":{"rendered":"<p>Pol\u00edtica de privacidad \u00daltima actualizaci\u00f3n el 12 de septiembre de 2024 Fecha efectiva 12 de septiembre de 2024 Esta Pol\u00edtica de Privacidad describe las pol\u00edticas de WENEOS, 176 rue Robert Schuman, 60610 LACROIX SAINT OUENT, Francia, correo electr\u00f3nico: administration@weneos.com, tel\u00e9fono: 0344243329 sobre la recopilaci\u00f3n, uso y divulgaci\u00f3n de tu informaci\u00f3n que recopilamos cuando utilizas nuestro sitio web https:\/\/weneos.com (el \u00abServicio\u00bb). Al acceder o utilizar el Servicio, usted da su consentimiento a la recopilaci\u00f3n, uso y divulgaci\u00f3n de su informaci\u00f3n de acuerdo con esta Pol\u00edtica de Privacidad. Si no est\u00e1 de acuerdo, no acceda ni utilice el Servicio. Podemos cambiar esta Pol\u00edtica de Privacidad en cualquier momento sin previo aviso y publicaremos la Pol\u00edtica de Privacidad revisada en el Servicio. La pol\u00edtica revisada entrar\u00e1 en vigor 180 d\u00edas despu\u00e9s de la fecha de publicaci\u00f3n de la pol\u00edtica revisada en el servicio y su acceso o uso continuado del servicio despu\u00e9s de ese periodo constituir\u00e1 su aceptaci\u00f3n de la pol\u00edtica de privacidad revisada. Por ello, le recomendamos que consulte esta p\u00e1gina con regularidad. &nbsp; 1. Informaci\u00f3n que recopilamos Recopilaremos y procesaremos la siguiente informaci\u00f3n personal sobre usted: Nombre y apellidos Correo electr\u00f3nico Empresa Direcci\u00f3n &nbsp; 2. C\u00f3mo recopilamos su informaci\u00f3n Recogemos\/recibimos informaci\u00f3n [&hellip;]<\/p>\n","protected":false},"author":1,"featured_media":0,"parent":0,"menu_order":0,"comment_status":"closed","ping_status":"closed","template":"","meta":{"_et_pb_use_builder":"on","_et_pb_old_content":"","_et_gb_content_width":"","footnotes":""},"class_list":["post-57","page","type-page","status-publish","hentry"],"_links":{"self":[{"href":"https:\/\/weneos.com\/es\/wp-json\/wp\/v2\/pages\/57","targetHints":{"allow":["GET"]}}],"collection":[{"href":"https:\/\/weneos.com\/es\/wp-json\/wp\/v2\/pages"}],"about":[{"href":"https:\/\/weneos.com\/es\/wp-json\/wp\/v2\/types\/page"}],"author":[{"embeddable":true,"href":"https:\/\/weneos.com\/es\/wp-json\/wp\/v2\/users\/1"}],"replies":[{"embeddable":true,"href":"https:\/\/weneos.com\/es\/wp-json\/wp\/v2\/comments?post=57"}],"version-history":[{"count":3,"href":"https:\/\/weneos.com\/es\/wp-json\/wp\/v2\/pages\/57\/revisions"}],"predecessor-version":[{"id":12456,"href":"https:\/\/weneos.com\/es\/wp-json\/wp\/v2\/pages\/57\/revisions\/12456"}],"wp:attachment":[{"href":"https:\/\/weneos.com\/es\/wp-json\/wp\/v2\/media?parent=57"}],"curies":[{"name":"wp","href":"https:\/\/api.w.org\/{rel}","templated":true}]}}