{"id":73,"date":"2024-03-01T01:33:25","date_gmt":"2024-03-01T00:33:25","guid":{"rendered":"https:\/\/weneos.com\/politica-de-cookies\/"},"modified":"2024-07-09T09:02:14","modified_gmt":"2024-07-09T07:02:14","slug":"politica-de-cookies","status":"publish","type":"page","link":"https:\/\/weneos.com\/es\/politica-de-cookies\/","title":{"rendered":"Gesti\u00f3n de cookies"},"content":{"rendered":"<p>[et_pb_section fb_built=\u00bb1&#8243; _builder_version=\u00bb4.24.2&#8243; _module_preset=\u00bbdefault\u00bb custom_margin=\u00bb100px||||false|false\u00bb hover_enabled=\u00bb0&#8243; global_colors_info=\u00bb{}\u00bb sticky_enabled=\u00bb0&#8243;][et_pb_row _builder_version=\u00bb4.24.2&#8243; _module_preset=\u00bbdefault\u00bb global_colors_info=\u00bb{}\u00bb][et_pb_column type=\u00bb4_4&#8243; _builder_version=\u00bb4.24.2&#8243; _module_preset=\u00bbdefault\u00bb global_colors_info=\u00bb{}\u00bb][et_pb_text _builder_version=\u00bb4.24.2&#8243; _module_preset=\u00bbdefault\u00bb hover_enabled=\u00bb0&#8243; global_colors_info=\u00bb{}\u00bb sticky_enabled=\u00bb0&#8243; text_font_size=\u00bb16px\u00bb text_orientation=\u00bbjustified\u00bb]<\/p>\n<h1 class=\"cookie-policy-h1\"><strong>Pol\u00edtica de cookies<\/strong><\/h1>\n<p><strong>Fecha de entrada en vigor: 01 de marzo de 2024<\/strong><br \/><strong>\u00daltima actualizaci\u00f3n: 01 de marzo de 2024<\/strong><\/p>\n<p>&nbsp;<\/p>\n<h2>1. \u00bfQu\u00e9 son las cookies?<\/h2>\n<div class=\"cookie-policy-p\">\n<p>Esta pol\u00edtica de cookies explica qu\u00e9 son las cookies y c\u00f3mo las utilizamos, los tipos de cookies que utilizamos, es decir, la informaci\u00f3n que recopilamos utilizando cookies y c\u00f3mo se utiliza esta informaci\u00f3n, y c\u00f3mo gestionar la configuraci\u00f3n de las cookies.<\/p>\n<p>Las cookies son peque\u00f1os archivos de texto que se utilizan para almacenar peque\u00f1as piezas de informaci\u00f3n. Se almacenan en su dispositivo cuando el sitio web se carga en su navegador. Estas cookies nos ayudan a que el sitio web funcione correctamente, a que sea m\u00e1s seguro, a proporcionar una mejor experiencia al usuario, a entender c\u00f3mo funciona el sitio web y a analizar qu\u00e9 funciona y qu\u00e9 debe mejorarse.<\/p>\n<\/div>\n<p>&nbsp;<\/p>\n<h2>2. \u00bfC\u00f3mo utilizamos las cookies?<\/h2>\n<div class=\"cookie-policy-p\">\n<p>Como la mayor\u00eda de los servicios en l\u00ednea, nuestro sitio web utiliza cookies propias y de terceros para diversos fines. Las cookies de origen son, en su mayor parte, necesarias para que el sitio web funcione correctamente y no recogen ning\u00fan dato personal que pueda identificarle.<\/p>\n<p>Las cookies de terceros utilizadas en nuestro sitio web se utilizan principalmente para comprender el rendimiento del sitio web, c\u00f3mo interact\u00faa con nuestro sitio web, para garantizar la seguridad de nuestros servicios, para ofrecer publicidad que sea de su inter\u00e9s y, en general, para ofrecerle una experiencia de usuario mejor y m\u00e1s completa. y ayudar a agilizar sus futuras interacciones con nuestro sitio web.<\/p>\n<\/div>\n<p>&nbsp;<\/p>\n<h2>3. Tipos de cookies que utilizamos<\/h2>\n<div class=\"cky-audit-table-element\">\n<p>Si deja un comentario en nuestro sitio, se le pedir\u00e1 que guarde su nombre, direcci\u00f3n de correo electr\u00f3nico y sitio web en cookies. Esto es s\u00f3lo para tu comodidad, para que no tengas que rellenar esta informaci\u00f3n si dejas otro comentario m\u00e1s tarde. Estas cookies caducan al cabo de un a\u00f1o.<\/p>\n<p>Si accede a la p\u00e1gina de inicio de sesi\u00f3n, se crear\u00e1 una cookie temporal para determinar si su navegador acepta cookies. No contiene ning\u00fan dato personal y se borrar\u00e1 autom\u00e1ticamente cuando cierre su navegador.<\/p>\n<p>Cuando se conecte, instalaremos una serie de cookies para registrar sus datos de acceso y preferencias de pantalla. La vida \u00fatil de una cookie de conexi\u00f3n es de dos d\u00edas, la de una cookie de opci\u00f3n de pantalla es de un a\u00f1o. Si marca \u00abRecordarme\u00bb, su cookie de conexi\u00f3n se almacenar\u00e1 durante quince d\u00edas. Si sale de su cuenta, se borrar\u00e1 la cookie de conexi\u00f3n.<\/p>\n<p>Al modificar o publicar un art\u00edculo, se almacenar\u00e1 una cookie adicional en su navegador. Esta cookie no contiene ning\u00fan dato personal. Simplemente muestra el ID del mensaje que acaba de modificar. Caduca al cabo de un d\u00eda.<\/p>\n<\/div>\n<p>&nbsp;<\/p>\n<h2>4. Gesti\u00f3n de las preferencias de cookies<\/h2>\n<p><a class=\"cky-banner-element\">Configuraci\u00f3n de cookies<\/a><\/p>\n<div>\n<p>Puede cambiar sus preferencias de cookies en cualquier momento haciendo clic en el bot\u00f3n de arriba. Esto le permitir\u00e1 revisar el banner de consentimiento de cookies y modificar sus preferencias o retirar su consentimiento inmediatamente.<\/p>\n<p>Adem\u00e1s, los distintos navegadores ofrecen diferentes m\u00e9todos para bloquear y eliminar las cookies utilizadas por los sitios web. Puede cambiar la configuraci\u00f3n de su navegador para bloquear\/eliminar las cookies.<\/p>\n<p>Para m\u00e1s informaci\u00f3n, consulte el siguiente enlace: http: <a href=\"http:\/\/www.aboutcookies.org\/\" target=\"_blank\" rel=\"noopener\">\/\/www.aboutcookies.org\/<\/a><\/p>\n<\/div>\n<p>[\/et_pb_text][\/et_pb_column][\/et_pb_row][\/et_pb_section]<\/p>\n","protected":false},"excerpt":{"rendered":"<p>Pol\u00edtica de cookies Fecha de entrada en vigor: 01 de marzo de 2024\u00daltima actualizaci\u00f3n: 01 de marzo de 2024 &nbsp; 1. \u00bfQu\u00e9 son las cookies? Esta pol\u00edtica de cookies explica qu\u00e9 son las cookies y c\u00f3mo las utilizamos, los tipos de cookies que utilizamos, es decir, la informaci\u00f3n que recopilamos utilizando cookies y c\u00f3mo se utiliza esta informaci\u00f3n, y c\u00f3mo gestionar la configuraci\u00f3n de las cookies. Las cookies son peque\u00f1os archivos de texto que se utilizan para almacenar peque\u00f1as piezas de informaci\u00f3n. Se almacenan en su dispositivo cuando el sitio web se carga en su navegador. Estas cookies nos ayudan a que el sitio web funcione correctamente, a que sea m\u00e1s seguro, a proporcionar una mejor experiencia al usuario, a entender c\u00f3mo funciona el sitio web y a analizar qu\u00e9 funciona y qu\u00e9 debe mejorarse. &nbsp; 2. \u00bfC\u00f3mo utilizamos las cookies? Como la mayor\u00eda de los servicios en l\u00ednea, nuestro sitio web utiliza cookies propias y de terceros para diversos fines. Las cookies de origen son, en su mayor parte, necesarias para que el sitio web funcione correctamente y no recogen ning\u00fan dato personal que pueda identificarle. Las cookies de terceros utilizadas en nuestro sitio web se utilizan principalmente para [&hellip;]<\/p>\n","protected":false},"author":1,"featured_media":0,"parent":0,"menu_order":0,"comment_status":"closed","ping_status":"closed","template":"","meta":{"_et_pb_use_builder":"on","_et_pb_old_content":"","_et_gb_content_width":"","footnotes":""},"class_list":["post-73","page","type-page","status-publish","hentry"],"_links":{"self":[{"href":"https:\/\/weneos.com\/es\/wp-json\/wp\/v2\/pages\/73","targetHints":{"allow":["GET"]}}],"collection":[{"href":"https:\/\/weneos.com\/es\/wp-json\/wp\/v2\/pages"}],"about":[{"href":"https:\/\/weneos.com\/es\/wp-json\/wp\/v2\/types\/page"}],"author":[{"embeddable":true,"href":"https:\/\/weneos.com\/es\/wp-json\/wp\/v2\/users\/1"}],"replies":[{"embeddable":true,"href":"https:\/\/weneos.com\/es\/wp-json\/wp\/v2\/comments?post=73"}],"version-history":[{"count":3,"href":"https:\/\/weneos.com\/es\/wp-json\/wp\/v2\/pages\/73\/revisions"}],"predecessor-version":[{"id":12120,"href":"https:\/\/weneos.com\/es\/wp-json\/wp\/v2\/pages\/73\/revisions\/12120"}],"wp:attachment":[{"href":"https:\/\/weneos.com\/es\/wp-json\/wp\/v2\/media?parent=73"}],"curies":[{"name":"wp","href":"https:\/\/api.w.org\/{rel}","templated":true}]}}