{"id":8430,"date":"2024-03-29T10:30:17","date_gmt":"2024-03-29T09:30:17","guid":{"rendered":"https:\/\/weneos.com\/sitio-ecodisenado\/"},"modified":"2024-05-20T14:02:26","modified_gmt":"2024-05-20T12:02:26","slug":"sitio-ecodisenado","status":"publish","type":"page","link":"https:\/\/weneos.com\/es\/sitio-ecodisenado\/","title":{"rendered":"Sitio ecodise\u00f1ado"},"content":{"rendered":"<p>[et_pb_section fb_built=\u00bb1&#8243; _builder_version=\u00bb4.24.2&#8243; _module_preset=\u00bbdefault\u00bb custom_margin=\u00bb100px||||false|false\u00bb global_colors_info=\u00bb{}\u00bb][et_pb_row _builder_version=\u00bb4.24.2&#8243; _module_preset=\u00bbdefault\u00bb global_colors_info=\u00bb{}\u00bb][et_pb_column type=\u00bb4_4&#8243; _builder_version=\u00bb4.24.2&#8243; _module_preset=\u00bbdefault\u00bb global_colors_info=\u00bb{}\u00bb][et_pb_text _builder_version=\u00bb4.24.2&#8243; _module_preset=\u00bbdefault\u00bb text_font_size=\u00bb16px\u00bb text_orientation=\u00bbjustified\u00bb global_colors_info=\u00bb{}\u00bb]<\/p>\n<h1><strong><\/strong><\/h1>\n<h1><strong>Este sitio web est\u00e1 ecodise\u00f1ado<\/strong><\/h1>\n<p><strong>\u00daltima actualizaci\u00f3n: 01 de marzo de 2024<br \/>Fecha de entrada en vigor: 1 de marzo de 2024<\/strong><span><\/span><\/p>\n<p><strong><\/strong><\/p>\n<h2>Principio<\/h2>\n<p><span>El dise\u00f1o ecol\u00f3gico se basa en un planteamiento metodol\u00f3gico y en la adopci\u00f3n de un conjunto de buenas pr\u00e1cticas destinadas a minimizar el impacto de los sitios web en el medio ambiente.<\/span><br \/><span>Como parte de ello, hemos tomado medidas para comprender, medir y reducir el impacto ecol\u00f3gico de nuestro sitio web en su conjunto. Ains, utilizamos tecnolog\u00edas que ahorran energ\u00eda y contenidos ligeros y optimizados, al tiempo que garantizamos una experiencia de usuario \u00f3ptima.<\/span><\/p>\n<p><span><\/span><\/p>\n<p><span><\/span><\/p>\n<h2>Medir el dise\u00f1o ecol\u00f3gico<\/h2>\n<p>Evaluamos las p\u00e1ginas en funci\u00f3n de diversos factores de rendimiento, eficiencia y experiencia del usuario, as\u00ed como de las estimaciones de emisiones y el alojamiento ecol\u00f3gico alimentado por energ\u00edas renovables.<\/p>\n<p>Esta evaluaci\u00f3n se basa en una serie de principios clave que aplicamos y cuyas acciones encontrar\u00e1 a continuaci\u00f3n.<\/p>\n<p>[\/et_pb_text][\/et_pb_column][\/et_pb_row][\/et_pb_section][et_pb_section fb_built=\u00bb1&#8243; _builder_version=\u00bb4.24.2&#8243; _module_preset=\u00bbdefault\u00bb custom_padding=\u00bb0px|||||\u00bb global_colors_info=\u00bb{}\u00bb][et_pb_row column_structure=\u00bb1_3,1_3,1_3&#8243; _builder_version=\u00bb4.24.2&#8243; _module_preset=\u00bbdefault\u00bb max_width=\u00bb2560px\u00bb global_colors_info=\u00bb{}\u00bb][et_pb_column type=\u00bb1_3&#8243; _builder_version=\u00bb4.24.2&#8243; _module_preset=\u00bbdefault\u00bb global_colors_info=\u00bb{}\u00bb][et_pb_blurb title=\u00bb1 &#8211; Peso de la p\u00e1gina\u00bb _builder_version=\u00bb4.24.2&#8243; _module_preset=\u00bbdefault\u00bb header_font_size=\u00bb30px\u00bb body_text_align=\u00bbjustify\u00bb body_font_size=\u00bb16px\u00bb global_colors_info=\u00bb{}\u00bb]<\/p>\n<p>Al comprimir el tama\u00f1o del archivo de imagen y eliminar los elementos no utilizados de una p\u00e1gina, no s\u00f3lo reducimos las emisiones, sino que la descarga m\u00e1s r\u00e1pida de la p\u00e1gina tambi\u00e9n har\u00e1 m\u00e1s felices a los usuarios. Se trata de un paso importante para reducir nuestra huella y se mejora continuamente.<\/p>\n<p>[\/et_pb_blurb][et_pb_toggle title=\u00bbOptimizaci\u00f3n de los medios de comunicaci\u00f3n\u00bb _builder_version=\u00bb4.24.2&#8243; _module_preset=\u00bbdefault\u00bb custom_margin=\u00bb0px||10px||false|false\u00bb global_colors_info=\u00bb{}\u00bb]<\/p>\n<p>Las im\u00e1genes, los v\u00eddeos y las animaciones suelen ser los recursos multimedia m\u00e1s importantes de una p\u00e1gina. La optimizaci\u00f3n de estos archivos permite reducir los tiempos de carga y las emisiones.<\/p>\n<p>[\/et_pb_toggle][et_pb_toggle title=\u00bbReducir el peso total de la p\u00e1gina\u00bb _builder_version=\u00bb4.24.2&#8243; _module_preset=\u00bbdefault\u00bb custom_margin=\u00bb0px||10px||false|false\u00bb global_colors_info=\u00bb{}\u00bb]<\/p>\n<p>Las p\u00e1ginas web que utilizan scripts, medios u otros elementos innecesarios pueden ralentizar el rendimiento de la p\u00e1gina, frustrar a los usuarios y aumentar los tiempos de descarga y difusi\u00f3n. Ofrecemos a los usuarios p\u00e1ginas r\u00e1pidas y ligeras eliminando todos los elementos innecesarios.<\/p>\n<p>[\/et_pb_toggle][et_pb_toggle title=\u00bbEliminar c\u00f3digo no utilizado\u00bb _builder_version=\u00bb4.24.2&#8243; _module_preset=\u00bbdefault\u00bb custom_margin=\u00bb0px||10px||false|false\u00bb global_colors_info=\u00bb{}\u00bb]<\/p>\n<p>Los plugins, widgets y frameworks de terceros suelen introducir fragmentos de c\u00f3digo innecesarios en nuestra p\u00e1gina, lo que puede repercutir negativamente en la velocidad de descarga y el rendimiento.<\/p>\n<p>[\/et_pb_toggle][et_pb_toggle title=\u00bbDimensionar correctamente las im\u00e1genes\u00bb _builder_version=\u00bb4.24.2&#8243; _module_preset=\u00bbdefault\u00bb custom_margin=\u00bb0px||10px||false|false\u00bb global_colors_info=\u00bb{}\u00bb]<\/p>\n<p>Difunda im\u00e1genes de tama\u00f1o adecuado para registrar los datos celulares y mejorar el tiempo de carga.<\/p>\n<p>[\/et_pb_toggle][et_pb_toggle title=\u00bbEliminaci\u00f3n de m\u00f3dulos duplicados en paquetes JavaScript\u00bb _builder_version=\u00bb4.24.2&#8243; _module_preset=\u00bbdefault\u00bb custom_margin=\u00bb0px||10px||false|false\u00bb global_colors_info=\u00bb{}\u00bb]<\/p>\n<p>Elimine los m\u00f3dulos JavaScript grandes y duplicados de los paquetes para reducir los bytes innecesarios consumidos por la actividad de la red.<\/p>\n<p>[\/et_pb_toggle][et_pb_toggle title=\u00bbReducir el impacto del c\u00f3digo de terceros\u00bb _builder_version=\u00bb4.24.2&#8243; _module_preset=\u00bbdefault\u00bb custom_margin=\u00bb0px||10px||false|false\u00bb global_colors_info=\u00bb{}\u00bb]<\/p>\n<p>El c\u00f3digo de terceros puede tener un impacto significativo en el rendimiento de la carga. Limitar el n\u00famero de proveedores de terceros redundantes e intentar cargar el c\u00f3digo de terceros una vez que nuestra p\u00e1gina principal haya terminado de cargarse.<\/p>\n<p>[\/et_pb_toggle][\/et_pb_column][et_pb_column type=\u00bb1_3&#8243; _builder_version=\u00bb4.24.2&#8243; _module_preset=\u00bbdefault\u00bb global_colors_info=\u00bb{}\u00bb][et_pb_blurb title=\u00bb2 &#8211; Dise\u00f1o UX\u00bb _builder_version=\u00bb4.24.2&#8243; _module_preset=\u00bbdefault\u00bb header_font_size=\u00bb30px\u00bb body_text_align=\u00bbjustify\u00bb body_font_size=\u00bb16px\u00bb global_colors_info=\u00bb{}\u00bb]<\/p>\n<p>Crear una experiencia de usuario accesible, sin barreras ni intrusiones, ayuda a los usuarios a encontrar lo que necesitan y a hacer las cosas con rapidez. Esto es importante porque el uso de dispositivos de consumo final puede suponer hasta el 52% de las emisiones totales de un producto o servicio digital.<\/p>\n<p>[\/et_pb_blurb][et_pb_toggle title=\u00bbMejorar la representaci\u00f3n de las p\u00e1ginas\u00bb _builder_version=\u00bb4.24.2&#8243; _module_preset=\u00bbdefault\u00bb custom_margin=\u00bb0px||10px||false|false\u00bb global_colors_info=\u00bb{}\u00bb]<\/p>\n<p>Los estudios han demostrado que los usuarios abandonan r\u00e1pidamente las p\u00e1ginas que no muestran contenido. El contenido de la p\u00e1gina \u00abpor encima de la l\u00ednea de flotaci\u00f3n\u00bb debe mostrarse en el dispositivo del usuario en un m\u00e1ximo de 2,5 segundos. Esto es especialmente importante en zonas con poco ancho de banda y para usuarios con dispositivos antiguos.<\/p>\n<p>[\/et_pb_toggle][et_pb_toggle title=\u00bbInteracci\u00f3n entre p\u00e1ginas\u00bb _builder_version=\u00bb4.24.2&#8243; _module_preset=\u00bbdefault\u00bb custom_margin=\u00bb0px||10px||false|false\u00bb global_colors_info=\u00bb{}\u00bb]<\/p>\n<p>Las p\u00e1ginas que responden con lentitud o no responden como se espera a las interacciones del usuario (como pulsaciones de botones, pulsaciones de teclas, entradas en formularios, etc.) consumen m\u00e1s energ\u00eda y frustran a los usuarios.<\/p>\n<p>[\/et_pb_toggle][et_pb_toggle title=\u00bbOptimizar los contenidos para las b\u00fasquedas\u00bb _builder_version=\u00bb4.24.2&#8243; _module_preset=\u00bbdefault\u00bb custom_margin=\u00bb0px||10px||false|false\u00bb global_colors_info=\u00bb{}\u00bb]<\/p>\n<p>Las p\u00e1ginas que utilizan las mejores pr\u00e1cticas de SEO ayudan a los usuarios a encontrar el contenido m\u00e1s r\u00e1pidamente, reduciendo la energ\u00eda empleada en la b\u00fasqueda. Las p\u00e1ginas optimizadas para la b\u00fasqueda tambi\u00e9n suelen ser m\u00e1s accesibles y funcionar en una gama m\u00e1s amplia de dispositivos y plataformas. Esto reduce la cantidad de energ\u00eda (y frustraci\u00f3n) que gastan los usuarios cuando hay obst\u00e1culos.<\/p>\n<p>[\/et_pb_toggle][et_pb_toggle title=\u00bbAccesibilidad\u00bb _builder_version=\u00bb4.24.2&#8243; _module_preset=\u00bbdefault\u00bb custom_margin=\u00bb0px||10px||false|false\u00bb global_colors_info=\u00bb{}\u00bb]<\/p>\n<p>Las p\u00e1ginas accesibles suelen funcionar en una gama m\u00e1s amplia de dispositivos y plataformas, incluidas las tecnolog\u00edas de apoyo utilizadas por personas con discapacidad. Dar prioridad a la accesibilidad reduce la cantidad de energ\u00eda (y frustraci\u00f3n) que gastan los usuarios cuando existen obst\u00e1culos. Es m\u00e1s, es exactamente lo que hay que hacer.<\/p>\n<p>[\/et_pb_toggle][et_pb_toggle title=\u00bbServir activos est\u00e1ticos con una pol\u00edtica eficaz de almacenamiento en cach\u00e9\u00bb _builder_version=\u00bb4.24.2&#8243; _module_preset=\u00bbdefault\u00bb custom_margin=\u00bb0px||10px||false|false\u00bb global_colors_info=\u00bb{}\u00bb]<\/p>\n<p>Una larga duraci\u00f3n de la cach\u00e9 puede acelerar la repetici\u00f3n de visitas a su p\u00e1gina.<\/p>\n<p>[\/et_pb_toggle][et_pb_toggle title=\u00bbImagen con anchura y altura expl\u00edcitas\u00bb _builder_version=\u00bb4.24.2&#8243; _module_preset=\u00bbdefault\u00bb custom_margin=\u00bb0px||10px||false|false\u00bb global_colors_info=\u00bb{}\u00bb]<\/p>\n<p>Defina una anchura y altura expl\u00edcitas para los elementos de imagen con el fin de reducir los cambios de dise\u00f1o y mejorar la experiencia.<\/p>\n<p>[\/et_pb_toggle][et_pb_toggle title=\u00bbEvitar redireccionamientos multip\u00e1gina\u00bb _builder_version=\u00bb4.24.2&#8243; _module_preset=\u00bbdefault\u00bb custom_margin=\u00bb0px||10px||false|false\u00bb global_colors_info=\u00bb{}\u00bb]<\/p>\n<p>Los redireccionamientos de p\u00e1ginas reducen la velocidad de las p\u00e1ginas. Las p\u00e1ginas se marcan si contienen dos o m\u00e1s redirecciones. Para evitarlo, consultamos la lista de redirecciones y actualizamos los enlaces para que apunten directamente a la ubicaci\u00f3n real de cada recurso. Esto eliminar\u00e1 redireccionamientos innecesarios y reducir\u00e1 los tiempos de carga.<\/p>\n<p>[\/et_pb_toggle][et_pb_toggle title=\u00bbEscuchas pasivas para mejorar el rendimiento del desplazamiento\u00bb _builder_version=\u00bb4.24.2&#8243; _module_preset=\u00bbdefault\u00bb custom_margin=\u00bb0px||10px||false|false\u00bb global_colors_info=\u00bb{}\u00bb]<\/p>\n<p>Piensa en marcar tus escuchadores de eventos t\u00e1ctiles y de rueda de desplazamiento como \u00abpasivos\u00bb para mejorar el rendimiento de desplazamiento de tu p\u00e1gina.<\/p>\n<p>[\/et_pb_toggle][et_pb_toggle title=\u00bbPreconexi\u00f3n a los or\u00edgenes requeridos\u00bb _builder_version=\u00bb4.24.2&#8243; _module_preset=\u00bbdefault\u00bb custom_margin=\u00bb0px||10px||false|false\u00bb global_colors_info=\u00bb{}\u00bb]<\/p>\n<p>Considere la posibilidad de a\u00f1adir sugerencias de recursos \u00abpreconnect\u00bb o \u00abdns-prefetch\u00bb para establecer conexiones tempranas con or\u00edgenes importantes de terceros.<\/p>\n<p>[\/et_pb_toggle][et_pb_toggle title=\u00bbReducir las peticiones al servidor\u00bb _builder_version=\u00bb4.24.2&#8243; _module_preset=\u00bbdefault\u00bb custom_margin=\u00bb0px||10px||false|false\u00bb global_colors_info=\u00bb{}\u00bb]<\/p>\n<p>Cada vez que su p\u00e1gina hace una petici\u00f3n al servidor, se necesita energ\u00eda para transferir y mostrar los datos. Reducir el n\u00famero de peticiones que realizan nuestras p\u00e1ginas puede mejorar el rendimiento y reducir las emisiones.<\/p>\n<p>[\/et_pb_toggle][\/et_pb_column][et_pb_column type=\u00bb1_3&#8243; _builder_version=\u00bb4.24.2&#8243; _module_preset=\u00bbdefault\u00bb global_colors_info=\u00bb{}\u00bb][et_pb_blurb title=\u00bb3 &#8211; Alojamiento ecol\u00f3gico\u00bb _builder_version=\u00bb4.24.2&#8243; _module_preset=\u00bbdefault\u00bb header_font_size=\u00bb30px\u00bb body_text_align=\u00bbjustify\u00bb body_font_size=\u00bb16px\u00bb global_colors_info=\u00bb{}\u00bb]<\/p>\n<p>Elegir un alojamiento web que alimente sus servidores con energ\u00eda renovable puede reducir el impacto ambiental de su producto o servicio digital en torno a un 15%. Pero no todas las energ\u00edas renovables son iguales. Por eso es vital elegir un socio de alojamiento que alimente sus centros de datos directamente con energ\u00eda renovable, en lugar de uno que compre compensaciones o cr\u00e9ditos de energ\u00eda renovable (REC) desagregados.<\/p>\n<p>[\/et_pb_blurb][et_pb_toggle title=\u00bbAlojamiento ecol\u00f3gico\u00bb _builder_version=\u00bb4.24.2&#8243; _module_preset=\u00bbdefault\u00bb custom_margin=\u00bb0px||10px||false|false\u00bb global_colors_info=\u00bb{}\u00bb]<\/p>\n<p>Alimentar los servidores con energ\u00edas renovables es una opci\u00f3n importante para reducir de forma mensurable el impacto medioambiental de nuestro producto o servicio. Por eso hemos elegido Hostinger.<\/p>\n<p>[\/et_pb_toggle][\/et_pb_column][\/et_pb_row][\/et_pb_section]<\/p>\n","protected":false},"excerpt":{"rendered":"<p>Este sitio web est\u00e1 ecodise\u00f1ado \u00daltima actualizaci\u00f3n: 01 de marzo de 2024Fecha de entrada en vigor: 1 de marzo de 2024 Principio El dise\u00f1o ecol\u00f3gico se basa en un planteamiento metodol\u00f3gico y en la adopci\u00f3n de un conjunto de buenas pr\u00e1cticas destinadas a minimizar el impacto de los sitios web en el medio ambiente.Como parte de ello, hemos tomado medidas para comprender, medir y reducir el impacto ecol\u00f3gico de nuestro sitio web en su conjunto. Ains, utilizamos tecnolog\u00edas que ahorran energ\u00eda y contenidos ligeros y optimizados, al tiempo que garantizamos una experiencia de usuario \u00f3ptima. Medir el dise\u00f1o ecol\u00f3gico Evaluamos las p\u00e1ginas en funci\u00f3n de diversos factores de rendimiento, eficiencia y experiencia del usuario, as\u00ed como de las estimaciones de emisiones y el alojamiento ecol\u00f3gico alimentado por energ\u00edas renovables. Esta evaluaci\u00f3n se basa en una serie de principios clave que aplicamos y cuyas acciones encontrar\u00e1 a continuaci\u00f3n.Al comprimir el tama\u00f1o del archivo de imagen y eliminar los elementos no utilizados de una p\u00e1gina, no s\u00f3lo reducimos las emisiones, sino que la descarga m\u00e1s r\u00e1pida de la p\u00e1gina tambi\u00e9n har\u00e1 m\u00e1s felices a los usuarios. Se trata de un paso importante para reducir nuestra huella y se mejora continuamente.Las im\u00e1genes, los [&hellip;]<\/p>\n","protected":false},"author":1,"featured_media":0,"parent":0,"menu_order":0,"comment_status":"closed","ping_status":"closed","template":"","meta":{"_et_pb_use_builder":"on","_et_pb_old_content":"","_et_gb_content_width":"","footnotes":""},"class_list":["post-8430","page","type-page","status-publish","hentry"],"_links":{"self":[{"href":"https:\/\/weneos.com\/es\/wp-json\/wp\/v2\/pages\/8430","targetHints":{"allow":["GET"]}}],"collection":[{"href":"https:\/\/weneos.com\/es\/wp-json\/wp\/v2\/pages"}],"about":[{"href":"https:\/\/weneos.com\/es\/wp-json\/wp\/v2\/types\/page"}],"author":[{"embeddable":true,"href":"https:\/\/weneos.com\/es\/wp-json\/wp\/v2\/users\/1"}],"replies":[{"embeddable":true,"href":"https:\/\/weneos.com\/es\/wp-json\/wp\/v2\/comments?post=8430"}],"version-history":[{"count":3,"href":"https:\/\/weneos.com\/es\/wp-json\/wp\/v2\/pages\/8430\/revisions"}],"predecessor-version":[{"id":11285,"href":"https:\/\/weneos.com\/es\/wp-json\/wp\/v2\/pages\/8430\/revisions\/11285"}],"wp:attachment":[{"href":"https:\/\/weneos.com\/es\/wp-json\/wp\/v2\/media?parent=8430"}],"curies":[{"name":"wp","href":"https:\/\/api.w.org\/{rel}","templated":true}]}}