{"id":91,"date":"2024-03-07T11:08:56","date_gmt":"2024-03-07T10:08:56","guid":{"rendered":"https:\/\/weneos.com\/declaracion-de-accesibilidad\/"},"modified":"2024-09-12T00:59:29","modified_gmt":"2024-09-11T22:59:29","slug":"declaracion-de-accesibilidad","status":"publish","type":"page","link":"https:\/\/weneos.com\/es\/declaracion-de-accesibilidad\/","title":{"rendered":"Declaraci\u00f3n de accesibilidad"},"content":{"rendered":"<p>[et_pb_section fb_built=\u00bb1&#8243; _builder_version=\u00bb4.24.2&#8243; _module_preset=\u00bbdefault\u00bb custom_margin=\u00bb100px||||false|false\u00bb global_colors_info=\u00bb{}\u00bb][et_pb_row _builder_version=\u00bb4.24.2&#8243; _module_preset=\u00bbdefault\u00bb global_colors_info=\u00bb{}\u00bb][et_pb_column type=\u00bb4_4&#8243; _builder_version=\u00bb4.24.2&#8243; _module_preset=\u00bbdefault\u00bb global_colors_info=\u00bb{}\u00bb][et_pb_text _builder_version=\u00bb4.24.2&#8243; _module_preset=\u00bbdefault\u00bb text_font_size=\u00bb16px\u00bb text_orientation=\u00bbjustified\u00bb global_colors_info=\u00bb{}\u00bb]<\/p>\n<h1><strong>Declaraci\u00f3n de accesibilidad<\/strong><\/h1>\n<p><strong><br \/>\u00daltima actualizaci\u00f3n el 12 de septiembre de 2024 Fecha efectiva 12 de septiembre de 2024<\/strong><\/p>\n<p>&nbsp;<\/p>\n<h2>1. General<\/h2>\n<p>Weneos se esfuerza por garantizar que sus servicios sean accesibles a las personas con discapacidad. Weneos ha invertido importantes recursos para garantizar que su sitio web sea m\u00e1s f\u00e1cil de usar y m\u00e1s accesible para las personas con discapacidad, con la firme convicci\u00f3n de que toda persona tiene derecho a vivir con dignidad, igualdad, comodidad e independencia.<\/p>\n<p>&nbsp;<\/p>\n<h2>2. Accesibilidad en weneos.com<\/h2>\n<p>Weneos.com proporciona el widget <a href=\"https:\/\/UserWay.org\" target=\"_blank\" rel=\"noopener\">UserWay<\/a>, que funciona con un servidor de accesibilidad dedicado. El software permite a Weneos.com mejorar su cumplimiento de las Pautas de Accesibilidad al Contenido en la Web (WCAG 2.1).<\/p>\n<p>&nbsp;<\/p>\n<h2>3. Activar el men\u00fa de accesibilidad<\/h2>\n<p>El men\u00fa de accesibilidad de weneos.com puede activarse pulsando el tabulador cuando se carga la p\u00e1gina por primera vez o haciendo clic en el icono del men\u00fa de accesibilidad que aparece en la esquina de la p\u00e1gina. Despu\u00e9s de activar el men\u00fa de accesibilidad, espere un momento a que se cargue por completo.<\/p>\n<p>&nbsp;<\/p>\n<h2>4. Exenci\u00f3n de responsabilidad<\/h2>\n<p>Weneos sigue esforz\u00e1ndose por mejorar constantemente la accesibilidad de su sitio y sus servicios, convencido de que es nuestra obligaci\u00f3n moral colectiva permitir un uso transparente, accesible y sin trabas, incluso para quienes tenemos alguna discapacidad.<\/p>\n<p>En un esfuerzo continuo por mejorar y resolver los problemas de accesibilidad, tambi\u00e9n escaneamos peri\u00f3dicamente weneos.com con el esc\u00e1ner de accesibilidad de UserWay para identificar y corregir cualquier posible barrera de accesibilidad en nuestro sitio. A pesar de nuestros esfuerzos por hacer que todas las p\u00e1ginas y contenidos de weneos.com sean plenamente accesibles, es posible que algunos contenidos no est\u00e9n a\u00fan totalmente adaptados a las normas de accesibilidad m\u00e1s estrictas. Esto puede deberse a que no se ha encontrado o identificado la soluci\u00f3n tecnol\u00f3gica m\u00e1s adecuada.<\/p>\n<p>&nbsp;<\/p>\n<h2>5. Contacto<\/h2>\n<p>Si tiene dificultades con alg\u00fan contenido de weneos.com, desea informar de un problema de accesibilidad, tiene alguna pregunta o necesita ayuda con alguna parte de nuestro sitio, p\u00f3ngase en contacto con nosotros en horario laboral y estaremos encantados de ayudarle.<\/p>\n<p>[\/et_pb_text][\/et_pb_column][\/et_pb_row][\/et_pb_section]<\/p>\n","protected":false},"excerpt":{"rendered":"<p>Declaraci\u00f3n de accesibilidad \u00daltima actualizaci\u00f3n el 12 de septiembre de 2024 Fecha efectiva 12 de septiembre de 2024 &nbsp; 1. General Weneos se esfuerza por garantizar que sus servicios sean accesibles a las personas con discapacidad. Weneos ha invertido importantes recursos para garantizar que su sitio web sea m\u00e1s f\u00e1cil de usar y m\u00e1s accesible para las personas con discapacidad, con la firme convicci\u00f3n de que toda persona tiene derecho a vivir con dignidad, igualdad, comodidad e independencia. &nbsp; 2. Accesibilidad en weneos.com Weneos.com proporciona el widget UserWay, que funciona con un servidor de accesibilidad dedicado. El software permite a Weneos.com mejorar su cumplimiento de las Pautas de Accesibilidad al Contenido en la Web (WCAG 2.1). &nbsp; 3. Activar el men\u00fa de accesibilidad El men\u00fa de accesibilidad de weneos.com puede activarse pulsando el tabulador cuando se carga la p\u00e1gina por primera vez o haciendo clic en el icono del men\u00fa de accesibilidad que aparece en la esquina de la p\u00e1gina. Despu\u00e9s de activar el men\u00fa de accesibilidad, espere un momento a que se cargue por completo. &nbsp; 4. Exenci\u00f3n de responsabilidad Weneos sigue esforz\u00e1ndose por mejorar constantemente la accesibilidad de su sitio y sus servicios, convencido de que es nuestra [&hellip;]<\/p>\n","protected":false},"author":1,"featured_media":0,"parent":0,"menu_order":0,"comment_status":"closed","ping_status":"closed","template":"","meta":{"_et_pb_use_builder":"on","_et_pb_old_content":"","_et_gb_content_width":"","footnotes":""},"class_list":["post-91","page","type-page","status-publish","hentry"],"_links":{"self":[{"href":"https:\/\/weneos.com\/es\/wp-json\/wp\/v2\/pages\/91","targetHints":{"allow":["GET"]}}],"collection":[{"href":"https:\/\/weneos.com\/es\/wp-json\/wp\/v2\/pages"}],"about":[{"href":"https:\/\/weneos.com\/es\/wp-json\/wp\/v2\/types\/page"}],"author":[{"embeddable":true,"href":"https:\/\/weneos.com\/es\/wp-json\/wp\/v2\/users\/1"}],"replies":[{"embeddable":true,"href":"https:\/\/weneos.com\/es\/wp-json\/wp\/v2\/comments?post=91"}],"version-history":[{"count":5,"href":"https:\/\/weneos.com\/es\/wp-json\/wp\/v2\/pages\/91\/revisions"}],"predecessor-version":[{"id":12436,"href":"https:\/\/weneos.com\/es\/wp-json\/wp\/v2\/pages\/91\/revisions\/12436"}],"wp:attachment":[{"href":"https:\/\/weneos.com\/es\/wp-json\/wp\/v2\/media?parent=91"}],"curies":[{"name":"wp","href":"https:\/\/api.w.org\/{rel}","templated":true}]}}