{"id":10063,"date":"2024-04-08T21:09:44","date_gmt":"2024-04-08T19:09:44","guid":{"rendered":"https:\/\/weneos.com\/?page_id=10063"},"modified":"2024-04-15T15:41:02","modified_gmt":"2024-04-15T13:41:02","slug":"resistance-au-sable","status":"publish","type":"page","link":"https:\/\/weneos.com\/fr\/nos-activites\/protection-solaire\/resistance-au-sable\/","title":{"rendered":"R\u00e9sistance au Sable"},"content":{"rendered":"<p>[et_pb_section fb_built=\u00a0\u00bb1&Prime; _builder_version=\u00a0\u00bb4.24.2&Prime; _module_preset=\u00a0\u00bbdefault\u00a0\u00bb custom_padding=\u00a0\u00bb200px||1px||false|false\u00a0\u00bb global_colors_info=\u00a0\u00bb{}\u00a0\u00bb][et_pb_row column_structure=\u00a0\u00bb1_2,1_2&Prime; _builder_version=\u00a0\u00bb4.24.2&Prime; _module_preset=\u00a0\u00bbdefault\u00a0\u00bb max_width=\u00a0\u00bb2560px\u00a0\u00bb global_colors_info=\u00a0\u00bb{}\u00a0\u00bb][et_pb_column type=\u00a0\u00bb1_2&Prime; _builder_version=\u00a0\u00bb4.24.2&Prime; _module_preset=\u00a0\u00bbdefault\u00a0\u00bb global_colors_info=\u00a0\u00bb{}\u00a0\u00bb][dsm_card image=\u00a0\u00bbhttps:\/\/weneos.com\/wp-content\/uploads\/2024\/03\/SandResistance-scaled.jpeg\u00a0\u00bb image_background_height=\u00a0\u00bb480px\u00a0\u00bb button_url_new_window=\u00a0\u00bb1&Prime; _builder_version=\u00a0\u00bb4.24.3&Prime; _module_preset=\u00a0\u00bbdefault\u00a0\u00bb global_colors_info=\u00a0\u00bb{}\u00a0\u00bb][\/dsm_card][\/et_pb_column][et_pb_column type=\u00a0\u00bb1_2&Prime; _builder_version=\u00a0\u00bb4.24.2&Prime; _module_preset=\u00a0\u00bbdefault\u00a0\u00bb global_colors_info=\u00a0\u00bb{}\u00a0\u00bb][dsm_text_notation before_text=\u00a0\u00bbR\u00e9sistance au \u00a0\u00bb notation_text=\u00a0\u00bbSable\u00a0\u00bb notation_type=\u00a0\u00bbhighlight\u00a0\u00bb notation_width=\u00a0\u00bb2&Prime; notation_iterations=\u00a0\u00bb4&Prime; notation_background_color=\u00a0\u00bb#82368c\u00a0\u00bb _builder_version=\u00a0\u00bb4.24.3&Prime; _module_preset=\u00a0\u00bbdefault\u00a0\u00bb header_text_color=\u00a0\u00bb#FFFFFF\u00a0\u00bb header_font_size=\u00a0\u00bb40px\u00a0\u00bb before_text_color=\u00a0\u00bb#000000&Prime; notation_text_color=\u00a0\u00bb#FFFFFF\u00a0\u00bb after_text_color=\u00a0\u00bb#000000&Prime; text_orientation=\u00a0\u00bbleft\u00a0\u00bb border_width_bottom=\u00a0\u00bb5px\u00a0\u00bb border_color_all_notation=\u00a0\u00bbRGBA(255,255,255,0)\u00a0\u00bb global_colors_info=\u00a0\u00bb{}\u00a0\u00bb][\/dsm_text_notation][et_pb_text _builder_version=\u00a0\u00bb4.24.3&Prime; _module_preset=\u00a0\u00bbdefault\u00a0\u00bb text_font_size=\u00a0\u00bb16px\u00a0\u00bb text_orientation=\u00a0\u00bbjustified\u00a0\u00bb global_colors_info=\u00a0\u00bb{}\u00a0\u00bb]<\/p>\n<p><span>Au-del\u00e0 de la performance statique de protection solaire fournie par les produits de protection solaire contre les radiations UV, la photoprotection est mise \u00e0 l\u2019\u00e9preuve par les consommateurs dans des conditions r\u00e9elles d\u2019utilisation comme la r\u00e9sistance \u00e0 l\u2019eau, \u00e0 la sueur, etc.\u00a0<\/span><\/p>\n<p><span>Cependant, aucune m\u00e9thode normalis\u00e9e ou harmonis\u00e9e in vivo ou in vitro n\u2019est disponible aujourd\u2019hui pour l\u2019\u00e9valuation de la r\u00e9sistance de la photoprotection directement li\u00e9 au sable. En effet, la pr\u00e9sence de sable peut d\u00e9t\u00e9riorer le film de produit solaire mais qui peut aussi amener le consommateur \u00e0 se frotter pour retirer le sable r\u00e9siduel.<\/span><\/p>\n<p>Afin de d\u00e9terminer et justifier cette all\u00e9gation d&rsquo;efficacit\u00e9 du produit, WENEOS a d\u00e9velopp\u00e9 une m\u00e9thode in vitro exclusive qui n\u00e9cessite la mesure d&rsquo;un facteur de protection solaire (FPS) avant et\/ou apr\u00e8s une exposition sable q<span>ui est crucial pour assurer la protection du consommateur.<\/span><\/p>\n<p>[\/et_pb_text][et_pb_button button_url=\u00a0\u00bbmailto:commercial@weneos.com\u00a0\u00bb button_text=\u00a0\u00bbDemande de devis\u00a0\u00bb _builder_version=\u00a0\u00bb4.24.2&Prime; _module_preset=\u00a0\u00bbdefault\u00a0\u00bb global_colors_info=\u00a0\u00bb{}\u00a0\u00bb][\/et_pb_button][\/et_pb_column][\/et_pb_row][et_pb_row column_structure=\u00a0\u00bb1_3,1_3,1_3&Prime; _builder_version=\u00a0\u00bb4.24.2&Prime; _module_preset=\u00a0\u00bbdefault\u00a0\u00bb background_color=\u00a0\u00bb#f4f0ec\u00a0\u00bb width=\u00a0\u00bb100%\u00a0\u00bb max_width=\u00a0\u00bb2560px\u00a0\u00bb module_alignment=\u00a0\u00bbcenter\u00a0\u00bb custom_margin=\u00a0\u00bb||||false|false\u00a0\u00bb custom_padding=\u00a0\u00bb50px||50px||false|false\u00a0\u00bb global_colors_info=\u00a0\u00bb{}\u00a0\u00bb][et_pb_column type=\u00a0\u00bb1_3&Prime; _builder_version=\u00a0\u00bb4.24.2&Prime; _module_preset=\u00a0\u00bbdefault\u00a0\u00bb global_colors_info=\u00a0\u00bb{}\u00a0\u00bb][et_pb_number_counter title=\u00a0\u00bbjours pour une \u00e9tude in vitro avec un rapport final\u00a0\u00bb number=\u00a0\u00bb7&Prime; percent_sign=\u00a0\u00bboff\u00a0\u00bb _builder_version=\u00a0\u00bb4.24.3&Prime; _module_preset=\u00a0\u00bbdefault\u00a0\u00bb global_colors_info=\u00a0\u00bb{}\u00a0\u00bb][\/et_pb_number_counter][\/et_pb_column][et_pb_column type=\u00a0\u00bb1_3&Prime; _builder_version=\u00a0\u00bb4.24.2&Prime; _module_preset=\u00a0\u00bbdefault\u00a0\u00bb global_colors_info=\u00a0\u00bb{}\u00a0\u00bb][et_pb_number_counter title=\u00a0\u00bb\u00e9tudes solaires effectu\u00e9es\u00a0\u00bb number=\u00a0\u00bb+25000&Prime; percent_sign=\u00a0\u00bboff\u00a0\u00bb _builder_version=\u00a0\u00bb4.24.3&Prime; _module_preset=\u00a0\u00bbdefault\u00a0\u00bb global_colors_info=\u00a0\u00bb{}\u00a0\u00bb][\/et_pb_number_counter][\/et_pb_column][et_pb_column type=\u00a0\u00bb1_3&Prime; _builder_version=\u00a0\u00bb4.24.2&Prime; _module_preset=\u00a0\u00bbdefault\u00a0\u00bb global_colors_info=\u00a0\u00bb{}\u00a0\u00bb][et_pb_number_counter title=\u00a0\u00bbconformit\u00e9 avec les normes solaires\u00a0\u00bb number=\u00a0\u00bb100&Prime; _builder_version=\u00a0\u00bb4.24.2&Prime; _module_preset=\u00a0\u00bbdefault\u00a0\u00bb global_colors_info=\u00a0\u00bb{}\u00a0\u00bb][\/et_pb_number_counter][\/et_pb_column][\/et_pb_row][\/et_pb_section][et_pb_section fb_built=\u00a0\u00bb1&Prime; _builder_version=\u00a0\u00bb4.24.2&Prime; _module_preset=\u00a0\u00bbdefault\u00a0\u00bb background_enable_color=\u00a0\u00bboff\u00a0\u00bb custom_padding=\u00a0\u00bb||||false|false\u00a0\u00bb global_colors_info=\u00a0\u00bb{}\u00a0\u00bb][et_pb_row _builder_version=\u00a0\u00bb4.24.3&Prime; _module_preset=\u00a0\u00bbdefault\u00a0\u00bb custom_margin=\u00a0\u00bb||||false|false\u00a0\u00bb global_colors_info=\u00a0\u00bb{}\u00a0\u00bb][et_pb_column type=\u00a0\u00bb4_4&Prime; _builder_version=\u00a0\u00bb4.24.2&Prime; _module_preset=\u00a0\u00bbdefault\u00a0\u00bb global_colors_info=\u00a0\u00bb{}\u00a0\u00bb][dsm_text_divider header=\u00a0\u00bbREVENDICATION\u00a0\u00bb _builder_version=\u00a0\u00bb4.24.3&Prime; _module_preset=\u00a0\u00bbdefault\u00a0\u00bb header_level=\u00a0\u00bbh1&Prime; header_font=\u00a0\u00bb|600||on|||||\u00a0\u00bb custom_margin=\u00a0\u00bb||||false|false\u00a0\u00bb custom_padding=\u00a0\u00bb||||false|false\u00a0\u00bb global_colors_info=\u00a0\u00bb{}\u00a0\u00bb][\/dsm_text_divider][et_pb_text _builder_version=\u00a0\u00bb4.24.3&Prime; _module_preset=\u00a0\u00bbdefault\u00a0\u00bb text_font_size=\u00a0\u00bb16px\u00a0\u00bb text_orientation=\u00a0\u00bbjustified\u00a0\u00bb global_colors_info=\u00a0\u00bb{}\u00a0\u00bb]<\/p>\n<blockquote>\n<p>Nous vous proposons d\u2019\u00e9valuer la protection solaire de vos produits en totale conformit\u00e9 avec les m\u00e9thodes officielles ou de revendiquer les propri\u00e9t\u00e9s de vos produits par des tests exclusifs d\u00e9velopp\u00e9s par WENEOS.<\/p>\n<\/blockquote>\n<p>[\/et_pb_text][dsm_faq _builder_version=\u00a0\u00bb4.24.3&Prime; _module_preset=\u00a0\u00bbdefault\u00a0\u00bb global_colors_info=\u00a0\u00bb{}\u00a0\u00bb][dsm_faq_child dsm_title=\u00a0\u00bbR\u00e9sistance au Sable in vitro\u00a0\u00bb dsm_content=\u00a0\u00bb<\/p>\n<p>Cette nouvelle m\u00e9thode in vitro permet d&rsquo;\u00e9valuer le pourcentage de R\u00e9sistance au Sable d&rsquo;un produit solaire en comparant le rapport du FPS (Facteur de Protection Solaire) in vitro avant et apr\u00e8s un temps d&rsquo;agitation dans un sable standardis\u00e9 sp\u00e9cifique. Pour cela, le produit est \u00e9tal\u00e9 sur un support textur\u00e9, la quantit\u00e9 surfacique \u00e9tant identique \u00e0 celle utilis\u00e9e pour la d\u00e9termination du FPS. Les \u00e9chantillons sont mis en contact avec le sable et agit\u00e9s avec un agitateur automatique. Les conditions d&rsquo;essai telles que le temps, la vitesse et les mouvements d&rsquo;agitation dans le sable ont \u00e9t\u00e9 pr\u00e9alablement s\u00e9lectionn\u00e9es pour obtenir des r\u00e9sultats fiables et ne permettre qu&rsquo;un frottement mod\u00e9r\u00e9 du sable.<\/p>\n<p>(r\u00e9f. HeSAND)<\/p>\n<p><em><strong>M\u00e9thode publi\u00e9e : <\/strong>New in vitro method for sand resistance assessment of sunscreen products \u2013 S. MIKSA and C. VINCENT, H&#038;PC Today, Vol 16(6), November\/December 2021<\/em><\/p>\n<p>\u00a0\u00bb _builder_version=\u00a0\u00bb4.24.3&Prime; _module_preset=\u00a0\u00bbdefault\u00a0\u00bb content_text_align=\u00a0\u00bbjustify\u00a0\u00bb global_colors_info=\u00a0\u00bb{}\u00a0\u00bb parentOrderClass=\u00a0\u00bbdsm_faq_0&Prime;][\/dsm_faq_child][\/dsm_faq][\/et_pb_column][\/et_pb_row][et_pb_row _builder_version=\u00a0\u00bb4.24.2&Prime; _module_preset=\u00a0\u00bbdefault\u00a0\u00bb custom_margin=\u00a0\u00bb||50px||false|false\u00a0\u00bb global_colors_info=\u00a0\u00bb{}\u00a0\u00bb][et_pb_column type=\u00a0\u00bb4_4&Prime; _builder_version=\u00a0\u00bb4.24.2&Prime; _module_preset=\u00a0\u00bbdefault\u00a0\u00bb global_colors_info=\u00a0\u00bb{}\u00a0\u00bb][dsm_text_divider header=\u00a0\u00bbContr\u00f4le\u00a0\u00bb _builder_version=\u00a0\u00bb4.24.3&Prime; _module_preset=\u00a0\u00bbdefault\u00a0\u00bb header_level=\u00a0\u00bbh1&Prime; header_font=\u00a0\u00bb|600||on|||||\u00a0\u00bb custom_padding=\u00a0\u00bb||||false|false\u00a0\u00bb global_colors_info=\u00a0\u00bb{}\u00a0\u00bb][\/dsm_text_divider][et_pb_text _builder_version=\u00a0\u00bb4.24.3&Prime; _module_preset=\u00a0\u00bbdefault\u00a0\u00bb text_font_size=\u00a0\u00bb16px\u00a0\u00bb text_orientation=\u00a0\u00bbjustified\u00a0\u00bb global_colors_info=\u00a0\u00bb{}\u00a0\u00bb]<\/p>\n<blockquote>\n<p>Afin d\u2019optimiser vos produits solaires ou de contr\u00f4ler la qualit\u00e9 de vos produits, nous vous proposons des tests exclusifs d\u00e9velopp\u00e9s par WENEOS.<\/p>\n<\/blockquote>\n<p>[\/et_pb_text][dsm_faq _builder_version=\u00a0\u00bb4.24.3&Prime; _module_preset=\u00a0\u00bbdefault\u00a0\u00bb global_colors_info=\u00a0\u00bb{}\u00a0\u00bb][dsm_faq_child dsm_title=\u00a0\u00bbComparaison des mesures d&rsquo;absorbance du signal in vitro avec r\u00e9sistance (lot, vieillissement, etc.) \u00a0\u00bb dsm_content=\u00a0\u00bb<\/p>\n<p>La m\u00e9thode de comparaison statistique permet de comparer deux produits de protection solaire en termes de vieillissement, de lot, de benchmarck, etc. Sur la base de tout contr\u00f4le du spectre d\u2019absorbance entre une r\u00e9f\u00e9rence et un produit \u00e0 tester au moyen d\u2019une m\u00e9thode in vitro, deux r\u00e8gles importantes sont respect\u00e9es . Tout d\u2019abord, comparez en m\u00eame temps et dans les m\u00eames conditions les deux produits pour limiter la variabilit\u00e9 des mesures. Deuxi\u00e8mement, une v\u00e9rification en trois \u00e9tapes bas\u00e9e sur les valeurs d\u2019absorbance, y compris la comparaison de la forme des courbes, de la variabilit\u00e9 et de l\u2019intensit\u00e9.<\/p>\n<p>Dans cette m\u00e9thode, une \u00e9tape sp\u00e9cifique pour comparer la r\u00e9sistance des deux produits peut \u00eatre ajout\u00e9e telle que la r\u00e9sistance \u00e0 l\u2019eau, la r\u00e9sistance au frottement, etc.<\/p>\n<p>(r\u00e9f. HeCOMP-2)<\/p>\n<p><em><strong>M\u00e9thode publi\u00e9e :<\/strong> <\/em><em>*In vitro comparison \u2013 A new accessible and reliable statistical method to compare the global UV protection properties of cosmetics \u2013 Lutz and S. Miksa, H&#038;PC Sun Care, July\/August 2013 | *Sunscreen products: Some practical applications for a new comparison test method to help Development and ensure Quality Controls \u2013 D. Lutz, S. Miksa and C. Guy, H&#038;PC Today, November\/December 2014<\/em><\/p>\n<\/p>\n<p>\u00a0\u00bb _builder_version=\u00a0\u00bb4.24.3&Prime; _module_preset=\u00a0\u00bbdefault\u00a0\u00bb content_text_align=\u00a0\u00bbjustify\u00a0\u00bb global_colors_info=\u00a0\u00bb{}\u00a0\u00bb parentOrderClass=\u00a0\u00bbdsm_faq_1&Prime;][\/dsm_faq_child][\/dsm_faq][\/et_pb_column][\/et_pb_row][\/et_pb_section][et_pb_section fb_built=\u00a0\u00bb1&Prime; admin_label=\u00a0\u00bbServices\u00a0\u00bb _builder_version=\u00a0\u00bb4.24.2&Prime; _module_preset=\u00a0\u00bbdefault\u00a0\u00bb background_color=\u00a0\u00bb#f4f0ec\u00a0\u00bb locked=\u00a0\u00bboff\u00a0\u00bb collapsed=\u00a0\u00bboff\u00a0\u00bb global_colors_info=\u00a0\u00bb{}\u00a0\u00bb][et_pb_row column_structure=\u00a0\u00bb1_4,1_4,1_4,1_4&Prime; use_custom_gutter=\u00a0\u00bbon\u00a0\u00bb gutter_width=\u00a0\u00bb1&Prime; make_equal=\u00a0\u00bbon\u00a0\u00bb _builder_version=\u00a0\u00bb4.24.3&Prime; _module_preset=\u00a0\u00bbdefault\u00a0\u00bb width=\u00a0\u00bb90%\u00a0\u00bb max_width=\u00a0\u00bb2560px\u00a0\u00bb custom_margin=\u00a0\u00bb25px||25px||false|false\u00a0\u00bb custom_padding=\u00a0\u00bb||||false|false\u00a0\u00bb global_module=\u00a0\u00bb9919&Prime; saved_tabs=\u00a0\u00bball\u00a0\u00bb global_colors_info=\u00a0\u00bb{}\u00a0\u00bb][et_pb_column type=\u00a0\u00bb1_4&Prime; _builder_version=\u00a0\u00bb4.24.2&Prime; _module_preset=\u00a0\u00bbdefault\u00a0\u00bb custom_padding=\u00a0\u00bb20px||20px||false|false\u00a0\u00bb global_colors_info=\u00a0\u00bb{}\u00a0\u00bb][dsm_text_notation before_text=\u00a0\u00bbD\u00e9couvrez les analyses  \u00a0\u00bb notation_text=\u00a0\u00bb compl\u00e9mentaires\u00a0\u00bb after_text=\u00a0\u00bbpour une protection solaire globale\u00a0\u00bb notation_type=\u00a0\u00bbhighlight\u00a0\u00bb notation_width=\u00a0\u00bb2&Prime; notation_iterations=\u00a0\u00bb4&Prime; notation_background_color=\u00a0\u00bb#82368c\u00a0\u00bb _builder_version=\u00a0\u00bb4.24.3&Prime; _module_preset=\u00a0\u00bbdefault\u00a0\u00bb header_text_color=\u00a0\u00bb#FFFFFF\u00a0\u00bb header_font_size=\u00a0\u00bb40px\u00a0\u00bb before_text_color=\u00a0\u00bb#000000&Prime; notation_text_color=\u00a0\u00bb#FFFFFF\u00a0\u00bb after_text_color=\u00a0\u00bb#000000&Prime; text_orientation=\u00a0\u00bbleft\u00a0\u00bb module_alignment=\u00a0\u00bbcenter\u00a0\u00bb custom_margin=\u00a0\u00bb20px||||false|false\u00a0\u00bb border_color_all_notation=\u00a0\u00bbRGBA(255,255,255,0)\u00a0\u00bb global_colors_info=\u00a0\u00bb{}\u00a0\u00bb][\/dsm_text_notation][\/et_pb_column][et_pb_column type=\u00a0\u00bb1_4&Prime; _builder_version=\u00a0\u00bb4.24.2&Prime; _module_preset=\u00a0\u00bbdefault\u00a0\u00bb custom_padding=\u00a0\u00bb20px||20px||false|false\u00a0\u00bb global_colors_info=\u00a0\u00bb{}\u00a0\u00bb][dsm_card title=\u00a0\u00bbProtection UV\u00a0\u00bb content_horizontal_alignment=\u00a0\u00bbflex-start\u00a0\u00bb image=\u00a0\u00bbhttps:\/\/weneos.com\/wp-content\/uploads\/2024\/04\/UVA-sunscreen-scaled.jpeg\u00a0\u00bb image_background_animation=\u00a0\u00bbzoom_in\u00a0\u00bb badge_background_color=\u00a0\u00bb#82368c\u00a0\u00bb button_text=\u00a0\u00bbD\u00e9couvrir\u00a0\u00bb button_url=\u00a0\u00bb@ET-DC@eyJkeW5hbWljIjp0cnVlLCJjb250ZW50IjoicG9zdF9saW5rX3VybF9wYWdlIiwic2V0dGluZ3MiOnsicG9zdF9pZCI6Ijk2NzUifX0=@\u00a0\u00bb button_url_new_window=\u00a0\u00bb1&Prime; _builder_version=\u00a0\u00bb4.24.3&Prime; _dynamic_attributes=\u00a0\u00bbbutton_url,link_option_url\u00a0\u00bb _module_preset=\u00a0\u00bbdefault\u00a0\u00bb badge_text_color=\u00a0\u00bb#FFFFFF\u00a0\u00bb header_level=\u00a0\u00bbh3&Prime; header_font=\u00a0\u00bb|600|||||||\u00a0\u00bb header_text_align=\u00a0\u00bbcenter\u00a0\u00bb header_font_size=\u00a0\u00bb24px\u00a0\u00bb background_color=\u00a0\u00bb#FFFFFF\u00a0\u00bb custom_button=\u00a0\u00bbon\u00a0\u00bb button_text_color=\u00a0\u00bb#FFFFFF\u00a0\u00bb button_bg_color=\u00a0\u00bb#82368c\u00a0\u00bb button_border_radius=\u00a0\u00bb10px\u00a0\u00bb button_alignment=\u00a0\u00bbcenter\u00a0\u00bb custom_margin=\u00a0\u00bb20px|20px||20px|false|false\u00a0\u00bb link_option_url=\u00a0\u00bb@ET-DC@eyJkeW5hbWljIjp0cnVlLCJjb250ZW50IjoicG9zdF9saW5rX3VybF9wYWdlIiwic2V0dGluZ3MiOnsicG9zdF9pZCI6Ijk2NzUifX0=@\u00a0\u00bb border_radii=\u00a0\u00bbon|20px|20px|20px|20px\u00a0\u00bb box_shadow_style=\u00a0\u00bbpreset1&Prime; global_colors_info=\u00a0\u00bb{}\u00a0\u00bb button_bg_color__hover_enabled=\u00a0\u00bboff|desktop\u00a0\u00bb transform_styles__hover_enabled=\u00a0\u00bbon|hover\u00a0\u00bb transform_scale__hover_enabled=\u00a0\u00bbon|hover\u00a0\u00bb transform_translate__hover_enabled=\u00a0\u00bbon|desktop\u00a0\u00bb transform_rotate__hover_enabled=\u00a0\u00bbon|desktop\u00a0\u00bb transform_skew__hover_enabled=\u00a0\u00bbon|desktop\u00a0\u00bb transform_origin__hover_enabled=\u00a0\u00bbon|desktop\u00a0\u00bb transform_scale__hover=\u00a0\u00bb105%|105%\u00a0\u00bb]<\/p>\n<ul>\n<li style=\"text-align: left;\">FPS &#8211; UVB<\/li>\n<li style=\"text-align: left;\">FPUVA &#8211; UVA<\/li>\n<li style=\"text-align: left;\">UVA:UVB ratio<\/li>\n<li style=\"text-align: left;\">Photostabilit\u00e9<\/li>\n<li style=\"text-align: left;\">Spectre d&rsquo;absorbance<\/li>\n<\/ul>\n<p>[\/dsm_card][\/et_pb_column][et_pb_column type=\u00a0\u00bb1_4&Prime; _builder_version=\u00a0\u00bb4.24.2&Prime; _module_preset=\u00a0\u00bbdefault\u00a0\u00bb custom_padding=\u00a0\u00bb20px||20px||false|false\u00a0\u00bb global_colors_info=\u00a0\u00bb{}\u00a0\u00bb][dsm_card title=\u00a0\u00bbAu-del\u00e0 des UV\u00a0\u00bb content_horizontal_alignment=\u00a0\u00bbflex-start\u00a0\u00bb image=\u00a0\u00bbhttps:\/\/weneos.com\/wp-content\/uploads\/2024\/04\/FullSpectrum-WENEOS.webp\u00a0\u00bb image_background_animation=\u00a0\u00bbzoom_in\u00a0\u00bb badge_background_color=\u00a0\u00bb#82368c\u00a0\u00bb button_text=\u00a0\u00bbD\u00e9couvrir\u00a0\u00bb button_url=\u00a0\u00bb@ET-DC@eyJkeW5hbWljIjp0cnVlLCJjb250ZW50IjoicG9zdF9saW5rX3VybF9wYWdlIiwic2V0dGluZ3MiOnsicG9zdF9pZCI6Ijk2NzUifX0=@\u00a0\u00bb button_url_new_window=\u00a0\u00bb1&Prime; _builder_version=\u00a0\u00bb4.24.3&Prime; _dynamic_attributes=\u00a0\u00bbbutton_url,link_option_url\u00a0\u00bb _module_preset=\u00a0\u00bbdefault\u00a0\u00bb badge_text_color=\u00a0\u00bb#FFFFFF\u00a0\u00bb header_level=\u00a0\u00bbh3&Prime; header_font=\u00a0\u00bb|600|||||||\u00a0\u00bb header_text_align=\u00a0\u00bbcenter\u00a0\u00bb header_font_size=\u00a0\u00bb24px\u00a0\u00bb background_color=\u00a0\u00bb#FFFFFF\u00a0\u00bb custom_button=\u00a0\u00bbon\u00a0\u00bb button_text_color=\u00a0\u00bb#FFFFFF\u00a0\u00bb button_bg_color=\u00a0\u00bb#82368c\u00a0\u00bb button_border_radius=\u00a0\u00bb10px\u00a0\u00bb button_alignment=\u00a0\u00bbcenter\u00a0\u00bb custom_margin=\u00a0\u00bb20px|20px||20px|false|false\u00a0\u00bb link_option_url=\u00a0\u00bb@ET-DC@eyJkeW5hbWljIjp0cnVlLCJjb250ZW50IjoicG9zdF9saW5rX3VybF9wYWdlIiwic2V0dGluZ3MiOnsicG9zdF9pZCI6Ijk2NzUifX0=@\u00a0\u00bb border_radii=\u00a0\u00bbon|20px|20px|20px|20px\u00a0\u00bb box_shadow_style=\u00a0\u00bbpreset1&Prime; global_colors_info=\u00a0\u00bb{}\u00a0\u00bb button_bg_color__hover_enabled=\u00a0\u00bboff|desktop\u00a0\u00bb transform_styles__hover_enabled=\u00a0\u00bbon|hover\u00a0\u00bb transform_scale__hover_enabled=\u00a0\u00bbon|hover\u00a0\u00bb transform_translate__hover_enabled=\u00a0\u00bbon|desktop\u00a0\u00bb transform_rotate__hover_enabled=\u00a0\u00bbon|desktop\u00a0\u00bb transform_skew__hover_enabled=\u00a0\u00bbon|desktop\u00a0\u00bb transform_origin__hover_enabled=\u00a0\u00bbon|desktop\u00a0\u00bb transform_scale__hover=\u00a0\u00bb105%|105%\u00a0\u00bb]<\/p>\n<ul>\n<li><span style=\"font-size: 14px;\">Ultra-Long UVA<\/span><\/li>\n<li style=\"text-align: left;\">Lumi\u00e8re Bleue<\/li>\n<li style=\"text-align: left;\">Visible<\/li>\n<li style=\"text-align: left;\">Infrarouge<\/li>\n<li style=\"text-align: left;\">Full Spectrum<\/li>\n<li style=\"text-align: left;\">UVC<\/li>\n<\/ul>\n<p>[\/dsm_card][\/et_pb_column][et_pb_column type=\u00a0\u00bb1_4&Prime; _builder_version=\u00a0\u00bb4.24.3&Prime; _module_preset=\u00a0\u00bbdefault\u00a0\u00bb custom_padding=\u00a0\u00bb20px||20px||false|false\u00a0\u00bb global_colors_info=\u00a0\u00bb{}\u00a0\u00bb][dsm_card title=\u00a0\u00bbR\u00e9sistance\u00a0\u00bb content_horizontal_alignment=\u00a0\u00bbflex-start\u00a0\u00bb image=\u00a0\u00bbhttps:\/\/weneos.com\/wp-content\/uploads\/2024\/04\/SPF-weneos-scaled.jpeg\u00a0\u00bb image_background_animation=\u00a0\u00bbzoom_in\u00a0\u00bb badge_background_color=\u00a0\u00bb#82368c\u00a0\u00bb button_text=\u00a0\u00bbD\u00e9couvrir\u00a0\u00bb button_url=\u00a0\u00bb@ET-DC@eyJkeW5hbWljIjp0cnVlLCJjb250ZW50IjoicG9zdF9saW5rX3VybF9wYWdlIiwic2V0dGluZ3MiOnsicG9zdF9pZCI6Ijk2NzUifX0=@\u00a0\u00bb button_url_new_window=\u00a0\u00bb1&Prime; _builder_version=\u00a0\u00bb4.24.3&Prime; _dynamic_attributes=\u00a0\u00bbbutton_url,link_option_url\u00a0\u00bb _module_preset=\u00a0\u00bbdefault\u00a0\u00bb badge_text_color=\u00a0\u00bb#FFFFFF\u00a0\u00bb header_level=\u00a0\u00bbh3&Prime; header_font=\u00a0\u00bb|600|||||||\u00a0\u00bb header_text_align=\u00a0\u00bbcenter\u00a0\u00bb header_font_size=\u00a0\u00bb24px\u00a0\u00bb background_color=\u00a0\u00bb#FFFFFF\u00a0\u00bb custom_button=\u00a0\u00bbon\u00a0\u00bb button_text_color=\u00a0\u00bb#FFFFFF\u00a0\u00bb button_bg_color=\u00a0\u00bb#82368c\u00a0\u00bb button_border_radius=\u00a0\u00bb10px\u00a0\u00bb button_alignment=\u00a0\u00bbcenter\u00a0\u00bb custom_margin=\u00a0\u00bb20px|20px||20px|false|false\u00a0\u00bb link_option_url=\u00a0\u00bb@ET-DC@eyJkeW5hbWljIjp0cnVlLCJjb250ZW50IjoicG9zdF9saW5rX3VybF9wYWdlIiwic2V0dGluZ3MiOnsicG9zdF9pZCI6Ijk2NzUifX0=@\u00a0\u00bb border_radii=\u00a0\u00bbon|20px|20px|20px|20px\u00a0\u00bb box_shadow_style=\u00a0\u00bbpreset1&Prime; global_colors_info=\u00a0\u00bb{}\u00a0\u00bb button_bg_color__hover_enabled=\u00a0\u00bboff|desktop\u00a0\u00bb transform_styles__hover_enabled=\u00a0\u00bbon|hover\u00a0\u00bb transform_scale__hover_enabled=\u00a0\u00bbon|hover\u00a0\u00bb transform_translate__hover_enabled=\u00a0\u00bbon|desktop\u00a0\u00bb transform_rotate__hover_enabled=\u00a0\u00bbon|desktop\u00a0\u00bb transform_skew__hover_enabled=\u00a0\u00bbon|desktop\u00a0\u00bb transform_origin__hover_enabled=\u00a0\u00bbon|desktop\u00a0\u00bb transform_scale__hover=\u00a0\u00bb105%|105%\u00a0\u00bb]<\/p>\n<ul>\n<li>R\u00e9sistance \u00e0 l&rsquo;Eau<\/li>\n<li>R\u00e9sistance \u00e0 la Sueur<\/li>\n<li style=\"text-align: left;\">R\u00e9sistance au Sable<\/li>\n<li style=\"text-align: left;\">R\u00e9sistance au Frottement<\/li>\n<li style=\"text-align: left;\">Application Peau Mouill\u00e9e<\/li>\n<li>Conditions Extr\u00eames<\/li>\n<li style=\"text-align: left;\">Persistance | Longue Tenue<\/li>\n<li>Protection Imm\u00e9diate<\/li>\n<\/ul>\n<p>[\/dsm_card][\/et_pb_column][\/et_pb_row][\/et_pb_section]<\/p>\n","protected":false},"excerpt":{"rendered":"<p><div class=\"et_pb_module dsm_card dsm_card_0 et_pb_bg_layout_light  dsm_card_layout_stacked\">\n\t\t\t\t\n\t\t\t\t\n\t\t\t\t\n\t\t\t\t\n\t\t\t\t\n\t\t\t\t\n\t\t\t\t<div class=\"et_pb_module_inner\">\n\t\t\t\t\t\n\t\t\t\n\t\t\t<figure class=\"dsm_card_image_wrapper dsm_card_badge_top_right\"><div class=\"dsm_card_image_background dsm_card_img\"><\/div><\/figure>\n\t\t\t\n\t\t\t\n\t\t\t\t<\/div>\n\t\t\t<\/div><div class=\"et_pb_with_border et_pb_module dsm_text_notation dsm_text_notation_0  et_pb_text_align_left et_pb_bg_layout_light\">\n\t\t\t\t\n\t\t\t\t\n\t\t\t\t\n\t\t\t\t\n\t\t\t\t\n\t\t\t\t\n\t\t\t\t<div class=\"et_pb_module_inner\">\n\t\t\t\t\t<h1 class=\"dsm-text-notation-main et_pb_module_header\"><span class=\"dsm-text-notation-before\">R\u00e9sistance au <\/span><span data-notation=\"[{&quot;type&quot;:&quot;highlight&quot;,&quot;color&quot;:&quot;#82368c&quot;,&quot;stroke-width&quot;:&quot;2&quot;,&quot;iterations&quot;:&quot;4&quot;,&quot;brackets&quot;:&quot;left|right&quot;,&quot;viewport&quot;:&quot;80%&quot;,&quot;delay&quot;:&quot;0ms&quot;,&quot;divi-animate&quot;:&quot;none&quot;,&quot;divi-animate-duration&quot;:&quot;1000ms&quot;,&quot;divi-animate-delay&quot;:&quot;0ms&quot;}]\" class=\"dsm-text-notation-middle\">Sable<\/span><\/h1>\n\t\t\t\t<\/div>\n\t\t\t<\/div>Au-del\u00e0 de la performance statique de protection solaire fournie par les produits de protection solaire contre les radiations UV, la photoprotection est mise \u00e0 l\u2019\u00e9preuve par les consommateurs dans des conditions r\u00e9elles d\u2019utilisation comme la r\u00e9sistance \u00e0 l\u2019eau, \u00e0 la sueur, etc.\u00a0 Cependant, aucune m\u00e9thode normalis\u00e9e ou harmonis\u00e9e in vivo ou in vitro n\u2019est disponible aujourd\u2019hui pour l\u2019\u00e9valuation de la r\u00e9sistance de la photoprotection directement li\u00e9 au sable. En effet, la pr\u00e9sence de sable peut d\u00e9t\u00e9riorer le film de produit solaire mais qui peut aussi amener le consommateur \u00e0 se frotter pour retirer le sable r\u00e9siduel. Afin de d\u00e9terminer et justifier cette all\u00e9gation d&rsquo;efficacit\u00e9 du produit, WENEOS a d\u00e9velopp\u00e9 une m\u00e9thode in vitro exclusive qui n\u00e9cessite la mesure d&rsquo;un facteur de protection solaire (FPS) avant et\/ou apr\u00e8s une exposition sable qui est crucial pour assurer la protection du consommateur.<div class=\"et_pb_module dsm_text_divider dsm_text_divider_0\">\n\t\t\t\t\n\t\t\t\t\n\t\t\t\t\n\t\t\t\t\n\t\t\t\t\n\t\t\t\t\n\t\t\t\t<div class=\"et_pb_module_inner\">\n\t\t\t\t\t<div class=\"dsm-text-divider-wrapper dsm-text-divider-align-center et_pb_bg_layout_light\">\n\t\t\t\t\n\t\t\t\t\n\t\t\t\t<div class=\"dsm-text-divider-before dsm-divider\"><\/div>\n\t\t\t\t<h1 class=\"dsm-text-divider-header et_pb_module_header\"><span>REVENDICATION<\/span><\/h1>\n\t\t\t\t<div class=\"dsm-text-divider-after dsm-divider\"><\/div>\n\t\t\t<\/div>\n\t\t\t\t<\/div>\n\t\t\t<\/div> Nous vous proposons d\u2019\u00e9valuer la protection solaire de vos produits en totale conformit\u00e9 avec les m\u00e9thodes officielles ou de revendiquer les propri\u00e9t\u00e9s de vos produits par des tests [&hellip;]<\/p>\n","protected":false},"author":1,"featured_media":0,"parent":9675,"menu_order":0,"comment_status":"closed","ping_status":"closed","template":"","meta":{"_et_pb_use_builder":"on","_et_pb_old_content":"","_et_gb_content_width":"","footnotes":""},"class_list":["post-10063","page","type-page","status-publish","hentry"],"_links":{"self":[{"href":"https:\/\/weneos.com\/fr\/wp-json\/wp\/v2\/pages\/10063","targetHints":{"allow":["GET"]}}],"collection":[{"href":"https:\/\/weneos.com\/fr\/wp-json\/wp\/v2\/pages"}],"about":[{"href":"https:\/\/weneos.com\/fr\/wp-json\/wp\/v2\/types\/page"}],"author":[{"embeddable":true,"href":"https:\/\/weneos.com\/fr\/wp-json\/wp\/v2\/users\/1"}],"replies":[{"embeddable":true,"href":"https:\/\/weneos.com\/fr\/wp-json\/wp\/v2\/comments?post=10063"}],"version-history":[{"count":0,"href":"https:\/\/weneos.com\/fr\/wp-json\/wp\/v2\/pages\/10063\/revisions"}],"up":[{"embeddable":true,"href":"https:\/\/weneos.com\/fr\/wp-json\/wp\/v2\/pages\/9675"}],"wp:attachment":[{"href":"https:\/\/weneos.com\/fr\/wp-json\/wp\/v2\/media?parent=10063"}],"curies":[{"name":"wp","href":"https:\/\/api.w.org\/{rel}","templated":true}]}}