{"id":10094,"date":"2024-04-08T22:47:52","date_gmt":"2024-04-08T20:47:52","guid":{"rendered":"https:\/\/weneos.com\/?page_id=10094"},"modified":"2024-10-10T16:22:40","modified_gmt":"2024-10-10T14:22:40","slug":"protection-immediate","status":"publish","type":"page","link":"https:\/\/weneos.com\/fr\/nos-activites\/protection-solaire\/protection-immediate\/","title":{"rendered":"Protection Imm\u00e9diate"},"content":{"rendered":"<p>[et_pb_section fb_built=\u00a0\u00bb1&Prime; _builder_version=\u00a0\u00bb4.24.2&Prime; _module_preset=\u00a0\u00bbdefault\u00a0\u00bb custom_padding=\u00a0\u00bb200px||1px||false|false\u00a0\u00bb global_colors_info=\u00a0\u00bb{}\u00a0\u00bb][et_pb_row column_structure=\u00a0\u00bb1_2,1_2&Prime; _builder_version=\u00a0\u00bb4.24.2&Prime; _module_preset=\u00a0\u00bbdefault\u00a0\u00bb max_width=\u00a0\u00bb2560px\u00a0\u00bb global_colors_info=\u00a0\u00bb{}\u00a0\u00bb][et_pb_column type=\u00a0\u00bb1_2&Prime; _builder_version=\u00a0\u00bb4.24.2&Prime; _module_preset=\u00a0\u00bbdefault\u00a0\u00bb global_colors_info=\u00a0\u00bb{}\u00a0\u00bb][dsm_card image_background_height=\u00a0\u00bb480px\u00a0\u00bb button_url_new_window=\u00a0\u00bb1&Prime; _builder_version=\u00a0\u00bb4.27.2&Prime; _module_preset=\u00a0\u00bbdefault\u00a0\u00bb global_colors_info=\u00a0\u00bb{}\u00a0\u00bb][\/dsm_card][et_pb_image src=\u00a0\u00bbhttps:\/\/weneos.com\/wp-content\/uploads\/2024\/04\/ProtectionImmediate-scaled.jpeg\u00a0\u00bb alt=\u00a0\u00bbJeune femme souriante avec des taches de rousseur, symbolisant la protection imm\u00e9diate contre les rayons du soleil.\u00a0\u00bb title_text=\u00a0\u00bbHappy woman using beauty products for healthy skincare and aesthetic shine. Young model with face freckles using cosmetic products and sunscreen for wellness and melasma.\u00a0\u00bb _builder_version=\u00a0\u00bb4.27.2&Prime; _module_preset=\u00a0\u00bbdefault\u00a0\u00bb global_colors_info=\u00a0\u00bb{}\u00a0\u00bb][\/et_pb_image][\/et_pb_column][et_pb_column type=\u00a0\u00bb1_2&Prime; _builder_version=\u00a0\u00bb4.24.2&Prime; _module_preset=\u00a0\u00bbdefault\u00a0\u00bb global_colors_info=\u00a0\u00bb{}\u00a0\u00bb][dsm_text_notation before_text=\u00a0\u00bbProtection \u00a0\u00bb notation_text=\u00a0\u00bbImm\u00e9diate\u00a0\u00bb notation_type=\u00a0\u00bbhighlight\u00a0\u00bb notation_width=\u00a0\u00bb2&Prime; notation_iterations=\u00a0\u00bb4&Prime; notation_background_color=\u00a0\u00bb#82368c\u00a0\u00bb _builder_version=\u00a0\u00bb4.24.3&Prime; _module_preset=\u00a0\u00bbdefault\u00a0\u00bb header_text_color=\u00a0\u00bb#FFFFFF\u00a0\u00bb header_font_size=\u00a0\u00bb40px\u00a0\u00bb before_text_color=\u00a0\u00bb#000000&Prime; notation_text_color=\u00a0\u00bb#FFFFFF\u00a0\u00bb after_text_color=\u00a0\u00bb#000000&Prime; text_orientation=\u00a0\u00bbleft\u00a0\u00bb border_width_bottom=\u00a0\u00bb5px\u00a0\u00bb border_color_all_notation=\u00a0\u00bbRGBA(255,255,255,0)\u00a0\u00bb global_colors_info=\u00a0\u00bb{}\u00a0\u00bb][\/dsm_text_notation][et_pb_text _builder_version=\u00a0\u00bb4.24.3&Prime; _module_preset=\u00a0\u00bbdefault\u00a0\u00bb text_font_size=\u00a0\u00bb16px\u00a0\u00bb text_orientation=\u00a0\u00bbjustified\u00a0\u00bb global_colors_info=\u00a0\u00bb{}\u00a0\u00bb]Apr\u00e8s application du produit solaire, la plupart des acteurs dans le domaine de la protection solaire recommandent un temps d\u2019attente d\u2019environ 15 min \u00e0 30 min avant de s\u2019exposer au soleil afin d&rsquo;assurer une stabilit\u00e9 dans la protection solaire apport\u00e9e par le produit.<\/p>\n<p>Cependant, certains consommateurs sont de plus en plus attir\u00e9s par les produits solaires qui peuvent \u00eatre appliqu\u00e9s \u00e0 n&rsquo;importe quel moment sans avoir besoin d&rsquo;attendre avant de s&rsquo;exposer. Ainsi, le concept de protection imm\u00e9diate semblerait garantir d&rsquo;une protection solaire \u00e9quivalente d\u00e8s l&rsquo;application du produit. En d\u2019autres termes, il permet \u00e0 l\u2019utilisateur de sauter l\u2019\u00e9tape d&rsquo;attente avant de s&rsquo;exposer au soleil.<\/p>\n<p>Afin de d\u00e9terminer et justifier cette all\u00e9gation de protection imm\u00e9diate, WENEOS a d\u00e9velopp\u00e9 une m\u00e9thode in vitro bas\u00e9e sur l<span style=\"font-size: 16px;\">\u2019\u00e9volution de la protection dans les toutes premi\u00e8res minutes d\u2019utilisation du produit solaire tout en consid\u00e9rant\u00a0<\/span><span style=\"font-size: 16px;\">la photostabilit\u00e9 pour pond\u00e9rer la protection solaire.<\/span><br \/>\n[\/et_pb_text][et_pb_button button_url=\u00a0\u00bbmailto:commercial@weneos.com\u00a0\u00bb button_text=\u00a0\u00bbDemande de devis\u00a0\u00bb _builder_version=\u00a0\u00bb4.24.2&Prime; _module_preset=\u00a0\u00bbdefault\u00a0\u00bb global_colors_info=\u00a0\u00bb{}\u00a0\u00bb][\/et_pb_button][\/et_pb_column][\/et_pb_row][et_pb_row column_structure=\u00a0\u00bb1_3,1_3,1_3&Prime; _builder_version=\u00a0\u00bb4.24.2&Prime; _module_preset=\u00a0\u00bbdefault\u00a0\u00bb background_color=\u00a0\u00bb#f4f0ec\u00a0\u00bb width=\u00a0\u00bb100%\u00a0\u00bb max_width=\u00a0\u00bb2560px\u00a0\u00bb module_alignment=\u00a0\u00bbcenter\u00a0\u00bb custom_margin=\u00a0\u00bb||||false|false\u00a0\u00bb custom_padding=\u00a0\u00bb50px||50px||false|false\u00a0\u00bb global_colors_info=\u00a0\u00bb{}\u00a0\u00bb][et_pb_column type=\u00a0\u00bb1_3&Prime; _builder_version=\u00a0\u00bb4.24.2&Prime; _module_preset=\u00a0\u00bbdefault\u00a0\u00bb global_colors_info=\u00a0\u00bb{}\u00a0\u00bb][et_pb_number_counter title=\u00a0\u00bbjours pour une \u00e9tude in vitro avec un rapport final\u00a0\u00bb number=\u00a0\u00bb7&Prime; percent_sign=\u00a0\u00bboff\u00a0\u00bb _builder_version=\u00a0\u00bb4.24.3&Prime; _module_preset=\u00a0\u00bbdefault\u00a0\u00bb global_colors_info=\u00a0\u00bb{}\u00a0\u00bb][\/et_pb_number_counter][\/et_pb_column][et_pb_column type=\u00a0\u00bb1_3&Prime; _builder_version=\u00a0\u00bb4.24.2&Prime; _module_preset=\u00a0\u00bbdefault\u00a0\u00bb global_colors_info=\u00a0\u00bb{}\u00a0\u00bb][et_pb_number_counter title=\u00a0\u00bb\u00e9tudes solaires effectu\u00e9es\u00a0\u00bb number=\u00a0\u00bb+25000&Prime; percent_sign=\u00a0\u00bboff\u00a0\u00bb _builder_version=\u00a0\u00bb4.24.3&Prime; _module_preset=\u00a0\u00bbdefault\u00a0\u00bb global_colors_info=\u00a0\u00bb{}\u00a0\u00bb][\/et_pb_number_counter][\/et_pb_column][et_pb_column type=\u00a0\u00bb1_3&Prime; _builder_version=\u00a0\u00bb4.24.2&Prime; _module_preset=\u00a0\u00bbdefault\u00a0\u00bb global_colors_info=\u00a0\u00bb{}\u00a0\u00bb][et_pb_number_counter title=\u00a0\u00bbconformit\u00e9 avec les normes solaires\u00a0\u00bb number=\u00a0\u00bb100&Prime; _builder_version=\u00a0\u00bb4.24.2&Prime; _module_preset=\u00a0\u00bbdefault\u00a0\u00bb global_colors_info=\u00a0\u00bb{}\u00a0\u00bb][\/et_pb_number_counter][\/et_pb_column][\/et_pb_row][\/et_pb_section][et_pb_section fb_built=\u00a0\u00bb1&Prime; _builder_version=\u00a0\u00bb4.24.2&Prime; _module_preset=\u00a0\u00bbdefault\u00a0\u00bb background_enable_color=\u00a0\u00bboff\u00a0\u00bb custom_padding=\u00a0\u00bb||||false|false\u00a0\u00bb global_colors_info=\u00a0\u00bb{}\u00a0\u00bb][et_pb_row _builder_version=\u00a0\u00bb4.24.3&Prime; _module_preset=\u00a0\u00bbdefault\u00a0\u00bb custom_margin=\u00a0\u00bb||||false|false\u00a0\u00bb global_colors_info=\u00a0\u00bb{}\u00a0\u00bb][et_pb_column type=\u00a0\u00bb4_4&Prime; _builder_version=\u00a0\u00bb4.24.2&Prime; _module_preset=\u00a0\u00bbdefault\u00a0\u00bb global_colors_info=\u00a0\u00bb{}\u00a0\u00bb][dsm_text_divider header=\u00a0\u00bbREVENDICATION\u00a0\u00bb _builder_version=\u00a0\u00bb4.24.3&Prime; _module_preset=\u00a0\u00bbdefault\u00a0\u00bb header_level=\u00a0\u00bbh1&Prime; header_font=\u00a0\u00bb|600||on|||||\u00a0\u00bb custom_margin=\u00a0\u00bb||||false|false\u00a0\u00bb custom_padding=\u00a0\u00bb||||false|false\u00a0\u00bb global_colors_info=\u00a0\u00bb{}\u00a0\u00bb][\/dsm_text_divider][et_pb_text _builder_version=\u00a0\u00bb4.24.3&Prime; _module_preset=\u00a0\u00bbdefault\u00a0\u00bb text_font_size=\u00a0\u00bb16px\u00a0\u00bb text_orientation=\u00a0\u00bbjustified\u00a0\u00bb global_colors_info=\u00a0\u00bb{}\u00a0\u00bb]<\/p>\n<blockquote><p>Nous vous proposons d\u2019\u00e9valuer la protection solaire de vos produits en totale conformit\u00e9 avec les m\u00e9thodes officielles ou de revendiquer les propri\u00e9t\u00e9s de vos produits par des tests exclusifs d\u00e9velopp\u00e9s par WENEOS.<\/p><\/blockquote>\n<p>[\/et_pb_text][dsm_faq _builder_version=\u00a0\u00bb4.24.3&Prime; _module_preset=\u00a0\u00bbdefault\u00a0\u00bb global_colors_info=\u00a0\u00bb{}\u00a0\u00bb][dsm_faq_child dsm_title=\u00a0\u00bbProtection Imm\u00e9diate &#8211; In vitro\u00a0\u00bb dsm_content=\u00a0\u00bb<\/p>\n<p>WENEOS a d\u00e9velopp\u00e9 une nouvelle m\u00e9thode in vitro pour d\u00e9terminer de mani\u00e8re fiable la protection imm\u00e9diate des produits solaires \u00e0 travers une mesure de l&rsquo;\u00e9volution du FPS dans les premi\u00e8res minutes d&rsquo;utilisation.<\/p>\n<p>(r\u00e9f. HeNOW)<\/p>\n<p><em><strong>M\u00e9thode publi\u00e9e : <\/strong>En cours<\/em><\/p>\n<p>\u00a0\u00bb _builder_version=\u00a0\u00bb4.24.3&Prime; _module_preset=\u00a0\u00bbdefault\u00a0\u00bb content_text_align=\u00a0\u00bbjustify\u00a0\u00bb global_colors_info=\u00a0\u00bb{}\u00a0\u00bb parentOrderClass=\u00a0\u00bbdsm_faq_0&Prime;][\/dsm_faq_child][\/dsm_faq][\/et_pb_column][\/et_pb_row][\/et_pb_section][et_pb_section fb_built=\u00a0\u00bb1&Prime; admin_label=\u00a0\u00bbServices\u00a0\u00bb _builder_version=\u00a0\u00bb4.24.2&Prime; _module_preset=\u00a0\u00bbdefault\u00a0\u00bb background_color=\u00a0\u00bb#f4f0ec\u00a0\u00bb locked=\u00a0\u00bboff\u00a0\u00bb collapsed=\u00a0\u00bboff\u00a0\u00bb global_colors_info=\u00a0\u00bb{}\u00a0\u00bb][et_pb_row column_structure=\u00a0\u00bb1_4,1_4,1_4,1_4&Prime; use_custom_gutter=\u00a0\u00bbon\u00a0\u00bb gutter_width=\u00a0\u00bb1&Prime; make_equal=\u00a0\u00bbon\u00a0\u00bb _builder_version=\u00a0\u00bb4.24.3&Prime; _module_preset=\u00a0\u00bbdefault\u00a0\u00bb width=\u00a0\u00bb90%\u00a0\u00bb max_width=\u00a0\u00bb2560px\u00a0\u00bb custom_margin=\u00a0\u00bb25px||25px||false|false\u00a0\u00bb custom_padding=\u00a0\u00bb||||false|false\u00a0\u00bb global_module=\u00a0\u00bb9919&Prime; saved_tabs=\u00a0\u00bball\u00a0\u00bb global_colors_info=\u00a0\u00bb{}\u00a0\u00bb][et_pb_column type=\u00a0\u00bb1_4&Prime; _builder_version=\u00a0\u00bb4.24.2&Prime; _module_preset=\u00a0\u00bbdefault\u00a0\u00bb custom_padding=\u00a0\u00bb20px||20px||false|false\u00a0\u00bb global_colors_info=\u00a0\u00bb{}\u00a0\u00bb][dsm_text_notation before_text=\u00a0\u00bbD\u00e9couvrez les analyses  \u00a0\u00bb notation_text=\u00a0\u00bb compl\u00e9mentaires\u00a0\u00bb after_text=\u00a0\u00bbpour une protection solaire globale\u00a0\u00bb notation_type=\u00a0\u00bbhighlight\u00a0\u00bb notation_width=\u00a0\u00bb2&Prime; notation_iterations=\u00a0\u00bb4&Prime; notation_background_color=\u00a0\u00bb#82368c\u00a0\u00bb _builder_version=\u00a0\u00bb4.24.3&Prime; _module_preset=\u00a0\u00bbdefault\u00a0\u00bb header_text_color=\u00a0\u00bb#FFFFFF\u00a0\u00bb header_font_size=\u00a0\u00bb40px\u00a0\u00bb before_text_color=\u00a0\u00bb#000000&Prime; notation_text_color=\u00a0\u00bb#FFFFFF\u00a0\u00bb after_text_color=\u00a0\u00bb#000000&Prime; text_orientation=\u00a0\u00bbleft\u00a0\u00bb module_alignment=\u00a0\u00bbcenter\u00a0\u00bb custom_margin=\u00a0\u00bb20px||||false|false\u00a0\u00bb border_color_all_notation=\u00a0\u00bbRGBA(255,255,255,0)\u00a0\u00bb global_colors_info=\u00a0\u00bb{}\u00a0\u00bb][\/dsm_text_notation][\/et_pb_column][et_pb_column type=\u00a0\u00bb1_4&Prime; _builder_version=\u00a0\u00bb4.24.2&Prime; _module_preset=\u00a0\u00bbdefault\u00a0\u00bb custom_padding=\u00a0\u00bb20px||20px||false|false\u00a0\u00bb global_colors_info=\u00a0\u00bb{}\u00a0\u00bb][dsm_card title=\u00a0\u00bbProtection UV\u00a0\u00bb content_horizontal_alignment=\u00a0\u00bbflex-start\u00a0\u00bb image=\u00a0\u00bbhttps:\/\/weneos.com\/wp-content\/uploads\/2024\/04\/UVA-sunscreen-scaled.jpeg\u00a0\u00bb image_background_animation=\u00a0\u00bbzoom_in\u00a0\u00bb badge_background_color=\u00a0\u00bb#82368c\u00a0\u00bb button_text=\u00a0\u00bbD\u00e9couvrir\u00a0\u00bb button_url=\u00a0\u00bb@ET-DC@eyJkeW5hbWljIjp0cnVlLCJjb250ZW50IjoicG9zdF9saW5rX3VybF9wYWdlIiwic2V0dGluZ3MiOnsicG9zdF9pZCI6Ijk2NzUifX0=@\u00a0\u00bb button_url_new_window=\u00a0\u00bb1&Prime; _builder_version=\u00a0\u00bb4.24.3&Prime; _dynamic_attributes=\u00a0\u00bbbutton_url,link_option_url\u00a0\u00bb _module_preset=\u00a0\u00bbdefault\u00a0\u00bb badge_text_color=\u00a0\u00bb#FFFFFF\u00a0\u00bb header_level=\u00a0\u00bbh3&Prime; header_font=\u00a0\u00bb|600|||||||\u00a0\u00bb header_text_align=\u00a0\u00bbcenter\u00a0\u00bb header_font_size=\u00a0\u00bb24px\u00a0\u00bb background_color=\u00a0\u00bb#FFFFFF\u00a0\u00bb custom_button=\u00a0\u00bbon\u00a0\u00bb button_text_color=\u00a0\u00bb#FFFFFF\u00a0\u00bb button_bg_color=\u00a0\u00bb#82368c\u00a0\u00bb button_border_radius=\u00a0\u00bb10px\u00a0\u00bb button_alignment=\u00a0\u00bbcenter\u00a0\u00bb custom_margin=\u00a0\u00bb20px|20px||20px|false|false\u00a0\u00bb link_option_url=\u00a0\u00bb@ET-DC@eyJkeW5hbWljIjp0cnVlLCJjb250ZW50IjoicG9zdF9saW5rX3VybF9wYWdlIiwic2V0dGluZ3MiOnsicG9zdF9pZCI6Ijk2NzUifX0=@\u00a0\u00bb border_radii=\u00a0\u00bbon|20px|20px|20px|20px\u00a0\u00bb box_shadow_style=\u00a0\u00bbpreset1&Prime; global_colors_info=\u00a0\u00bb{}\u00a0\u00bb button_bg_color__hover_enabled=\u00a0\u00bboff|desktop\u00a0\u00bb transform_styles__hover_enabled=\u00a0\u00bbon|hover\u00a0\u00bb transform_scale__hover_enabled=\u00a0\u00bbon|hover\u00a0\u00bb transform_translate__hover_enabled=\u00a0\u00bbon|desktop\u00a0\u00bb transform_rotate__hover_enabled=\u00a0\u00bbon|desktop\u00a0\u00bb transform_skew__hover_enabled=\u00a0\u00bbon|desktop\u00a0\u00bb transform_origin__hover_enabled=\u00a0\u00bbon|desktop\u00a0\u00bb transform_scale__hover=\u00a0\u00bb105%|105%\u00a0\u00bb]<\/p>\n<ul>\n<li style=\"text-align: left;\">FPS &#8211; UVB<\/li>\n<li style=\"text-align: left;\">FPUVA &#8211; UVA<\/li>\n<li style=\"text-align: left;\">UVA:UVB ratio<\/li>\n<li style=\"text-align: left;\">Photostabilit\u00e9<\/li>\n<li style=\"text-align: left;\">Spectre d&rsquo;absorbance<\/li>\n<\/ul>\n<p>[\/dsm_card][\/et_pb_column][et_pb_column type=\u00a0\u00bb1_4&Prime; _builder_version=\u00a0\u00bb4.24.2&Prime; _module_preset=\u00a0\u00bbdefault\u00a0\u00bb custom_padding=\u00a0\u00bb20px||20px||false|false\u00a0\u00bb global_colors_info=\u00a0\u00bb{}\u00a0\u00bb][dsm_card title=\u00a0\u00bbAu-del\u00e0 des UV\u00a0\u00bb content_horizontal_alignment=\u00a0\u00bbflex-start\u00a0\u00bb image=\u00a0\u00bbhttps:\/\/weneos.com\/wp-content\/uploads\/2024\/04\/FullSpectrum-WENEOS.webp\u00a0\u00bb image_background_animation=\u00a0\u00bbzoom_in\u00a0\u00bb badge_background_color=\u00a0\u00bb#82368c\u00a0\u00bb button_text=\u00a0\u00bbD\u00e9couvrir\u00a0\u00bb button_url=\u00a0\u00bb@ET-DC@eyJkeW5hbWljIjp0cnVlLCJjb250ZW50IjoicG9zdF9saW5rX3VybF9wYWdlIiwic2V0dGluZ3MiOnsicG9zdF9pZCI6Ijk2NzUifX0=@\u00a0\u00bb button_url_new_window=\u00a0\u00bb1&Prime; _builder_version=\u00a0\u00bb4.24.3&Prime; _dynamic_attributes=\u00a0\u00bbbutton_url,link_option_url\u00a0\u00bb _module_preset=\u00a0\u00bbdefault\u00a0\u00bb badge_text_color=\u00a0\u00bb#FFFFFF\u00a0\u00bb header_level=\u00a0\u00bbh3&Prime; header_font=\u00a0\u00bb|600|||||||\u00a0\u00bb header_text_align=\u00a0\u00bbcenter\u00a0\u00bb header_font_size=\u00a0\u00bb24px\u00a0\u00bb background_color=\u00a0\u00bb#FFFFFF\u00a0\u00bb custom_button=\u00a0\u00bbon\u00a0\u00bb button_text_color=\u00a0\u00bb#FFFFFF\u00a0\u00bb button_bg_color=\u00a0\u00bb#82368c\u00a0\u00bb button_border_radius=\u00a0\u00bb10px\u00a0\u00bb button_alignment=\u00a0\u00bbcenter\u00a0\u00bb custom_margin=\u00a0\u00bb20px|20px||20px|false|false\u00a0\u00bb link_option_url=\u00a0\u00bb@ET-DC@eyJkeW5hbWljIjp0cnVlLCJjb250ZW50IjoicG9zdF9saW5rX3VybF9wYWdlIiwic2V0dGluZ3MiOnsicG9zdF9pZCI6Ijk2NzUifX0=@\u00a0\u00bb border_radii=\u00a0\u00bbon|20px|20px|20px|20px\u00a0\u00bb box_shadow_style=\u00a0\u00bbpreset1&Prime; global_colors_info=\u00a0\u00bb{}\u00a0\u00bb button_bg_color__hover_enabled=\u00a0\u00bboff|desktop\u00a0\u00bb transform_styles__hover_enabled=\u00a0\u00bbon|hover\u00a0\u00bb transform_scale__hover_enabled=\u00a0\u00bbon|hover\u00a0\u00bb transform_translate__hover_enabled=\u00a0\u00bbon|desktop\u00a0\u00bb transform_rotate__hover_enabled=\u00a0\u00bbon|desktop\u00a0\u00bb transform_skew__hover_enabled=\u00a0\u00bbon|desktop\u00a0\u00bb transform_origin__hover_enabled=\u00a0\u00bbon|desktop\u00a0\u00bb transform_scale__hover=\u00a0\u00bb105%|105%\u00a0\u00bb]<\/p>\n<ul>\n<li><span style=\"font-size: 14px;\">Ultra-Long UVA<\/span><\/li>\n<li style=\"text-align: left;\">Lumi\u00e8re Bleue<\/li>\n<li style=\"text-align: left;\">Visible<\/li>\n<li style=\"text-align: left;\">Infrarouge<\/li>\n<li style=\"text-align: left;\">Full Spectrum<\/li>\n<li style=\"text-align: left;\">UVC<\/li>\n<\/ul>\n<p>[\/dsm_card][\/et_pb_column][et_pb_column type=\u00a0\u00bb1_4&Prime; _builder_version=\u00a0\u00bb4.24.3&Prime; _module_preset=\u00a0\u00bbdefault\u00a0\u00bb custom_padding=\u00a0\u00bb20px||20px||false|false\u00a0\u00bb global_colors_info=\u00a0\u00bb{}\u00a0\u00bb][dsm_card title=\u00a0\u00bbR\u00e9sistance\u00a0\u00bb content_horizontal_alignment=\u00a0\u00bbflex-start\u00a0\u00bb image=\u00a0\u00bbhttps:\/\/weneos.com\/wp-content\/uploads\/2024\/04\/SPF-weneos-scaled.jpeg\u00a0\u00bb image_background_animation=\u00a0\u00bbzoom_in\u00a0\u00bb badge_background_color=\u00a0\u00bb#82368c\u00a0\u00bb button_text=\u00a0\u00bbD\u00e9couvrir\u00a0\u00bb button_url=\u00a0\u00bb@ET-DC@eyJkeW5hbWljIjp0cnVlLCJjb250ZW50IjoicG9zdF9saW5rX3VybF9wYWdlIiwic2V0dGluZ3MiOnsicG9zdF9pZCI6Ijk2NzUifX0=@\u00a0\u00bb button_url_new_window=\u00a0\u00bb1&Prime; _builder_version=\u00a0\u00bb4.24.3&Prime; _dynamic_attributes=\u00a0\u00bbbutton_url,link_option_url\u00a0\u00bb _module_preset=\u00a0\u00bbdefault\u00a0\u00bb badge_text_color=\u00a0\u00bb#FFFFFF\u00a0\u00bb header_level=\u00a0\u00bbh3&Prime; header_font=\u00a0\u00bb|600|||||||\u00a0\u00bb header_text_align=\u00a0\u00bbcenter\u00a0\u00bb header_font_size=\u00a0\u00bb24px\u00a0\u00bb background_color=\u00a0\u00bb#FFFFFF\u00a0\u00bb custom_button=\u00a0\u00bbon\u00a0\u00bb button_text_color=\u00a0\u00bb#FFFFFF\u00a0\u00bb button_bg_color=\u00a0\u00bb#82368c\u00a0\u00bb button_border_radius=\u00a0\u00bb10px\u00a0\u00bb button_alignment=\u00a0\u00bbcenter\u00a0\u00bb custom_margin=\u00a0\u00bb20px|20px||20px|false|false\u00a0\u00bb link_option_url=\u00a0\u00bb@ET-DC@eyJkeW5hbWljIjp0cnVlLCJjb250ZW50IjoicG9zdF9saW5rX3VybF9wYWdlIiwic2V0dGluZ3MiOnsicG9zdF9pZCI6Ijk2NzUifX0=@\u00a0\u00bb border_radii=\u00a0\u00bbon|20px|20px|20px|20px\u00a0\u00bb box_shadow_style=\u00a0\u00bbpreset1&Prime; global_colors_info=\u00a0\u00bb{}\u00a0\u00bb button_bg_color__hover_enabled=\u00a0\u00bboff|desktop\u00a0\u00bb transform_styles__hover_enabled=\u00a0\u00bbon|hover\u00a0\u00bb transform_scale__hover_enabled=\u00a0\u00bbon|hover\u00a0\u00bb transform_translate__hover_enabled=\u00a0\u00bbon|desktop\u00a0\u00bb transform_rotate__hover_enabled=\u00a0\u00bbon|desktop\u00a0\u00bb transform_skew__hover_enabled=\u00a0\u00bbon|desktop\u00a0\u00bb transform_origin__hover_enabled=\u00a0\u00bbon|desktop\u00a0\u00bb transform_scale__hover=\u00a0\u00bb105%|105%\u00a0\u00bb]<\/p>\n<ul>\n<li>R\u00e9sistance \u00e0 l&rsquo;Eau<\/li>\n<li>R\u00e9sistance \u00e0 la Sueur<\/li>\n<li style=\"text-align: left;\">R\u00e9sistance au Sable<\/li>\n<li style=\"text-align: left;\">R\u00e9sistance au Frottement<\/li>\n<li style=\"text-align: left;\">Application Peau Mouill\u00e9e<\/li>\n<li>Conditions Extr\u00eames<\/li>\n<li style=\"text-align: left;\">Persistance | Longue Tenue<\/li>\n<li>Protection Imm\u00e9diate<\/li>\n<\/ul>\n<p>[\/dsm_card][\/et_pb_column][\/et_pb_row][\/et_pb_section]<\/p>\n","protected":false},"excerpt":{"rendered":"<p><div class=\"et_pb_module dsm_card dsm_card_0 et_pb_bg_layout_light  dsm_card_layout_stacked\">\n\t\t\t\t\n\t\t\t\t\n\t\t\t\t\n\t\t\t\t\n\t\t\t\t\n\t\t\t\t\n\t\t\t\t<div class=\"et_pb_module_inner\">\n\t\t\t\t\t\n\t\t\t\n\t\t\t\n\t\t\t\n\t\t\t\n\t\t\t\t<\/div>\n\t\t\t<\/div><div class=\"et_pb_with_border et_pb_module dsm_text_notation dsm_text_notation_0  et_pb_text_align_left et_pb_bg_layout_light\">\n\t\t\t\t\n\t\t\t\t\n\t\t\t\t\n\t\t\t\t\n\t\t\t\t\n\t\t\t\t\n\t\t\t\t<div class=\"et_pb_module_inner\">\n\t\t\t\t\t<h1 class=\"dsm-text-notation-main et_pb_module_header\"><span class=\"dsm-text-notation-before\">Protection <\/span><span data-notation=\"[{&quot;type&quot;:&quot;highlight&quot;,&quot;color&quot;:&quot;#82368c&quot;,&quot;stroke-width&quot;:&quot;2&quot;,&quot;iterations&quot;:&quot;4&quot;,&quot;brackets&quot;:&quot;left|right&quot;,&quot;viewport&quot;:&quot;80%&quot;,&quot;delay&quot;:&quot;0ms&quot;,&quot;divi-animate&quot;:&quot;none&quot;,&quot;divi-animate-duration&quot;:&quot;1000ms&quot;,&quot;divi-animate-delay&quot;:&quot;0ms&quot;}]\" class=\"dsm-text-notation-middle\">Imm\u00e9diate<\/span><\/h1>\n\t\t\t\t<\/div>\n\t\t\t<\/div>Apr\u00e8s application du produit solaire, la plupart des acteurs dans le domaine de la protection solaire recommandent un temps d\u2019attente d\u2019environ 15 min \u00e0 30 min avant de s\u2019exposer au soleil afin d&rsquo;assurer une stabilit\u00e9 dans la protection solaire apport\u00e9e par le produit. Cependant, certains consommateurs sont de plus en plus attir\u00e9s par les produits solaires qui peuvent \u00eatre appliqu\u00e9s \u00e0 n&rsquo;importe quel moment sans avoir besoin d&rsquo;attendre avant de s&rsquo;exposer. Ainsi, le concept de protection imm\u00e9diate semblerait garantir d&rsquo;une protection solaire \u00e9quivalente d\u00e8s l&rsquo;application du produit. En d\u2019autres termes, il permet \u00e0 l\u2019utilisateur de sauter l\u2019\u00e9tape d&rsquo;attente avant de s&rsquo;exposer au soleil. Afin de d\u00e9terminer et justifier cette all\u00e9gation de protection imm\u00e9diate, WENEOS a d\u00e9velopp\u00e9 une m\u00e9thode in vitro bas\u00e9e sur l\u2019\u00e9volution de la protection dans les toutes premi\u00e8res minutes d\u2019utilisation du produit solaire tout en consid\u00e9rant\u00a0la photostabilit\u00e9 pour pond\u00e9rer la protection solaire. <div class=\"et_pb_module dsm_text_divider dsm_text_divider_0\">\n\t\t\t\t\n\t\t\t\t\n\t\t\t\t\n\t\t\t\t\n\t\t\t\t\n\t\t\t\t\n\t\t\t\t<div class=\"et_pb_module_inner\">\n\t\t\t\t\t<div class=\"dsm-text-divider-wrapper dsm-text-divider-align-center et_pb_bg_layout_light\">\n\t\t\t\t\n\t\t\t\t\n\t\t\t\t<div class=\"dsm-text-divider-before dsm-divider\"><\/div>\n\t\t\t\t<h1 class=\"dsm-text-divider-header et_pb_module_header\"><span>REVENDICATION<\/span><\/h1>\n\t\t\t\t<div class=\"dsm-text-divider-after dsm-divider\"><\/div>\n\t\t\t<\/div>\n\t\t\t\t<\/div>\n\t\t\t<\/div>Nous vous proposons d\u2019\u00e9valuer la protection solaire de vos produits en totale conformit\u00e9 avec les m\u00e9thodes officielles ou de revendiquer les propri\u00e9t\u00e9s de vos produits [&hellip;]<\/p>\n","protected":false},"author":1,"featured_media":0,"parent":9675,"menu_order":0,"comment_status":"closed","ping_status":"closed","template":"","meta":{"_et_pb_use_builder":"on","_et_pb_old_content":"","_et_gb_content_width":"","footnotes":""},"class_list":["post-10094","page","type-page","status-publish","hentry"],"_links":{"self":[{"href":"https:\/\/weneos.com\/fr\/wp-json\/wp\/v2\/pages\/10094","targetHints":{"allow":["GET"]}}],"collection":[{"href":"https:\/\/weneos.com\/fr\/wp-json\/wp\/v2\/pages"}],"about":[{"href":"https:\/\/weneos.com\/fr\/wp-json\/wp\/v2\/types\/page"}],"author":[{"embeddable":true,"href":"https:\/\/weneos.com\/fr\/wp-json\/wp\/v2\/users\/1"}],"replies":[{"embeddable":true,"href":"https:\/\/weneos.com\/fr\/wp-json\/wp\/v2\/comments?post=10094"}],"version-history":[{"count":4,"href":"https:\/\/weneos.com\/fr\/wp-json\/wp\/v2\/pages\/10094\/revisions"}],"predecessor-version":[{"id":12980,"href":"https:\/\/weneos.com\/fr\/wp-json\/wp\/v2\/pages\/10094\/revisions\/12980"}],"up":[{"embeddable":true,"href":"https:\/\/weneos.com\/fr\/wp-json\/wp\/v2\/pages\/9675"}],"wp:attachment":[{"href":"https:\/\/weneos.com\/fr\/wp-json\/wp\/v2\/media?parent=10094"}],"curies":[{"name":"wp","href":"https:\/\/api.w.org\/{rel}","templated":true}]}}