{"id":23,"date":"2024-03-01T01:33:25","date_gmt":"2024-03-01T00:33:25","guid":{"rendered":"https:\/\/weneos.com\/?page_id=23"},"modified":"2024-04-05T02:34:20","modified_gmt":"2024-04-05T00:34:20","slug":"politique-en-matiere-de-cookies","status":"publish","type":"page","link":"https:\/\/weneos.com\/fr\/politique-en-matiere-de-cookies\/","title":{"rendered":"Gestion des cookies"},"content":{"rendered":"<p>[et_pb_section fb_built=\u00a0\u00bb1&Prime; _builder_version=\u00a0\u00bb4.24.2&Prime; _module_preset=\u00a0\u00bbdefault\u00a0\u00bb custom_margin=\u00a0\u00bb100px||||false|false\u00a0\u00bb hover_enabled=\u00a0\u00bb0&Prime; global_colors_info=\u00a0\u00bb{}\u00a0\u00bb sticky_enabled=\u00a0\u00bb0&Prime;][et_pb_row _builder_version=\u00a0\u00bb4.24.2&Prime; _module_preset=\u00a0\u00bbdefault\u00a0\u00bb global_colors_info=\u00a0\u00bb{}\u00a0\u00bb][et_pb_column type=\u00a0\u00bb4_4&Prime; _builder_version=\u00a0\u00bb4.24.2&Prime; _module_preset=\u00a0\u00bbdefault\u00a0\u00bb global_colors_info=\u00a0\u00bb{}\u00a0\u00bb][et_pb_text _builder_version=\u00a0\u00bb4.24.2&Prime; _module_preset=\u00a0\u00bbdefault\u00a0\u00bb hover_enabled=\u00a0\u00bb0&Prime; global_colors_info=\u00a0\u00bb{}\u00a0\u00bb sticky_enabled=\u00a0\u00bb0&Prime; text_font_size=\u00a0\u00bb16px\u00a0\u00bb text_orientation=\u00a0\u00bbjustified\u00a0\u00bb]<\/p>\n<h1 class=\"cookie-policy-h1\"><strong>Politique en mati\u00e8re de cookies<\/strong><\/h1>\n<p><strong>Date d&rsquo;entr\u00e9e en vigueur\u00a0: 01 mars 2024<\/strong><br \/><strong>Derni\u00e8re mise \u00e0 jour\u00a0: 01 mars 2024<\/strong><\/p>\n<p>&nbsp;<\/p>\n<h2>1. Que sont les cookies ?<\/h2>\n<div class=\"cookie-policy-p\">\n<p>Cette politique en mati\u00e8re de cookies explique ce que sont les cookies et comment nous les utilisons, les types de cookies que nous utilisons, c&rsquo;est-\u00e0-dire les informations que nous collectons \u00e0 l&rsquo;aide des cookies et comment ces informations sont utilis\u00e9es, et comment g\u00e9rer les param\u00e8tres des cookies.<\/p>\n<p>Les cookies sont de petits fichiers texte utilis\u00e9s pour stocker de petites informations. Ils sont stock\u00e9s sur votre appareil lorsque le site Internet est charg\u00e9 sur votre navigateur. Ces cookies nous aident \u00e0 faire fonctionner le site Web correctement, \u00e0 le rendre plus s\u00e9curis\u00e9, \u00e0 offrir une meilleure exp\u00e9rience utilisateur, \u00e0 comprendre les performances du site Web et \u00e0 analyser ce qui fonctionne et o\u00f9 il doit \u00eatre am\u00e9lior\u00e9.<\/p>\n<\/div>\n<p>&nbsp;<\/p>\n<h2>2. Comment utilisons-nous les cookies ?<\/h2>\n<div class=\"cookie-policy-p\">\n<p>Comme la plupart des services en ligne, notre site Web utilise des cookies propri\u00e9taires et tiers \u00e0 plusieurs fins. Les cookies de premi\u00e8re partie sont pour la plupart n\u00e9cessaires au bon fonctionnement du site Web et ils ne collectent aucune de vos donn\u00e9es personnelles identifiables.<\/p>\n<p>Les cookies tiers utilis\u00e9s sur notre site Web servent principalement \u00e0 comprendre les performances du site Web, la fa\u00e7on dont vous interagissez avec notre site Web, \u00e0 assurer la s\u00e9curit\u00e9 de nos services, \u00e0 fournir des publicit\u00e9s qui vous int\u00e9ressent et, dans l&rsquo;ensemble, \u00e0 vous offrir un utilisateur meilleur et am\u00e9lior\u00e9. exp\u00e9rience et vous aider \u00e0 acc\u00e9l\u00e9rer vos futures interactions avec notre site Web.<\/p>\n<\/div>\n<p>&nbsp;<\/p>\n<h2>3. Types de cookies que nous utilisons<\/h2>\n<div class=\"cky-audit-table-element\">\n<p>Si vous d\u00e9posez un commentaire sur notre site, il vous sera demand\u00e9 d&rsquo;enregistrer votre nom, votre adresse email et votre site internet dans des cookies. Ceci est uniquement pour votre commodit\u00e9 afin que vous n&rsquo;ayez pas \u00e0 remplir ces informations si vous laissez un autre commentaire plus tard. Ces cookies expirent au bout d&rsquo;un an.<\/p>\n<p>Si vous acc\u00e9dez \u00e0 la page de connexion, un cookie temporaire sera cr\u00e9\u00e9 pour d\u00e9terminer si votre navigateur accepte les cookies. Il ne contient pas de donn\u00e9es personnelles et sera automatiquement supprim\u00e9 lorsque vous fermerez votre navigateur.<\/p>\n<p>Lorsque vous vous connectez, nous mettrons en place un certain nombre de cookies pour enregistrer vos informations de connexion et vos pr\u00e9f\u00e9rences d&rsquo;\u00e9cran. La dur\u00e9e de vie d&rsquo;un cookie de connexion est de deux jours, celle d&rsquo;un cookie d&rsquo;option d&rsquo;\u00e9cran est d&rsquo;un an. Si vous cochez \u00ab Se souvenir de moi \u00bb, votre cookie de connexion sera conserv\u00e9 pendant deux semaines. Si vous vous d\u00e9connectez de votre compte, le cookie de connexion sera supprim\u00e9.<\/p>\n<p>En modifiant ou en publiant un article, un cookie suppl\u00e9mentaire sera stock\u00e9 dans votre navigateur. Ce cookie ne contient aucune donn\u00e9e personnelle. Il affiche simplement l&rsquo;ID du message que vous venez de modifier. Il expire apr\u00e8s un jour.<\/p>\n<\/div>\n<p>&nbsp;<\/p>\n<h2>4. G\u00e9rer les pr\u00e9f\u00e9rences en mati\u00e8re de cookies<\/h2>\n<p><a class=\"cky-banner-element\">Cookie Settings<\/a><\/p>\n<div>\n<p>Vous pouvez modifier vos pr\u00e9f\u00e9rences en mati\u00e8re de cookies \u00e0 tout moment en cliquant sur le bouton ci-dessus. Cela vous permettra de revoir la banni\u00e8re de consentement aux cookies et de modifier vos pr\u00e9f\u00e9rences ou de retirer votre consentement imm\u00e9diatement.<\/p>\n<p>En plus de cela, diff\u00e9rents navigateurs proposent diff\u00e9rentes m\u00e9thodes pour bloquer et supprimer les cookies utilis\u00e9s par les sites Web. Vous pouvez modifier les param\u00e8tres de votre navigateur pour bloquer\/supprimer les cookies.<\/p>\n<p>Pour de plus amples informations, vous pouvez consulter le lien suivant : <a href=\"http:\/\/www.aboutcookies.org\/\" target=\"_blank\" rel=\"noopener\">http:\/\/www.aboutcookies.org\/<\/a><\/p>\n<\/div>\n<p>[\/et_pb_text][\/et_pb_column][\/et_pb_row][\/et_pb_section]<\/p>\n","protected":false},"excerpt":{"rendered":"<p>Politique en mati\u00e8re de cookies Date d&rsquo;entr\u00e9e en vigueur\u00a0: 01 mars 2024Derni\u00e8re mise \u00e0 jour\u00a0: 01 mars 2024 &nbsp; 1. Que sont les cookies ? Cette politique en mati\u00e8re de cookies explique ce que sont les cookies et comment nous les utilisons, les types de cookies que nous utilisons, c&rsquo;est-\u00e0-dire les informations que nous collectons \u00e0 l&rsquo;aide des cookies et comment ces informations sont utilis\u00e9es, et comment g\u00e9rer les param\u00e8tres des cookies. Les cookies sont de petits fichiers texte utilis\u00e9s pour stocker de petites informations. Ils sont stock\u00e9s sur votre appareil lorsque le site Internet est charg\u00e9 sur votre navigateur. Ces cookies nous aident \u00e0 faire fonctionner le site Web correctement, \u00e0 le rendre plus s\u00e9curis\u00e9, \u00e0 offrir une meilleure exp\u00e9rience utilisateur, \u00e0 comprendre les performances du site Web et \u00e0 analyser ce qui fonctionne et o\u00f9 il doit \u00eatre am\u00e9lior\u00e9. &nbsp; 2. Comment utilisons-nous les cookies ? Comme la plupart des services en ligne, notre site Web utilise des cookies propri\u00e9taires et tiers \u00e0 plusieurs fins. Les cookies de premi\u00e8re partie sont pour la plupart n\u00e9cessaires au bon fonctionnement du site Web et ils ne collectent aucune de vos donn\u00e9es personnelles identifiables. Les cookies tiers utilis\u00e9s sur notre site [&hellip;]<\/p>\n","protected":false},"author":1,"featured_media":0,"parent":0,"menu_order":0,"comment_status":"closed","ping_status":"closed","template":"","meta":{"_et_pb_use_builder":"on","_et_pb_old_content":"","_et_gb_content_width":"","footnotes":""},"class_list":["post-23","page","type-page","status-publish","hentry"],"_links":{"self":[{"href":"https:\/\/weneos.com\/fr\/wp-json\/wp\/v2\/pages\/23","targetHints":{"allow":["GET"]}}],"collection":[{"href":"https:\/\/weneos.com\/fr\/wp-json\/wp\/v2\/pages"}],"about":[{"href":"https:\/\/weneos.com\/fr\/wp-json\/wp\/v2\/types\/page"}],"author":[{"embeddable":true,"href":"https:\/\/weneos.com\/fr\/wp-json\/wp\/v2\/users\/1"}],"replies":[{"embeddable":true,"href":"https:\/\/weneos.com\/fr\/wp-json\/wp\/v2\/comments?post=23"}],"version-history":[{"count":0,"href":"https:\/\/weneos.com\/fr\/wp-json\/wp\/v2\/pages\/23\/revisions"}],"wp:attachment":[{"href":"https:\/\/weneos.com\/fr\/wp-json\/wp\/v2\/media?parent=23"}],"curies":[{"name":"wp","href":"https:\/\/api.w.org\/{rel}","templated":true}]}}