{"id":79,"date":"2024-03-07T11:08:56","date_gmt":"2024-03-07T10:08:56","guid":{"rendered":"https:\/\/weneos.com\/?page_id=79"},"modified":"2024-09-12T00:56:25","modified_gmt":"2024-09-11T22:56:25","slug":"declaration-daccessibilite","status":"publish","type":"page","link":"https:\/\/weneos.com\/fr\/declaration-daccessibilite\/","title":{"rendered":"D\u00e9claration d\u2019accessibilit\u00e9"},"content":{"rendered":"<p>[et_pb_section fb_built=\u00a0\u00bb1&Prime; _builder_version=\u00a0\u00bb4.24.2&Prime; _module_preset=\u00a0\u00bbdefault\u00a0\u00bb custom_margin=\u00a0\u00bb100px||||false|false\u00a0\u00bb global_colors_info=\u00a0\u00bb{}\u00a0\u00bb][et_pb_row _builder_version=\u00a0\u00bb4.24.2&Prime; _module_preset=\u00a0\u00bbdefault\u00a0\u00bb global_colors_info=\u00a0\u00bb{}\u00a0\u00bb][et_pb_column type=\u00a0\u00bb4_4&Prime; _builder_version=\u00a0\u00bb4.24.2&Prime; _module_preset=\u00a0\u00bbdefault\u00a0\u00bb global_colors_info=\u00a0\u00bb{}\u00a0\u00bb][et_pb_text _builder_version=\u00a0\u00bb4.24.2&Prime; _module_preset=\u00a0\u00bbdefault\u00a0\u00bb text_font_size=\u00a0\u00bb16px\u00a0\u00bb text_orientation=\u00a0\u00bbjustified\u00a0\u00bb global_colors_info=\u00a0\u00bb{}\u00a0\u00bb]<\/p>\n<h1><strong>D\u00e9claration d&rsquo;accessibilit\u00e9<\/strong><\/h1>\n<p><strong>Derni\u00e8re mise \u00e0 jour le 12 septembre 2024<br \/>Date d\u2019entr\u00e9e en vigueur 12 septembre 2024<\/strong><\/p>\n<p>&nbsp;<\/p>\n<h2>1. G\u00e9n\u00e9ral<\/h2>\n<p>Weneos s&rsquo;efforce de garantir que ses services soient accessibles aux personnes handicap\u00e9es. Weneos a investi des ressources importantes pour garantir que son site Web soit plus facile \u00e0 utiliser et plus accessible aux personnes handicap\u00e9es, avec la ferme conviction que chaque personne a le droit de vivre dans la dignit\u00e9, l&rsquo;\u00e9galit\u00e9, le confort et l&rsquo;ind\u00e9pendance.<\/p>\n<p>&nbsp;<\/p>\n<h2>2. Accessibilit\u00e9 sur weneos.com<\/h2>\n<p>Weneos.com met \u00e0 disposition le widget <a href=\"https:\/\/UserWay.org\" target=\"_blank\" rel=\"noopener\">UserWay<\/a> qui est aliment\u00e9 par un serveur d&rsquo;accessibilit\u00e9 d\u00e9di\u00e9. Le logiciel permet \u00e0 Weneos.com d&rsquo;am\u00e9liorer sa conformit\u00e9 aux directives d&rsquo;accessibilit\u00e9 du contenu Web (WCAG 2.1).<\/p>\n<p>&nbsp;<\/p>\n<h2>3. Activation du menu d&rsquo;accessibilit\u00e9<\/h2>\n<p>Le menu d&rsquo;accessibilit\u00e9 de weneos.com peut \u00eatre activ\u00e9 soit en appuyant sur la touche de tabulation lors du premier chargement de la page, soit en cliquant sur l&rsquo;ic\u00f4ne du menu d&rsquo;accessibilit\u00e9 qui appara\u00eet dans le coin de la page. Apr\u00e8s avoir d\u00e9clench\u00e9 le menu d&rsquo;accessibilit\u00e9, veuillez attendre un moment que le menu d&rsquo;accessibilit\u00e9 se charge dans son int\u00e9gralit\u00e9.<\/p>\n<p>&nbsp;<\/p>\n<h2>4. Clause de non-responsabilit\u00e9<\/h2>\n<p>Weneos poursuit ses efforts pour am\u00e9liorer constamment l&rsquo;accessibilit\u00e9 de son site et de ses services, convaincu qu&rsquo;il est de notre obligation morale collective de permettre une utilisation transparente, accessible et sans entrave, \u00e9galement pour ceux d&rsquo;entre nous handicap\u00e9s.<\/p>\n<p>Dans un effort continu pour am\u00e9liorer et r\u00e9soudre continuellement les probl\u00e8mes d&rsquo;accessibilit\u00e9, nous analysons \u00e9galement r\u00e9guli\u00e8rement weneos.com avec le Scanner d&rsquo;accessibilit\u00e9 de UserWay pour identifier et corriger tous les obstacles d&rsquo;accessibilit\u00e9 possibles sur notre site. Malgr\u00e9 nos efforts pour rendre toutes les pages et tous les contenus de weneos.com enti\u00e8rement accessibles, certains contenus peuvent ne pas encore \u00eatre enti\u00e8rement adapt\u00e9s aux normes d&rsquo;accessibilit\u00e9 les plus strictes. Cela peut \u00eatre d\u00fb au fait que l\u2019on n\u2019a pas trouv\u00e9 ou identifi\u00e9 la solution technologique la plus appropri\u00e9e.<\/p>\n<p>&nbsp;<\/p>\n<h2>5. Contactez-nous<\/h2>\n<p>Si vous rencontrez des difficult\u00e9s avec un contenu sur weneos.com, si vous souhaitez signaler un probl\u00e8me d&rsquo;accessibilit\u00e9, si vous avez des questions ou si vous avez besoin d&rsquo;aide avec une partie de notre site, veuillez nous contacter pendant les heures normales de bureau et nous serons heureux de vous aider.<\/p>\n<p>[\/et_pb_text][\/et_pb_column][\/et_pb_row][\/et_pb_section]<\/p>\n","protected":false},"excerpt":{"rendered":"<p>D\u00e9claration d&rsquo;accessibilit\u00e9 Derni\u00e8re mise \u00e0 jour le 12 septembre 2024Date d\u2019entr\u00e9e en vigueur 12 septembre 2024 &nbsp; 1. G\u00e9n\u00e9ral Weneos s&rsquo;efforce de garantir que ses services soient accessibles aux personnes handicap\u00e9es. Weneos a investi des ressources importantes pour garantir que son site Web soit plus facile \u00e0 utiliser et plus accessible aux personnes handicap\u00e9es, avec la ferme conviction que chaque personne a le droit de vivre dans la dignit\u00e9, l&rsquo;\u00e9galit\u00e9, le confort et l&rsquo;ind\u00e9pendance. &nbsp; 2. Accessibilit\u00e9 sur weneos.com Weneos.com met \u00e0 disposition le widget UserWay qui est aliment\u00e9 par un serveur d&rsquo;accessibilit\u00e9 d\u00e9di\u00e9. Le logiciel permet \u00e0 Weneos.com d&rsquo;am\u00e9liorer sa conformit\u00e9 aux directives d&rsquo;accessibilit\u00e9 du contenu Web (WCAG 2.1). &nbsp; 3. Activation du menu d&rsquo;accessibilit\u00e9 Le menu d&rsquo;accessibilit\u00e9 de weneos.com peut \u00eatre activ\u00e9 soit en appuyant sur la touche de tabulation lors du premier chargement de la page, soit en cliquant sur l&rsquo;ic\u00f4ne du menu d&rsquo;accessibilit\u00e9 qui appara\u00eet dans le coin de la page. Apr\u00e8s avoir d\u00e9clench\u00e9 le menu d&rsquo;accessibilit\u00e9, veuillez attendre un moment que le menu d&rsquo;accessibilit\u00e9 se charge dans son int\u00e9gralit\u00e9. &nbsp; 4. Clause de non-responsabilit\u00e9 Weneos poursuit ses efforts pour am\u00e9liorer constamment l&rsquo;accessibilit\u00e9 de son site et de ses services, convaincu qu&rsquo;il est de notre obligation [&hellip;]<\/p>\n","protected":false},"author":1,"featured_media":0,"parent":0,"menu_order":0,"comment_status":"closed","ping_status":"closed","template":"","meta":{"_et_pb_use_builder":"on","_et_pb_old_content":"","_et_gb_content_width":"","footnotes":""},"class_list":["post-79","page","type-page","status-publish","hentry"],"_links":{"self":[{"href":"https:\/\/weneos.com\/fr\/wp-json\/wp\/v2\/pages\/79","targetHints":{"allow":["GET"]}}],"collection":[{"href":"https:\/\/weneos.com\/fr\/wp-json\/wp\/v2\/pages"}],"about":[{"href":"https:\/\/weneos.com\/fr\/wp-json\/wp\/v2\/types\/page"}],"author":[{"embeddable":true,"href":"https:\/\/weneos.com\/fr\/wp-json\/wp\/v2\/users\/1"}],"replies":[{"embeddable":true,"href":"https:\/\/weneos.com\/fr\/wp-json\/wp\/v2\/comments?post=79"}],"version-history":[{"count":1,"href":"https:\/\/weneos.com\/fr\/wp-json\/wp\/v2\/pages\/79\/revisions"}],"predecessor-version":[{"id":12428,"href":"https:\/\/weneos.com\/fr\/wp-json\/wp\/v2\/pages\/79\/revisions\/12428"}],"wp:attachment":[{"href":"https:\/\/weneos.com\/fr\/wp-json\/wp\/v2\/media?parent=79"}],"curies":[{"name":"wp","href":"https:\/\/api.w.org\/{rel}","templated":true}]}}