{"id":8413,"date":"2024-03-29T10:30:17","date_gmt":"2024-03-29T09:30:17","guid":{"rendered":"https:\/\/weneos.com\/?page_id=8413"},"modified":"2024-04-05T02:34:39","modified_gmt":"2024-04-05T00:34:39","slug":"site-ecoconcu","status":"publish","type":"page","link":"https:\/\/weneos.com\/fr\/site-ecoconcu\/","title":{"rendered":"Site \u00e9cocon\u00e7u"},"content":{"rendered":"<p>[et_pb_section fb_built=\u00a0\u00bb1&Prime; _builder_version=\u00a0\u00bb4.24.2&Prime; _module_preset=\u00a0\u00bbdefault\u00a0\u00bb custom_margin=\u00a0\u00bb100px||||false|false\u00a0\u00bb global_colors_info=\u00a0\u00bb{}\u00a0\u00bb][et_pb_row _builder_version=\u00a0\u00bb4.24.2&Prime; _module_preset=\u00a0\u00bbdefault\u00a0\u00bb global_colors_info=\u00a0\u00bb{}\u00a0\u00bb][et_pb_column type=\u00a0\u00bb4_4&Prime; _builder_version=\u00a0\u00bb4.24.2&Prime; _module_preset=\u00a0\u00bbdefault\u00a0\u00bb global_colors_info=\u00a0\u00bb{}\u00a0\u00bb][et_pb_text _builder_version=\u00a0\u00bb4.24.2&Prime; _module_preset=\u00a0\u00bbdefault\u00a0\u00bb text_font_size=\u00a0\u00bb16px\u00a0\u00bb text_orientation=\u00a0\u00bbjustified\u00a0\u00bb global_colors_info=\u00a0\u00bb{}\u00a0\u00bb]<\/p>\n<h1><strong><\/strong><\/h1>\n<h1><strong>Ce site internet est \u00e9cocon\u00e7u<\/strong><\/h1>\n<p><strong>Derni\u00e8re mise \u00e0 jour le 01 mars 2024<br \/>Date d\u2019entr\u00e9e en vigueur 01 mars 2024<\/strong><span><\/span><\/p>\n<p><strong><\/strong><\/p>\n<h2>Principe<\/h2>\n<p><span>L\u2019\u00e9coconception repose sur une approche m\u00e9thodologique et l\u2019adoption d\u2019un ensemble de bonnes pratiques visant \u00e0 minimiser l\u2019impact des sites web sur l\u2019environnement.<\/span><br \/><span>Dans ce cadre, nous avons pris des mesures pour comprendre, mesurer et r\u00e9duire l\u2019impact \u00e9cologique de notre site internet dans sa globalit\u00e9. Ains, nous utilisons des technologies \u00e9conomes en \u00e9nergie, des contenus l\u00e9gers et optimis\u00e9s, tout en veillant \u00e0 offrir une exp\u00e9rience utilisateur optimale.<\/span><\/p>\n<p><span><\/span><\/p>\n<p><span><\/span><\/p>\n<h2>Mesure de l&rsquo;\u00e9co-conception<\/h2>\n<p>Nous \u00e9valuons les pages en fonction d&rsquo;une vari\u00e9t\u00e9 de facteurs de performances, d&rsquo;efficacit\u00e9 et d&rsquo;exp\u00e9rience utilisateur, ainsi que d&rsquo;estimations d&rsquo;\u00e9missions et d&rsquo;un h\u00e9bergement \u00e9cologique aliment\u00e9 par des \u00e9nergies renouvelables.<\/p>\n<p>Cette \u00e9valuation se base sur plusieurs\u00a0 grands principes que nous appliquons et dont vous trouverez nos actions ci-dessous.<\/p>\n<p>[\/et_pb_text][\/et_pb_column][\/et_pb_row][\/et_pb_section][et_pb_section fb_built=\u00a0\u00bb1&Prime; _builder_version=\u00a0\u00bb4.24.2&Prime; _module_preset=\u00a0\u00bbdefault\u00a0\u00bb custom_padding=\u00a0\u00bb0px|||||\u00a0\u00bb global_colors_info=\u00a0\u00bb{}\u00a0\u00bb][et_pb_row column_structure=\u00a0\u00bb1_3,1_3,1_3&Prime; _builder_version=\u00a0\u00bb4.24.2&Prime; _module_preset=\u00a0\u00bbdefault\u00a0\u00bb max_width=\u00a0\u00bb2560px\u00a0\u00bb global_colors_info=\u00a0\u00bb{}\u00a0\u00bb][et_pb_column type=\u00a0\u00bb1_3&Prime; _builder_version=\u00a0\u00bb4.24.2&Prime; _module_preset=\u00a0\u00bbdefault\u00a0\u00bb global_colors_info=\u00a0\u00bb{}\u00a0\u00bb][et_pb_blurb title=\u00a0\u00bb1 &#8211; Poids des pages\u00a0\u00bb _builder_version=\u00a0\u00bb4.24.2&Prime; _module_preset=\u00a0\u00bbdefault\u00a0\u00bb header_font_size=\u00a0\u00bb30px\u00a0\u00bb body_text_align=\u00a0\u00bbjustify\u00a0\u00bb body_font_size=\u00a0\u00bb16px\u00a0\u00bb global_colors_info=\u00a0\u00bb{}\u00a0\u00bb]<\/p>\n<p>En compressant la taille du fichier image et en supprimant les \u00e9l\u00e9ments inutilis\u00e9s d&rsquo;une page, nous r\u00e9duisons non seulement les \u00e9missions, mais le t\u00e9l\u00e9chargement plus rapide des pages rendra \u00e9galement les utilisateurs plus heureux. Cette \u00e9tape est importante pour r\u00e9duire notre empreinte et est continuellement am\u00e9lior\u00e9e au fur et \u00e0 mesure.<\/p>\n<p>[\/et_pb_blurb][et_pb_toggle title=\u00a0\u00bbOptimiser les m\u00e9dias\u00a0\u00bb _builder_version=\u00a0\u00bb4.24.2&Prime; _module_preset=\u00a0\u00bbdefault\u00a0\u00bb custom_margin=\u00a0\u00bb0px||10px||false|false\u00a0\u00bb global_colors_info=\u00a0\u00bb{}\u00a0\u00bb]<\/p>\n<p>Les images, les vid\u00e9os et les animations constituent souvent les ressources multim\u00e9dias les plus importantes d\u2019une page. En optimisant ces fichiers, nous pouvons r\u00e9duire le temps de chargement et r\u00e9duire les \u00e9missions.<\/p>\n<p>[\/et_pb_toggle][et_pb_toggle title=\u00a0\u00bbR\u00e9duire le poids global de la page\u00a0\u00bb _builder_version=\u00a0\u00bb4.24.2&Prime; _module_preset=\u00a0\u00bbdefault\u00a0\u00bb custom_margin=\u00a0\u00bb0px||10px||false|false\u00a0\u00bb global_colors_info=\u00a0\u00bb{}\u00a0\u00bb]<\/p>\n<p>Les pages Web qui utilisent des scripts, des m\u00e9dias ou d&rsquo;autres \u00e9l\u00e9ments inutiles peuvent ralentir les performances de la page, frustrer les utilisateurs et augmenter les temps de t\u00e9l\u00e9chargement et les \u00e9missions. Nous proposons des pages rapides et l\u00e9g\u00e8res aux utilisateurs en supprimant tous les \u00e9l\u00e9ments inutiles.<\/p>\n<p>[\/et_pb_toggle][et_pb_toggle title=\u00a0\u00bbSupprimer le code inutilis\u00e9\u00a0\u00bb _builder_version=\u00a0\u00bb4.24.2&Prime; _module_preset=\u00a0\u00bbdefault\u00a0\u00bb custom_margin=\u00a0\u00bb0px||10px||false|false\u00a0\u00bb global_colors_info=\u00a0\u00bb{}\u00a0\u00bb]<\/p>\n<p>Les plugins, widgets et frameworks tiers introduisent souvent des extraits de code inutiles dans notre page, ce qui peut avoir un impact n\u00e9gatif sur la vitesse et les performances de t\u00e9l\u00e9chargement.<\/p>\n<p>[\/et_pb_toggle][et_pb_toggle title=\u00a0\u00bbDimensionner correctement les images\u00a0\u00bb _builder_version=\u00a0\u00bb4.24.2&Prime; _module_preset=\u00a0\u00bbdefault\u00a0\u00bb custom_margin=\u00a0\u00bb0px||10px||false|false\u00a0\u00bb global_colors_info=\u00a0\u00bb{}\u00a0\u00bb]<\/p>\n<p>Diffusez des images de taille appropri\u00e9e pour enregistrer les donn\u00e9es cellulaires et am\u00e9liorer le temps de chargement.<\/p>\n<p>[\/et_pb_toggle][et_pb_toggle title=\u00a0\u00bbSupprimer les modules en double dans les bundles JavaScript\u00a0\u00bb _builder_version=\u00a0\u00bb4.24.2&Prime; _module_preset=\u00a0\u00bbdefault\u00a0\u00bb custom_margin=\u00a0\u00bb0px||10px||false|false\u00a0\u00bb global_colors_info=\u00a0\u00bb{}\u00a0\u00bb]<\/p>\n<p>Supprimez les modules JavaScript volumineux et en double des bundles pour r\u00e9duire les octets inutiles consomm\u00e9s par l&rsquo;activit\u00e9 r\u00e9seau.<\/p>\n<p>[\/et_pb_toggle][et_pb_toggle title=\u00a0\u00bbR\u00e9duire l\u2019impact du code tiers\u00a0\u00bb _builder_version=\u00a0\u00bb4.24.2&Prime; _module_preset=\u00a0\u00bbdefault\u00a0\u00bb custom_margin=\u00a0\u00bb0px||10px||false|false\u00a0\u00bb global_colors_info=\u00a0\u00bb{}\u00a0\u00bb]<\/p>\n<p>Le code tiers peut avoir un impact significatif sur les performances de chargement. Limitez le nombre de fournisseurs tiers redondants et essayez de charger du code tiers une fois le chargement de notre page principalement termin\u00e9.<\/p>\n<p>[\/et_pb_toggle][\/et_pb_column][et_pb_column type=\u00a0\u00bb1_3&Prime; _builder_version=\u00a0\u00bb4.24.2&Prime; _module_preset=\u00a0\u00bbdefault\u00a0\u00bb global_colors_info=\u00a0\u00bb{}\u00a0\u00bb][et_pb_blurb title=\u00a0\u00bb2 &#8211; Conception UX\u00a0\u00bb _builder_version=\u00a0\u00bb4.24.2&Prime; _module_preset=\u00a0\u00bbdefault\u00a0\u00bb header_font_size=\u00a0\u00bb30px\u00a0\u00bb body_text_align=\u00a0\u00bbjustify\u00a0\u00bb body_font_size=\u00a0\u00bb16px\u00a0\u00bb global_colors_info=\u00a0\u00bb{}\u00a0\u00bb]<\/p>\n<p>Cr\u00e9er une exp\u00e9rience utilisateur accessible, exempte de barri\u00e8res ou d&rsquo;intrusions, aide les utilisateurs \u00e0 trouver ce dont ils ont besoin et \u00e0 accomplir leurs t\u00e2ches rapidement. Ceci est important car l\u2019utilisation des appareils du consommateur final peut potentiellement repr\u00e9senter jusqu\u2019\u00e0 52 % des \u00e9missions globales d\u2019un produit ou d\u2019un service num\u00e9rique.<\/p>\n<p>[\/et_pb_blurb][et_pb_toggle title=\u00a0\u00bbAm\u00e9liorer le rendu des pages\u00a0\u00bb _builder_version=\u00a0\u00bb4.24.2&Prime; _module_preset=\u00a0\u00bbdefault\u00a0\u00bb custom_margin=\u00a0\u00bb0px||10px||false|false\u00a0\u00bb global_colors_info=\u00a0\u00bb{}\u00a0\u00bb]<\/p>\n<p>Des \u00e9tudes ont montr\u00e9 que les utilisateurs quittent rapidement les pages qui n&rsquo;affichent pas le contenu. Le contenu de la page \u00ab au-dessus de la ligne de flottaison \u00bb doit s&rsquo;afficher sur l&rsquo;appareil d&rsquo;un utilisateur en 2,5 secondes maximum. Ceci est particuli\u00e8rement crucial dans les zones \u00e0 faible bande passante et pour les utilisateurs poss\u00e9dant des appareils plus anciens.<\/p>\n<p>[\/et_pb_toggle][et_pb_toggle title=\u00a0\u00bbInteractions entre les pages\u00a0\u00bb _builder_version=\u00a0\u00bb4.24.2&Prime; _module_preset=\u00a0\u00bbdefault\u00a0\u00bb custom_margin=\u00a0\u00bb0px||10px||false|false\u00a0\u00bb global_colors_info=\u00a0\u00bb{}\u00a0\u00bb]<\/p>\n<p>Les pages qui r\u00e9pondent lentement ou ne r\u00e9pondent pas comme pr\u00e9vu aux interactions de l&rsquo;utilisateur (comme les clics sur les boutons, les pressions sur les touches, les saisies de formulaire, etc.) consomment plus d&rsquo;\u00e9nergie et frustrent les utilisateurs.<\/p>\n<p>[\/et_pb_toggle][et_pb_toggle title=\u00a0\u00bbOptimiser le contenu pour la recherche\u00a0\u00bb _builder_version=\u00a0\u00bb4.24.2&Prime; _module_preset=\u00a0\u00bbdefault\u00a0\u00bb custom_margin=\u00a0\u00bb0px||10px||false|false\u00a0\u00bb global_colors_info=\u00a0\u00bb{}\u00a0\u00bb]<\/p>\n<p>Les pages qui utilisent les meilleures pratiques de r\u00e9f\u00e9rencement aident les utilisateurs \u00e0 trouver plus rapidement du contenu, r\u00e9duisant ainsi l&rsquo;\u00e9nergie utilis\u00e9e lors de la recherche. Les pages optimis\u00e9es pour la recherche ont \u00e9galement tendance \u00e0 \u00eatre plus accessibles et \u00e0 fonctionner sur un plus large \u00e9ventail d&rsquo;appareils et de plates-formes. Cela r\u00e9duit la quantit\u00e9 d\u2019\u00e9nergie (et de frustration) d\u00e9pens\u00e9e par les utilisateurs lorsqu\u2019il existe des obstacles.<\/p>\n<p>[\/et_pb_toggle][et_pb_toggle title=\u00a0\u00bbAccessibilit\u00e9\u00a0\u00bb _builder_version=\u00a0\u00bb4.24.2&Prime; _module_preset=\u00a0\u00bbdefault\u00a0\u00bb custom_margin=\u00a0\u00bb0px||10px||false|false\u00a0\u00bb global_colors_info=\u00a0\u00bb{}\u00a0\u00bb]<\/p>\n<p>Les pages accessibles ont tendance \u00e0 fonctionner sur un plus large \u00e9ventail d&rsquo;appareils et de plates-formes, y compris les technologies d&rsquo;assistance utilis\u00e9es par les personnes handicap\u00e9es. Donner la priorit\u00e9 \u00e0 l\u2019accessibilit\u00e9 r\u00e9duit la quantit\u00e9 d\u2019\u00e9nergie (et de frustration) d\u00e9pens\u00e9e par les utilisateurs lorsqu\u2019il existe des obstacles. De plus, c&rsquo;est exactement la bonne chose \u00e0 faire.<\/p>\n<p>[\/et_pb_toggle][et_pb_toggle title=\u00a0\u00bbServez des actifs statiques avec une politique de cache efficace\u00a0\u00bb _builder_version=\u00a0\u00bb4.24.2&Prime; _module_preset=\u00a0\u00bbdefault\u00a0\u00bb custom_margin=\u00a0\u00bb0px||10px||false|false\u00a0\u00bb global_colors_info=\u00a0\u00bb{}\u00a0\u00bb]<\/p>\n<p>Une longue dur\u00e9e de vie du cache peut acc\u00e9l\u00e9rer les visites r\u00e9p\u00e9t\u00e9es sur votre page.<\/p>\n<p>[\/et_pb_toggle][et_pb_toggle title=\u00a0\u00bbImage avec des largeur et des hauteur explicites\u00a0\u00bb _builder_version=\u00a0\u00bb4.24.2&Prime; _module_preset=\u00a0\u00bbdefault\u00a0\u00bb custom_margin=\u00a0\u00bb0px||10px||false|false\u00a0\u00bb global_colors_info=\u00a0\u00bb{}\u00a0\u00bb]<\/p>\n<p>D\u00e9finissez une largeur et une hauteur explicites sur les \u00e9l\u00e9ments de l&rsquo;image pour r\u00e9duire les changements de disposition et am\u00e9liorer l&rsquo;exp\u00e9rience.<\/p>\n<p>[\/et_pb_toggle][et_pb_toggle title=\u00a0\u00bb\u00c9vitez les redirections de plusieurs pages\u00a0\u00bb _builder_version=\u00a0\u00bb4.24.2&Prime; _module_preset=\u00a0\u00bbdefault\u00a0\u00bb custom_margin=\u00a0\u00bb0px||10px||false|false\u00a0\u00bb global_colors_info=\u00a0\u00bb{}\u00a0\u00bb]<\/p>\n<p>Les redirections de pages entra\u00eenent des vitesses de page plus lentes. Les pages sont signal\u00e9es si elles comportent deux redirections ou plus. Pour \u00e9viter cela, nous consultons la liste des redirections et mettons \u00e0 jour les liens pour pointer directement vers l\u2019emplacement r\u00e9el de chaque ressource. Cela \u00e9liminera les redirection inutiles et r\u00e9duira les temps de chargement.<\/p>\n<p>[\/et_pb_toggle][et_pb_toggle title=\u00a0\u00bbAuditeurs passifs pour am\u00e9liorer les performances de d\u00e9filement\u00a0\u00bb _builder_version=\u00a0\u00bb4.24.2&Prime; _module_preset=\u00a0\u00bbdefault\u00a0\u00bb custom_margin=\u00a0\u00bb0px||10px||false|false\u00a0\u00bb global_colors_info=\u00a0\u00bb{}\u00a0\u00bb]<\/p>\n<p>Pensez \u00e0 marquer vos auditeurs d\u2019\u00e9v\u00e9nements tactiles et \u00e0 molette comme \u00ab\u00a0passifs\u00a0\u00bb pour am\u00e9liorer les performances de d\u00e9filement de votre page.<\/p>\n<p>[\/et_pb_toggle][et_pb_toggle title=\u00a0\u00bbPr\u00e9-connexion aux origines requises\u00a0\u00bb _builder_version=\u00a0\u00bb4.24.2&Prime; _module_preset=\u00a0\u00bbdefault\u00a0\u00bb custom_margin=\u00a0\u00bb0px||10px||false|false\u00a0\u00bb global_colors_info=\u00a0\u00bb{}\u00a0\u00bb]<\/p>\n<p>Pensez \u00e0 ajouter des indices de ressources \u00ab\u00a0preconnect\u00a0\u00bb ou \u00ab\u00a0dns-prefetch\u00a0\u00bb pour \u00e9tablir des connexions pr\u00e9coces avec des origines tierces importantes.<\/p>\n<p>[\/et_pb_toggle][et_pb_toggle title=\u00a0\u00bbR\u00e9duisez les requ\u00eates du serveur\u00a0\u00bb _builder_version=\u00a0\u00bb4.24.2&Prime; _module_preset=\u00a0\u00bbdefault\u00a0\u00bb custom_margin=\u00a0\u00bb0px||10px||false|false\u00a0\u00bb global_colors_info=\u00a0\u00bb{}\u00a0\u00bb]<\/p>\n<p>Chaque fois que votre page fait une requ\u00eate au serveur, de l&rsquo;\u00e9nergie est n\u00e9cessaire pour transf\u00e9rer et afficher les donn\u00e9es. R\u00e9duire le nombre de requ\u00eates effectu\u00e9es par nos pages peut am\u00e9liorer les performances et r\u00e9duire les \u00e9missions.<\/p>\n<p>[\/et_pb_toggle][\/et_pb_column][et_pb_column type=\u00a0\u00bb1_3&Prime; _builder_version=\u00a0\u00bb4.24.2&Prime; _module_preset=\u00a0\u00bbdefault\u00a0\u00bb global_colors_info=\u00a0\u00bb{}\u00a0\u00bb][et_pb_blurb title=\u00a0\u00bb3 &#8211; H\u00e9bergement vert\u00a0\u00bb _builder_version=\u00a0\u00bb4.24.2&Prime; _module_preset=\u00a0\u00bbdefault\u00a0\u00bb header_font_size=\u00a0\u00bb30px\u00a0\u00bb body_text_align=\u00a0\u00bbjustify\u00a0\u00bb body_font_size=\u00a0\u00bb16px\u00a0\u00bb global_colors_info=\u00a0\u00bb{}\u00a0\u00bb]<\/p>\n<p>Choisir un h\u00e9bergeur qui alimente ses serveurs avec de l&rsquo;\u00e9nergie renouvelable peut r\u00e9duire l&rsquo;impact environnemental de votre produit ou service num\u00e9rique d&rsquo;environ 15 %. Mais toutes les \u00e9nergies renouvelables ne sont pas \u00e9gales. Pour cela, il est primordiale de choisir un partenaire d&rsquo;h\u00e9bergement qui alimente directement ses centres de donn\u00e9es avec des \u00e9nergies renouvelables plut\u00f4t qu&rsquo;un partenaire qui ach\u00e8te des compensations ou des cr\u00e9dits d&rsquo;\u00e9nergie renouvelable (REC) d\u00e9group\u00e9s.<\/p>\n<p>[\/et_pb_blurb][et_pb_toggle title=\u00a0\u00bbH\u00e9bergement vert\u00a0\u00bb _builder_version=\u00a0\u00bb4.24.2&Prime; _module_preset=\u00a0\u00bbdefault\u00a0\u00bb custom_margin=\u00a0\u00bb0px||10px||false|false\u00a0\u00bb global_colors_info=\u00a0\u00bb{}\u00a0\u00bb]<\/p>\n<p>Alimenter les serveurs avec de l&rsquo;\u00e9nergie renouvelable est un choix important pour r\u00e9duire de mani\u00e8re mesurable l&rsquo;impact environnemental de notre produit ou service. Ainsi, nous avons s\u00e9lectionn\u00e9 Hostinger.<\/p>\n<p>[\/et_pb_toggle][\/et_pb_column][\/et_pb_row][\/et_pb_section]<\/p>\n","protected":false},"excerpt":{"rendered":"<p>Ce site internet est \u00e9cocon\u00e7u Derni\u00e8re mise \u00e0 jour le 01 mars 2024Date d\u2019entr\u00e9e en vigueur 01 mars 2024 Principe L\u2019\u00e9coconception repose sur une approche m\u00e9thodologique et l\u2019adoption d\u2019un ensemble de bonnes pratiques visant \u00e0 minimiser l\u2019impact des sites web sur l\u2019environnement.Dans ce cadre, nous avons pris des mesures pour comprendre, mesurer et r\u00e9duire l\u2019impact \u00e9cologique de notre site internet dans sa globalit\u00e9. Ains, nous utilisons des technologies \u00e9conomes en \u00e9nergie, des contenus l\u00e9gers et optimis\u00e9s, tout en veillant \u00e0 offrir une exp\u00e9rience utilisateur optimale. Mesure de l&rsquo;\u00e9co-conception Nous \u00e9valuons les pages en fonction d&rsquo;une vari\u00e9t\u00e9 de facteurs de performances, d&rsquo;efficacit\u00e9 et d&rsquo;exp\u00e9rience utilisateur, ainsi que d&rsquo;estimations d&rsquo;\u00e9missions et d&rsquo;un h\u00e9bergement \u00e9cologique aliment\u00e9 par des \u00e9nergies renouvelables. Cette \u00e9valuation se base sur plusieurs\u00a0 grands principes que nous appliquons et dont vous trouverez nos actions ci-dessous.En compressant la taille du fichier image et en supprimant les \u00e9l\u00e9ments inutilis\u00e9s d&rsquo;une page, nous r\u00e9duisons non seulement les \u00e9missions, mais le t\u00e9l\u00e9chargement plus rapide des pages rendra \u00e9galement les utilisateurs plus heureux. Cette \u00e9tape est importante pour r\u00e9duire notre empreinte et est continuellement am\u00e9lior\u00e9e au fur et \u00e0 mesure.Les images, les vid\u00e9os et les animations constituent souvent les ressources multim\u00e9dias les plus importantes d\u2019une [&hellip;]<\/p>\n","protected":false},"author":1,"featured_media":0,"parent":0,"menu_order":0,"comment_status":"closed","ping_status":"closed","template":"","meta":{"_et_pb_use_builder":"on","_et_pb_old_content":"","_et_gb_content_width":"","footnotes":""},"class_list":["post-8413","page","type-page","status-publish","hentry"],"_links":{"self":[{"href":"https:\/\/weneos.com\/fr\/wp-json\/wp\/v2\/pages\/8413","targetHints":{"allow":["GET"]}}],"collection":[{"href":"https:\/\/weneos.com\/fr\/wp-json\/wp\/v2\/pages"}],"about":[{"href":"https:\/\/weneos.com\/fr\/wp-json\/wp\/v2\/types\/page"}],"author":[{"embeddable":true,"href":"https:\/\/weneos.com\/fr\/wp-json\/wp\/v2\/users\/1"}],"replies":[{"embeddable":true,"href":"https:\/\/weneos.com\/fr\/wp-json\/wp\/v2\/comments?post=8413"}],"version-history":[{"count":0,"href":"https:\/\/weneos.com\/fr\/wp-json\/wp\/v2\/pages\/8413\/revisions"}],"wp:attachment":[{"href":"https:\/\/weneos.com\/fr\/wp-json\/wp\/v2\/media?parent=8413"}],"curies":[{"name":"wp","href":"https:\/\/api.w.org\/{rel}","templated":true}]}}