{"id":8538,"date":"2024-03-30T01:53:31","date_gmt":"2024-03-30T00:53:31","guid":{"rendered":"https:\/\/weneos.com\/?page_id=8538"},"modified":"2026-04-19T23:48:13","modified_gmt":"2026-04-19T21:48:13","slug":"exigence-qualite","status":"publish","type":"page","link":"https:\/\/weneos.com\/fr\/a-propos\/exigence-qualite\/","title":{"rendered":"Exigence qualit\u00e9"},"content":{"rendered":"<p>[et_pb_section fb_built=\u00a0\u00bb1&Prime; admin_label=\u00a0\u00bbHeader\u00a0\u00bb _builder_version=\u00a0\u00bb4.25.1&Prime; _module_preset=\u00a0\u00bbdefault\u00a0\u00bb background_color=\u00a0\u00bb#ffffff\u00a0\u00bb use_background_color_gradient=\u00a0\u00bbon\u00a0\u00bb background_color_gradient_stops=\u00a0\u00bb#f2f0eb 10%|rgba(242,240,235,0) 100%\u00a0\u00bb background_color_gradient_overlays_image=\u00a0\u00bbon\u00a0\u00bb background_image=\u00a0\u00bbhttps:\/\/weneos.com\/wp-content\/uploads\/2024\/05\/Sans-titre-19.png\u00a0\u00bb min_height=\u00a0\u00bb532px\u00a0\u00bb custom_margin=\u00a0\u00bb||34px|||\u00a0\u00bb custom_padding=\u00a0\u00bb286px||42px||false|false\u00a0\u00bb border_radii=\u00a0\u00bboff|||3vw|3vw\u00a0\u00bb locked=\u00a0\u00bboff\u00a0\u00bb collapsed=\u00a0\u00bboff\u00a0\u00bb global_colors_info=\u00a0\u00bb{}\u00a0\u00bb][et_pb_row _builder_version=\u00a0\u00bb4.24.2&Prime; _module_preset=\u00a0\u00bbdefault\u00a0\u00bb width=\u00a0\u00bb90%\u00a0\u00bb max_width=\u00a0\u00bb2560px\u00a0\u00bb locked=\u00a0\u00bboff\u00a0\u00bb global_colors_info=\u00a0\u00bb{}\u00a0\u00bb][et_pb_column type=\u00a0\u00bb4_4&Prime; _builder_version=\u00a0\u00bb4.22.0&Prime; _module_preset=\u00a0\u00bbdefault\u00a0\u00bb global_colors_info=\u00a0\u00bb{}\u00a0\u00bb][et_pb_text _builder_version=\u00a0\u00bb4.25.1&Prime; _module_preset=\u00a0\u00bb_initial\u00a0\u00bb header_font=\u00a0\u00bb|600|||||||\u00a0\u00bb header_font_size=\u00a0\u00bb80px\u00a0\u00bb header_2_font=\u00a0\u00bbInter|700|||||||\u00a0\u00bb header_2_font_size=\u00a0\u00bb4vw\u00a0\u00bb header_2_line_height=\u00a0\u00bb1.2em\u00a0\u00bb text_orientation=\u00a0\u00bbcenter\u00a0\u00bb min_height=\u00a0\u00bb100px\u00a0\u00bb custom_margin=\u00a0\u00bb-96px|||||\u00a0\u00bb header_2_font_size_tablet=\u00a0\u00bb32px\u00a0\u00bb header_2_font_size_phone=\u00a0\u00bb20px\u00a0\u00bb header_2_font_size_last_edited=\u00a0\u00bbon|desktop\u00a0\u00bb global_colors_info=\u00a0\u00bb{}\u00a0\u00bb]<\/p>\n<h1>Exigences Qualit\u00e9<\/h1>\n<p>[\/et_pb_text][\/et_pb_column][\/et_pb_row][\/et_pb_section][et_pb_section fb_built=\u00a0\u00bb1&Prime; admin_label=\u00a0\u00bbServices\u00a0\u00bb _builder_version=\u00a0\u00bb4.22.0&Prime; _module_preset=\u00a0\u00bbdefault\u00a0\u00bb min_height=\u00a0\u00bb2718px\u00a0\u00bb custom_padding=\u00a0\u00bb50px|||||\u00a0\u00bb collapsed=\u00a0\u00bbon\u00a0\u00bb global_colors_info=\u00a0\u00bb{}\u00a0\u00bb][et_pb_row _builder_version=\u00a0\u00bb4.24.2&Prime; _module_preset=\u00a0\u00bbdefault\u00a0\u00bb width=\u00a0\u00bb90%\u00a0\u00bb max_width=\u00a0\u00bb2560px\u00a0\u00bb custom_margin=\u00a0\u00bb||50px||false|false\u00a0\u00bb locked=\u00a0\u00bboff\u00a0\u00bb global_colors_info=\u00a0\u00bb{}\u00a0\u00bb][et_pb_column type=\u00a0\u00bb4_4&Prime; _builder_version=\u00a0\u00bb4.22.0&Prime; _module_preset=\u00a0\u00bbdefault\u00a0\u00bb global_colors_info=\u00a0\u00bb{}\u00a0\u00bb][dsm_text_notation before_text=\u00a0\u00bbNos exigences \u00a0\u00bb notation_text=\u00a0\u00bbqualit\u00e9\u00a0\u00bb after_text=\u00a0\u00bb pour vous offrir le meilleur\u00a0\u00bb notation_type=\u00a0\u00bbhighlight\u00a0\u00bb notation_width=\u00a0\u00bb2&Prime; notation_iterations=\u00a0\u00bb4&Prime; before_background_color=\u00a0\u00bbRGBA(255,255,255,0)\u00a0\u00bb notation_background_color=\u00a0\u00bbRGBA(255,255,255,0)\u00a0\u00bb _builder_version=\u00a0\u00bb4.24.3&Prime; _module_preset=\u00a0\u00bbdefault\u00a0\u00bb header_text_color=\u00a0\u00bb#000000&Prime; header_font_size=\u00a0\u00bb40px\u00a0\u00bb before_text_color=\u00a0\u00bb#000000&Prime; notation_text_color=\u00a0\u00bb#FFFFFF\u00a0\u00bb after_text_color=\u00a0\u00bb#000000&Prime; text_orientation=\u00a0\u00bbcenter\u00a0\u00bb module_alignment=\u00a0\u00bbcenter\u00a0\u00bb border_color_all_notation=\u00a0\u00bbRGBA(255,255,255,0)\u00a0\u00bb global_colors_info=\u00a0\u00bb{}\u00a0\u00bb][\/dsm_text_notation][et_pb_text _builder_version=\u00a0\u00bb4.25.1&Prime; _module_preset=\u00a0\u00bbdefault\u00a0\u00bb text_font_size=\u00a0\u00bb18px\u00a0\u00bb header_2_font=\u00a0\u00bb|300|||||||\u00a0\u00bb header_2_text_color=\u00a0\u00bb#848484&Prime; header_2_font_size=\u00a0\u00bb20px\u00a0\u00bb text_orientation=\u00a0\u00bbjustified\u00a0\u00bb global_colors_info=\u00a0\u00bb{}\u00a0\u00bb]<\/p>\n<h2>Chez WENEOS, la qualit\u00e9 est notre priorit\u00e9, se refl\u00e9tant non seulement dans nos produits mais aussi \u00e0 travers nos services sp\u00e9cialis\u00e9s, tels que l&rsquo;\u00e9valuation de la protection solaire mais \u00e9galement la conception de nos substrats. Nous assurons l&rsquo;excellence \u00e0 chaque \u00e9tape, du soin apport\u00e9 dans le choix de nos appareils et la calibration associ\u00e9e, en passant par la formation de notre \u00e9quipe, jusqu&rsquo;\u00e0 l&rsquo;efficacit\u00e9 prouv\u00e9e de notre syst\u00e8me de management de la qualit\u00e9.<\/h2>\n<p>[\/et_pb_text][\/et_pb_column][\/et_pb_row][et_pb_row column_structure=\u00a0\u00bb1_5,3_5,1_5&Prime; _builder_version=\u00a0\u00bb4.24.2&Prime; _module_preset=\u00a0\u00bbdefault\u00a0\u00bb background_color=\u00a0\u00bb#f4f0ec\u00a0\u00bb width=\u00a0\u00bb90%\u00a0\u00bb max_width=\u00a0\u00bb2560px\u00a0\u00bb module_alignment=\u00a0\u00bbcenter\u00a0\u00bb custom_margin=\u00a0\u00bb20px||||false|false\u00a0\u00bb custom_padding=\u00a0\u00bb|50px||50px|false|false\u00a0\u00bb animation_style=\u00a0\u00bbflip\u00a0\u00bb border_radii=\u00a0\u00bbon|20px|20px|20px|20px\u00a0\u00bb border_color_all=\u00a0\u00bb#82368c\u00a0\u00bb box_shadow_style=\u00a0\u00bbpreset1&Prime; global_colors_info=\u00a0\u00bb{}\u00a0\u00bb][et_pb_column type=\u00a0\u00bb1_5&Prime; _builder_version=\u00a0\u00bb4.24.2&Prime; _module_preset=\u00a0\u00bbdefault\u00a0\u00bb global_colors_info=\u00a0\u00bb{}\u00a0\u00bb][dsm_perspective_image src=\u00a0\u00bbhttps:\/\/weneos.com\/wp-content\/uploads\/2024\/03\/Logo-certification-AFAQ-ISO-9001.jpg\u00a0\u00bb title_text=\u00a0\u00bbLogo-certification-AFAQ-ISO-9001&Prime; hover_icon=\u00a0\u00bb&#x54;||divi||400&Prime; align=\u00a0\u00bbcenter\u00a0\u00bb _builder_version=\u00a0\u00bb4.24.3&Prime; _module_preset=\u00a0\u00bbdefault\u00a0\u00bb width=\u00a0\u00bb60%\u00a0\u00bb width_tablet=\u00a0\u00bb30%\u00a0\u00bb width_phone=\u00a0\u00bb50%\u00a0\u00bb width_last_edited=\u00a0\u00bbon|desktop\u00a0\u00bb module_alignment=\u00a0\u00bbcenter\u00a0\u00bb global_colors_info=\u00a0\u00bb{}\u00a0\u00bb][\/dsm_perspective_image][\/et_pb_column][et_pb_column type=\u00a0\u00bb3_5&Prime; _builder_version=\u00a0\u00bb4.24.2&Prime; _module_preset=\u00a0\u00bbdefault\u00a0\u00bb global_colors_info=\u00a0\u00bb{}\u00a0\u00bb][et_pb_text _builder_version=\u00a0\u00bb4.24.3&Prime; _module_preset=\u00a0\u00bbdefault\u00a0\u00bb text_font_size=\u00a0\u00bb16px\u00a0\u00bb text_orientation=\u00a0\u00bbjustified\u00a0\u00bb custom_padding=\u00a0\u00bb20px||20px||false|false\u00a0\u00bb header_text_align_tablet=\u00a0\u00bbcenter\u00a0\u00bb header_text_align_phone=\u00a0\u00bbcenter\u00a0\u00bb header_text_align_last_edited=\u00a0\u00bbon|desktop\u00a0\u00bb global_colors_info=\u00a0\u00bb{}\u00a0\u00bb]<\/p>\n<h1 class=\"et_pb_module_header et-fb-editable-element et-fb-editable-element__editing\" contenteditable=\"true\" data-shortcode-id=\"4.0.1.0-1712016963326\" data-quickaccess-id=\"header\">Certification ISO 9001:2015<\/h1>\n<p>Le Syst\u00e8me de Management de la Qualit\u00e9 de WENEOS (ex HelioScreen) est certifi\u00e9 ISO 9001:2015.<\/p>\n<p>Cette norme internationalement reconnue confirme notre capacit\u00e9 \u00e0 fournir constamment des services et des produits qui r\u00e9pondent aux besoins de nos clients et aux exigences r\u00e9glementaires, avec une forte orientation client, la motivation et l\u2019implication du top management, l\u2019approche processus et l\u2019am\u00e9lioration continue.<\/p>\n<p>Plus pr\u00e9cis\u00e9ment, la certification ISO 9001:2015 repr\u00e9sente une norme internationale d\u00e9di\u00e9e au syst\u00e8me de management de la qualit\u00e9 (SMQ), qui s&rsquo;applique \u00e0 toutes les organisations, quel que soit leur type, taille ou le produit\/service qu&rsquo;elles fournissent.<\/p>\n<p>\u00c9tablie par l&rsquo;Organisation Internationale de Normalisation (ISO), cette norme met l&rsquo;accent sur l&rsquo;am\u00e9lioration continue et la satisfaction du client en int\u00e9grant une approche processus et en promouvant l&rsquo;adoption d&rsquo;un syst\u00e8me de gestion fond\u00e9 sur des principes de gestion de la qualit\u00e9, tels que l&rsquo;orientation client, le leadership, l&rsquo;implication des personnes, l&rsquo;approche processus, l&rsquo;am\u00e9lioration, la prise de d\u00e9cision bas\u00e9e sur des preuves, et la gestion des relations avec les parties prenantes.<\/p>\n<p>La version de 2015 a introduit des concepts cl\u00e9s tels que le contexte de l&rsquo;organisation, la gestion des risques et des opportunit\u00e9s, et a renforc\u00e9 l&rsquo;importance de la direction et de son engagement envers le syst\u00e8me de gestion de la qualit\u00e9. L&rsquo;obtention de cette certification confirme que l&rsquo;organisation a mis en place un syst\u00e8me de gestion de la qualit\u00e9 qui lui permet d&rsquo;am\u00e9liorer en continu ses processus, d&rsquo;augmenter la satisfaction de ses clients et de r\u00e9pondre efficacement aux exigences r\u00e9glementaires et l\u00e9gales.<\/p>\n<p>[\/et_pb_text][\/et_pb_column][et_pb_column type=\u00a0\u00bb1_5&Prime; _builder_version=\u00a0\u00bb4.24.2&Prime; _module_preset=\u00a0\u00bbdefault\u00a0\u00bb global_colors_info=\u00a0\u00bb{}\u00a0\u00bb][dsm_perspective_image src=\u00a0\u00bbhttps:\/\/weneos.com\/wp-content\/uploads\/2026\/04\/Certificat-iso-9001-weneos-2026-2029.jpg\u00a0\u00bb title_text=\u00a0\u00bbCertificat-iso-9001-weneos-2026-2029&Prime; show_in_lightbox=\u00a0\u00bbon\u00a0\u00bb use_overlay=\u00a0\u00bbon\u00a0\u00bb hover_icon=\u00a0\u00bb&#x54;||divi||400&Prime; align=\u00a0\u00bbcenter\u00a0\u00bb _builder_version=\u00a0\u00bb4.27.6&Prime; _module_preset=\u00a0\u00bbdefault\u00a0\u00bb width=\u00a0\u00bb60%\u00a0\u00bb module_alignment=\u00a0\u00bbcenter\u00a0\u00bb hover_enabled=\u00a0\u00bb0&Prime; border_width_all=\u00a0\u00bb1px\u00a0\u00bb global_colors_info=\u00a0\u00bb{}\u00a0\u00bb sticky_enabled=\u00a0\u00bb0&Prime;][\/dsm_perspective_image][\/et_pb_column][\/et_pb_row][et_pb_row column_structure=\u00a0\u00bb1_2,1_2&Prime; use_custom_gutter=\u00a0\u00bbon\u00a0\u00bb gutter_width=\u00a0\u00bb2&Prime; make_equal=\u00a0\u00bbon\u00a0\u00bb _builder_version=\u00a0\u00bb4.24.2&Prime; _module_preset=\u00a0\u00bbdefault\u00a0\u00bb background_enable_color=\u00a0\u00bboff\u00a0\u00bb width=\u00a0\u00bb90%\u00a0\u00bb max_width=\u00a0\u00bb2560px\u00a0\u00bb module_alignment=\u00a0\u00bbcenter\u00a0\u00bb custom_margin=\u00a0\u00bb||||false|false\u00a0\u00bb custom_padding=\u00a0\u00bb||||false|false\u00a0\u00bb animation_style=\u00a0\u00bbflip\u00a0\u00bb global_colors_info=\u00a0\u00bb{}\u00a0\u00bb][et_pb_column type=\u00a0\u00bb1_2&Prime; _builder_version=\u00a0\u00bb4.24.2&Prime; _module_preset=\u00a0\u00bbdefault\u00a0\u00bb border_radii=\u00a0\u00bbon|20px|20px|20px|20px\u00a0\u00bb box_shadow_style=\u00a0\u00bbpreset1&Prime; global_colors_info=\u00a0\u00bb{}\u00a0\u00bb][dsm_image_carousel gallery_ids=\u00a0\u00bb8246,12997&Prime; slide_to_show=\u00a0\u00bb2&Prime; autoplay=\u00a0\u00bboff\u00a0\u00bb space_between=\u00a0\u00bb100&Prime; infinite=\u00a0\u00bboff\u00a0\u00bb arrows=\u00a0\u00bboff\u00a0\u00bb dots=\u00a0\u00bboff\u00a0\u00bb grab=\u00a0\u00bboff\u00a0\u00bb show_lightbox=\u00a0\u00bbon\u00a0\u00bb _builder_version=\u00a0\u00bb4.27.2&Prime; _module_preset=\u00a0\u00bbdefault\u00a0\u00bb width=\u00a0\u00bb50%\u00a0\u00bb width_tablet=\u00a0\u00bb40%\u00a0\u00bb width_phone=\u00a0\u00bb30%\u00a0\u00bb width_last_edited=\u00a0\u00bbon|phone\u00a0\u00bb module_alignment=\u00a0\u00bbcenter\u00a0\u00bb custom_margin=\u00a0\u00bb20px||0px||false|false\u00a0\u00bb global_colors_info=\u00a0\u00bb{}\u00a0\u00bb][\/dsm_image_carousel][et_pb_text _builder_version=\u00a0\u00bb4.24.3&Prime; _module_preset=\u00a0\u00bbdefault\u00a0\u00bb text_font_size=\u00a0\u00bb16px\u00a0\u00bb header_text_align=\u00a0\u00bbleft\u00a0\u00bb text_orientation=\u00a0\u00bbjustified\u00a0\u00bb custom_padding=\u00a0\u00bb|50px|50px|50px|false|false\u00a0\u00bb custom_padding_tablet=\u00a0\u00bb|50px|50px|50px|false|false\u00a0\u00bb custom_padding_phone=\u00a0\u00bb|50px|50px|50px|false|false\u00a0\u00bb custom_padding_last_edited=\u00a0\u00bbon|phone\u00a0\u00bb header_text_align_tablet=\u00a0\u00bbcenter\u00a0\u00bb header_text_align_phone=\u00a0\u00bbcenter\u00a0\u00bb header_text_align_last_edited=\u00a0\u00bbon|desktop\u00a0\u00bb global_colors_info=\u00a0\u00bb{}\u00a0\u00bb]<\/p>\n<h1 class=\"et_pb_module_header et-fb-editable-element et-fb-editable-element__editing\" contenteditable=\"true\" data-shortcode-id=\"2.2.0.0-1712017426459\" data-quickaccess-id=\"header\">Enregistrement FDA<\/h1>\n<p>En tant que laboratoire d&rsquo;essais sous contrat pour les produits de protection solaire, WENEOS (ex HelioScreen) est un \u00e9tablissement enregistr\u00e9 aupr\u00e8s de la U.S. Food Drug Administration (FDA) comme exig\u00e9 par le 21 CFR Part 207.<\/p>\n<p>Notre enregistrement est renouvel\u00e9 annuellement et disponible sur la \u00ab\u00a0Drug establishments current registration site\u00a0\u00bb.<\/p>\n<p>[\/et_pb_text][\/et_pb_column][et_pb_column type=\u00a0\u00bb1_2&Prime; _builder_version=\u00a0\u00bb4.24.2&Prime; _module_preset=\u00a0\u00bbdefault\u00a0\u00bb border_radii=\u00a0\u00bbon|20px|20px|20px|20px\u00a0\u00bb box_shadow_style=\u00a0\u00bbpreset1&Prime; global_colors_info=\u00a0\u00bb{}\u00a0\u00bb][dsm_image_carousel gallery_ids=\u00a0\u00bb8247,8575&Prime; slide_to_show=\u00a0\u00bb2&Prime; autoplay=\u00a0\u00bboff\u00a0\u00bb space_between=\u00a0\u00bb100&Prime; infinite=\u00a0\u00bboff\u00a0\u00bb arrows=\u00a0\u00bboff\u00a0\u00bb dots=\u00a0\u00bboff\u00a0\u00bb grab=\u00a0\u00bboff\u00a0\u00bb show_lightbox=\u00a0\u00bbon\u00a0\u00bb _builder_version=\u00a0\u00bb4.24.3&Prime; _module_preset=\u00a0\u00bbdefault\u00a0\u00bb width=\u00a0\u00bb50%\u00a0\u00bb width_tablet=\u00a0\u00bb30%\u00a0\u00bb width_phone=\u00a0\u00bb50%\u00a0\u00bb width_last_edited=\u00a0\u00bbon|desktop\u00a0\u00bb module_alignment=\u00a0\u00bbcenter\u00a0\u00bb custom_margin=\u00a0\u00bb20px||0px||false|false\u00a0\u00bb global_colors_info=\u00a0\u00bb{}\u00a0\u00bb][\/dsm_image_carousel][et_pb_text _builder_version=\u00a0\u00bb4.24.3&Prime; _module_preset=\u00a0\u00bbdefault\u00a0\u00bb text_font_size=\u00a0\u00bb16px\u00a0\u00bb header_text_align=\u00a0\u00bbleft\u00a0\u00bb text_orientation=\u00a0\u00bbjustified\u00a0\u00bb custom_padding=\u00a0\u00bb|50px|50px|50px|false|false\u00a0\u00bb header_text_align_tablet=\u00a0\u00bbcenter\u00a0\u00bb header_text_align_phone=\u00a0\u00bbcenter\u00a0\u00bb header_text_align_last_edited=\u00a0\u00bbon|desktop\u00a0\u00bb global_colors_info=\u00a0\u00bb{}\u00a0\u00bb]<\/p>\n<h1 class=\"et_pb_module_header et-fb-editable-element et-fb-editable-element__editing\" contenteditable=\"true\" data-shortcode-id=\"2.2.0.0-1712017426459\" data-quickaccess-id=\"header\">Agr\u00e9ment CIR<\/h1>\n<p>WENEOS (ex HelioScreen) est un prestataire agr\u00e9\u00e9 CIR, reconnu par le minist\u00e8re de l&rsquo;Enseignement Sup\u00e9rieur, de la Recherche et de l&rsquo;Innovation pour ses comp\u00e9tences en recherche et d\u00e9veloppement (R&amp;D). Cet agr\u00e9ment permet \u00e0 ses clients de b\u00e9n\u00e9ficier d&rsquo;un cr\u00e9dit d&rsquo;imp\u00f4t recherche correspondant \u00e0 30% des montants factur\u00e9s pour les services de R&amp;D fournis par WENEOS.<\/p>\n<p>Ceci souligne l&rsquo;expertise de WENEOS dans la conduite de projets de R&amp;D et offre un avantage financier significatif \u00e0 ses clients.<\/p>\n<p>[\/et_pb_text][\/et_pb_column][\/et_pb_row][et_pb_row column_structure=\u00a0\u00bb1_5,3_5,1_5&Prime; _builder_version=\u00a0\u00bb4.24.2&Prime; _module_preset=\u00a0\u00bbdefault\u00a0\u00bb background_color=\u00a0\u00bb#f4f0ec\u00a0\u00bb width=\u00a0\u00bb90%\u00a0\u00bb max_width=\u00a0\u00bb2560px\u00a0\u00bb module_alignment=\u00a0\u00bbcenter\u00a0\u00bb custom_margin=\u00a0\u00bb20px||||false|false\u00a0\u00bb custom_padding=\u00a0\u00bb|50px||50px|false|false\u00a0\u00bb animation_style=\u00a0\u00bbflip\u00a0\u00bb border_radii=\u00a0\u00bbon|20px|20px|20px|20px\u00a0\u00bb border_color_all=\u00a0\u00bb#82368c\u00a0\u00bb box_shadow_style=\u00a0\u00bbpreset1&Prime; global_colors_info=\u00a0\u00bb{}\u00a0\u00bb][et_pb_column type=\u00a0\u00bb1_5&Prime; _builder_version=\u00a0\u00bb4.24.2&Prime; _module_preset=\u00a0\u00bbdefault\u00a0\u00bb global_colors_info=\u00a0\u00bb{}\u00a0\u00bb][dsm_perspective_image src=\u00a0\u00bbhttps:\/\/weneos.com\/wp-content\/uploads\/2024\/03\/BIPEA-logo.jpg\u00a0\u00bb title_text=\u00a0\u00bbBIPEA-logo\u00a0\u00bb hover_icon=\u00a0\u00bb&#x54;||divi||400&Prime; align=\u00a0\u00bbcenter\u00a0\u00bb _builder_version=\u00a0\u00bb4.24.2&Prime; _module_preset=\u00a0\u00bbdefault\u00a0\u00bb module_alignment=\u00a0\u00bbcenter\u00a0\u00bb global_colors_info=\u00a0\u00bb{}\u00a0\u00bb][\/dsm_perspective_image][\/et_pb_column][et_pb_column type=\u00a0\u00bb3_5&Prime; _builder_version=\u00a0\u00bb4.24.2&Prime; _module_preset=\u00a0\u00bbdefault\u00a0\u00bb global_colors_info=\u00a0\u00bb{}\u00a0\u00bb][et_pb_text _builder_version=\u00a0\u00bb4.24.3&Prime; _module_preset=\u00a0\u00bbdefault\u00a0\u00bb text_font_size=\u00a0\u00bb16px\u00a0\u00bb header_text_align=\u00a0\u00bbleft\u00a0\u00bb text_orientation=\u00a0\u00bbjustified\u00a0\u00bb custom_padding=\u00a0\u00bb20px||20px||false|false\u00a0\u00bb header_text_align_tablet=\u00a0\u00bbcenter\u00a0\u00bb header_text_align_phone=\u00a0\u00bbcenter\u00a0\u00bb header_text_align_last_edited=\u00a0\u00bbon|desktop\u00a0\u00bb global_colors_info=\u00a0\u00bb{}\u00a0\u00bb]<\/p>\n<h1 class=\"et_pb_module_header et-fb-editable-element et-fb-editable-element__editing\" contenteditable=\"true\" data-shortcode-id=\"2.3.1.0-1712018050576\" data-quickaccess-id=\"header\">Participation BIPEA<\/h1>\n<p>WENEOS (ex HelioScreen) participe depuis des ann\u00e9es aux essais interlaboratoires du BIPEA.<\/p>\n<p>Le BIPEA est une organisation internationale \u00e0 but non lucratif dont le syst\u00e8me de Management de la Qualit\u00e9 (SMQ) r\u00e9pond aux exigences de la norme ISO\/CEI 17043 des Organisateurs de Comparaison Interlaboratoires (CIL ou en anglais PT pour Proficiency Testing). Avec plus de 40 ans d\u2019exp\u00e9rience, le BIPEA propose plus de 130 programmes r\u00e9guliers de comparaisons interlaboratoires (CIL) dans les domaines de l\u2019agroalimentaire, de l\u2019environnement, des cosm\u00e9tiques et regroupe aujourd\u2019hui pr\u00e8s de 2000 laboratoires adh\u00e9rents \u00e0 travers le monde.<\/p>\n<p>Une CIL est un contr\u00f4le qualit\u00e9 externe, tr\u00e8s appr\u00e9ci\u00e9e des laboratoires d\u2019analyses, permettant :<\/p>\n<ul>\n<li>soit de caract\u00e9riser des mat\u00e9riaux,<\/li>\n<li>soit d\u00e9velopper et valider des m\u00e9thodes,<\/li>\n<li>soit d\u2019\u00e9valuer la performance d\u2019analyse des laboratoires d\u2019essais.<\/li>\n<\/ul>\n<p>Dans le domaine des tests solaires, les deux premiers points ont d\u00e9j\u00e0 \u00e9t\u00e9 v\u00e9rifi\u00e9s via les m\u00e9thodes normalis\u00e9es. Concernant le dernier point, une comparaison interlaboratoires, \u00e9galement appel\u00e9e Essai d\u2019Aptitude, peut \u00eatre sp\u00e9cialement con\u00e7ue pour juger de la performance d\u2019analyse des laboratoires d\u2019essais.<\/p>\n<p>Le principe est simple : les laboratoires participants \u00e0 la CIL BIPEA re\u00e7oivent un \u00e9chantillon homog\u00e8ne. Ils proc\u00e8dent \u00e0 l\u2019analyse de celui-ci et transmettent leurs r\u00e9sultats au BIPEA qui garantit la confidentialit\u00e9 des participants et des r\u00e9sultats. Le BIPEA r\u00e9alise un traitement statistique et publie un rapport de comparaisons interlaboratoires dans lequel les laboratoires participants, identifi\u00e9s par un code confidentiel, peuvent v\u00e9rifier la justesse de leurs r\u00e9sultats par rapport aux valeurs assign\u00e9es calcul\u00e9es selon un algorithme robuste.<\/p>\n<p>Cette \u00e9valuation externe de la qualit\u00e9 est donc utile pour les laboratoires d\u2019analyse car elle permet de :<\/p>\n<ul>\n<li>\u00e9valuer leur performance analytique,<\/li>\n<li>d\u00e9montrer leur justesse d\u2019analyses aupr\u00e8s de leurs clients et donneurs d\u2019ordre,<\/li>\n<li>identifier les d\u00e9rives et biais issus de leurs processus analytique.<\/li>\n<\/ul>\n<p>Le BIPEA organise les plus importantes comparaisons interlaboratoires d\u00e9di\u00e9e aux tests solaires dans le monde. Dans le cadre du contr\u00f4le qualit\u00e9 des laboratoires, la participation aux CIL est n\u00e9cessaire pour une am\u00e9lioration mondiale de la performance et de l\u2019harmonisation des laboratoires d\u2019essais :<\/p>\n<ul>\n<li>60 &#8211; Produits solaires : SPF in vivo<\/li>\n<li>63 &#8211; Produits solaires : UVA in vivo<\/li>\n<li>64 &#8211; Produits solaires : UVA in vitro<\/li>\n<\/ul>\n<p>[\/et_pb_text][\/et_pb_column][et_pb_column type=\u00a0\u00bb1_5&Prime; _builder_version=\u00a0\u00bb4.24.2&Prime; _module_preset=\u00a0\u00bbdefault\u00a0\u00bb global_colors_info=\u00a0\u00bb{}\u00a0\u00bb][dsm_perspective_image src=\u00a0\u00bbhttps:\/\/weneos.com\/wp-content\/uploads\/2025\/02\/Diplome_12460_2024-2025.jpg\u00a0\u00bb title_text=\u00a0\u00bbDiplome_12460_2024-2025&Prime; show_in_lightbox=\u00a0\u00bbon\u00a0\u00bb use_overlay=\u00a0\u00bbon\u00a0\u00bb hover_icon=\u00a0\u00bb&#x54;||divi||400&Prime; _builder_version=\u00a0\u00bb4.27.4&Prime; _module_preset=\u00a0\u00bbdefault\u00a0\u00bb module_alignment=\u00a0\u00bbcenter\u00a0\u00bb custom_margin=\u00a0\u00bb||||false|false\u00a0\u00bb custom_padding=\u00a0\u00bb||||false|false\u00a0\u00bb border_width_all=\u00a0\u00bb1px\u00a0\u00bb global_colors_info=\u00a0\u00bb{}\u00a0\u00bb][\/dsm_perspective_image][\/et_pb_column][\/et_pb_row][\/et_pb_section]<\/p>\n","protected":false},"excerpt":{"rendered":"<p>Exigences Qualit\u00e9<div class=\"et_pb_with_border et_pb_module dsm_text_notation dsm_text_notation_0  et_pb_text_align_center et_pb_bg_layout_light\">\n\t\t\t\t\n\t\t\t\t\n\t\t\t\t\n\t\t\t\t\n\t\t\t\t\n\t\t\t\t\n\t\t\t\t<div class=\"et_pb_module_inner\">\n\t\t\t\t\t<h1 class=\"dsm-text-notation-main et_pb_module_header\"><span class=\"dsm-text-notation-before\">Nos exigences <\/span><span data-notation=\"[{&quot;type&quot;:&quot;highlight&quot;,&quot;color&quot;:&quot;#82368c&quot;,&quot;stroke-width&quot;:&quot;2&quot;,&quot;iterations&quot;:&quot;4&quot;,&quot;brackets&quot;:&quot;left|right&quot;,&quot;viewport&quot;:&quot;80%&quot;,&quot;delay&quot;:&quot;0ms&quot;,&quot;divi-animate&quot;:&quot;none&quot;,&quot;divi-animate-duration&quot;:&quot;1000ms&quot;,&quot;divi-animate-delay&quot;:&quot;0ms&quot;}]\" class=\"dsm-text-notation-middle\">qualit\u00e9<\/span><span class=\"dsm-text-notation-after\"> pour vous offrir le meilleur<\/span><\/h1>\n\t\t\t\t<\/div>\n\t\t\t<\/div>Chez WENEOS, la qualit\u00e9 est notre priorit\u00e9, se refl\u00e9tant non seulement dans nos produits mais aussi \u00e0 travers nos services sp\u00e9cialis\u00e9s, tels que l&rsquo;\u00e9valuation de la protection solaire mais \u00e9galement la conception de nos substrats. Nous assurons l&rsquo;excellence \u00e0 chaque \u00e9tape, du soin apport\u00e9 dans le choix de nos appareils et la calibration associ\u00e9e, en passant par la formation de notre \u00e9quipe, jusqu&rsquo;\u00e0 l&rsquo;efficacit\u00e9 prouv\u00e9e de notre syst\u00e8me de management de la qualit\u00e9.<div class=\"et_pb_module dsm_perspective_image dsm_perspective_image_0\">\n\t\t\t\t\n\t\t\t\t\n\t\t\t\t\n\t\t\t\t\n\t\t\t\t\n\t\t\t\t\n\t\t\t\t<div class=\"et_pb_module_inner\">\n\t\t\t\t\t<div class=\"dsm-perspective-image-wrapper et_always_center_on_mobile\">\n\t\t\t\t\n\t\t\t\t\n\t\t\t\t<span class=\"et_pb_image_wrap \"><img decoding=\"async\" src=\"https:\/\/weneos.com\/wp-content\/uploads\/2024\/03\/Logo-certification-AFAQ-ISO-9001.jpg\" alt=\"\" title=\"Logo-certification-AFAQ-ISO-9001\" \/><\/span>\n\t\t\t<\/div>\n\t\t\t\t<\/div>\n\t\t\t<\/div>Certification ISO 9001:2015 Le Syst\u00e8me de Management de la Qualit\u00e9 de WENEOS (ex HelioScreen) est certifi\u00e9 ISO 9001:2015. Cette norme internationalement reconnue confirme notre capacit\u00e9 \u00e0 fournir constamment des services et des produits qui r\u00e9pondent aux besoins de nos clients et aux exigences r\u00e9glementaires, avec une forte orientation client, la motivation et l\u2019implication du top management, l\u2019approche processus et l\u2019am\u00e9lioration continue. Plus pr\u00e9cis\u00e9ment, la certification ISO 9001:2015 repr\u00e9sente une norme internationale d\u00e9di\u00e9e au syst\u00e8me de management de la qualit\u00e9 (SMQ), qui s&rsquo;applique \u00e0 toutes les organisations, quel que soit [&hellip;]<\/p>\n","protected":false},"author":1,"featured_media":0,"parent":8352,"menu_order":0,"comment_status":"closed","ping_status":"closed","template":"","meta":{"_et_pb_use_builder":"on","_et_pb_old_content":"","_et_gb_content_width":"","footnotes":""},"class_list":["post-8538","page","type-page","status-publish","hentry"],"_links":{"self":[{"href":"https:\/\/weneos.com\/fr\/wp-json\/wp\/v2\/pages\/8538","targetHints":{"allow":["GET"]}}],"collection":[{"href":"https:\/\/weneos.com\/fr\/wp-json\/wp\/v2\/pages"}],"about":[{"href":"https:\/\/weneos.com\/fr\/wp-json\/wp\/v2\/types\/page"}],"author":[{"embeddable":true,"href":"https:\/\/weneos.com\/fr\/wp-json\/wp\/v2\/users\/1"}],"replies":[{"embeddable":true,"href":"https:\/\/weneos.com\/fr\/wp-json\/wp\/v2\/comments?post=8538"}],"version-history":[{"count":14,"href":"https:\/\/weneos.com\/fr\/wp-json\/wp\/v2\/pages\/8538\/revisions"}],"predecessor-version":[{"id":13621,"href":"https:\/\/weneos.com\/fr\/wp-json\/wp\/v2\/pages\/8538\/revisions\/13621"}],"up":[{"embeddable":true,"href":"https:\/\/weneos.com\/fr\/wp-json\/wp\/v2\/pages\/8352"}],"wp:attachment":[{"href":"https:\/\/weneos.com\/fr\/wp-json\/wp\/v2\/media?parent=8538"}],"curies":[{"name":"wp","href":"https:\/\/api.w.org\/{rel}","templated":true}]}}