{"id":8624,"date":"2024-04-01T02:31:07","date_gmt":"2024-04-01T00:31:07","guid":{"rendered":"https:\/\/weneos.com\/?page_id=8624"},"modified":"2024-04-16T00:00:20","modified_gmt":"2024-04-15T22:00:20","slug":"made-in-france","status":"publish","type":"page","link":"https:\/\/weneos.com\/fr\/nos-engagements\/made-in-france\/","title":{"rendered":"Made in France"},"content":{"rendered":"<p>[et_pb_section fb_built=\u00a0\u00bb1&Prime; admin_label=\u00a0\u00bbHeader\u00a0\u00bb _builder_version=\u00a0\u00bb4.24.2&Prime; _module_preset=\u00a0\u00bbdefault\u00a0\u00bb background_color=\u00a0\u00bbgcid-a93f2103-1d8b-43bb-b21d-81d84bba8b15&Prime; collapsed=\u00a0\u00bbon\u00a0\u00bb global_colors_info=\u00a0\u00bb{%22gcid-a93f2103-1d8b-43bb-b21d-81d84bba8b15%22:%91%22background_color%22%93}\u00a0\u00bb][et_pb_row _builder_version=\u00a0\u00bb4.24.2&Prime; _module_preset=\u00a0\u00bbdefault\u00a0\u00bb max_width=\u00a0\u00bb1800px\u00a0\u00bb custom_margin=\u00a0\u00bb100px||||false|false\u00a0\u00bb custom_padding=\u00a0\u00bb50px||||false|false\u00a0\u00bb global_colors_info=\u00a0\u00bb{}\u00a0\u00bb][et_pb_column type=\u00a0\u00bb4_4&Prime; _builder_version=\u00a0\u00bb4.22.0&Prime; _module_preset=\u00a0\u00bbdefault\u00a0\u00bb global_colors_info=\u00a0\u00bb{}\u00a0\u00bb][et_pb_text _builder_version=\u00a0\u00bb4.24.2&Prime; _module_preset=\u00a0\u00bb_initial\u00a0\u00bb header_font=\u00a0\u00bb|600|||||||\u00a0\u00bb header_text_color=\u00a0\u00bb#107c7c\u00a0\u00bb header_font_size=\u00a0\u00bb90px\u00a0\u00bb header_line_height=\u00a0\u00bb1.1em\u00a0\u00bb text_orientation=\u00a0\u00bbcenter\u00a0\u00bb header_font_size_tablet=\u00a0\u00bb40px\u00a0\u00bb header_font_size_phone=\u00a0\u00bb24px\u00a0\u00bb header_font_size_last_edited=\u00a0\u00bbon|desktop\u00a0\u00bb global_colors_info=\u00a0\u00bb{}\u00a0\u00bb]<\/p>\n<h1>Notre engagement pour le<\/h1>\n<h1>Made in France<\/h1>\n<p>[\/et_pb_text][\/et_pb_column][\/et_pb_row][et_pb_row column_structure=\u00a0\u00bb1_2,1_2&Prime; _builder_version=\u00a0\u00bb4.24.2&Prime; _module_preset=\u00a0\u00bbdefault\u00a0\u00bb max_width=\u00a0\u00bb1800px\u00a0\u00bb global_colors_info=\u00a0\u00bb{}\u00a0\u00bb][et_pb_column type=\u00a0\u00bb1_2&Prime; _builder_version=\u00a0\u00bb4.22.0&Prime; _module_preset=\u00a0\u00bbdefault\u00a0\u00bb global_colors_info=\u00a0\u00bb{}\u00a0\u00bb][et_pb_image src=\u00a0\u00bbhttps:\/\/weneos.com\/wp-content\/uploads\/2024\/03\/mad_bloc_rvb.png\u00a0\u00bb title_text=\u00a0\u00bbmad_bloc_rvb\u00a0\u00bb align=\u00a0\u00bbcenter\u00a0\u00bb _builder_version=\u00a0\u00bb4.24.2&Prime; _module_preset=\u00a0\u00bbdefault\u00a0\u00bb width=\u00a0\u00bb35%\u00a0\u00bb border_radii=\u00a0\u00bbon|30px|30px|30px|30px\u00a0\u00bb global_colors_info=\u00a0\u00bb{}\u00a0\u00bb][\/et_pb_image][\/et_pb_column][et_pb_column type=\u00a0\u00bb1_2&Prime; _builder_version=\u00a0\u00bb4.22.0&Prime; _module_preset=\u00a0\u00bbdefault\u00a0\u00bb global_colors_info=\u00a0\u00bb{}\u00a0\u00bb][et_pb_text _builder_version=\u00a0\u00bb4.24.2&Prime; _module_preset=\u00a0\u00bb_initial\u00a0\u00bb text_font=\u00a0\u00bb||||||||\u00a0\u00bb text_font_size=\u00a0\u00bb16px\u00a0\u00bb text_line_height=\u00a0\u00bb1.8em\u00a0\u00bb link_font=\u00a0\u00bb||||on||||\u00a0\u00bb header_text_align=\u00a0\u00bbjustify\u00a0\u00bb text_orientation=\u00a0\u00bbjustified\u00a0\u00bb text_font_size_tablet=\u00a0\u00bb15px\u00a0\u00bb text_font_size_phone=\u00a0\u00bb14px\u00a0\u00bb text_font_size_last_edited=\u00a0\u00bbon|desktop\u00a0\u00bb global_colors_info=\u00a0\u00bb{}\u00a0\u00bb]<\/p>\n<p><span>L&rsquo;essence m\u00eame de notre entreprise r\u00e9side dans notre engagement envers le \u00ab\u00a0Made in France\u00a0\u00bb. D\u00e8s les premiers pas de notre entreprise, il y avait une volont\u00e9 ferme de contr\u00f4ler enti\u00e8rement la prestation de nos services et de nos produits au niveau national garantissant ainsi une haute qualit\u00e9.<\/span><\/p>\n<p><span>Adopter une d\u00e9marche Made in France nous permet aussi de jouer un r\u00f4le actif dans le d\u00e9veloppement \u00e9conomique de notre r\u00e9gion d\u2019origine, soutenant ainsi l&#8217;emploi local et l&rsquo;\u00e9conomie. Aujourd&rsquo;hui, nous sommes fiers de dire que 100% de notre production industrielle est bas\u00e9e en France, signe de notre engagement ind\u00e9fectible envers l&rsquo;excellence fran\u00e7aise. <\/span><\/p>\n<p><span>Nous allons encore plus loin dans la s\u00e9lection de nos fournisseurs et sous-traitants en favorisant les entreprises locales (produits, prestataire de services, etc.) \u00e0 crit\u00e8res \u00e9quivalents (qualit\u00e9 et prix).<\/span><\/p>\n<p><span>Enfin, notre secteur de recherche, enti\u00e8rement situ\u00e9 en France et principalement en r\u00e9gion Hauts-de-France, souligne notre conviction que l&rsquo;innovation et le succ\u00e8s international peuvent prendre racine sur le sol fran\u00e7ais.<\/span><\/p>\n<p>[\/et_pb_text][\/et_pb_column][\/et_pb_row][\/et_pb_section][et_pb_section fb_built=\u00a0\u00bb1&Prime; admin_label=\u00a0\u00bbMission\u00a0\u00bb _builder_version=\u00a0\u00bb4.24.2&Prime; _module_preset=\u00a0\u00bbdefault\u00a0\u00bb background_enable_color=\u00a0\u00bboff\u00a0\u00bb background_enable_image=\u00a0\u00bboff\u00a0\u00bb background_size=\u00a0\u00bbcontain\u00a0\u00bb custom_margin=\u00a0\u00bb||-30px||false|false\u00a0\u00bb custom_padding=\u00a0\u00bb||||false|false\u00a0\u00bb collapsed=\u00a0\u00bboff\u00a0\u00bb global_colors_info=\u00a0\u00bb{}\u00a0\u00bb][et_pb_row column_structure=\u00a0\u00bb1_2,1_2&Prime; _builder_version=\u00a0\u00bb4.22.0&Prime; _module_preset=\u00a0\u00bbdefault\u00a0\u00bb max_width=\u00a0\u00bb1800px\u00a0\u00bb locked=\u00a0\u00bboff\u00a0\u00bb global_colors_info=\u00a0\u00bb{}\u00a0\u00bb][et_pb_column type=\u00a0\u00bb1_2&Prime; _builder_version=\u00a0\u00bb4.22.0&Prime; _module_preset=\u00a0\u00bbdefault\u00a0\u00bb global_colors_info=\u00a0\u00bb{}\u00a0\u00bb][et_pb_text _builder_version=\u00a0\u00bb4.24.2&Prime; _module_preset=\u00a0\u00bb_initial\u00a0\u00bb text_text_color=\u00a0\u00bb#107c7c\u00a0\u00bb header_text_color=\u00a0\u00bb#107c7c\u00a0\u00bb header_2_font=\u00a0\u00bb|600|||||||\u00a0\u00bb header_2_text_color=\u00a0\u00bb#107c7c\u00a0\u00bb header_2_font_size=\u00a0\u00bb52px\u00a0\u00bb header_2_line_height=\u00a0\u00bb1.2em\u00a0\u00bb custom_margin=\u00a0\u00bb0px||0px||false|false\u00a0\u00bb header_2_font_size_tablet=\u00a0\u00bb32px\u00a0\u00bb header_2_font_size_phone=\u00a0\u00bb20px\u00a0\u00bb header_2_font_size_last_edited=\u00a0\u00bbon|desktop\u00a0\u00bb global_colors_info=\u00a0\u00bb{}\u00a0\u00bb]<\/p>\n<h2>Nos services et produits au quatre coins de la France<\/h2>\n<p>[\/et_pb_text][et_pb_text _builder_version=\u00a0\u00bb4.24.2&Prime; _module_preset=\u00a0\u00bb_initial\u00a0\u00bb text_font=\u00a0\u00bb||||||||\u00a0\u00bb text_font_size=\u00a0\u00bb16px\u00a0\u00bb text_line_height=\u00a0\u00bb1.8em\u00a0\u00bb link_font=\u00a0\u00bb||||on||||\u00a0\u00bb text_font_size_tablet=\u00a0\u00bb15px\u00a0\u00bb text_font_size_phone=\u00a0\u00bb14px\u00a0\u00bb text_font_size_last_edited=\u00a0\u00bbon|desktop\u00a0\u00bb global_colors_info=\u00a0\u00bb{}\u00a0\u00bb]<\/p>\n<p style=\"text-align: justify;\">\n<p style=\"text-align: justify;\">Le \u201cMade in France\u201d contribue \u00e0 acc\u00e9l\u00e9rer la r\u00e9industrialisation des territoires, \u00e0 pr\u00e9server les emplois locaux, \u00e0 favoriser des produits de qualit\u00e9, et \u00e0 r\u00e9pondre aux objectifs de r\u00e9duction de l\u2019empreinte carbone de la France.<\/p>\n<p style=\"text-align: justify;\">Selon la Direction G\u00e9n\u00e9rale des Entreprises (DGE), un produit revendiquant une fabrication Fran\u00e7aise doit (1) tirer une part significative de sa valeur d\u2019une ou plusieurs \u00e9tapes de fabrication localis\u00e9es en France et (2) avoir subi sa derni\u00e8re transformation substantielle en France.<\/p>\n<p style=\"text-align: justify;\">Dans ce sens, nous sommes fi\u00e8re d&rsquo;annoncer que l&rsquo;int\u00e9gralit\u00e9 de nos services (sauf sous-traitance) et produits sont fabriqu\u00e9s en France.<\/p>\n<p style=\"text-align: justify;\">\n<p>[\/et_pb_text][\/et_pb_column][et_pb_column type=\u00a0\u00bb1_2&Prime; _builder_version=\u00a0\u00bb4.22.0&Prime; _module_preset=\u00a0\u00bbdefault\u00a0\u00bb global_colors_info=\u00a0\u00bb{}\u00a0\u00bb][dsm_image_hotspots src=\u00a0\u00bbhttps:\/\/weneos.com\/wp-content\/uploads\/2024\/04\/France-scaled.jpeg\u00a0\u00bb title_text=\u00a0\u00bbCARTE DE FRANCE\u00a0\u00bb force_fullwidth=\u00a0\u00bbon\u00a0\u00bb _builder_version=\u00a0\u00bb4.24.3&Prime; _module_preset=\u00a0\u00bbdefault\u00a0\u00bb module_alignment=\u00a0\u00bbcenter\u00a0\u00bb hover_enabled=\u00a0\u00bb0&Prime; global_colors_info=\u00a0\u00bb{}\u00a0\u00bb body_text_color=\u00a0\u00bb#ffffff\u00a0\u00bb sticky_enabled=\u00a0\u00bb0&Prime;][dsm_image_hotspots_child admin_title=\u00a0\u00bbLabo\u00a0\u00bb font_icon=\u00a0\u00bb&#xf3c5;||fa||900&Prime; left_position=\u00a0\u00bb56%\u00a0\u00bb top_position=\u00a0\u00bb20%\u00a0\u00bb tooltip_background_color=\u00a0\u00bb#ffffff\u00a0\u00bb _builder_version=\u00a0\u00bb4.24.3&Prime; _module_preset=\u00a0\u00bbdefault\u00a0\u00bb hover_enabled=\u00a0\u00bb0&Prime; border_color_all_tooltip=\u00a0\u00bb#000000&Prime; global_colors_info=\u00a0\u00bb{}\u00a0\u00bb body_text_color=\u00a0\u00bb#ffffff\u00a0\u00bb sticky_enabled=\u00a0\u00bb0&Prime;]<\/p>\n<p><img decoding=\"async\" class=\"wp-image-8102  aligncenter\" src=\"https:\/\/weneos.com\/wp-content\/uploads\/2024\/03\/4.WENEOS-White-Signature-ex-Helioscreen-Transparent.png\" alt=\"\" width=\"421\" height=\"136\" title=\"\"><\/p>\n<p style=\"text-align: center;\"><span style=\"color: #ffffff;\">Centre d&rsquo;expertise sur la protection solaire<\/span><\/p>\n<p>[\/dsm_image_hotspots_child][dsm_image_hotspots_child admin_title=\u00a0\u00bbTHERMASTER\u00a0\u00bb font_icon=\u00a0\u00bb&#xf3c5;||fa||900&Prime; left_position=\u00a0\u00bb48%\u00a0\u00bb top_position=\u00a0\u00bb19%\u00a0\u00bb tooltip_background_color=\u00a0\u00bb#ffffff\u00a0\u00bb _builder_version=\u00a0\u00bb4.24.3&Prime; _module_preset=\u00a0\u00bbdefault\u00a0\u00bb hover_enabled=\u00a0\u00bb0&Prime; border_color_all_tooltip=\u00a0\u00bb#000000&Prime; global_colors_info=\u00a0\u00bb{}\u00a0\u00bb body_text_color=\u00a0\u00bb#ffffff\u00a0\u00bb sticky_enabled=\u00a0\u00bb0&Prime;]<\/p>\n<p style=\"text-align: center;\"><span style=\"color: #ffffff;\">Fabrication du <\/span><strong><span style=\"color: #ffffff;\">THERMASTER<\/span><\/strong><\/p>\n<p>[\/dsm_image_hotspots_child][dsm_image_hotspots_child admin_title=\u00a0\u00bbSB6&Prime; font_icon=\u00a0\u00bb&#xf3c5;||fa||900&Prime; left_position=\u00a0\u00bb52%\u00a0\u00bb top_position=\u00a0\u00bb20%\u00a0\u00bb tooltip_background_color=\u00a0\u00bb#ffffff\u00a0\u00bb _builder_version=\u00a0\u00bb4.24.3&Prime; _module_preset=\u00a0\u00bbdefault\u00a0\u00bb hover_enabled=\u00a0\u00bb0&Prime; border_color_all_tooltip=\u00a0\u00bb#000000&Prime; global_colors_info=\u00a0\u00bb{}\u00a0\u00bb body_text_color=\u00a0\u00bb#ffffff\u00a0\u00bb sticky_enabled=\u00a0\u00bb0&Prime;]<\/p>\n<p style=\"text-align: center;\"><span style=\"color: #ffffff;\">Fabrication des <\/span><span style=\"color: #ffffff;\">substrats PMMA <strong>sabl\u00e9s Helioplate SB6<\/strong><\/span><\/p>\n<p>[\/dsm_image_hotspots_child][dsm_image_hotspots_child admin_title=\u00a0\u00bbHD6&Prime; font_icon=\u00a0\u00bb&#xf3c5;||fa||900&Prime; left_position=\u00a0\u00bb29%\u00a0\u00bb top_position=\u00a0\u00bb31%\u00a0\u00bb tooltip_background_color=\u00a0\u00bb#ffffff\u00a0\u00bb _builder_version=\u00a0\u00bb4.24.3&Prime; _module_preset=\u00a0\u00bbdefault\u00a0\u00bb hover_enabled=\u00a0\u00bb0&Prime; border_color_all_tooltip=\u00a0\u00bb#000000&Prime; global_colors_info=\u00a0\u00bb{}\u00a0\u00bb sticky_enabled=\u00a0\u00bb0&Prime;]<\/p>\n<p style=\"text-align: center;\"><span style=\"color: #ffffff;\">Fabrication des <\/span><span style=\"color: #ffffff;\">substrats PMMA <strong>moul\u00e9s Helioplate HD6<\/strong><\/span><\/p>\n<p>[\/dsm_image_hotspots_child][dsm_image_hotspots_child admin_title=\u00a0\u00bbSPREADMASTER\u00a0\u00bb font_icon=\u00a0\u00bb&#xf3c5;||fa||900&Prime; left_position=\u00a0\u00bb85%\u00a0\u00bb top_position=\u00a0\u00bb35%\u00a0\u00bb tooltip_background_color=\u00a0\u00bb#ffffff\u00a0\u00bb _builder_version=\u00a0\u00bb4.24.3&Prime; _module_preset=\u00a0\u00bbdefault\u00a0\u00bb hover_enabled=\u00a0\u00bb0&Prime; border_color_all_tooltip=\u00a0\u00bb#000000&Prime; global_colors_info=\u00a0\u00bb{}\u00a0\u00bb sticky_enabled=\u00a0\u00bb0&Prime;]<\/p>\n<p style=\"text-align: center;\"><span style=\"color: #ffffff;\">Fabrication du robot <\/span><strong><span style=\"color: #ffffff;\">SPREADMASTER<\/span><\/strong><\/p>\n<p>[\/dsm_image_hotspots_child][\/dsm_image_hotspots][\/et_pb_column][\/et_pb_row][et_pb_row column_structure=\u00a0\u00bb1_3,1_3,1_3&Prime; make_equal=\u00a0\u00bbon\u00a0\u00bb _builder_version=\u00a0\u00bb4.24.2&Prime; _module_preset=\u00a0\u00bbdefault\u00a0\u00bb max_width=\u00a0\u00bb2560px\u00a0\u00bb global_colors_info=\u00a0\u00bb{}\u00a0\u00bb][et_pb_column type=\u00a0\u00bb1_3&Prime; _builder_version=\u00a0\u00bb4.24.2&Prime; _module_preset=\u00a0\u00bbdefault\u00a0\u00bb global_colors_info=\u00a0\u00bb{}\u00a0\u00bb][dsm_icon_divider use_icon=\u00a0\u00bbon\u00a0\u00bb font_icon=\u00a0\u00bb&#xe007;||divi||400&Prime; icon_color=\u00a0\u00bb#0c71c3&Prime; color=\u00a0\u00bb#0c71c3&Prime; _builder_version=\u00a0\u00bb4.24.2&Prime; _module_preset=\u00a0\u00bbdefault\u00a0\u00bb global_colors_info=\u00a0\u00bb{}\u00a0\u00bb][\/dsm_icon_divider][et_pb_number_counter title=\u00a0\u00bbde notre Recherche est r\u00e9alis\u00e9e en France\u00a0\u00bb number=\u00a0\u00bb100&Prime; _builder_version=\u00a0\u00bb4.24.2&Prime; _module_preset=\u00a0\u00bbdefault\u00a0\u00bb title_text_color=\u00a0\u00bb#0c71c3&Prime; number_text_color=\u00a0\u00bb#0c71c3&Prime; global_colors_info=\u00a0\u00bb{}\u00a0\u00bb][\/et_pb_number_counter][\/et_pb_column][et_pb_column type=\u00a0\u00bb1_3&Prime; _builder_version=\u00a0\u00bb4.24.2&Prime; _module_preset=\u00a0\u00bbdefault\u00a0\u00bb global_colors_info=\u00a0\u00bb{}\u00a0\u00bb][dsm_icon_divider use_icon=\u00a0\u00bbon\u00a0\u00bb font_icon=\u00a0\u00bb&#xf275;||fa||900&Prime; icon_color=\u00a0\u00bb#c6c6c6&Prime; _builder_version=\u00a0\u00bb4.24.2&Prime; _module_preset=\u00a0\u00bbdefault\u00a0\u00bb global_colors_info=\u00a0\u00bb{}\u00a0\u00bb][\/dsm_icon_divider][et_pb_number_counter title=\u00a0\u00bbde nos produits sont fabriqu\u00e9s en France\u00a0\u00bb number=\u00a0\u00bb100&Prime; _builder_version=\u00a0\u00bb4.24.2&Prime; _module_preset=\u00a0\u00bbdefault\u00a0\u00bb title_text_color=\u00a0\u00bb#0a0a0a\u00a0\u00bb number_text_color=\u00a0\u00bb#0a0101&Prime; global_colors_info=\u00a0\u00bb{}\u00a0\u00bb][\/et_pb_number_counter][\/et_pb_column][et_pb_column type=\u00a0\u00bb1_3&Prime; _builder_version=\u00a0\u00bb4.24.2&Prime; _module_preset=\u00a0\u00bbdefault\u00a0\u00bb global_colors_info=\u00a0\u00bb{}\u00a0\u00bb][dsm_icon_divider use_icon=\u00a0\u00bbon\u00a0\u00bb font_icon=\u00a0\u00bb&#xf0c0;||fa||900&Prime; icon_color=\u00a0\u00bb#E02B20&Prime; _builder_version=\u00a0\u00bb4.24.2&Prime; _module_preset=\u00a0\u00bbdefault\u00a0\u00bb global_colors_info=\u00a0\u00bb{}\u00a0\u00bb][\/dsm_icon_divider][et_pb_number_counter title=\u00a0\u00bbde nos employ\u00e9(e)s sont en France\u00a0\u00bb number=\u00a0\u00bb100&Prime; _builder_version=\u00a0\u00bb4.24.2&Prime; _module_preset=\u00a0\u00bbdefault\u00a0\u00bb title_text_color=\u00a0\u00bb#E02B20&Prime; number_text_color=\u00a0\u00bb#E02B20&Prime; global_colors_info=\u00a0\u00bb{}\u00a0\u00bb][\/et_pb_number_counter][\/et_pb_column][\/et_pb_row][\/et_pb_section]<\/p>\n","protected":false},"excerpt":{"rendered":"<p>Notre engagement pour le Made in FranceL&rsquo;essence m\u00eame de notre entreprise r\u00e9side dans notre engagement envers le \u00ab\u00a0Made in France\u00a0\u00bb. D\u00e8s les premiers pas de notre entreprise, il y avait une volont\u00e9 ferme de contr\u00f4ler enti\u00e8rement la prestation de nos services et de nos produits au niveau national garantissant ainsi une haute qualit\u00e9. Adopter une d\u00e9marche Made in France nous permet aussi de jouer un r\u00f4le actif dans le d\u00e9veloppement \u00e9conomique de notre r\u00e9gion d\u2019origine, soutenant ainsi l&#8217;emploi local et l&rsquo;\u00e9conomie. Aujourd&rsquo;hui, nous sommes fiers de dire que 100% de notre production industrielle est bas\u00e9e en France, signe de notre engagement ind\u00e9fectible envers l&rsquo;excellence fran\u00e7aise. Nous allons encore plus loin dans la s\u00e9lection de nos fournisseurs et sous-traitants en favorisant les entreprises locales (produits, prestataire de services, etc.) \u00e0 crit\u00e8res \u00e9quivalents (qualit\u00e9 et prix). Enfin, notre secteur de recherche, enti\u00e8rement situ\u00e9 en France et principalement en r\u00e9gion Hauts-de-France, souligne notre conviction que l&rsquo;innovation et le succ\u00e8s international peuvent prendre racine sur le sol fran\u00e7ais.Nos services et produits au quatre coins de la France Le \u201cMade in France\u201d contribue \u00e0 acc\u00e9l\u00e9rer la r\u00e9industrialisation des territoires, \u00e0 pr\u00e9server les emplois locaux, \u00e0 favoriser des produits de qualit\u00e9, et \u00e0 r\u00e9pondre aux objectifs [&hellip;]<\/p>\n","protected":false},"author":1,"featured_media":0,"parent":8276,"menu_order":0,"comment_status":"closed","ping_status":"closed","template":"","meta":{"_et_pb_use_builder":"on","_et_pb_old_content":"","_et_gb_content_width":"","footnotes":""},"class_list":["post-8624","page","type-page","status-publish","hentry"],"_links":{"self":[{"href":"https:\/\/weneos.com\/fr\/wp-json\/wp\/v2\/pages\/8624","targetHints":{"allow":["GET"]}}],"collection":[{"href":"https:\/\/weneos.com\/fr\/wp-json\/wp\/v2\/pages"}],"about":[{"href":"https:\/\/weneos.com\/fr\/wp-json\/wp\/v2\/types\/page"}],"author":[{"embeddable":true,"href":"https:\/\/weneos.com\/fr\/wp-json\/wp\/v2\/users\/1"}],"replies":[{"embeddable":true,"href":"https:\/\/weneos.com\/fr\/wp-json\/wp\/v2\/comments?post=8624"}],"version-history":[{"count":1,"href":"https:\/\/weneos.com\/fr\/wp-json\/wp\/v2\/pages\/8624\/revisions"}],"predecessor-version":[{"id":10804,"href":"https:\/\/weneos.com\/fr\/wp-json\/wp\/v2\/pages\/8624\/revisions\/10804"}],"up":[{"embeddable":true,"href":"https:\/\/weneos.com\/fr\/wp-json\/wp\/v2\/pages\/8276"}],"wp:attachment":[{"href":"https:\/\/weneos.com\/fr\/wp-json\/wp\/v2\/media?parent=8624"}],"curies":[{"name":"wp","href":"https:\/\/api.w.org\/{rel}","templated":true}]}}