{"id":99,"date":"2024-03-07T11:22:30","date_gmt":"2024-03-07T10:22:30","guid":{"rendered":"https:\/\/weneos.com\/?page_id=99"},"modified":"2024-09-12T00:54:23","modified_gmt":"2024-09-11T22:54:23","slug":"conditions-dutilisation","status":"publish","type":"page","link":"https:\/\/weneos.com\/fr\/conditions-dutilisation\/","title":{"rendered":"Conditions d&rsquo;utilisation"},"content":{"rendered":"<p>[et_pb_section fb_built=\u00a0\u00bb1&Prime; _builder_version=\u00a0\u00bb4.24.2&Prime; _module_preset=\u00a0\u00bbdefault\u00a0\u00bb custom_margin=\u00a0\u00bb100px||||false|false\u00a0\u00bb global_colors_info=\u00a0\u00bb{}\u00a0\u00bb][et_pb_row _builder_version=\u00a0\u00bb4.24.2&Prime; _module_preset=\u00a0\u00bbdefault\u00a0\u00bb global_colors_info=\u00a0\u00bb{}\u00a0\u00bb][et_pb_column type=\u00a0\u00bb4_4&Prime; _builder_version=\u00a0\u00bb4.24.2&Prime; _module_preset=\u00a0\u00bbdefault\u00a0\u00bb global_colors_info=\u00a0\u00bb{}\u00a0\u00bb][et_pb_text _builder_version=\u00a0\u00bb4.24.2&Prime; _module_preset=\u00a0\u00bbdefault\u00a0\u00bb text_font_size=\u00a0\u00bb16px\u00a0\u00bb text_orientation=\u00a0\u00bbjustified\u00a0\u00bb global_colors_info=\u00a0\u00bb{}\u00a0\u00bb]<\/p>\n<h1><strong>Conditions d\u2019Utilisation<\/strong><\/h1>\n<p><strong>Bienvenue sur weneos.com, con\u00e7ue sp\u00e9cialement pour notre entit\u00e9, ci-apr\u00e8s d\u00e9sign\u00e9e par \u00ab le Site \u00bb.<\/strong><\/p>\n<p>Nous vous encourageons vivement \u00e0 parcourir ces Conditions d&rsquo;utilisation qui orientent votre navigation sur notre site, notamment sur notre domaine principal (d\u00e9sign\u00e9 ci-apr\u00e8s par \u00ab Conditions d&rsquo;Utilisation \u00bb). En naviguant sur ce Site, vous adh\u00e9rez sans r\u00e9serve aux Conditions applicables.<\/p>\n<p>&nbsp;<\/p>\n<h2>1. Mentions l\u00e9gales<\/h2>\n<p>URL du Site : <a href=\"www.weneos.com\">www.weneos.com<\/a><\/p>\n<p>Pour nous contacter : Email : administration@weneos.com &#8211; T\u00e9l\u00e9phone : +33 (0)3 44 24 33 29<\/p>\n<p>Responsable de la publication : WENEOS<\/p>\n<p>Organisation responsable : soci\u00e9t\u00e9 WENEOS, Soci\u00e9t\u00e9 par actions simplifi\u00e9e (SAS) avec un capital de 35 720 euros, situ\u00e9e au 176 rue Robert Schuman, 60610 LACROIX SAINT OUEN, France enregistr\u00e9e sous le num\u00e9ro 434 372 132 RCS Compi\u00e8gne, N\u00b0 TVA : FR 75 434 372 132, agissant au nom de la marque WENEOS (ci-apr\u00e8s \u00ab l&rsquo;Organisation \u00bb ou \u00ab Nous \u00bb).<\/p>\n<p>H\u00e9bergement par : Soci\u00e9t\u00e9 HOSTINGER, dont le sie\u0300ge social est situe\u0301 HOSTINGER INTERNATIONAL LTD, 61 Lordou Vironos Street, 6023 Larnaca, Chypre, joignable par le moyen suivant :https:\/\/www.hostinger.fr\/contact.<\/p>\n<p>&nbsp;<\/p>\n<h2>2. Acc\u00e8s au site<\/h2>\n<p>L&rsquo;acc\u00e8s \u00e0 ce Site n\u00e9cessite que vous soyez \u00e2g\u00e9 de 18 ans ou plus. Les mineurs doivent obtenir le consentement pr\u00e9alable de leurs tuteurs.<\/p>\n<p>Le Site est accessible gratuitement et sans besoin de s&rsquo;inscrire ou de cr\u00e9er un compte au pr\u00e9alable.<\/p>\n<p>L&rsquo;acc\u00e8s \u00e0 certaines sections peut n\u00e9cessiter des identifiants personnels. Il est de votre responsabilit\u00e9 de garder ces codes secrets et vous pouvez les modifier \u00e0 tout moment. Notez que l&rsquo;acc\u00e8s peut \u00eatre limit\u00e9 pour \u00e9viter toute utilisation frauduleuse. Nous vous invitons \u00e0 signaler toute utilisation frauduleuse potentielle. Nous nous r\u00e9servons le droit de suspendre l&rsquo;acc\u00e8s en cas de non-respect de ces Conditions d&rsquo;Utilisation.<\/p>\n<p>Les co\u00fbts d&rsquo;acc\u00e8s et d&rsquo;utilisation du r\u00e9seau de t\u00e9l\u00e9communication sont \u00e0 votre charge.<\/p>\n<p>&nbsp;<\/p>\n<h2>3. Propri\u00e9t\u00e9 intellectuelle<\/h2>\n<p>Le d\u00e9veloppement de ce Site a n\u00e9cessit\u00e9 d&rsquo;importants investissements. Le Site et tous ses \u00e9l\u00e9ments (marques, images, textes, vid\u00e9os, etc.) sont prot\u00e9g\u00e9s par des droits de propri\u00e9t\u00e9 intellectuelle de leur propri\u00e9taire respectif. Toute utilisation, reproduction, ou repr\u00e9sentation du Site \u00e0 des fins autres, notamment commerciales, est interdite et constitue une contrefa\u00e7on passible de sanctions civiles et p\u00e9nales.<\/p>\n<p>Nous pouvons vous offrir des contenus t\u00e9l\u00e9chargeables. Nous vous accordons, pour votre usage personnel et priv\u00e9, un droit d&rsquo;utilisation non exclusif et non transf\u00e9rable, pour la dur\u00e9e de protection des droits de propri\u00e9t\u00e9 intellectuelle. Toute reproduction, repr\u00e9sentation, modification ou distribution des contenus t\u00e9l\u00e9chargeables est interdite. Vous vous engagez \u00e0 les utiliser conform\u00e9ment \u00e0 ces Conditions d&rsquo;Utilisation.<\/p>\n<p>Weneos, HelioScreen, Helioplate, HD6, SB6, SPREADMASTER, THERMASTER, et leur logo respectif sont des marques d\u00e9pos\u00e9es de WENEOS.\u00a0<\/p>\n<p>&nbsp;<\/p>\n<h2>4. Charte de bonne conduite<\/h2>\n<p>En utilisant ce Site, vous vous engagez \u00e0 respecter les valeurs de tol\u00e9rance et de respect d&rsquo;autrui, \u00e0 ne pas diffuser de contenus pr\u00e9judiciables ou ill\u00e9gaux, et \u00e0 ne pas utiliser le Site \u00e0 des fins inappropri\u00e9es.<\/p>\n<p>&nbsp;<\/p>\n<h2>5. Limites de responsabilit\u00e9<\/h2>\n<p>Nous nous effor\u00e7ons de corriger toute inexactitude ou omission dans les informations disponibles sur la Site d\u00e8s que possible.<\/p>\n<p>Les produits et services pr\u00e9sent\u00e9s ne constituent pas une offre de vente mais une vue d&rsquo;ensemble de notre gamme.<\/p>\n<p>Les liens hypertextes mis en place sur ce Site peuvent vous conduire sur des sites Internet \u00e9dit\u00e9s par des tiers dont nous ne ma\u00eetrisons pas le contenu. En cons\u00e9quence, et dans la mesure o\u00f9 les liens hypertextes ont \u00e9t\u00e9 inclus sur ce Site uniquement afin de faciliter votre navigation sur Internet, la consultation de sites de tiers rel\u00e8vera de votre choix et de votre responsabilit\u00e9 exclusive.\u00a0<\/p>\n<p>&nbsp;<\/p>\n<h2>6. Donn\u00e9es personnelles<\/h2>\n<p>Nous pouvons collecter des donn\u00e9es personnelles pour divers services. Consultez notre politique de confidentialit\u00e9 pour plus de d\u00e9tails.<\/p>\n<p>&nbsp;<\/p>\n<h2>7. Cookies<\/h2>\n<p>Nous utilisons des cookies pour am\u00e9liorer votre exp\u00e9rience sur la Site. Consultez notre politique de cookies pour plus d&rsquo;informations.<\/p>\n<p>[\/et_pb_text][\/et_pb_column][\/et_pb_row][\/et_pb_section]<\/p>\n","protected":false},"excerpt":{"rendered":"<p>Conditions d\u2019Utilisation Bienvenue sur weneos.com, con\u00e7ue sp\u00e9cialement pour notre entit\u00e9, ci-apr\u00e8s d\u00e9sign\u00e9e par \u00ab le Site \u00bb. Nous vous encourageons vivement \u00e0 parcourir ces Conditions d&rsquo;utilisation qui orientent votre navigation sur notre site, notamment sur notre domaine principal (d\u00e9sign\u00e9 ci-apr\u00e8s par \u00ab Conditions d&rsquo;Utilisation \u00bb). En naviguant sur ce Site, vous adh\u00e9rez sans r\u00e9serve aux Conditions applicables. &nbsp; 1. Mentions l\u00e9gales URL du Site : www.weneos.com Pour nous contacter : Email : administration@weneos.com &#8211; T\u00e9l\u00e9phone : +33 (0)3 44 24 33 29 Responsable de la publication : WENEOS Organisation responsable : soci\u00e9t\u00e9 WENEOS, Soci\u00e9t\u00e9 par actions simplifi\u00e9e (SAS) avec un capital de 35 720 euros, situ\u00e9e au 176 rue Robert Schuman, 60610 LACROIX SAINT OUEN, France enregistr\u00e9e sous le num\u00e9ro 434 372 132 RCS Compi\u00e8gne, N\u00b0 TVA : FR 75 434 372 132, agissant au nom de la marque WENEOS (ci-apr\u00e8s \u00ab l&rsquo;Organisation \u00bb ou \u00ab Nous \u00bb). H\u00e9bergement par : Soci\u00e9t\u00e9 HOSTINGER, dont le sie\u0300ge social est situe\u0301 HOSTINGER INTERNATIONAL LTD, 61 Lordou Vironos Street, 6023 Larnaca, Chypre, joignable par le moyen suivant :https:\/\/www.hostinger.fr\/contact. &nbsp; 2. Acc\u00e8s au site L&rsquo;acc\u00e8s \u00e0 ce Site n\u00e9cessite que vous soyez \u00e2g\u00e9 de 18 ans ou plus. Les mineurs doivent obtenir le consentement [&hellip;]<\/p>\n","protected":false},"author":1,"featured_media":0,"parent":0,"menu_order":0,"comment_status":"closed","ping_status":"closed","template":"","meta":{"_et_pb_use_builder":"on","_et_pb_old_content":"","_et_gb_content_width":"","footnotes":""},"class_list":["post-99","page","type-page","status-publish","hentry"],"_links":{"self":[{"href":"https:\/\/weneos.com\/fr\/wp-json\/wp\/v2\/pages\/99","targetHints":{"allow":["GET"]}}],"collection":[{"href":"https:\/\/weneos.com\/fr\/wp-json\/wp\/v2\/pages"}],"about":[{"href":"https:\/\/weneos.com\/fr\/wp-json\/wp\/v2\/types\/page"}],"author":[{"embeddable":true,"href":"https:\/\/weneos.com\/fr\/wp-json\/wp\/v2\/users\/1"}],"replies":[{"embeddable":true,"href":"https:\/\/weneos.com\/fr\/wp-json\/wp\/v2\/comments?post=99"}],"version-history":[{"count":1,"href":"https:\/\/weneos.com\/fr\/wp-json\/wp\/v2\/pages\/99\/revisions"}],"predecessor-version":[{"id":12427,"href":"https:\/\/weneos.com\/fr\/wp-json\/wp\/v2\/pages\/99\/revisions\/12427"}],"wp:attachment":[{"href":"https:\/\/weneos.com\/fr\/wp-json\/wp\/v2\/media?parent=99"}],"curies":[{"name":"wp","href":"https:\/\/api.w.org\/{rel}","templated":true}]}}